{"id":13,"date":"2023-09-18T11:18:33","date_gmt":"2023-09-18T11:18:33","guid":{"rendered":"http:\/\/www.itim-cj.ro\/pnrr\/cf163\/?page_id=13"},"modified":"2025-11-04T12:00:31","modified_gmt":"2025-11-04T12:00:31","slug":"home","status":"publish","type":"page","link":"http:\/\/www.itim-cj.ro\/pnrr\/cf163\/","title":{"rendered":"Home"},"content":{"rendered":"<p>[et_pb_section fb_built=&#8221;1&#8243; _builder_version=&#8221;4.22.1&#8243; _module_preset=&#8221;default&#8221; background_color=&#8221;#0C71C3&#8243; custom_padding=&#8221;96px|||||&#8221; global_colors_info=&#8221;{}&#8221;][et_pb_row _builder_version=&#8221;4.22.1&#8243; _module_preset=&#8221;default&#8221; global_colors_info=&#8221;{}&#8221;][et_pb_column type=&#8221;4_4&#8243; _builder_version=&#8221;4.22.1&#8243; _module_preset=&#8221;default&#8221; global_colors_info=&#8221;{}&#8221;][et_pb_text _builder_version=&#8221;4.22.1&#8243; _module_preset=&#8221;default&#8221; header_font=&#8221;|600|||||||&#8221; header_text_align=&#8221;center&#8221; header_text_color=&#8221;#FFFFFF&#8221; header_font_size=&#8221;36px&#8221; header_line_height=&#8221;2em&#8221; global_colors_info=&#8221;{}&#8221;]<\/p>\n<h1>Boosting the energy storage performance of supercapacitor materials by controlling the paramagnetic centers<\/h1>\n<p>[\/et_pb_text][\/et_pb_column][\/et_pb_row][\/et_pb_section][et_pb_section fb_built=&#8221;1&#8243; module_id=&#8221;aboutproject&#8221; _builder_version=&#8221;4.22.1&#8243; _module_preset=&#8221;default&#8221; global_colors_info=&#8221;{}&#8221;][et_pb_row _builder_version=&#8221;4.22.1&#8243; _module_preset=&#8221;default&#8221; global_colors_info=&#8221;{}&#8221;][et_pb_column type=&#8221;4_4&#8243; _builder_version=&#8221;4.22.1&#8243; _module_preset=&#8221;default&#8221; global_colors_info=&#8221;{}&#8221;][et_pb_text _builder_version=&#8221;4.22.1&#8243; _module_preset=&#8221;default&#8221; header_3_text_align=&#8221;left&#8221; header_3_text_color=&#8221;#0088cc&#8221; header_3_font_size=&#8221;26px&#8221; global_colors_info=&#8221;{}&#8221;]<\/p>\n<h3><strong>About project<br \/><\/strong><\/h3>\n<p>[\/et_pb_text][\/et_pb_column][\/et_pb_row][et_pb_row _builder_version=&#8221;4.22.1&#8243; _module_preset=&#8221;default&#8221; global_colors_info=&#8221;{}&#8221;][et_pb_column type=&#8221;4_4&#8243; _builder_version=&#8221;4.22.1&#8243; _module_preset=&#8221;default&#8221; global_colors_info=&#8221;{}&#8221;][et_pb_text _builder_version=&#8221;4.22.1&#8243; _module_preset=&#8221;default&#8221; header_3_text_color=&#8221;#0088cc&#8221; header_3_font_size=&#8221;26px&#8221; global_colors_info=&#8221;{}&#8221;]<\/p>\n<p><strong><span style=\"color: #0c71c3;\">Beneficiary:<\/span><\/strong> National Institute for Researrch and Development of Isotopic and Molecular Technologies<\/p>\n<p><span style=\"color: #0c71c3;\"><strong>Project Code:<\/strong><\/span> CF 163\/15.11.22 <strong>\/<\/strong><\/p>\n<p><span style=\"color: #0c71c3;\"><strong>Contract no.:<\/strong><\/span> 760097\/23.05.23<\/p>\n<p><span style=\"color: #0c71c3;\"><strong>Competition:<\/strong><\/span> PNRR\/2022\/C9\/MCID\/I 8<\/p>\n<p><strong><span style=\"color: #0c71c3;\">Director\/Project Leader:<\/span> Prof. Dr. Emre Erdem<\/strong><\/p>\n<p><strong><span style=\"color: #0c71c3;\">Project budget:<\/span><\/strong> 7.000.000 lei<\/p>\n<p><strong><span style=\"color: #0c71c3;\">Project period:<\/span> <\/strong>01.07.2023 &#8211; 30.06.2026<\/p>\n<p><strong><span style=\"color: #0c71c3;\">Abstract: <\/span><\/strong>Supercapacitors (SCs) are known as promising energy storage devices. <em>Electrodes are key components<\/em> in producing SCs, and the strategies for selecting the right electrodes play a decisive role in their specific power and energy storage performance; thus, an ideal electrode material should have tuning properties in terms of size, shape, defects, porosity, high charge mobility and interface phenomena.<\/p>\n<p><span style=\"color: #0c71c3;\"><strong>The project&#8217;s general objective<\/strong><\/span> is to develop new nanocomposites based on 2D-carbon structures and metal oxide or metal sulfide semiconductors by controlling and adjusting their shape, defects, interface phenomena, and electric properties as materials for all-solid-state SCs. The target of the newly developed SCs devices is to function at voltages higher than 3 V.<\/p>\n<p>&nbsp;<\/p>\n<p>[\/et_pb_text][\/et_pb_column][\/et_pb_row][\/et_pb_section][et_pb_section fb_built=&#8221;1&#8243; module_id=&#8221;objectives&#8221; _builder_version=&#8221;4.22.1&#8243; _module_preset=&#8221;default&#8221; background_color=&#8221;#0C71C3&#8243; global_colors_info=&#8221;{}&#8221;][et_pb_row _builder_version=&#8221;4.22.1&#8243; _module_preset=&#8221;default&#8221; global_colors_info=&#8221;{}&#8221;][et_pb_column type=&#8221;4_4&#8243; _builder_version=&#8221;4.22.1&#8243; _module_preset=&#8221;default&#8221; global_colors_info=&#8221;{}&#8221;][et_pb_text _builder_version=&#8221;4.22.1&#8243; _module_preset=&#8221;default&#8221; header_3_text_align=&#8221;left&#8221; header_3_text_color=&#8221;#FFFFFF&#8221; header_3_font_size=&#8221;30px&#8221; global_colors_info=&#8221;{}&#8221;]<\/p>\n<h3><strong>Specific objectives<\/strong><\/h3>\n<p>[\/et_pb_text][\/et_pb_column][\/et_pb_row][et_pb_row column_structure=&#8221;1_2,1_2&#8243; _builder_version=&#8221;4.22.1&#8243; _module_preset=&#8221;default&#8221; global_colors_info=&#8221;{}&#8221;][et_pb_column type=&#8221;1_2&#8243; _builder_version=&#8221;4.22.1&#8243; _module_preset=&#8221;default&#8221; global_colors_info=&#8221;{}&#8221;][et_pb_text _builder_version=&#8221;4.22.1&#8243; _module_preset=&#8221;default&#8221; text_font=&#8221;||||||||&#8221; text_text_color=&#8221;#FFFFFF&#8221; global_colors_info=&#8221;{}&#8221;]<\/p>\n<p><strong><u>O1.<\/u><\/strong> Develop new composite materials based on 2D-carbon structures and metal oxide (MO<sub>x<\/sub>, M=Zn, Sn) or metal sulfide (MS<sub>x<\/sub>, M=Zn, Mo) semiconductors with tailored functional properties.<\/p>\n<p><strong><u>O2<\/u><\/strong><strong>.<\/strong> Advanced characterisation of defect structure from the surface and interface of the electrodes via spectroscopic techniques and their influence on the nanocomposites&#8217; optic and electrical properties.<\/p>\n<p><strong><u>O3<\/u><\/strong><strong>.<\/strong> Fabrication of SC electrodes in all-solid-state configuration via 2D-carbon structure\/ MO<sub>x <\/sub>(MS<sub>x<\/sub>)<sub> <\/sub>for enhanced energy storage.<\/p>\n<p>[\/et_pb_text][\/et_pb_column][et_pb_column type=&#8221;1_2&#8243; _builder_version=&#8221;4.22.1&#8243; _module_preset=&#8221;default&#8221; global_colors_info=&#8221;{}&#8221;][et_pb_text _builder_version=&#8221;4.22.1&#8243; _module_preset=&#8221;default&#8221; text_text_color=&#8221;#FFFFFF&#8221; global_colors_info=&#8221;{}&#8221;]<\/p>\n<p><strong><u>O4<\/u><\/strong><u>.<\/u> Develop enhanced PVDF (polyvinylidene difluoride) and polyaniline (PANI) membranes with enhanced electrical properties and integration into SC devices to obtain operating voltages higher than 3V.<\/p>\n<p><strong><u>O5<\/u><\/strong>. Opening new research domains, creating new jobs in R&amp;D activities, and attracting young researchers. The proposed project will open a new research direction, which was not explored until now in any Romanian research facilities, which will considerably improve the scientific visibility and quality of the host institute (INCDTIM) and the Romanian scientific community.<\/p>\n<p>[\/et_pb_text][\/et_pb_column][\/et_pb_row][\/et_pb_section][et_pb_section fb_built=&#8221;1&#8243; module_id=&#8221;team&#8221; _builder_version=&#8221;4.22.1&#8243; _module_preset=&#8221;default&#8221; global_colors_info=&#8221;{}&#8221;][et_pb_row _builder_version=&#8221;4.22.1&#8243; _module_preset=&#8221;default&#8221; global_colors_info=&#8221;{}&#8221;][et_pb_column type=&#8221;4_4&#8243; _builder_version=&#8221;4.22.1&#8243; _module_preset=&#8221;default&#8221; global_colors_info=&#8221;{}&#8221;][et_pb_text _builder_version=&#8221;4.22.1&#8243; _module_preset=&#8221;default&#8221; header_3_text_align=&#8221;left&#8221; header_3_text_color=&#8221;#0088cc&#8221; header_3_font_size=&#8221;26px&#8221; global_colors_info=&#8221;{}&#8221;]<\/p>\n<h3><strong>Implementation Team<\/strong><\/h3>\n<p>[\/et_pb_text][\/et_pb_column][\/et_pb_row][et_pb_row column_structure=&#8221;1_4,1_4,1_4,1_4&#8243; _builder_version=&#8221;4.22.1&#8243; _module_preset=&#8221;default&#8221; global_colors_info=&#8221;{}&#8221; custom_padding=&#8221;||5px|||&#8221;][et_pb_column type=&#8221;1_4&#8243; _builder_version=&#8221;4.22.1&#8243; _module_preset=&#8221;default&#8221; global_colors_info=&#8221;{}&#8221;][et_pb_team_member name=&#8221;Assoc. Prof. Dr. Emre Erdem&#8221; position=&#8221;Project leader&#8221; _builder_version=&#8221;4.22.1&#8243; _module_preset=&#8221;default&#8221; global_colors_info=&#8221;{}&#8221;][\/et_pb_team_member][\/et_pb_column][et_pb_column type=&#8221;1_4&#8243; _builder_version=&#8221;4.22.1&#8243; _module_preset=&#8221;default&#8221; global_colors_info=&#8221;{}&#8221;][et_pb_team_member name=&#8221;Dr. \u00c1rp\u00e1d Mihai Rost\u00e1s&#8221; _builder_version=&#8221;4.22.1&#8243; _module_preset=&#8221;default&#8221; global_colors_info=&#8221;{}&#8221;][\/et_pb_team_member][\/et_pb_column][et_pb_column type=&#8221;1_4&#8243; _builder_version=&#8221;4.22.1&#8243; _module_preset=&#8221;default&#8221; global_colors_info=&#8221;{}&#8221;][et_pb_team_member name=&#8221;Dr. Maria \u0218tefan&#8221; _builder_version=&#8221;4.25.2&#8243; _module_preset=&#8221;default&#8221; link_option_url=&#8221;http:\/\/en.itim-cj.ro\/portfolio\/dr-stefan-maria-viorica\/&#8221; link_option_url_new_window=&#8221;on&#8221; global_colors_info=&#8221;{}&#8221;][\/et_pb_team_member][\/et_pb_column][et_pb_column type=&#8221;1_4&#8243; _builder_version=&#8221;4.22.1&#8243; _module_preset=&#8221;default&#8221; global_colors_info=&#8221;{}&#8221;][et_pb_team_member name=&#8221;Dr. Dana Toloman&#8221; _builder_version=&#8221;4.25.2&#8243; _module_preset=&#8221;default&#8221; link_option_url=&#8221;http:\/\/en.itim-cj.ro\/portfolio\/dr-toloman-dana-aurica\/&#8221; link_option_url_new_window=&#8221;on&#8221; global_colors_info=&#8221;{}&#8221;][\/et_pb_team_member][\/et_pb_column][\/et_pb_row][et_pb_row column_structure=&#8221;1_4,1_4,1_4,1_4&#8243; _builder_version=&#8221;4.22.1&#8243; _module_preset=&#8221;default&#8221; global_colors_info=&#8221;{}&#8221;][et_pb_column type=&#8221;1_4&#8243; _builder_version=&#8221;4.22.1&#8243; _module_preset=&#8221;default&#8221; global_colors_info=&#8221;{}&#8221;][et_pb_team_member name=&#8221;Dr. Adriana Popa&#8221; _builder_version=&#8221;4.25.2&#8243; _module_preset=&#8221;default&#8221; link_option_url=&#8221;http:\/\/en.itim-cj.ro\/portfolio\/dr-popa-adriana-paula\/&#8221; link_option_url_new_window=&#8221;on&#8221; global_colors_info=&#8221;{}&#8221;][\/et_pb_team_member][\/et_pb_column][et_pb_column type=&#8221;1_4&#8243; _builder_version=&#8221;4.22.1&#8243; _module_preset=&#8221;default&#8221; global_colors_info=&#8221;{}&#8221;][et_pb_team_member name=&#8221;Eng. Sergiu Macavei&#8221; _builder_version=&#8221;4.25.2&#8243; _module_preset=&#8221;default&#8221; link_option_url=&#8221;http:\/\/en.itim-cj.ro\/portfolio\/macavei-gabriel-sergiu\/&#8221; link_option_url_new_window=&#8221;on&#8221; global_colors_info=&#8221;{}&#8221;][\/et_pb_team_member][\/et_pb_column][et_pb_column type=&#8221;1_4&#8243; _builder_version=&#8221;4.22.1&#8243; _module_preset=&#8221;default&#8221; global_colors_info=&#8221;{}&#8221;][et_pb_team_member name=&#8221;Dr. Cristian Leo\u0219tean&#8221; _builder_version=&#8221;4.25.2&#8243; _module_preset=&#8221;default&#8221; link_option_url=&#8221;http:\/\/en.itim-cj.ro\/portfolio\/dr-leostean-cristian\/&#8221; link_option_url_new_window=&#8221;on&#8221; global_colors_info=&#8221;{}&#8221;][\/et_pb_team_member][\/et_pb_column][et_pb_column type=&#8221;1_4&#8243; _builder_version=&#8221;4.22.1&#8243; _module_preset=&#8221;default&#8221; global_colors_info=&#8221;{}&#8221;][et_pb_team_member name=&#8221;Dr. Ovidiu Pan\u0103&#8221; _builder_version=&#8221;4.25.2&#8243; _module_preset=&#8221;default&#8221; link_option_url=&#8221;http:\/\/en.itim-cj.ro\/portfolio\/dr-pana-ioan-ovidiu\/&#8221; link_option_url_new_window=&#8221;on&#8221; global_colors_info=&#8221;{}&#8221;][\/et_pb_team_member][\/et_pb_column][\/et_pb_row][et_pb_row column_structure=&#8221;1_4,1_4,1_4,1_4&#8243; _builder_version=&#8221;4.22.1&#8243; _module_preset=&#8221;default&#8221; global_colors_info=&#8221;{}&#8221;][et_pb_column type=&#8221;1_4&#8243; _builder_version=&#8221;4.22.1&#8243; _module_preset=&#8221;default&#8221; global_colors_info=&#8221;{}&#8221;][et_pb_team_member name=&#8221;Dr. Lucian Barbu&#8221; _builder_version=&#8221;4.25.2&#8243; _module_preset=&#8221;default&#8221; link_option_url=&#8221;http:\/\/en.itim-cj.ro\/portfolio\/dr-barbu-lucian\/&#8221; link_option_url_new_window=&#8221;on&#8221; global_colors_info=&#8221;{}&#8221;][\/et_pb_team_member][\/et_pb_column][et_pb_column type=&#8221;1_4&#8243; _builder_version=&#8221;4.22.1&#8243; _module_preset=&#8221;default&#8221; global_colors_info=&#8221;{}&#8221;][et_pb_team_member name=&#8221;Dr. Alexander Bunge&#8221; _builder_version=&#8221;4.25.2&#8243; _module_preset=&#8221;default&#8221; link_option_url=&#8221;http:\/\/en.itim-cj.ro\/portfolio\/dr-bunge-alexander\/&#8221; link_option_url_new_window=&#8221;on&#8221; global_colors_info=&#8221;{}&#8221;][\/et_pb_team_member][\/et_pb_column][et_pb_column type=&#8221;1_4&#8243; _builder_version=&#8221;4.22.1&#8243; _module_preset=&#8221;default&#8221; global_colors_info=&#8221;{}&#8221;][et_pb_team_member name=&#8221;Dr. Ameen Uddin Ammar&#8221; _builder_version=&#8221;4.25.2&#8243; _module_preset=&#8221;default&#8221; global_colors_info=&#8221;{}&#8221;][\/et_pb_team_member][\/et_pb_column][et_pb_column type=&#8221;1_4&#8243; _builder_version=&#8221;4.22.1&#8243; _module_preset=&#8221;default&#8221; global_colors_info=&#8221;{}&#8221;][et_pb_team_member name=&#8221;PhD student Ana Varadi&#8221; _builder_version=&#8221;4.27.4&#8243; _module_preset=&#8221;default&#8221; link_option_url=&#8221;http:\/\/en.itim-cj.ro\/portfolio\/varadi-ana\/&#8221; link_option_url_new_window=&#8221;on&#8221; hover_enabled=&#8221;0&#8243; global_colors_info=&#8221;{}&#8221; sticky_enabled=&#8221;0&#8243;][\/et_pb_team_member][\/et_pb_column][\/et_pb_row][et_pb_row column_structure=&#8221;1_3,1_3,1_3&#8243; _builder_version=&#8221;4.22.1&#8243; _module_preset=&#8221;default&#8221; global_colors_info=&#8221;{}&#8221;][et_pb_column type=&#8221;1_3&#8243; _builder_version=&#8221;4.22.1&#8243; _module_preset=&#8221;default&#8221; global_colors_info=&#8221;{}&#8221;][et_pb_team_member name=&#8221;PhD student Karlo Maskaric&#8221; _builder_version=&#8221;4.25.2&#8243; _module_preset=&#8221;default&#8221; global_colors_info=&#8221;{}&#8221;][\/et_pb_team_member][\/et_pb_column][et_pb_column type=&#8221;1_3&#8243; _builder_version=&#8221;4.22.1&#8243; _module_preset=&#8221;default&#8221; global_colors_info=&#8221;{}&#8221;][et_pb_team_member name=&#8221;PhD student Ion Nesterovschi&#8221; _builder_version=&#8221;4.25.2&#8243; _module_preset=&#8221;default&#8221; global_colors_info=&#8221;{}&#8221;][\/et_pb_team_member][\/et_pb_column][et_pb_column type=&#8221;1_3&#8243; _builder_version=&#8221;4.22.1&#8243; _module_preset=&#8221;default&#8221; global_colors_info=&#8221;{}&#8221;][et_pb_team_member name=&#8221;Maria Groza&#8221; _builder_version=&#8221;4.25.2&#8243; _module_preset=&#8221;default&#8221; link_option_url=&#8221;http:\/\/en.itim-cj.ro\/portfolio\/groza-maria\/&#8221; link_option_url_new_window=&#8221;on&#8221; global_colors_info=&#8221;{}&#8221;][\/et_pb_team_member][\/et_pb_column][\/et_pb_row][\/et_pb_section][et_pb_section fb_built=&#8221;1&#8243; module_id=&#8221;contact&#8221; _builder_version=&#8221;4.23.1&#8243; _module_preset=&#8221;default&#8221; background_color=&#8221;#08418c&#8221; global_colors_info=&#8221;{}&#8221;][et_pb_row column_structure=&#8221;1_2,1_2&#8243; _builder_version=&#8221;4.22.1&#8243; _module_preset=&#8221;default&#8221; global_colors_info=&#8221;{}&#8221;][et_pb_column type=&#8221;1_2&#8243; _builder_version=&#8221;4.22.1&#8243; _module_preset=&#8221;default&#8221; global_colors_info=&#8221;{}&#8221;][et_pb_text _builder_version=&#8221;4.22.1&#8243; _module_preset=&#8221;default&#8221; text_text_color=&#8221;#FFFFFF&#8221; header_3_text_align=&#8221;left&#8221; header_3_text_color=&#8221;#FFFFFF&#8221; header_3_font_size=&#8221;26px&#8221; global_colors_info=&#8221;{}&#8221;]<\/p>\n<h3><strong>Contact<\/strong><\/h3>\n<p>[\/et_pb_text][et_pb_text _builder_version=&#8221;4.22.1&#8243; _module_preset=&#8221;default&#8221; text_text_color=&#8221;#FFFFFF&#8221; global_colors_info=&#8221;{}&#8221;]<\/p>\n<p><img decoding=\"async\" src=\"http:\/\/pim.itim-cj.ro\/images\/location.png\" alt=\"\" style=\"float: left; margin-right: 1rem;\" \/>National Institute for Research and Development of Isotopic and Molecular Technologies &#8211; INCDTIM Cluj-Napoca<\/p>\n<p style=\"padding-left: 40px;\">67-103 Donat Street, P.O. Box 700,<br \/>RO-400293 Cluj-Napoca 5, Romania<\/p>\n<p><img decoding=\"async\" src=\"http:\/\/pim.itim-cj.ro\/images\/phone.png\" alt=\"\" style=\"float: left; margin-right: 1rem;\" \/>+40 264 584037<\/p>\n<p><img decoding=\"async\" src=\"http:\/\/pim.itim-cj.ro\/images\/email.png\" alt=\"\" style=\"float: left; margin-right: 1rem;\" \/>itim@itim-cj.ro<\/p>\n<p>[\/et_pb_text][\/et_pb_column][et_pb_column type=&#8221;1_2&#8243; _builder_version=&#8221;4.22.1&#8243; _module_preset=&#8221;default&#8221; global_colors_info=&#8221;{}&#8221;][et_pb_image src=&#8221;http:\/\/www.itim-cj.ro\/pnrr\/cf163\/wp-content\/uploads\/2023\/09\/locatie.jpg&#8221; title_text=&#8221;locatie&#8221; _builder_version=&#8221;4.22.1&#8243; _module_preset=&#8221;default&#8221; global_colors_info=&#8221;{}&#8221;][\/et_pb_image][\/et_pb_column][\/et_pb_row][\/et_pb_section][et_pb_section fb_built=&#8221;1&#8243; _builder_version=&#8221;4.22.1&#8243; _module_preset=&#8221;default&#8221; custom_padding=&#8221;5px||7px|||&#8221; global_colors_info=&#8221;{}&#8221;][et_pb_row _builder_version=&#8221;4.22.1&#8243; _module_preset=&#8221;default&#8221; custom_padding=&#8221;||0px|||&#8221; global_colors_info=&#8221;{}&#8221;][et_pb_column type=&#8221;4_4&#8243; _builder_version=&#8221;4.22.1&#8243; _module_preset=&#8221;default&#8221; global_colors_info=&#8221;{}&#8221;][et_pb_text _builder_version=&#8221;4.22.1&#8243; _module_preset=&#8221;default&#8221; text_font=&#8221;Poppins||||||||&#8221; global_colors_info=&#8221;{}&#8221;]<\/p>\n<p style=\"text-align: center;\"><span style=\"color: #1e4692;\">\u201cCon\u021binutul acestui material nu reprezint\u0103 \u00een mod obligatoriu pozi\u021bia oficial\u0103 a Uniunii Europene sau a Guvernului Rom\u00e2niei\u201d<\/span><\/p>\n<p>[\/et_pb_text][et_pb_image src=&#8221;http:\/\/www.itim-cj.ro\/pnrr\/cf163\/wp-content\/uploads\/2023\/09\/ackbarlight.png&#8221; title_text=&#8221;ackbarlight&#8221; align=&#8221;center&#8221; _builder_version=&#8221;4.22.1&#8243; _module_preset=&#8221;default&#8221; width=&#8221;726px&#8221; custom_margin=&#8221;-21px|||||&#8221; global_colors_info=&#8221;{}&#8221;][\/et_pb_image][et_pb_text _builder_version=&#8221;4.22.1&#8243; _module_preset=&#8221;default&#8221; text_font=&#8221;Poppins||||||||&#8221; custom_margin=&#8221;-16px|||||&#8221; global_colors_info=&#8221;{}&#8221;]<\/p>\n<p style=\"text-align: center;\"><span style=\"color: #1e4692;\">\u201ePNRR. Finan\u021bat de Uniunea European\u0103 \u2013 Urm\u0103toareaGenera\u021bieUE\u201d<\/span><\/p>\n<p>[\/et_pb_text][\/et_pb_column][\/et_pb_row][et_pb_row column_structure=&#8221;1_2,1_2&#8243; _builder_version=&#8221;4.22.1&#8243; _module_preset=&#8221;default&#8221; custom_padding=&#8221;2px|||||&#8221; global_colors_info=&#8221;{}&#8221;][et_pb_column type=&#8221;1_2&#8243; _builder_version=&#8221;4.22.1&#8243; _module_preset=&#8221;default&#8221; global_colors_info=&#8221;{}&#8221;][et_pb_text _builder_version=&#8221;4.22.1&#8243; _module_preset=&#8221;default&#8221; text_font_size=&#8221;14px&#8221; global_colors_info=&#8221;{}&#8221;]<\/p>\n<p style=\"text-align: center;\"><span style=\"color: #1e4692;\"><a href=\"https:\/\/mfe.gov.ro\/pnrr\/\" target=\"_blank\" rel=\"noopener\" style=\"color: #1e4692;\">https:\/\/mfe.gov.ro\/pnrr\/<\/a><\/span><\/p>\n<p>[\/et_pb_text][\/et_pb_column][et_pb_column type=&#8221;1_2&#8243; _builder_version=&#8221;4.22.1&#8243; _module_preset=&#8221;default&#8221; global_colors_info=&#8221;{}&#8221;][et_pb_text _builder_version=&#8221;4.22.1&#8243; _module_preset=&#8221;default&#8221; text_font_size=&#8221;14px&#8221; custom_margin=&#8221;||||false|false&#8221; global_colors_info=&#8221;{}&#8221;]<\/p>\n<p style=\"text-align: center;\"><span style=\"color: #1e4692;\"><a href=\"https:\/\/www.facebook.com\/PNRROficial\/\" target=\"_blank\" rel=\"noopener\" style=\"color: #1e4692;\">https:\/\/www.facebook.com\/PNRROficial\/<\/a><\/span><\/p>\n<p>[\/et_pb_text][\/et_pb_column][\/et_pb_row][\/et_pb_section]<\/p>\n","protected":false},"excerpt":{"rendered":"<p>Boosting the energy storage performance of supercapacitor materials by controlling the paramagnetic centersAbout projectBeneficiary: National Institute for Researrch and Development of Isotopic and Molecular Technologies Project Code: CF 163\/15.11.22 \/ Contract no.: 760097\/23.05.23 Competition: PNRR\/2022\/C9\/MCID\/I 8 Director\/Project Leader: Prof. Dr. Emre Erdem Project budget: 7.000.000 lei Project period: 01.07.2023 &#8211; 30.06.2026 Abstract: Supercapacitors (SCs) are [&hellip;]<\/p>\n","protected":false},"author":1,"featured_media":0,"parent":0,"menu_order":0,"comment_status":"closed","ping_status":"closed","template":"","meta":{"_et_pb_use_builder":"on","_et_pb_old_content":"","_et_gb_content_width":"","footnotes":""},"class_list":["post-13","page","type-page","status-publish","hentry"],"_links":{"self":[{"href":"http:\/\/www.itim-cj.ro\/pnrr\/cf163\/wp-json\/wp\/v2\/pages\/13","targetHints":{"allow":["GET"]}}],"collection":[{"href":"http:\/\/www.itim-cj.ro\/pnrr\/cf163\/wp-json\/wp\/v2\/pages"}],"about":[{"href":"http:\/\/www.itim-cj.ro\/pnrr\/cf163\/wp-json\/wp\/v2\/types\/page"}],"author":[{"embeddable":true,"href":"http:\/\/www.itim-cj.ro\/pnrr\/cf163\/wp-json\/wp\/v2\/users\/1"}],"replies":[{"embeddable":true,"href":"http:\/\/www.itim-cj.ro\/pnrr\/cf163\/wp-json\/wp\/v2\/comments?post=13"}],"version-history":[{"count":24,"href":"http:\/\/www.itim-cj.ro\/pnrr\/cf163\/wp-json\/wp\/v2\/pages\/13\/revisions"}],"predecessor-version":[{"id":137,"href":"http:\/\/www.itim-cj.ro\/pnrr\/cf163\/wp-json\/wp\/v2\/pages\/13\/revisions\/137"}],"wp:attachment":[{"href":"http:\/\/www.itim-cj.ro\/pnrr\/cf163\/wp-json\/wp\/v2\/media?parent=13"}],"curies":[{"name":"wp","href":"https:\/\/api.w.org\/{rel}","templated":true}]}}