{"id":52,"date":"2023-09-27T10:59:01","date_gmt":"2023-09-27T10:59:01","guid":{"rendered":"http:\/\/www.itim-cj.ro\/pnrr\/cf163\/home-romana\/"},"modified":"2025-11-04T12:02:51","modified_gmt":"2025-11-04T12:02:51","slug":"home-romana","status":"publish","type":"page","link":"http:\/\/www.itim-cj.ro\/pnrr\/cf163\/ro\/home-romana\/","title":{"rendered":"Home &#8211; Rom\u00e2n\u0103"},"content":{"rendered":"<p>[et_pb_section fb_built=&#8221;1&#8243; _builder_version=&#8221;4.22.1&#8243; _module_preset=&#8221;default&#8221; background_color=&#8221;#0C71C3&#8243; custom_padding=&#8221;96px|||||&#8221; global_colors_info=&#8221;{}&#8221;][et_pb_row _builder_version=&#8221;4.22.1&#8243; _module_preset=&#8221;default&#8221; global_colors_info=&#8221;{}&#8221;][et_pb_column type=&#8221;4_4&#8243; _builder_version=&#8221;4.22.1&#8243; _module_preset=&#8221;default&#8221; global_colors_info=&#8221;{}&#8221;][et_pb_text _builder_version=&#8221;4.22.1&#8243; _module_preset=&#8221;default&#8221; header_font=&#8221;|600|||||||&#8221; header_text_align=&#8221;center&#8221; header_text_color=&#8221;#FFFFFF&#8221; header_font_size=&#8221;36px&#8221; header_line_height=&#8221;2em&#8221; global_colors_info=&#8221;{}&#8221;]<\/p>\n<h1>Boosting the energy storage performance of supercapacitor materials by controlling the paramagnetic centers<\/h1>\n<p>[\/et_pb_text][\/et_pb_column][\/et_pb_row][\/et_pb_section][et_pb_section fb_built=&#8221;1&#8243; module_id=&#8221;despreproiect&#8221; _builder_version=&#8221;4.22.2&#8243; _module_preset=&#8221;default&#8221; global_colors_info=&#8221;{}&#8221;][et_pb_row _builder_version=&#8221;4.22.1&#8243; _module_preset=&#8221;default&#8221; global_colors_info=&#8221;{}&#8221;][et_pb_column type=&#8221;4_4&#8243; _builder_version=&#8221;4.22.1&#8243; _module_preset=&#8221;default&#8221; global_colors_info=&#8221;{}&#8221;][et_pb_text _builder_version=&#8221;4.22.2&#8243; _module_preset=&#8221;default&#8221; header_3_text_align=&#8221;left&#8221; header_3_text_color=&#8221;#0088cc&#8221; header_3_font_size=&#8221;26px&#8221; global_colors_info=&#8221;{}&#8221;]<\/p>\n<h3><strong>Despre proiect<br \/><\/strong><\/h3>\n<p>[\/et_pb_text][\/et_pb_column][\/et_pb_row][et_pb_row _builder_version=&#8221;4.22.1&#8243; _module_preset=&#8221;default&#8221; global_colors_info=&#8221;{}&#8221;][et_pb_column type=&#8221;4_4&#8243; _builder_version=&#8221;4.22.1&#8243; _module_preset=&#8221;default&#8221; global_colors_info=&#8221;{}&#8221;][et_pb_text _builder_version=&#8221;4.22.2&#8243; _module_preset=&#8221;default&#8221; header_3_text_color=&#8221;#0088cc&#8221; header_3_font_size=&#8221;26px&#8221; global_colors_info=&#8221;{}&#8221;]<\/p>\n<p><strong><span style=\"color: #0c71c3;\">Beneficiar:<\/span><\/strong> Institutul Na\u021bional de Cercetare-Dezvoltare pentru Tehnologii Izotopice \u0219i Moleculare _INCDTIM Cluj-Napoca<\/p>\n<p><span style=\"color: #0c71c3;\"><strong>Codul proiectului:<\/strong><\/span> CF 163\/15.11.22 <strong>\/<\/strong><\/p>\n<p><span style=\"color: #0c71c3;\"><strong>Contract nr.:<\/strong><\/span> 760097\/23.05.23<\/p>\n<p><span style=\"color: #0c71c3;\"><strong>Competi\u021bia:<\/strong><\/span> PNRR\/2022\/C9\/MCID\/I 8<\/p>\n<p><strong><span style=\"color: #0c71c3;\">Director\/Responsabil proiect:<\/span> Prof. Dr. Emre Erdem<\/strong><\/p>\n<p><strong><span style=\"color: #0c71c3;\">Bugetul proiectului:<\/span><\/strong> 7.000.000 lei<\/p>\n<p><strong><span style=\"color: #0c71c3;\">Perioada de implementare:<\/span> <\/strong>01.07.2023 &#8211; 30.06.2026<\/p>\n<p><strong><span style=\"color: #0c71c3;\">Abstract:\u00a0<\/span><\/strong>Supercondensatorii (SC) sunt dispozitive promi\u021b\u0103toare de stocare a energiei. Electrozii sunt componente cheie \u00een SC, iar strategiile de selectare a electrozilor joac\u0103 un rol decisiv \u00een puterea lor specific\u0103 \u0219i performan\u021ba de stocare a energiei. Astfel, un material ideal pentru electrod ar trebui s\u0103 aib\u0103 propriet\u0103\u021bi controlabile privind dimensiunea, forma, defectele, porozitatea, mobilitatea de sarcin\u0103 \u0219i fenomenele de interfa\u021b\u0103.<\/p>\n<p><span style=\"color: #0c71c3;\"><strong>Obiectivul general a<\/strong><\/span>l proiectului const\u0103 \u00een dezvoltarea de noi nanocompozite utilizate ca materiale pentru supercapacitori (SC) \u00een stare solid\u0103 bazate pe structuri de carbon 2D \u0219i semiconductori de oxid de metal sau sulfur\u0103 de metal prin controlul \u0219i ajustarea formei, defectelor, fenomenelor de interfa\u021b\u0103 \u0219i propriet\u0103\u021bilor electrice. \u021ainta noilor dispozitive SC dezvoltate este s\u0103 func\u021bioneze la tensiuni mai mari de 3 V.<\/p>\n<p>[\/et_pb_text][\/et_pb_column][\/et_pb_row][\/et_pb_section][et_pb_section fb_built=&#8221;1&#8243; module_id=&#8221;obiective&#8221; _builder_version=&#8221;4.23.1&#8243; _module_preset=&#8221;default&#8221; background_color=&#8221;#0C71C3&#8243; global_colors_info=&#8221;{}&#8221;][et_pb_row _builder_version=&#8221;4.22.1&#8243; _module_preset=&#8221;default&#8221; global_colors_info=&#8221;{}&#8221;][et_pb_column type=&#8221;4_4&#8243; _builder_version=&#8221;4.22.1&#8243; _module_preset=&#8221;default&#8221; global_colors_info=&#8221;{}&#8221;][et_pb_text _builder_version=&#8221;4.22.2&#8243; _module_preset=&#8221;default&#8221; header_3_text_align=&#8221;left&#8221; header_3_text_color=&#8221;#FFFFFF&#8221; header_3_font_size=&#8221;30px&#8221; global_colors_info=&#8221;{}&#8221;]<\/p>\n<h3><strong>Obiectivele specifice<br \/><\/strong><\/h3>\n<p>[\/et_pb_text][\/et_pb_column][\/et_pb_row][et_pb_row column_structure=&#8221;1_2,1_2&#8243; _builder_version=&#8221;4.22.1&#8243; _module_preset=&#8221;default&#8221; global_colors_info=&#8221;{}&#8221;][et_pb_column type=&#8221;1_2&#8243; _builder_version=&#8221;4.22.1&#8243; _module_preset=&#8221;default&#8221; global_colors_info=&#8221;{}&#8221;][et_pb_text _builder_version=&#8221;4.22.2&#8243; _module_preset=&#8221;default&#8221; text_font=&#8221;||||||||&#8221; text_text_color=&#8221;#FFFFFF&#8221; global_colors_info=&#8221;{}&#8221;]<\/p>\n<p><strong><u>O1.<\/u><\/strong> Dezvoltarea de noi materiale compozite bazate pe structuri de carbon 2D \u0219i semiconductori de oxid metalic (MO<sub>x<\/sub>, M=Zn, Sn) sau sulfur\u0103 metalic\u0103 (MS<sub>x<\/sub>, M=Zn, Mo) cu propriet\u0103\u021bi func\u021bionale adaptate.<\/p>\n<p><strong><u>O2<\/u><\/strong><strong>.<\/strong> Caracterizarea avansat\u0103 a defectelor de pe suprafa\u021ba \u0219i interfa\u021ba electrozilor utiliz\u00e2nd tehnici spectroscopice \u0219i influen\u021ba acestora asupra propriet\u0103\u021bilor optice \u0219i electrice ale nanocompozitelor. <\/p>\n<p><strong><u>O3<\/u><\/strong><strong>.<\/strong> Fabricarea electrozilor SC \u00een stare solid\u0103 utiliz\u00e2nd nanocompozite de tipul structur\u0103 de carbon 2D\/MO<sub>x<\/sub> (MS<sub>x<\/sub>) pentru stocarea energiei.<\/p>\n<p>[\/et_pb_text][\/et_pb_column][et_pb_column type=&#8221;1_2&#8243; _builder_version=&#8221;4.22.1&#8243; _module_preset=&#8221;default&#8221; global_colors_info=&#8221;{}&#8221;][et_pb_text _builder_version=&#8221;4.22.2&#8243; _module_preset=&#8221;default&#8221; text_text_color=&#8221;#FFFFFF&#8221; global_colors_info=&#8221;{}&#8221;]<\/p>\n<p><strong><u>O4<\/u><\/strong><u>.<\/u> Dezvoltarea de membrane de PVDF (difluorura de poliviniliden) \u0219i polianilin\u0103 (PANI) cu propriet\u0103\u021bi electrice \u00eembun\u0103t\u0103\u021bite \u0219i integrare \u00een dispozitive SC pentru a ob\u021bine tensiuni de func\u021bionare mai mari de 3V.\u00a0<\/p>\n<p><strong><u>O5<\/u><\/strong>. Deschiderea de noi domenii de cercetare, crearea de noi locuri de munc\u0103 \u0219i atragerea tinerilor \u00een cercetare.<\/p>\n<p>[\/et_pb_text][\/et_pb_column][\/et_pb_row][\/et_pb_section][et_pb_section fb_built=&#8221;1&#8243; module_id=&#8221;echipa&#8221; _builder_version=&#8221;4.22.2&#8243; _module_preset=&#8221;default&#8221; global_colors_info=&#8221;{}&#8221;][et_pb_row _builder_version=&#8221;4.22.1&#8243; _module_preset=&#8221;default&#8221; global_colors_info=&#8221;{}&#8221;][et_pb_column type=&#8221;4_4&#8243; _builder_version=&#8221;4.22.1&#8243; _module_preset=&#8221;default&#8221; global_colors_info=&#8221;{}&#8221;][et_pb_text _builder_version=&#8221;4.22.2&#8243; _module_preset=&#8221;default&#8221; header_3_text_align=&#8221;left&#8221; header_3_text_color=&#8221;#0088cc&#8221; header_3_font_size=&#8221;26px&#8221; global_colors_info=&#8221;{}&#8221;]<\/p>\n<h3><strong>Lista personal \u00een cadrul proiectului<br \/><\/strong><\/h3>\n<p>[\/et_pb_text][\/et_pb_column][\/et_pb_row][et_pb_row column_structure=&#8221;1_4,1_4,1_4,1_4&#8243; _builder_version=&#8221;4.22.1&#8243; _module_preset=&#8221;default&#8221; global_colors_info=&#8221;{}&#8221; custom_padding=&#8221;||5px|||&#8221;][et_pb_column type=&#8221;1_4&#8243; _builder_version=&#8221;4.22.1&#8243; _module_preset=&#8221;default&#8221; global_colors_info=&#8221;{}&#8221;][et_pb_team_member name=&#8221;Assoc. Prof. Dr. Emre Erdem&#8221; position=&#8221;Responsabil proiect&#8221; _builder_version=&#8221;4.22.2&#8243; _module_preset=&#8221;default&#8221; global_colors_info=&#8221;{}&#8221;][\/et_pb_team_member][\/et_pb_column][et_pb_column type=&#8221;1_4&#8243; _builder_version=&#8221;4.22.1&#8243; _module_preset=&#8221;default&#8221; global_colors_info=&#8221;{}&#8221;][et_pb_team_member name=&#8221;Dr. \u00c1rp\u00e1d Mihai Rost\u00e1s&#8221; _builder_version=&#8221;4.27.0&#8243; _module_preset=&#8221;default&#8221; global_colors_info=&#8221;{}&#8221;][\/et_pb_team_member][\/et_pb_column][et_pb_column type=&#8221;1_4&#8243; _builder_version=&#8221;4.22.1&#8243; _module_preset=&#8221;default&#8221; global_colors_info=&#8221;{}&#8221;][et_pb_team_member name=&#8221;Dr. Maria \u0218tefan&#8221; _builder_version=&#8221;4.27.0&#8243; _module_preset=&#8221;default&#8221; link_option_url=&#8221;http:\/\/ro.itim-cj.ro\/portfolio\/dr-stefan-maria-viorica\/&#8221; link_option_url_new_window=&#8221;on&#8221; global_colors_info=&#8221;{}&#8221;][\/et_pb_team_member][\/et_pb_column][et_pb_column type=&#8221;1_4&#8243; _builder_version=&#8221;4.22.1&#8243; _module_preset=&#8221;default&#8221; global_colors_info=&#8221;{}&#8221;][et_pb_team_member name=&#8221;Dr. Dana Toloman&#8221; _builder_version=&#8221;4.27.0&#8243; _module_preset=&#8221;default&#8221; link_option_url=&#8221;http:\/\/ro.itim-cj.ro\/portfolio\/dr-toloman-dana-aurica\/&#8221; link_option_url_new_window=&#8221;on&#8221; global_colors_info=&#8221;{}&#8221;][\/et_pb_team_member][\/et_pb_column][\/et_pb_row][et_pb_row column_structure=&#8221;1_4,1_4,1_4,1_4&#8243; _builder_version=&#8221;4.22.1&#8243; _module_preset=&#8221;default&#8221; global_colors_info=&#8221;{}&#8221; custom_padding=&#8221;12px|||||&#8221;][et_pb_column type=&#8221;1_4&#8243; _builder_version=&#8221;4.22.1&#8243; _module_preset=&#8221;default&#8221; global_colors_info=&#8221;{}&#8221;][et_pb_team_member name=&#8221;Dr. Adriana Popa&#8221; _builder_version=&#8221;4.25.2&#8243; _module_preset=&#8221;default&#8221; link_option_url=&#8221;http:\/\/ro.itim-cj.ro\/portfolio\/dr-popa-adriana-paula\/&#8221; link_option_url_new_window=&#8221;on&#8221; global_colors_info=&#8221;{}&#8221;][\/et_pb_team_member][\/et_pb_column][et_pb_column type=&#8221;1_4&#8243; _builder_version=&#8221;4.22.1&#8243; _module_preset=&#8221;default&#8221; global_colors_info=&#8221;{}&#8221;][et_pb_team_member name=&#8221;Ing. Sergiu Macavei&#8221; _builder_version=&#8221;4.25.2&#8243; _module_preset=&#8221;default&#8221; link_option_url=&#8221;http:\/\/ro.itim-cj.ro\/portfolio\/macavei-gabriel-sergiu\/&#8221; link_option_url_new_window=&#8221;on&#8221; global_colors_info=&#8221;{}&#8221;][\/et_pb_team_member][\/et_pb_column][et_pb_column type=&#8221;1_4&#8243; _builder_version=&#8221;4.22.1&#8243; _module_preset=&#8221;default&#8221; global_colors_info=&#8221;{}&#8221;][et_pb_team_member name=&#8221;Dr. Cristian Leo\u0219tean&#8221; _builder_version=&#8221;4.25.2&#8243; _module_preset=&#8221;default&#8221; link_option_url=&#8221;http:\/\/ro.itim-cj.ro\/portfolio\/dr-leostean-cristian\/&#8221; link_option_url_new_window=&#8221;on&#8221; global_colors_info=&#8221;{}&#8221;][\/et_pb_team_member][\/et_pb_column][et_pb_column type=&#8221;1_4&#8243; _builder_version=&#8221;4.22.1&#8243; _module_preset=&#8221;default&#8221; global_colors_info=&#8221;{}&#8221;][et_pb_team_member name=&#8221;Dr. Ovidiu Pan\u0103&#8221; _builder_version=&#8221;4.25.2&#8243; _module_preset=&#8221;default&#8221; link_option_url=&#8221;http:\/\/ro.itim-cj.ro\/portfolio\/dr-pana-ioan-ovidiu\/&#8221; link_option_url_new_window=&#8221;on&#8221; global_colors_info=&#8221;{}&#8221;][\/et_pb_team_member][\/et_pb_column][\/et_pb_row][et_pb_row column_structure=&#8221;1_4,1_4,1_4,1_4&#8243; _builder_version=&#8221;4.22.1&#8243; _module_preset=&#8221;default&#8221; global_colors_info=&#8221;{}&#8221;][et_pb_column type=&#8221;1_4&#8243; _builder_version=&#8221;4.22.1&#8243; _module_preset=&#8221;default&#8221; global_colors_info=&#8221;{}&#8221;][et_pb_team_member name=&#8221;Dr. Lucian Barbu&#8221; _builder_version=&#8221;4.25.2&#8243; _module_preset=&#8221;default&#8221; link_option_url=&#8221;http:\/\/ro.itim-cj.ro\/portfolio\/dr-barbu-lucian\/&#8221; link_option_url_new_window=&#8221;on&#8221; global_colors_info=&#8221;{}&#8221;][\/et_pb_team_member][\/et_pb_column][et_pb_column type=&#8221;1_4&#8243; _builder_version=&#8221;4.22.1&#8243; _module_preset=&#8221;default&#8221; global_colors_info=&#8221;{}&#8221;][et_pb_team_member name=&#8221;Dr. Alexander Bunge&#8221; _builder_version=&#8221;4.25.2&#8243; _module_preset=&#8221;default&#8221; link_option_url=&#8221;http:\/\/ro.itim-cj.ro\/portfolio\/dr-bunge-alexander\/&#8221; link_option_url_new_window=&#8221;on&#8221; global_colors_info=&#8221;{}&#8221;][\/et_pb_team_member][\/et_pb_column][et_pb_column type=&#8221;1_4&#8243; _builder_version=&#8221;4.22.1&#8243; _module_preset=&#8221;default&#8221; global_colors_info=&#8221;{}&#8221;][et_pb_team_member name=&#8221;Dr. Ameen Uddin Ammar&#8221; _builder_version=&#8221;4.27.0&#8243; _module_preset=&#8221;default&#8221; global_colors_info=&#8221;{}&#8221;][\/et_pb_team_member][\/et_pb_column][et_pb_column type=&#8221;1_4&#8243; _builder_version=&#8221;4.22.1&#8243; _module_preset=&#8221;default&#8221; global_colors_info=&#8221;{}&#8221;][et_pb_team_member name=&#8221;Drd. Ana Varadi&#8221; _builder_version=&#8221;4.27.0&#8243; _module_preset=&#8221;default&#8221; link_option_url=&#8221;http:\/\/ro.itim-cj.ro\/portfolio\/varadi-ana\/&#8221; link_option_url_new_window=&#8221;on&#8221; global_colors_info=&#8221;{}&#8221;][\/et_pb_team_member][\/et_pb_column][\/et_pb_row][et_pb_row column_structure=&#8221;1_4,1_4,1_4,1_4&#8243; _builder_version=&#8221;4.22.1&#8243; _module_preset=&#8221;default&#8221; global_colors_info=&#8221;{}&#8221;][et_pb_column type=&#8221;1_4&#8243; _builder_version=&#8221;4.22.1&#8243; _module_preset=&#8221;default&#8221; global_colors_info=&#8221;{}&#8221;][et_pb_team_member name=&#8221;Drd. Karlo Maskaric&#8221; _builder_version=&#8221;4.25.2&#8243; _module_preset=&#8221;default&#8221; global_colors_info=&#8221;{}&#8221;][\/et_pb_team_member][\/et_pb_column][et_pb_column type=&#8221;1_4&#8243; _builder_version=&#8221;4.22.1&#8243; _module_preset=&#8221;default&#8221; global_colors_info=&#8221;{}&#8221;][et_pb_team_member name=&#8221;Drd. Ion Nesterovschi&#8221; _builder_version=&#8221;4.25.2&#8243; _module_preset=&#8221;default&#8221; global_colors_info=&#8221;{}&#8221;][\/et_pb_team_member][\/et_pb_column][et_pb_column type=&#8221;1_4&#8243; _builder_version=&#8221;4.22.1&#8243; _module_preset=&#8221;default&#8221; global_colors_info=&#8221;{}&#8221;][et_pb_team_member name=&#8221;Maria Groza&#8221; _builder_version=&#8221;4.25.2&#8243; _module_preset=&#8221;default&#8221; link_option_url=&#8221;http:\/\/ro.itim-cj.ro\/portfolio\/groza-maria\/&#8221; link_option_url_new_window=&#8221;on&#8221; global_colors_info=&#8221;{}&#8221;][\/et_pb_team_member][\/et_pb_column][et_pb_column type=&#8221;1_4&#8243; _builder_version=&#8221;4.22.1&#8243; _module_preset=&#8221;default&#8221; global_colors_info=&#8221;{}&#8221;][\/et_pb_column][\/et_pb_row][\/et_pb_section][et_pb_section fb_built=&#8221;1&#8243; module_id=&#8221;contact&#8221; _builder_version=&#8221;4.23.1&#8243; _module_preset=&#8221;default&#8221; background_color=&#8221;#083891&#8243; global_colors_info=&#8221;{}&#8221;][et_pb_row column_structure=&#8221;1_2,1_2&#8243; _builder_version=&#8221;4.22.1&#8243; _module_preset=&#8221;default&#8221; global_colors_info=&#8221;{}&#8221;][et_pb_column type=&#8221;1_2&#8243; _builder_version=&#8221;4.22.1&#8243; _module_preset=&#8221;default&#8221; global_colors_info=&#8221;{}&#8221;][et_pb_text _builder_version=&#8221;4.22.1&#8243; _module_preset=&#8221;default&#8221; text_text_color=&#8221;#FFFFFF&#8221; header_3_text_align=&#8221;left&#8221; header_3_text_color=&#8221;#FFFFFF&#8221; header_3_font_size=&#8221;26px&#8221; global_colors_info=&#8221;{}&#8221;]<\/p>\n<h3><strong>Contact<\/strong><\/h3>\n<p>[\/et_pb_text][et_pb_text _builder_version=&#8221;4.22.2&#8243; _module_preset=&#8221;default&#8221; text_text_color=&#8221;#FFFFFF&#8221; global_colors_info=&#8221;{}&#8221;]<\/p>\n<p><img decoding=\"async\" src=\"http:\/\/pim.itim-cj.ro\/images\/location.png\" alt=\"\" style=\"float: left; margin-right: 1rem;\" \/>Institutul Na\u021bional de Cercetare-Dezvoltare pentru Tehnologii Izotopice \u0219i Moleculare &#8211; INCDTIM Cluj-Napoca<\/p>\n<p style=\"padding-left: 40px;\">Str. Donat Nr. 67-103,<br \/>RO-400293 Cluj-Napoca, Rom\u00e2nia<\/p>\n<p><img decoding=\"async\" src=\"http:\/\/pim.itim-cj.ro\/images\/phone.png\" alt=\"\" style=\"float: left; margin-right: 1rem;\" \/>+40 264 584037<\/p>\n<p><img decoding=\"async\" src=\"http:\/\/pim.itim-cj.ro\/images\/email.png\" alt=\"\" style=\"float: left; margin-right: 1rem;\" \/>itim@itim-cj.ro<\/p>\n<p>[\/et_pb_text][\/et_pb_column][et_pb_column type=&#8221;1_2&#8243; _builder_version=&#8221;4.22.1&#8243; _module_preset=&#8221;default&#8221; global_colors_info=&#8221;{}&#8221;][et_pb_image src=&#8221;http:\/\/www.itim-cj.ro\/pnrr\/cf163\/wp-content\/uploads\/2023\/09\/locatie.jpg&#8221; title_text=&#8221;locatie&#8221; _builder_version=&#8221;4.22.1&#8243; _module_preset=&#8221;default&#8221; global_colors_info=&#8221;{}&#8221;][\/et_pb_image][\/et_pb_column][\/et_pb_row][\/et_pb_section][et_pb_section fb_built=&#8221;1&#8243; _builder_version=&#8221;4.22.1&#8243; _module_preset=&#8221;default&#8221; custom_padding=&#8221;5px||7px|||&#8221; global_colors_info=&#8221;{}&#8221;][et_pb_row _builder_version=&#8221;4.22.1&#8243; _module_preset=&#8221;default&#8221; custom_padding=&#8221;||0px|||&#8221; global_colors_info=&#8221;{}&#8221;][et_pb_column type=&#8221;4_4&#8243; _builder_version=&#8221;4.22.1&#8243; _module_preset=&#8221;default&#8221; global_colors_info=&#8221;{}&#8221;][et_pb_text _builder_version=&#8221;4.22.1&#8243; _module_preset=&#8221;default&#8221; text_font=&#8221;Poppins||||||||&#8221; global_colors_info=&#8221;{}&#8221;]<\/p>\n<p style=\"text-align: center;\"><span style=\"color: #1e4692;\">\u201cCon\u021binutul acestui material nu reprezint\u0103 \u00een mod obligatoriu pozi\u021bia oficial\u0103 a Uniunii Europene sau a Guvernului Rom\u00e2niei\u201d<\/span><\/p>\n<p>[\/et_pb_text][et_pb_image src=&#8221;http:\/\/www.itim-cj.ro\/pnrr\/cf163\/wp-content\/uploads\/2023\/09\/ackbarlight.png&#8221; title_text=&#8221;ackbarlight&#8221; align=&#8221;center&#8221; _builder_version=&#8221;4.22.1&#8243; _module_preset=&#8221;default&#8221; width=&#8221;726px&#8221; custom_margin=&#8221;-21px|||||&#8221; global_colors_info=&#8221;{}&#8221;][\/et_pb_image][et_pb_text _builder_version=&#8221;4.22.1&#8243; _module_preset=&#8221;default&#8221; text_font=&#8221;Poppins||||||||&#8221; custom_margin=&#8221;-16px|||||&#8221; global_colors_info=&#8221;{}&#8221;]<\/p>\n<p style=\"text-align: center;\"><span style=\"color: #1e4692;\">\u201ePNRR. Finan\u021bat de Uniunea European\u0103 \u2013 Urm\u0103toareaGenera\u021bieUE\u201d<\/span><\/p>\n<p>[\/et_pb_text][\/et_pb_column][\/et_pb_row][et_pb_row column_structure=&#8221;1_2,1_2&#8243; _builder_version=&#8221;4.22.1&#8243; _module_preset=&#8221;default&#8221; custom_padding=&#8221;2px|||||&#8221; global_colors_info=&#8221;{}&#8221;][et_pb_column type=&#8221;1_2&#8243; _builder_version=&#8221;4.22.1&#8243; _module_preset=&#8221;default&#8221; global_colors_info=&#8221;{}&#8221;][et_pb_text _builder_version=&#8221;4.22.1&#8243; _module_preset=&#8221;default&#8221; text_font_size=&#8221;14px&#8221; global_colors_info=&#8221;{}&#8221;]<\/p>\n<p style=\"text-align: center;\"><span style=\"color: #1e4692;\"><a href=\"https:\/\/mfe.gov.ro\/pnrr\/\" target=\"_blank\" rel=\"noopener\" style=\"color: #1e4692;\">https:\/\/mfe.gov.ro\/pnrr\/<\/a><\/span><\/p>\n<p>[\/et_pb_text][\/et_pb_column][et_pb_column type=&#8221;1_2&#8243; _builder_version=&#8221;4.22.1&#8243; _module_preset=&#8221;default&#8221; global_colors_info=&#8221;{}&#8221;][et_pb_text _builder_version=&#8221;4.22.1&#8243; _module_preset=&#8221;default&#8221; text_font_size=&#8221;14px&#8221; custom_margin=&#8221;||||false|false&#8221; global_colors_info=&#8221;{}&#8221;]<\/p>\n<p style=\"text-align: center;\"><span style=\"color: #1e4692;\"><a href=\"https:\/\/www.facebook.com\/PNRROficial\/\" target=\"_blank\" rel=\"noopener\" style=\"color: #1e4692;\">https:\/\/www.facebook.com\/PNRROficial\/<\/a><\/span><\/p>\n<p>[\/et_pb_text][\/et_pb_column][\/et_pb_row][\/et_pb_section]<\/p>\n","protected":false},"excerpt":{"rendered":"<p>Boosting the energy storage performance of supercapacitor materials by controlling the paramagnetic centersDespre proiectBeneficiar: Institutul Na\u021bional de Cercetare-Dezvoltare pentru Tehnologii Izotopice \u0219i Moleculare _INCDTIM Cluj-Napoca Codul proiectului: CF 163\/15.11.22 \/ Contract nr.: 760097\/23.05.23 Competi\u021bia: PNRR\/2022\/C9\/MCID\/I 8 Director\/Responsabil proiect: Prof. Dr. Emre Erdem Bugetul proiectului: 7.000.000 lei Perioada de implementare: 01.07.2023 &#8211; 30.06.2026 Abstract:\u00a0Supercondensatorii (SC) sunt [&hellip;]<\/p>\n","protected":false},"author":1,"featured_media":0,"parent":0,"menu_order":0,"comment_status":"closed","ping_status":"closed","template":"","meta":{"_et_pb_use_builder":"on","_et_pb_old_content":"","_et_gb_content_width":"","footnotes":""},"class_list":["post-52","page","type-page","status-publish","hentry"],"_links":{"self":[{"href":"http:\/\/www.itim-cj.ro\/pnrr\/cf163\/wp-json\/wp\/v2\/pages\/52","targetHints":{"allow":["GET"]}}],"collection":[{"href":"http:\/\/www.itim-cj.ro\/pnrr\/cf163\/wp-json\/wp\/v2\/pages"}],"about":[{"href":"http:\/\/www.itim-cj.ro\/pnrr\/cf163\/wp-json\/wp\/v2\/types\/page"}],"author":[{"embeddable":true,"href":"http:\/\/www.itim-cj.ro\/pnrr\/cf163\/wp-json\/wp\/v2\/users\/1"}],"replies":[{"embeddable":true,"href":"http:\/\/www.itim-cj.ro\/pnrr\/cf163\/wp-json\/wp\/v2\/comments?post=52"}],"version-history":[{"count":19,"href":"http:\/\/www.itim-cj.ro\/pnrr\/cf163\/wp-json\/wp\/v2\/pages\/52\/revisions"}],"predecessor-version":[{"id":141,"href":"http:\/\/www.itim-cj.ro\/pnrr\/cf163\/wp-json\/wp\/v2\/pages\/52\/revisions\/141"}],"wp:attachment":[{"href":"http:\/\/www.itim-cj.ro\/pnrr\/cf163\/wp-json\/wp\/v2\/media?parent=52"}],"curies":[{"name":"wp","href":"https:\/\/api.w.org\/{rel}","templated":true}]}}