{"id":98,"date":"2025-07-14T07:42:53","date_gmt":"2025-07-14T07:42:53","guid":{"rendered":"https:\/\/www.itim-cj.ro\/PNCDI\/2dmoxwatdec\/?page_id=98"},"modified":"2025-11-24T08:09:16","modified_gmt":"2025-11-24T08:09:16","slug":"rezultate","status":"publish","type":"page","link":"https:\/\/www.itim-cj.ro\/PNCDI\/2dmoxwatdec\/ro\/rezultate\/","title":{"rendered":"Rezultate"},"content":{"rendered":"<p>[et_pb_section fb_built=&#8221;1&#8243; admin_label=&#8221;About Us&#8221; module_id=&#8221;contact&#8221; _builder_version=&#8221;4.27.4&#8243; background_enable_color=&#8221;off&#8221; use_background_color_gradient=&#8221;on&#8221; background_color_gradient_direction=&#8221;201deg&#8221; background_color_gradient_stops=&#8221;#28511c 0%|rgba(5,119,34,0.57) 100%&#8221; background_color_gradient_overlays_image=&#8221;on&#8221; background_color_gradient_start=&#8221;#0c71c3&#8243; background_color_gradient_end=&#8221;#0c71c3&#8243; background_image=&#8221;https:\/\/www.itim-cj.ro\/PNCDI\/2dmoxwatdec\/wp-content\/uploads\/2025\/05\/image-generation_WSd9OBBBRYfmj6nZoxuqyydYgFr2_1746777149971_result.jpeg&#8221; custom_margin=&#8221;||||false|false&#8221; custom_padding=&#8221;75px||30px||false|false&#8221; global_colors_info=&#8221;{}&#8221;][et_pb_row _builder_version=&#8221;4.27.4&#8243; custom_margin=&#8221;-24px|auto||auto||&#8221; custom_padding=&#8221;20px|0px|41px|0px|false|false&#8221; global_colors_info=&#8221;{}&#8221;][et_pb_column type=&#8221;4_4&#8243; _builder_version=&#8221;4.16&#8243; custom_padding=&#8221;|||&#8221; global_colors_info=&#8221;{}&#8221; custom_padding__hover=&#8221;|||&#8221;][et_pb_text _builder_version=&#8221;4.27.4&#8243; text_font=&#8221;Montserrat|300|||||||&#8221; text_text_color=&#8221;#ffffff&#8221; text_font_size=&#8221;17px&#8221; header_font=&#8221;||||||||&#8221; header_font_size=&#8221;42px&#8221; header_2_font=&#8221;||||||||&#8221; header_3_font=&#8221;||||||||&#8221; header_3_font_size=&#8221;24px&#8221; header_3_line_height=&#8221;1.4em&#8221; background_layout=&#8221;dark&#8221; custom_margin=&#8221;|-16px||||&#8221; header_2_font_size_tablet=&#8221;30px&#8221; header_2_font_size_phone=&#8221;24px&#8221; header_2_font_size_last_edited=&#8221;off|desktop&#8221; header_3_font_size_tablet=&#8221;30px&#8221; header_3_font_size_phone=&#8221;24px&#8221; header_3_font_size_last_edited=&#8221;off|desktop&#8221; locked=&#8221;off&#8221; global_colors_info=&#8221;{}&#8221;]<\/p>\n<h1><strong>Rezultate<\/strong><\/h1>\n<p>[\/et_pb_text][\/et_pb_column][\/et_pb_row][\/et_pb_section][et_pb_section fb_built=&#8221;1&#8243; _builder_version=&#8221;4.27.4&#8243; _module_preset=&#8221;default&#8221; global_colors_info=&#8221;{}&#8221;][et_pb_row _builder_version=&#8221;4.27.4&#8243; _module_preset=&#8221;default&#8221; global_colors_info=&#8221;{}&#8221;][et_pb_column type=&#8221;4_4&#8243; _builder_version=&#8221;4.27.4&#8243; _module_preset=&#8221;default&#8221; global_colors_info=&#8221;{}&#8221;][et_pb_text _builder_version=&#8221;4.27.4&#8243; _module_preset=&#8221;default&#8221; text_font_size=&#8221;16px&#8221; text_line_height=&#8221;1.9em&#8221; header_2_line_height=&#8221;2em&#8221; hover_enabled=&#8221;0&#8243; global_colors_info=&#8221;{}&#8221; sticky_enabled=&#8221;0&#8243;]<\/p>\n<p><a href=\"https:\/\/www.itim-cj.ro\/PNCDI\/2dmoxwatdec\/wp-content\/uploads\/2025\/11\/Rezumat-faza-1.pdf\" target=\"_blank\" rel=\"noopener\"><strong>Rezumat executiv al activit\u0103\u021bilor realizate <\/strong><\/a><em>\u00een perioada de implementare a proiectului (03.01.2025 \u2013 31.12.2025)<\/em><\/p>\n<h2><strong>Publica\u021bii<\/strong><\/h2>\n<p><a href=\"https:\/\/doi.org\/10.3390\/ma18122735\" target=\"_blank\" rel=\"noopener\">Preparation and characterization of materials based on graphene oxide functionalized with Fe, Mn, Ni, and Cu oxides and their testing for the removal of water pollutants<\/a>, Opri\u0219 O., Stegarescu A., Lung I., Porav A.S., Kacso I., Borodi G., Leo\u0219tean C., Pan\u0103 O., Soran M.-L., <em>Materials<\/em>, <strong>2025<\/strong>, 18, 2735.<\/p>\n<h2><strong>Particip\u0103ri conferin\u021be<\/strong><\/h2>\n<ol>\n<li>Adsorb\u021bia poluan\u021bilor organici utiliz\u00e2nd materiale pe baz\u0103 de carbon, C\u00e2rdan A., Opri\u0219 O., St\u0103garescu A., Lung I., Chi\u0219 A., Soran L., Gligor D., <em>Simpozionul Environment &amp; Progress 2025, 14 noiembrie 2025, Cluj-Napoca, Rom\u00e2nia.<\/em><\/li>\n<li>Synthesis and characterization of graphene\u2212metal oxide materials using plant extracts for the preliminary adsorptive removal of pesticides from aqueous solutions, Opri\u0219 O., Stegarescu A., Lung I., Mihet M., Kacso I., Turza A., Tripon S., Tata T., Medaglia P.G., Leonardi C., Soran M.L., <em>15<sup>th<\/sup> International Conference &#8211; Processes in Isotopes and Molecules, PIM 2025, 16 \u2013 19 septembrie, 2025, Cluj-Napoca, Rom\u00e2nia.<\/em><\/li>\n<li>Eco-friendly functionalization of graphene with metal oxides using plant extracts: Preparation and characterization, Opri\u0219 O., Stegarescu A., Soran M.-L., Lung I., Kacso I., Turza A., Tripon S., Laz\u0103r D., <em>International Experts Summit on Materials Science and Nanotechnology, 16 \u2013 18 iunie, 2025, Barcelona, Spania<\/em><\/li>\n<li>\u00a0Preliminary tests of pollutant removal using tertiary systems based on graphene functionalized with metal oxides, Opri\u0219 O., Lung I., Soran M.-L., Stegarescu A., Pintea S., <em>International Experts Summit on Materials Science and Nanotechnology, 16 \u2013 18 iunie, 2025, Barcelona, Spania<\/em><\/li>\n<\/ol>\n<p>[\/et_pb_text][\/et_pb_column][\/et_pb_row][\/et_pb_section]<\/p>\n","protected":false},"excerpt":{"rendered":"<p>RezultateRezumat executiv al activit\u0103\u021bilor realizate \u00een perioada de implementare a proiectului (03.01.2025 \u2013 31.12.2025) Publica\u021bii Preparation and characterization of materials based on graphene oxide functionalized with Fe, Mn, Ni, and Cu oxides and their testing for the removal of water pollutants, Opri\u0219 O., Stegarescu A., Lung I., Porav A.S., Kacso I., Borodi G., Leo\u0219tean C., [&hellip;]<\/p>\n","protected":false},"author":1,"featured_media":0,"parent":0,"menu_order":0,"comment_status":"closed","ping_status":"closed","template":"","meta":{"_et_pb_use_builder":"on","_et_pb_old_content":"","_et_gb_content_width":"","footnotes":""},"class_list":["post-98","page","type-page","status-publish","hentry"],"_links":{"self":[{"href":"https:\/\/www.itim-cj.ro\/PNCDI\/2dmoxwatdec\/wp-json\/wp\/v2\/pages\/98","targetHints":{"allow":["GET"]}}],"collection":[{"href":"https:\/\/www.itim-cj.ro\/PNCDI\/2dmoxwatdec\/wp-json\/wp\/v2\/pages"}],"about":[{"href":"https:\/\/www.itim-cj.ro\/PNCDI\/2dmoxwatdec\/wp-json\/wp\/v2\/types\/page"}],"author":[{"embeddable":true,"href":"https:\/\/www.itim-cj.ro\/PNCDI\/2dmoxwatdec\/wp-json\/wp\/v2\/users\/1"}],"replies":[{"embeddable":true,"href":"https:\/\/www.itim-cj.ro\/PNCDI\/2dmoxwatdec\/wp-json\/wp\/v2\/comments?post=98"}],"version-history":[{"count":5,"href":"https:\/\/www.itim-cj.ro\/PNCDI\/2dmoxwatdec\/wp-json\/wp\/v2\/pages\/98\/revisions"}],"predecessor-version":[{"id":132,"href":"https:\/\/www.itim-cj.ro\/PNCDI\/2dmoxwatdec\/wp-json\/wp\/v2\/pages\/98\/revisions\/132"}],"wp:attachment":[{"href":"https:\/\/www.itim-cj.ro\/PNCDI\/2dmoxwatdec\/wp-json\/wp\/v2\/media?parent=98"}],"curies":[{"name":"wp","href":"https:\/\/api.w.org\/{rel}","templated":true}]}}