{"id":68,"date":"2023-12-04T08:37:06","date_gmt":"2023-12-04T08:37:06","guid":{"rendered":"https:\/\/www.itim-cj.ro\/PNCDI\/agrichem\/?page_id=68"},"modified":"2024-10-09T08:59:43","modified_gmt":"2024-10-09T08:59:43","slug":"rezultate","status":"publish","type":"page","link":"https:\/\/www.itim-cj.ro\/PNCDI\/agrichem\/ro\/rezultate\/","title":{"rendered":"Rezultate"},"content":{"rendered":"<p>[et_pb_section fb_built=&#8221;1&#8243; module_id=&#8221;objectives&#8221; _builder_version=&#8221;4.23.1&#8243; _module_preset=&#8221;default&#8221; background_enable_color=&#8221;off&#8221; use_background_color_gradient=&#8221;on&#8221; background_color_gradient_stops=&#8221;#146824 0%|#033a1d 99%&#8221; background_color_gradient_end=&#8221;#0c71c3&#8243; custom_margin=&#8221;||||false|false&#8221; custom_padding=&#8221;52px||35px||false|false&#8221; global_colors_info=&#8221;{}&#8221;][et_pb_row _builder_version=&#8221;4.20.4&#8243; _module_preset=&#8221;default&#8221; global_colors_info=&#8221;{}&#8221;][et_pb_column type=&#8221;4_4&#8243; _builder_version=&#8221;4.20.4&#8243; _module_preset=&#8221;default&#8221; global_colors_info=&#8221;{}&#8221;][et_pb_text _builder_version=&#8221;4.20.4&#8243; _module_preset=&#8221;default&#8221; header_font_size=&#8221;34px&#8221; global_colors_info=&#8221;{}&#8221;]<\/p>\n<h1><span style=\"color: #febf10;\">Rezultate<\/span><\/h1>\n<p>[\/et_pb_text][\/et_pb_column][\/et_pb_row][\/et_pb_section][et_pb_section fb_built=&#8221;1&#8243; _builder_version=&#8221;4.20.4&#8243; _module_preset=&#8221;default&#8221; global_colors_info=&#8221;{}&#8221;][et_pb_row _builder_version=&#8221;4.20.4&#8243; _module_preset=&#8221;default&#8221; custom_margin=&#8221;|auto||411px||&#8221; global_colors_info=&#8221;{}&#8221;][et_pb_column type=&#8221;4_4&#8243; _builder_version=&#8221;4.20.4&#8243; _module_preset=&#8221;default&#8221; global_colors_info=&#8221;{}&#8221;][et_pb_text _builder_version=&#8221;4.27.0&#8243; _module_preset=&#8221;default&#8221; header_2_line_height=&#8221;2em&#8221; hover_enabled=&#8221;0&#8243; global_colors_info=&#8221;{}&#8221; sticky_enabled=&#8221;0&#8243;]<\/p>\n<h2>Rapoarte de progres<\/h2>\n<p><a href=\"https:\/\/www.itim-cj.ro\/PNCDI\/agrichem\/wp-content\/uploads\/2024\/10\/Diseminare-pentru-public.pdf\" target=\"_blank\" rel=\"noopener\"><strong>Prezentarea rezultatelor \u00een vederea disemin\u0103rii de c\u0103tre Autoritatea Contractant\u0103<\/strong><\/a><\/p>\n<p><a href=\"https:\/\/www.itim-cj.ro\/PNCDI\/agrichem\/wp-content\/uploads\/2024\/09\/Raport-de-activitate-2024.pdf\" target=\"_blank\" rel=\"noopener\"><strong>Raport de activitate 2024<\/strong><\/a><\/p>\n<p><a href=\"https:\/\/www.itim-cj.ro\/PNCDI\/agrichem\/wp-content\/uploads\/2023\/12\/Raport-de-activitate-2021.pdf\" target=\"_blank\" rel=\"noopener\"><strong>Raport de activitate 2021<\/strong><\/a><\/p>\n<p><a href=\"https:\/\/www.itim-cj.ro\/PNCDI\/agrichem\/wp-content\/uploads\/2023\/12\/Raport-de-activitate-2020.pdf\" target=\"_blank\" rel=\"noopener\"><strong>Raport de activitate 2020<\/strong><\/a><\/p>\n<h2>Lucr\u0103ri ISI<\/h2>\n<ol>\n<li>Ioana Feher, Dana Alina Magdas, Cezara Voica, Gabriela Cristea and Costel S\u00e2rbu, <a href=\"https:\/\/doi.org\/10.3390\/molecules25214955\" target=\"_blank\" rel=\"noopener\"><em>Fuzzy Divisive Hierarchical Associative-Clustering Applied to Different Varieties of White Wines According to Their Multi-Elemental Profiles<\/em><\/a>, <strong>Molecules,<\/strong> <em>2020<\/em>, 25, 4955<\/li>\n<li>Ioana Feher, Cornelia Veronica Floare-Avram, Florina-Dorina Covaciu, Olivian Marincas, Romulus Puscas, Dana Alina Magdas and Costel S\u00e2rbu, <em><a href=\"https:\/\/doi.org\/10.3390\/app11209577\" target=\"_blank\" rel=\"noopener\">Evaluation of Mushrooms Based on FT-IR Fingerprint and Chemometrics<\/a>,<\/em> <strong>Applied Science<\/strong>, <em>2021<\/em>, 11, 9577<\/li>\n<\/ol>\n<h2>Conferin\u021be interna\u021bionale<\/h2>\n<ol>\n<li><span style=\"color: #008000;\"><strong><em>Ioana Feher, Veronica Floare Avram, Florina Covaciu, Olivian Marincas, Romulus Puscas, Dana Alina Magdas, FT-IR analysis followed by chemometric approach for rapid screening of wild mushrooms<\/em>, la Conferin\u021ba 12th International Conference, Agriculture &amp; Food, 12-15 August 2024, Burgas, Bulgaria &#8211; Prezentare oral\u0103<\/strong><\/span><\/li>\n<li><em>I Feher, A Dehelean, G Cristea, R Puscas, D A Magdas and C S\u00e2rbu, <strong>Advanced chemometric methods for fruits juices differentiation<\/strong><\/em>, la Conferin\u021ba 12th International Conference, Agriculture &amp; Food, 12-15 August 2024, Burgas, Bulgaria \u2013 prezentare tip poster<\/li>\n<li><em>Ioana Feher, Adriana Dehelean, Gabriela Cristea, Veronica Floare Avram, Florina Covaciu, Romulus Puscas, Dana-Alina Magdas, <strong>Wild mushrooms evaluation through elemental profile followed by advanced chemometric approach<\/strong><\/em>, la Conferin\u021ba 23rd International Conference &#8220;Life Sciences for Sustainable Development&#8221;, 26-28 September 2024, Cluj-Napoca, Romania &#8211; prezentare tip poster<\/li>\n<li><em>Feher, V. Floare-Avram, F. Covaciu, O. Marincas, D. A. Magdas, C. S\u00e2rbu, <strong>Mushroom\u2019s evaluation based on FT-IR fingerprint and chemometrics<\/strong>, <\/em>13<sup>th<\/sup> International Conference \u201eProcesses in Isotopes and Molecules\u201d, 22-24 septembrie 2021, Cluj-Napoca, Rom\u00e2nia<\/li>\n<\/ol>\n<h2>Cursuri de specializare<\/h2>\n<p><em>Elements of Artificial Intelligence<\/em> \u015fi <em>Building Artificial Intelligence<\/em>, Universitatea din Helsinki, 2021.<\/p>\n<p><strong><\/strong><\/p>\n<p><strong>Vizit\u0103 de lucru \u015fi schimb de experien\u0163\u0103<\/strong>, \u00een data de 12 aprilie 2024, domnul dr. Michael S. Bloom, profesor la Universitatea George Mason, Virginia, S.U.A., \u201cDepartment of Global and Community Health College of Public Health\u201d, a participat la o vizita de lucru \u00een INCDTIM Cluj-Napoca, \u00een vederea identificarii unor tematici de cercetare complementare pentru colaborari viitoare.<\/p>\n<p>&nbsp;<\/p>\n<p><strong>Dou\u0103 prezent\u0103ri c\u0103tre mediul economic<\/strong>, prezent\u00e2ndu-se importan\u021ba temei de cercetare \u00een domeniul calit\u0103\u021bii \u0219i siguran\u021bei alimentare, eviden\u0163iindu-se rezultatele ob\u0163inute, pentru probele analizate, in identificarea celor mai buni markeri de diferen\u021biere pentru sucurile de fructe \u015fi ciuperci din flora spontan\u0103.<\/p>\n<p>[\/et_pb_text][\/et_pb_column][\/et_pb_row][\/et_pb_section]<\/p>\n","protected":false},"excerpt":{"rendered":"<p>RezultateRapoarte de progres Prezentarea rezultatelor \u00een vederea disemin\u0103rii de c\u0103tre Autoritatea Contractant\u0103 Raport de activitate 2024 Raport de activitate 2021 Raport de activitate 2020 Lucr\u0103ri ISI Ioana Feher, Dana Alina Magdas, Cezara Voica, Gabriela Cristea and Costel S\u00e2rbu, Fuzzy Divisive Hierarchical Associative-Clustering Applied to Different Varieties of White Wines According to Their Multi-Elemental Profiles, Molecules, [&hellip;]<\/p>\n","protected":false},"author":1,"featured_media":0,"parent":0,"menu_order":0,"comment_status":"closed","ping_status":"closed","template":"","meta":{"_et_pb_use_builder":"on","_et_pb_old_content":"","_et_gb_content_width":"","footnotes":""},"class_list":["post-68","page","type-page","status-publish","hentry"],"_links":{"self":[{"href":"https:\/\/www.itim-cj.ro\/PNCDI\/agrichem\/wp-json\/wp\/v2\/pages\/68","targetHints":{"allow":["GET"]}}],"collection":[{"href":"https:\/\/www.itim-cj.ro\/PNCDI\/agrichem\/wp-json\/wp\/v2\/pages"}],"about":[{"href":"https:\/\/www.itim-cj.ro\/PNCDI\/agrichem\/wp-json\/wp\/v2\/types\/page"}],"author":[{"embeddable":true,"href":"https:\/\/www.itim-cj.ro\/PNCDI\/agrichem\/wp-json\/wp\/v2\/users\/1"}],"replies":[{"embeddable":true,"href":"https:\/\/www.itim-cj.ro\/PNCDI\/agrichem\/wp-json\/wp\/v2\/comments?post=68"}],"version-history":[{"count":7,"href":"https:\/\/www.itim-cj.ro\/PNCDI\/agrichem\/wp-json\/wp\/v2\/pages\/68\/revisions"}],"predecessor-version":[{"id":120,"href":"https:\/\/www.itim-cj.ro\/PNCDI\/agrichem\/wp-json\/wp\/v2\/pages\/68\/revisions\/120"}],"wp:attachment":[{"href":"https:\/\/www.itim-cj.ro\/PNCDI\/agrichem\/wp-json\/wp\/v2\/media?parent=68"}],"curies":[{"name":"wp","href":"https:\/\/api.w.org\/{rel}","templated":true}]}}