{"id":47,"date":"2023-04-11T08:21:30","date_gmt":"2023-04-11T08:21:30","guid":{"rendered":"https:\/\/www.itim-cj.ro\/PNCDI\/antictract\/?page_id=47"},"modified":"2024-11-27T07:43:21","modified_gmt":"2024-11-27T07:43:21","slug":"results","status":"publish","type":"page","link":"https:\/\/www.itim-cj.ro\/PNCDI\/antictract\/results\/","title":{"rendered":"Results"},"content":{"rendered":"<p>[et_pb_section fb_built=&#8221;1&#8243; _builder_version=&#8221;4.20.4&#8243; _module_preset=&#8221;default&#8221; use_background_color_gradient=&#8221;on&#8221; background_color_gradient_direction=&#8221;140deg&#8221; background_color_gradient_stops=&#8221;#004872 0%|rgba(41,17,96,0.8) 100%&#8221; background_color_gradient_overlays_image=&#8221;on&#8221; background_color_gradient_start=&#8221;#004872&#8243; background_color_gradient_end=&#8221;rgba(41,17,96,0.8)&#8221; background_enable_image=&#8221;off&#8221; min_height=&#8221;325px&#8221; min_height_tablet=&#8221;325px&#8221; min_height_phone=&#8221;325px&#8221; min_height_last_edited=&#8221;on|tablet&#8221; global_colors_info=&#8221;{}&#8221;][et_pb_row _builder_version=&#8221;4.16&#8243; _module_preset=&#8221;default&#8221; custom_padding=&#8221;60px|||||&#8221; global_colors_info=&#8221;{}&#8221;][et_pb_column type=&#8221;4_4&#8243; _builder_version=&#8221;4.16&#8243; _module_preset=&#8221;default&#8221; global_colors_info=&#8221;{}&#8221;][et_pb_text _builder_version=&#8221;4.16&#8243; _module_preset=&#8221;default&#8221; header_font=&#8221;Roboto|500|||||||&#8221; header_text_color=&#8221;#FFFFFF&#8221; header_font_size=&#8221;44px&#8221; global_colors_info=&#8221;{}&#8221;]<\/p>\n<h1 style=\"text-align: center;\">Results<\/h1>\n<p>[\/et_pb_text][\/et_pb_column][\/et_pb_row][\/et_pb_section][et_pb_section fb_built=&#8221;1&#8243; _builder_version=&#8221;4.16&#8243; _module_preset=&#8221;default&#8221; custom_padding=&#8221;40px||||false|false&#8221; global_colors_info=&#8221;{}&#8221;][et_pb_row _builder_version=&#8221;4.16&#8243; _module_preset=&#8221;default&#8221; global_colors_info=&#8221;{}&#8221;][et_pb_column type=&#8221;4_4&#8243; _builder_version=&#8221;4.16&#8243; _module_preset=&#8221;default&#8221; global_colors_info=&#8221;{}&#8221;][et_pb_tabs active_tab_background_color=&#8221;#FFFFFF&#8221; active_tab_text_color=&#8221;#0C71C3&#8243; _builder_version=&#8221;4.27.3&#8243; _module_preset=&#8221;default&#8221; tab_text_color=&#8221;#444444&#8243; tab_font=&#8221;Roboto||||||||&#8221; tab_font_size=&#8221;15px&#8221; width=&#8221;100%&#8221; max_width=&#8221;100%&#8221; custom_margin=&#8221;|0px||0px|false|false&#8221; custom_padding=&#8221;|0px||15px|false|false&#8221; hover_enabled=&#8221;0&#8243; global_colors_info=&#8221;{}&#8221; sticky_enabled=&#8221;0&#8243;][et_pb_tab title=&#8221;Reports&#8221; _builder_version=&#8221;4.27.3&#8243; _module_preset=&#8221;default&#8221; custom_padding=&#8221;||||false|false&#8221; hover_enabled=&#8221;0&#8243; global_colors_info=&#8221;{}&#8221; sticky_enabled=&#8221;0&#8243;]<\/p>\n<p><strong><a href=\"https:\/\/www.itim-cj.ro\/PNCDI\/antictract\/wp-content\/uploads\/2024\/11\/Raport_Stiintific_2023.pdf\" target=\"_blank\" rel=\"noopener\">Scientific report 2023<\/a> &#8211; <a href=\"https:\/\/www.itim-cj.ro\/PNCDI\/antictract\/wp-content\/uploads\/2024\/11\/Anexa-1.pdf\" target=\"_blank\" rel=\"noopener\">Anexa 1<\/a><\/strong><\/p>\n<p><a href=\"https:\/\/www.itim-cj.ro\/PNCDI\/antictract\/wp-content\/uploads\/2023\/04\/Raport-Stiintific-2022.pdf\" target=\"_blank\" rel=\"noopener\"><strong>Scientific report 2022<\/strong><\/a><\/p>\n<p>[\/et_pb_tab][et_pb_tab title=&#8221;Articles&#8221; _builder_version=&#8221;4.27.3&#8243; _module_preset=&#8221;default&#8221; custom_padding=&#8221;|15px||15px|false|false&#8221; hover_enabled=&#8221;0&#8243; global_colors_info=&#8221;{}&#8221; sticky_enabled=&#8221;0&#8243;]<\/p>\n<h2>Articles in ISI journals<\/h2>\n<ol>\n<li>C\u0103lin G. Floare*, Adrian P\u00eern\u0103u, Mihaela Mic, and Elena Matei* \u201e<a href=\"https:\/\/doi.org\/10.24193\/subbchem.2024.3.05\" target=\"_blank\" rel=\"noopener\">An exploration of human \u03b3D-crystallin affinity for potential aggregation inhibitors: a molecular docking investigation<\/a>\u201d STUDIA UBB CHEMIA, LXIX, 3, 2024 (p. 67-91)<\/li>\n<li>E Matei*, A Filip, CG Floare, A P\u00eern\u0103u, M Mic \u201cMolecular aggregation pathway of cataract-associated \u03b3D-crystallin p23T congenital defect\u201d, Studia UBB, BIOLOGIA, 68 (2), 2023 (p. 172-173).<\/li>\n<\/ol>\n<p>[\/et_pb_tab][et_pb_tab title=&#8221;Conferences&#8221; _builder_version=&#8221;4.27.3&#8243; _module_preset=&#8221;default&#8221; custom_padding=&#8221;|15px||15px|false|false&#8221; global_colors_info=&#8221;{}&#8221;]<\/p>\n<h2>Communications at scientific conferences<\/h2>\n<ol>\n<li>Elena Matei, Alina Filip, C\u0103lin G. Floare, Adrian P\u00eern\u0103u, Mihaela Mic, \u201cStructural Study of Cataract Associated P23T mutant of \u03b3D-crystallin\u201d, <em>18<sup>th<\/sup> National Conference of Biophysics, September 2024, Ia\u0219i, Romania<\/em><\/li>\n<li>C G Floare, A P\u00eern\u0103u, M Mic, E Matei, \u201cIn-silico analysis of potential inhibitors of eye lens \u03b3-crystallin aggregation and cataract prevention\u201d, <em>14<sup>th<\/sup> International Conference PIM-2023, Cluj-Napoca, Romania<\/em><\/li>\n<li>E Matei, A Filip, C G Floare, A P\u00eern\u0103u, M Mic, \u201cStructural study of cataract-causing p23T mutant \u03b3D-crystallin by Nuclear Magnetic Resonance\u201d, <em>14<sup>th<\/sup> International Conference PIM-2023, Cluj-Napoca<\/em><\/li>\n<li>E Matei, A Filip, C G Floare, A P\u00eern\u0103u, M Mic, \u201cMolecular aggregation pathway of cataract-associated \u03b3D-crystallin p23T congenital defect\u201d, <em>The annual international conference of Romanian Society of Biochemistry and Molecular Biology (RSBMB), September 2023, Cluj-Napoca, Romania<\/em><\/li>\n<\/ol>\n<p>[\/et_pb_tab][et_pb_tab title=&#8221;Isotopically labeled proteins&#8221; _builder_version=&#8221;4.20.4&#8243; _module_preset=&#8221;default&#8221; custom_padding=&#8221;|||15px|false|false&#8221; global_colors_info=&#8221;{}&#8221;]<\/p>\n<p><strong><a href=\"https:\/\/www.itim-cj.ro\/PNCDI\/antictract\/wp-content\/uploads\/2023\/04\/gamma-D-cristalin-HSQC-1H-15N-99.pdf\" target=\"_blank\" rel=\"noopener\"><sup>1<\/sup>H-<sup>15<\/sup>N HSQC h\u03b3D-cristalin<\/a><\/strong><\/p>\n<p><strong><a href=\"https:\/\/www.itim-cj.ro\/PNCDI\/antictract\/wp-content\/uploads\/2023\/04\/gamma-D-p23T-cristalin-HSQC-1H-15N-99.pdf\" target=\"_blank\" rel=\"noopener\"><sup>1<\/sup>H-<sup>15<\/sup>N HSQC h\u03b3D-p23T-cristalin<\/a><\/strong><\/p>\n<p><strong>\u00a0<\/strong><a href=\"https:\/\/www.itim-cj.ro\/PNCDI\/antictract\/wp-content\/uploads\/2023\/04\/alpha-B-cristalin-HSQC-1H-15N-99.pdf\" target=\"_blank\" rel=\"noopener\"><strong><sup>1<\/sup>H-<sup>15<\/sup>N HSQC \u03b1B-cristalin<\/strong><\/a><\/p>\n<p>[\/et_pb_tab][\/et_pb_tabs][\/et_pb_column][\/et_pb_row][\/et_pb_section]<\/p>\n","protected":false},"excerpt":{"rendered":"<p>ResultsScientific report 2023 &#8211; Anexa 1 Scientific report 2022Articles in ISI journals C\u0103lin G. Floare*, Adrian P\u00eern\u0103u, Mihaela Mic, and Elena Matei* \u201eAn exploration of human \u03b3D-crystallin affinity for potential aggregation inhibitors: a molecular docking investigation\u201d STUDIA UBB CHEMIA, LXIX, 3, 2024 (p. 67-91) E Matei*, A Filip, CG Floare, A P\u00eern\u0103u, M Mic \u201cMolecular [&hellip;]<\/p>\n","protected":false},"author":1,"featured_media":0,"parent":0,"menu_order":0,"comment_status":"closed","ping_status":"closed","template":"","meta":{"_et_pb_use_builder":"on","_et_pb_old_content":"","_et_gb_content_width":"","footnotes":""},"class_list":["post-47","page","type-page","status-publish","hentry"],"_links":{"self":[{"href":"https:\/\/www.itim-cj.ro\/PNCDI\/antictract\/wp-json\/wp\/v2\/pages\/47","targetHints":{"allow":["GET"]}}],"collection":[{"href":"https:\/\/www.itim-cj.ro\/PNCDI\/antictract\/wp-json\/wp\/v2\/pages"}],"about":[{"href":"https:\/\/www.itim-cj.ro\/PNCDI\/antictract\/wp-json\/wp\/v2\/types\/page"}],"author":[{"embeddable":true,"href":"https:\/\/www.itim-cj.ro\/PNCDI\/antictract\/wp-json\/wp\/v2\/users\/1"}],"replies":[{"embeddable":true,"href":"https:\/\/www.itim-cj.ro\/PNCDI\/antictract\/wp-json\/wp\/v2\/comments?post=47"}],"version-history":[{"count":6,"href":"https:\/\/www.itim-cj.ro\/PNCDI\/antictract\/wp-json\/wp\/v2\/pages\/47\/revisions"}],"predecessor-version":[{"id":79,"href":"https:\/\/www.itim-cj.ro\/PNCDI\/antictract\/wp-json\/wp\/v2\/pages\/47\/revisions\/79"}],"wp:attachment":[{"href":"https:\/\/www.itim-cj.ro\/PNCDI\/antictract\/wp-json\/wp\/v2\/media?parent=47"}],"curies":[{"name":"wp","href":"https:\/\/api.w.org\/{rel}","templated":true}]}}