{"id":141,"date":"2023-05-24T07:38:39","date_gmt":"2023-05-24T07:38:39","guid":{"rendered":"https:\/\/www.itim-cj.ro\/PNCDI\/bright-surf\/home-romana\/"},"modified":"2023-05-24T07:45:09","modified_gmt":"2023-05-24T07:45:09","slug":"home-romana","status":"publish","type":"page","link":"https:\/\/www.itim-cj.ro\/PNCDI\/bright-surf\/ro\/home-romana\/","title":{"rendered":"Acas\u0103"},"content":{"rendered":"\n[et_pb_section fb_built=&#8221;1&#8243; _builder_version=&#8221;4.20.4&#8243; _module_preset=&#8221;default&#8221; background_image=&#8221;https:\/\/www.itim-cj.ro\/PNCDI\/bright-surf\/wp-content\/uploads\/2023\/05\/banner-01-scaled.jpg&#8221; background_size=&#8221;initial&#8221; min_height=&#8221;400px&#8221; global_colors_info=&#8221;{}&#8221; theme_builder_area=&#8221;post_content&#8221;][\/et_pb_section][et_pb_section fb_built=&#8221;1&#8243; _builder_version=&#8221;4.21.0&#8243; _module_preset=&#8221;default&#8221; background_enable_color=&#8221;off&#8221; background_enable_image=&#8221;off&#8221; global_colors_info=&#8221;{}&#8221; theme_builder_area=&#8221;post_content&#8221;][et_pb_row _builder_version=&#8221;4.16&#8243; _module_preset=&#8221;default&#8221; global_colors_info=&#8221;{}&#8221; theme_builder_area=&#8221;post_content&#8221;][et_pb_column type=&#8221;4_4&#8243; _builder_version=&#8221;4.16&#8243; _module_preset=&#8221;default&#8221; global_colors_info=&#8221;{}&#8221; theme_builder_area=&#8221;post_content&#8221;][et_pb_text _builder_version=&#8221;4.20.4&#8243; _module_preset=&#8221;default&#8221; text_font=&#8221;||||||||&#8221; header_font=&#8221;|600|||||||&#8221; header_font_size=&#8221;32px&#8221; header_line_height=&#8221;1.5em&#8221; global_colors_info=&#8221;{}&#8221; theme_builder_area=&#8221;post_content&#8221;]<h1 style=\"text-align: center;\"><span style=\"color: #2f67b2;\"><strong>Analogi ai polidopaminei ca acoperiri fluorescente pentru nanoparticulele magnetice<\/strong><\/span><\/h1>\n<h1 style=\"text-align: center;\"><span style=\"color: #2f67b2;\"><strong>Bright-Surf<\/strong><\/span><\/h1>[\/et_pb_text][\/et_pb_column][\/et_pb_row][et_pb_row _builder_version=&#8221;4.16&#8243; _module_preset=&#8221;default&#8221; global_colors_info=&#8221;{}&#8221; theme_builder_area=&#8221;post_content&#8221;][et_pb_column type=&#8221;4_4&#8243; _builder_version=&#8221;4.16&#8243; _module_preset=&#8221;default&#8221; global_colors_info=&#8221;{}&#8221; theme_builder_area=&#8221;post_content&#8221;][et_pb_text _builder_version=&#8221;4.21.0&#8243; _module_preset=&#8221;default&#8221; header_4_line_height=&#8221;1.2em&#8221; hover_enabled=&#8221;0&#8243; global_colors_info=&#8221;{}&#8221; theme_builder_area=&#8221;post_content&#8221; sticky_enabled=&#8221;0&#8243;]<h4>Proiect finan\u021bat de Unitatea Executiv\u0103 pentru Finan\u021barea \u00cenv\u0103\u021b\u0103m\u00e2ntului Superior, a Cercet\u0103rii, Dezvolt\u0103rii \u0219i Inov\u0103rii <a href=\"https:\/\/uefiscdi.gov.ro\/\">UEFISCDI<\/a><\/h4>\n<h4>Cod proiect: PN-III-P1-1.1-TE-2021-0048<\/h4>\n<h4>Program: Dezvoltarea sistemului na\u021bional de cercetare-dezvoltare<\/h4>\n<h4>Tip proiect: Proiecte de cercetare pentru stimularea tinerelor echipe independente<\/h4>\n<h4>Nr. contract: TE 131\/2022<\/h4>\n<h4>Perioada de implementare: 02.05.2022 \u2013 01.05.2024<\/h4>\n<h4>Buget: 450.000 lei<\/h4>\n<h4>Director proiect: Dr. Anca Petran<\/h4>[\/et_pb_text][\/et_pb_column][\/et_pb_row][\/et_pb_section]\n","protected":false},"excerpt":{"rendered":"<p>Analogi ai polidopaminei ca acoperiri fluorescente pentru nanoparticulele magnetice Bright-SurfProiect finan\u021bat de Unitatea Executiv\u0103 pentru Finan\u021barea \u00cenv\u0103\u021b\u0103m\u00e2ntului Superior, a Cercet\u0103rii, Dezvolt\u0103rii \u0219i Inov\u0103rii UEFISCDI Cod proiect: PN-III-P1-1.1-TE-2021-0048 Program: Dezvoltarea sistemului na\u021bional de cercetare-dezvoltare Tip proiect: Proiecte de cercetare pentru stimularea tinerelor echipe independente Nr. contract: TE 131\/2022 Perioada de implementare: 02.05.2022 \u2013 01.05.2024 Buget: 450.000 [&hellip;]<\/p>\n","protected":false},"author":1,"featured_media":0,"parent":0,"menu_order":0,"comment_status":"closed","ping_status":"closed","template":"","meta":{"_et_pb_use_builder":"on","_et_pb_old_content":"","_et_gb_content_width":"","footnotes":""},"class_list":["post-141","page","type-page","status-publish","hentry"],"_links":{"self":[{"href":"https:\/\/www.itim-cj.ro\/PNCDI\/bright-surf\/wp-json\/wp\/v2\/pages\/141","targetHints":{"allow":["GET"]}}],"collection":[{"href":"https:\/\/www.itim-cj.ro\/PNCDI\/bright-surf\/wp-json\/wp\/v2\/pages"}],"about":[{"href":"https:\/\/www.itim-cj.ro\/PNCDI\/bright-surf\/wp-json\/wp\/v2\/types\/page"}],"author":[{"embeddable":true,"href":"https:\/\/www.itim-cj.ro\/PNCDI\/bright-surf\/wp-json\/wp\/v2\/users\/1"}],"replies":[{"embeddable":true,"href":"https:\/\/www.itim-cj.ro\/PNCDI\/bright-surf\/wp-json\/wp\/v2\/comments?post=141"}],"version-history":[{"count":3,"href":"https:\/\/www.itim-cj.ro\/PNCDI\/bright-surf\/wp-json\/wp\/v2\/pages\/141\/revisions"}],"predecessor-version":[{"id":145,"href":"https:\/\/www.itim-cj.ro\/PNCDI\/bright-surf\/wp-json\/wp\/v2\/pages\/141\/revisions\/145"}],"wp:attachment":[{"href":"https:\/\/www.itim-cj.ro\/PNCDI\/bright-surf\/wp-json\/wp\/v2\/media?parent=141"}],"curies":[{"name":"wp","href":"https:\/\/api.w.org\/{rel}","templated":true}]}}