{"id":79,"date":"2023-05-23T08:54:18","date_gmt":"2023-05-23T08:54:18","guid":{"rendered":"https:\/\/www.itim-cj.ro\/PNCDI\/crystatin\/home-romana\/"},"modified":"2023-05-23T09:01:58","modified_gmt":"2023-05-23T09:01:58","slug":"home-romana","status":"publish","type":"page","link":"https:\/\/www.itim-cj.ro\/PNCDI\/crystatin\/ro\/home-romana\/","title":{"rendered":"Acas\u0103"},"content":{"rendered":"<p>[et_pb_section fb_built=&#8221;1&#8243; _builder_version=&#8221;4.21.0&#8243; _module_preset=&#8221;default&#8221; background_image=&#8221;https:\/\/www.itim-cj.ro\/PNCDI\/crystatin\/wp-content\/uploads\/2023\/05\/banner-site-01.png&#8221; background_size=&#8221;initial&#8221; min_height=&#8221;400px&#8221; global_colors_info=&#8221;{}&#8221; theme_builder_area=&#8221;post_content&#8221;][\/et_pb_section][et_pb_section fb_built=&#8221;1&#8243; _builder_version=&#8221;4.21.0&#8243; _module_preset=&#8221;default&#8221; background_enable_color=&#8221;off&#8221; background_enable_image=&#8221;off&#8221; global_colors_info=&#8221;{}&#8221; theme_builder_area=&#8221;post_content&#8221;][et_pb_row _builder_version=&#8221;4.16&#8243; _module_preset=&#8221;default&#8221; global_colors_info=&#8221;{}&#8221; theme_builder_area=&#8221;post_content&#8221;][et_pb_column type=&#8221;4_4&#8243; _builder_version=&#8221;4.16&#8243; _module_preset=&#8221;default&#8221; global_colors_info=&#8221;{}&#8221; theme_builder_area=&#8221;post_content&#8221;][et_pb_text _builder_version=&#8221;4.21.0&#8243; _module_preset=&#8221;default&#8221; text_font=&#8221;||||||||&#8221; header_font=&#8221;|600|||||||&#8221; header_font_size=&#8221;32px&#8221; header_line_height=&#8221;1.5em&#8221; global_colors_info=&#8221;{}&#8221; theme_builder_area=&#8221;post_content&#8221;]<\/p>\n<h1 style=\"text-align: center;\"><span style=\"color: #2f67b2;\"><strong>De la amorf la cristalin: \u00een c\u0103utarea de noi formul\u0103ri farmaceutice cu stabilitate \u00eembun\u0103t\u0103\u021bit\u0103 a unor medicamente reprezentative din clasa statinelor<\/strong><\/span><\/h1>\n<h1 style=\"text-align: center;\"><span style=\"color: #2f67b2;\"><strong>CryStatin<\/strong><\/span><\/h1>\n<p>[\/et_pb_text][\/et_pb_column][\/et_pb_row][et_pb_row column_structure=&#8221;2_3,1_3&#8243; _builder_version=&#8221;4.16&#8243; _module_preset=&#8221;default&#8221; global_colors_info=&#8221;{}&#8221; theme_builder_area=&#8221;post_content&#8221;][et_pb_column type=&#8221;2_3&#8243; _builder_version=&#8221;4.16&#8243; _module_preset=&#8221;default&#8221; global_colors_info=&#8221;{}&#8221; theme_builder_area=&#8221;post_content&#8221;][et_pb_text _builder_version=&#8221;4.21.0&#8243; _module_preset=&#8221;default&#8221; header_4_line_height=&#8221;1.2em&#8221; hover_enabled=&#8221;0&#8243; global_colors_info=&#8221;{}&#8221; theme_builder_area=&#8221;post_content&#8221; sticky_enabled=&#8221;0&#8243;]<\/p>\n<h4>Proiect finan\u021bat de Unitatea Executiv\u0103 pentru Finan\u021barea \u00cenv\u0103\u021b\u0103m\u00e2ntului Superior, a Cercet\u0103rii, Dezvolt\u0103rii \u0219i Inov\u0103rii <a href=\"https:\/\/uefiscdi.gov.ro\/\">UEFISCDI<\/a><\/h4>\n<h4>Cod proiect: PN-III-P1-1.1-PD-2019-0701<\/h4>\n<h4>Program: Dezvoltarea sistemului na\u021bional de CD<\/h4>\n<h4>Tip proiect: Proiecte de cercetare postdoctoral\u0103<\/h4>\n<h4>Num\u0103r contract: PD 45\/2020<\/h4>\n<h4>Durata: 01.12.2021 \u2013 30.11.2023<\/h4>\n<p>[\/et_pb_text][\/et_pb_column][et_pb_column type=&#8221;1_3&#8243; _builder_version=&#8221;4.16&#8243; _module_preset=&#8221;default&#8221; global_colors_info=&#8221;{}&#8221; theme_builder_area=&#8221;post_content&#8221;][et_pb_text _builder_version=&#8221;4.21.0&#8243; _module_preset=&#8221;default&#8221; text_font_size=&#8221;18px&#8221; header_3_line_height=&#8221;2em&#8221; hover_enabled=&#8221;0&#8243; global_colors_info=&#8221;{}&#8221; theme_builder_area=&#8221;post_content&#8221; sticky_enabled=&#8221;0&#8243;]<\/p>\n<h3><strong>Echipa<\/strong><\/h3>\n<p><strong>Director proiect<\/strong>:<br \/><a href=\"http:\/\/en.itim-cj.ro\/portfolio\/dr-miclaus-maria-olimpia\/\" target=\"_blank\" rel=\"noopener\">Dr. Maria-Olimpia Micl\u0103u\u0219<\/a><\/p>\n<p><strong>Mentor<\/strong>:<br \/>Prof. Dr. Ion Grosu<\/p>\n<p>[\/et_pb_text][\/et_pb_column][\/et_pb_row][\/et_pb_section]<\/p>\n","protected":false},"excerpt":{"rendered":"<p>De la amorf la cristalin: \u00een c\u0103utarea de noi formul\u0103ri farmaceutice cu stabilitate \u00eembun\u0103t\u0103\u021bit\u0103 a unor medicamente reprezentative din clasa statinelor CryStatinProiect finan\u021bat de Unitatea Executiv\u0103 pentru Finan\u021barea \u00cenv\u0103\u021b\u0103m\u00e2ntului Superior, a Cercet\u0103rii, Dezvolt\u0103rii \u0219i Inov\u0103rii UEFISCDI Cod proiect: PN-III-P1-1.1-PD-2019-0701 Program: Dezvoltarea sistemului na\u021bional de CD Tip proiect: Proiecte de cercetare postdoctoral\u0103 Num\u0103r contract: PD 45\/2020 [&hellip;]<\/p>\n","protected":false},"author":1,"featured_media":0,"parent":0,"menu_order":0,"comment_status":"closed","ping_status":"closed","template":"","meta":{"_et_pb_use_builder":"on","_et_pb_old_content":"","_et_gb_content_width":"","footnotes":""},"class_list":["post-79","page","type-page","status-publish","hentry"],"_links":{"self":[{"href":"https:\/\/www.itim-cj.ro\/PNCDI\/crystatin\/wp-json\/wp\/v2\/pages\/79","targetHints":{"allow":["GET"]}}],"collection":[{"href":"https:\/\/www.itim-cj.ro\/PNCDI\/crystatin\/wp-json\/wp\/v2\/pages"}],"about":[{"href":"https:\/\/www.itim-cj.ro\/PNCDI\/crystatin\/wp-json\/wp\/v2\/types\/page"}],"author":[{"embeddable":true,"href":"https:\/\/www.itim-cj.ro\/PNCDI\/crystatin\/wp-json\/wp\/v2\/users\/1"}],"replies":[{"embeddable":true,"href":"https:\/\/www.itim-cj.ro\/PNCDI\/crystatin\/wp-json\/wp\/v2\/comments?post=79"}],"version-history":[{"count":3,"href":"https:\/\/www.itim-cj.ro\/PNCDI\/crystatin\/wp-json\/wp\/v2\/pages\/79\/revisions"}],"predecessor-version":[{"id":88,"href":"https:\/\/www.itim-cj.ro\/PNCDI\/crystatin\/wp-json\/wp\/v2\/pages\/79\/revisions\/88"}],"wp:attachment":[{"href":"https:\/\/www.itim-cj.ro\/PNCDI\/crystatin\/wp-json\/wp\/v2\/media?parent=79"}],"curies":[{"name":"wp","href":"https:\/\/api.w.org\/{rel}","templated":true}]}}