{"id":93,"date":"2023-05-23T09:06:02","date_gmt":"2023-05-23T09:06:02","guid":{"rendered":"https:\/\/www.itim-cj.ro\/PNCDI\/crystatin\/?page_id=93"},"modified":"2023-05-23T10:16:07","modified_gmt":"2023-05-23T10:16:07","slug":"obiective","status":"publish","type":"page","link":"https:\/\/www.itim-cj.ro\/PNCDI\/crystatin\/ro\/obiective\/","title":{"rendered":"Obiective"},"content":{"rendered":"\n[et_pb_section fb_built=&#8221;1&#8243; _builder_version=&#8221;4.21.0&#8243; _module_preset=&#8221;default&#8221; use_background_color_gradient=&#8221;on&#8221; background_color_gradient_direction=&#8221;140deg&#8221; background_color_gradient_stops=&#8221;rgba(40,89,114,0.67) 1%|#291160 100%&#8221; background_color_gradient_overlays_image=&#8221;on&#8221; background_color_gradient_start=&#8221;#004872&#8243; background_color_gradient_end=&#8221;rgba(41,17,96,0.8)&#8221; background_image=&#8221;https:\/\/www.itim-cj.ro\/PNCDI\/crystatin\/wp-content\/uploads\/2023\/05\/banner-site-01.png&#8221; min_height=&#8221;325px&#8221; min_height_tablet=&#8221;325px&#8221; min_height_phone=&#8221;270px&#8221; min_height_last_edited=&#8221;on|phone&#8221; global_colors_info=&#8221;{}&#8221; theme_builder_area=&#8221;post_content&#8221;][et_pb_row _builder_version=&#8221;4.16&#8243; _module_preset=&#8221;default&#8221; custom_padding=&#8221;60px|||||&#8221; global_colors_info=&#8221;{}&#8221; theme_builder_area=&#8221;post_content&#8221;][et_pb_column type=&#8221;4_4&#8243; _builder_version=&#8221;4.16&#8243; _module_preset=&#8221;default&#8221; global_colors_info=&#8221;{}&#8221; theme_builder_area=&#8221;post_content&#8221;][et_pb_text _builder_version=&#8221;4.21.0&#8243; _module_preset=&#8221;default&#8221; header_font=&#8221;Roboto|500|||||||&#8221; header_text_color=&#8221;#FFFFFF&#8221; header_font_size=&#8221;44px&#8221; hover_enabled=&#8221;0&#8243; global_colors_info=&#8221;{}&#8221; theme_builder_area=&#8221;post_content&#8221; sticky_enabled=&#8221;0&#8243;]<h1 style=\"text-align: center;\">Obiective<\/h1>[\/et_pb_text][\/et_pb_column][\/et_pb_row][\/et_pb_section][et_pb_section fb_built=&#8221;1&#8243; _builder_version=&#8221;4.16&#8243; _module_preset=&#8221;default&#8221; global_colors_info=&#8221;{}&#8221; theme_builder_area=&#8221;post_content&#8221;][et_pb_row _builder_version=&#8221;4.16&#8243; _module_preset=&#8221;default&#8221; global_colors_info=&#8221;{}&#8221; theme_builder_area=&#8221;post_content&#8221;][et_pb_column type=&#8221;4_4&#8243; _builder_version=&#8221;4.16&#8243; _module_preset=&#8221;default&#8221; global_colors_info=&#8221;{}&#8221; theme_builder_area=&#8221;post_content&#8221;][et_pb_text _builder_version=&#8221;4.16&#8243; _module_preset=&#8221;default&#8221; global_colors_info=&#8221;{}&#8221; theme_builder_area=&#8221;post_content&#8221;]<p><strong>O1.<\/strong> Stabilirea profilului de cocristalizare \u015fi caracterizarea structural\u0103 complet\u0103 pentru Pravastatin<\/p>\n<p><strong>O2.<\/strong> Stabilirea profilului de cocristalizare \u015fi caracterizarea structural\u0103 complet\u0103 pentru Pitavastatin<strong><\/strong><\/p>[\/et_pb_text][\/et_pb_column][\/et_pb_row][\/et_pb_section]\n","protected":false},"excerpt":{"rendered":"<p>ObiectiveO1. Stabilirea profilului de cocristalizare \u015fi caracterizarea structural\u0103 complet\u0103 pentru Pravastatin O2. Stabilirea profilului de cocristalizare \u015fi caracterizarea structural\u0103 complet\u0103 pentru Pitavastatin<\/p>\n","protected":false},"author":1,"featured_media":0,"parent":0,"menu_order":0,"comment_status":"closed","ping_status":"closed","template":"","meta":{"_et_pb_use_builder":"on","_et_pb_old_content":"","_et_gb_content_width":"","footnotes":""},"class_list":["post-93","page","type-page","status-publish","hentry"],"_links":{"self":[{"href":"https:\/\/www.itim-cj.ro\/PNCDI\/crystatin\/wp-json\/wp\/v2\/pages\/93","targetHints":{"allow":["GET"]}}],"collection":[{"href":"https:\/\/www.itim-cj.ro\/PNCDI\/crystatin\/wp-json\/wp\/v2\/pages"}],"about":[{"href":"https:\/\/www.itim-cj.ro\/PNCDI\/crystatin\/wp-json\/wp\/v2\/types\/page"}],"author":[{"embeddable":true,"href":"https:\/\/www.itim-cj.ro\/PNCDI\/crystatin\/wp-json\/wp\/v2\/users\/1"}],"replies":[{"embeddable":true,"href":"https:\/\/www.itim-cj.ro\/PNCDI\/crystatin\/wp-json\/wp\/v2\/comments?post=93"}],"version-history":[{"count":3,"href":"https:\/\/www.itim-cj.ro\/PNCDI\/crystatin\/wp-json\/wp\/v2\/pages\/93\/revisions"}],"predecessor-version":[{"id":102,"href":"https:\/\/www.itim-cj.ro\/PNCDI\/crystatin\/wp-json\/wp\/v2\/pages\/93\/revisions\/102"}],"wp:attachment":[{"href":"https:\/\/www.itim-cj.ro\/PNCDI\/crystatin\/wp-json\/wp\/v2\/media?parent=93"}],"curies":[{"name":"wp","href":"https:\/\/api.w.org\/{rel}","templated":true}]}}