{"id":130,"date":"2023-12-09T11:07:46","date_gmt":"2023-12-09T11:07:46","guid":{"rendered":"https:\/\/www.itim-cj.ro\/PNCDI\/honeyomics\/?page_id=130"},"modified":"2023-12-09T18:12:37","modified_gmt":"2023-12-09T18:12:37","slug":"abstractul-proiectului","status":"publish","type":"page","link":"https:\/\/www.itim-cj.ro\/PNCDI\/honeyomics\/?page_id=130","title":{"rendered":"Abstractul proiectului"},"content":{"rendered":"\n<div class=\"wp-block-buttons is-content-justification-right is-layout-flex wp-container-core-buttons-is-layout-765c4724 wp-block-buttons-is-layout-flex\">\n<div class=\"wp-block-button is-style-fill\"><a class=\"wp-block-button__link wp-element-button\" href=\"https:\/\/www.itim-cj.ro\/PNCDI\/honeyomics\/?page_id=19\" style=\"border-radius:0px\">EN<\/a><\/div>\n<\/div>\n\n\n\n<br>\n\n\n\n<p class=\"has-medium-font-size\">La nivelul UE, cantit\u0103\u021bile necesare de miere nu sunt satisf\u0103cute de produc\u021bia intern\u0103, astfel, sunt importate cantit\u0103\u021bi semnificative din alte \u021b\u0103ri din afara UE (precum China, Argentina) care necesit\u0103 un control riguros, mierea fiind al treilea produs cel mai alterat din lume, iar pre\u021bul fiind determinat de raritatea unui anumit sortiment de miere, fie din punct de vedere al originii geografice sau botanice. \u00cen acest caz, tenta\u021bia de a trece sub eticheta unor mieri exclusiviste ni\u0219te mieri contraf\u0103cute, ieftine, pentru a ob\u021bine un profit ilegal este o practic\u0103 des \u00eent\u00e2lnit\u0103 \u00een r\u00e2ndul unor v\u00e2nz\u0103tori sau produc\u0103tori inechitabili.<\/p>\n\n\n\n<p class=\"has-medium-font-size\"> \u00cen acest context, proiectul \u201eHoneyomics\u201d urm\u0103re\u0219te dezvoltarea de noi modele chemometrice capabile s\u0103 diferen\u021bieze mierea din punct de vedere al cu originii geografice \u0219i botanice \u0219i, de asemenea, s\u0103 detecteze falsificarea mierii prin ad\u0103ugarea unor tipuri de miere mai ieftine. Vor fi dezvoltate abord\u0103ri metabolomice bazate pe spectroscopii vibra\u021bionale (IR, Raman) \u0219i de fluorescen\u021b\u0103, poten\u021bialul lor de clasificare fiind comparat \u0219i validat pe baza unor metode recunoscute precum profilarea izotopic\u0103 \u0219i elemental\u0103. Seturile mari de date experimentale generate vor fi procesate folosind tehnici chemometrice supervizate (LDA \u0219i SIMCA), precum \u0219i inteligen\u021b\u0103 artificial\u0103 (algoritmi Machine Learning). Dezvoltarea de modele de predictie capabile s\u0103 diferen\u021bieze soiurile distincte de miere \u0219i s\u0103 identifice probe adulterate folosind Machine Learning va reprezenta o noutate la nivel interna\u021bional.<\/p>\n\n\n\n<br>\n<br>\n<br>\n<br>\n\n\n\n<div class=\"wp-block-cover is-light\" style=\"min-height:600px;aspect-ratio:unset;\"><span aria-hidden=\"true\" class=\"wp-block-cover__background has-cyan-bluish-gray-background-color has-background-dim-30 has-background-dim\"><\/span><img loading=\"lazy\" decoding=\"async\" width=\"585\" height=\"372\" class=\"wp-block-cover__image-background wp-image-20\" alt=\"\" src=\"https:\/\/www.itim-cj.ro\/PNCDI\/honeyomics\/wp-content\/uploads\/2023\/03\/Acacia-Honey.jpg\" data-object-fit=\"cover\" srcset=\"https:\/\/www.itim-cj.ro\/PNCDI\/honeyomics\/wp-content\/uploads\/2023\/03\/Acacia-Honey.jpg 585w, https:\/\/www.itim-cj.ro\/PNCDI\/honeyomics\/wp-content\/uploads\/2023\/03\/Acacia-Honey-300x191.jpg 300w\" sizes=\"auto, (max-width: 585px) 100vw, 585px\" \/><div class=\"wp-block-cover__inner-container is-layout-flow wp-block-cover-is-layout-flow\">\n<p class=\"has-large-font-size\"><\/p>\n<\/div><\/div>\n","protected":false},"excerpt":{"rendered":"<p>La nivelul UE, cantit\u0103\u021bile necesare de miere nu sunt satisf\u0103cute de produc\u021bia intern\u0103, astfel, sunt importate cantit\u0103\u021bi semnificative din alte \u021b\u0103ri din afara UE (precum China, Argentina) care necesit\u0103 un control riguros, mierea fiind al treilea produs cel mai alterat din lume, iar pre\u021bul fiind determinat de raritatea unui anumit sortiment de miere, fie din<\/p>\n","protected":false},"author":1,"featured_media":0,"parent":0,"menu_order":0,"comment_status":"closed","ping_status":"closed","template":"","meta":{"footnotes":""},"class_list":["post-130","page","type-page","status-publish","hentry"],"_links":{"self":[{"href":"https:\/\/www.itim-cj.ro\/PNCDI\/honeyomics\/index.php?rest_route=\/wp\/v2\/pages\/130","targetHints":{"allow":["GET"]}}],"collection":[{"href":"https:\/\/www.itim-cj.ro\/PNCDI\/honeyomics\/index.php?rest_route=\/wp\/v2\/pages"}],"about":[{"href":"https:\/\/www.itim-cj.ro\/PNCDI\/honeyomics\/index.php?rest_route=\/wp\/v2\/types\/page"}],"author":[{"embeddable":true,"href":"https:\/\/www.itim-cj.ro\/PNCDI\/honeyomics\/index.php?rest_route=\/wp\/v2\/users\/1"}],"replies":[{"embeddable":true,"href":"https:\/\/www.itim-cj.ro\/PNCDI\/honeyomics\/index.php?rest_route=%2Fwp%2Fv2%2Fcomments&post=130"}],"version-history":[{"count":4,"href":"https:\/\/www.itim-cj.ro\/PNCDI\/honeyomics\/index.php?rest_route=\/wp\/v2\/pages\/130\/revisions"}],"predecessor-version":[{"id":148,"href":"https:\/\/www.itim-cj.ro\/PNCDI\/honeyomics\/index.php?rest_route=\/wp\/v2\/pages\/130\/revisions\/148"}],"wp:attachment":[{"href":"https:\/\/www.itim-cj.ro\/PNCDI\/honeyomics\/index.php?rest_route=%2Fwp%2Fv2%2Fmedia&parent=130"}],"curies":[{"name":"wp","href":"https:\/\/api.w.org\/{rel}","templated":true}]}}