{"id":16,"date":"2023-12-08T11:44:16","date_gmt":"2023-12-08T11:44:16","guid":{"rendered":"http:\/\/www.itim-cj.ro\/PNCDI\/insbioration\/?page_id=16"},"modified":"2023-12-08T11:44:16","modified_gmt":"2023-12-08T11:44:16","slug":"abstract","status":"publish","type":"page","link":"https:\/\/www.itim-cj.ro\/PNCDI\/insbioration\/abstract\/","title":{"rendered":"Abstract"},"content":{"rendered":"\n<p>Nevoile societ\u0103\u0163ii impun \u00eenlocuirea proceselor mari consumatoare de energie sau care utilizeaz\u0103 substan\u0163e periculoase \u015fi reducerea cantit\u0103\u0163ii de de\u015feuri prin utilizarea materialelor complet reciclabile sau biodegradabile. <\/p>\n\n\n\n<p>Proiectul abordeaz\u0103 aceast\u0103 problem\u0103 propun\u00e2nd o platform\u0103 universal\u0103 pentru suprafe\u0163e bio-inspirate \u015fi design-ul de interfe\u0163e pe baz\u0103 de dopamin\u0103, o substructur\u0103 a proteinelor adezive utilizate de midii. <\/p>\n\n\n\n<p>Un consor\u021biu multidisciplinar format din cercet\u0103tori \u0219i un partener industrial \u00ee\u0219i propune s\u0103 dezvolte un portofoliu de tehnologii scalabile pentru producerea \u201cverde\u201d de materiale pentru aplica\u0163ii selectate (acoperiri antipatogene, surse de energie biodegradabile \u0219i hibrizi polimer-metal, ca exemple dintr-o arie larg\u0103 de aplica\u021bii), reciclarea sau biodegradarea acestora precum \u0219i transferul spre produc\u021bia de mas\u0103. <\/p>\n\n\n\n<p>Rezultatul proiectului va permite produc\u0103torilor europeni s\u0103 creeze procese de produc\u021bie durabile \u0219i o economie circular\u0103 a acestor materiale.<\/p>\n","protected":false},"excerpt":{"rendered":"<p>Nevoile societ\u0103\u0163ii impun \u00eenlocuirea proceselor mari consumatoare de energie sau care utilizeaz\u0103 substan\u0163e periculoase \u015fi reducerea cantit\u0103\u0163ii de de\u015feuri prin utilizarea materialelor complet reciclabile sau biodegradabile. Proiectul abordeaz\u0103 aceast\u0103 problem\u0103 [&hellip;]<\/p>\n","protected":false},"author":1,"featured_media":0,"parent":0,"menu_order":0,"comment_status":"closed","ping_status":"closed","template":"","meta":{"footnotes":""},"class_list":["post-16","page","type-page","status-publish","hentry"],"_links":{"self":[{"href":"https:\/\/www.itim-cj.ro\/PNCDI\/insbioration\/wp-json\/wp\/v2\/pages\/16","targetHints":{"allow":["GET"]}}],"collection":[{"href":"https:\/\/www.itim-cj.ro\/PNCDI\/insbioration\/wp-json\/wp\/v2\/pages"}],"about":[{"href":"https:\/\/www.itim-cj.ro\/PNCDI\/insbioration\/wp-json\/wp\/v2\/types\/page"}],"author":[{"embeddable":true,"href":"https:\/\/www.itim-cj.ro\/PNCDI\/insbioration\/wp-json\/wp\/v2\/users\/1"}],"replies":[{"embeddable":true,"href":"https:\/\/www.itim-cj.ro\/PNCDI\/insbioration\/wp-json\/wp\/v2\/comments?post=16"}],"version-history":[{"count":1,"href":"https:\/\/www.itim-cj.ro\/PNCDI\/insbioration\/wp-json\/wp\/v2\/pages\/16\/revisions"}],"predecessor-version":[{"id":17,"href":"https:\/\/www.itim-cj.ro\/PNCDI\/insbioration\/wp-json\/wp\/v2\/pages\/16\/revisions\/17"}],"wp:attachment":[{"href":"https:\/\/www.itim-cj.ro\/PNCDI\/insbioration\/wp-json\/wp\/v2\/media?parent=16"}],"curies":[{"name":"wp","href":"https:\/\/api.w.org\/{rel}","templated":true}]}}