{"id":18,"date":"2023-12-08T11:45:06","date_gmt":"2023-12-08T11:45:06","guid":{"rendered":"http:\/\/www.itim-cj.ro\/PNCDI\/insbioration\/?page_id=18"},"modified":"2023-12-08T11:45:06","modified_gmt":"2023-12-08T11:45:06","slug":"obiective","status":"publish","type":"page","link":"https:\/\/www.itim-cj.ro\/PNCDI\/insbioration\/obiective\/","title":{"rendered":"Obiective"},"content":{"rendered":"\n<p>O1. Implementarea de noi metode analitice pentru studiul aderen\u0163ei PDA la substrat.<\/p>\n\n\n\n<p>O2. Elucidarea rolului pe care \u00eel are gruparea amino asupra aderen\u0163ei.<\/p>\n","protected":false},"excerpt":{"rendered":"<p>O1. Implementarea de noi metode analitice pentru studiul aderen\u0163ei PDA la substrat. O2. Elucidarea rolului pe care \u00eel are gruparea amino asupra aderen\u0163ei.<\/p>\n","protected":false},"author":1,"featured_media":0,"parent":0,"menu_order":0,"comment_status":"closed","ping_status":"closed","template":"","meta":{"footnotes":""},"class_list":["post-18","page","type-page","status-publish","hentry"],"_links":{"self":[{"href":"https:\/\/www.itim-cj.ro\/PNCDI\/insbioration\/wp-json\/wp\/v2\/pages\/18","targetHints":{"allow":["GET"]}}],"collection":[{"href":"https:\/\/www.itim-cj.ro\/PNCDI\/insbioration\/wp-json\/wp\/v2\/pages"}],"about":[{"href":"https:\/\/www.itim-cj.ro\/PNCDI\/insbioration\/wp-json\/wp\/v2\/types\/page"}],"author":[{"embeddable":true,"href":"https:\/\/www.itim-cj.ro\/PNCDI\/insbioration\/wp-json\/wp\/v2\/users\/1"}],"replies":[{"embeddable":true,"href":"https:\/\/www.itim-cj.ro\/PNCDI\/insbioration\/wp-json\/wp\/v2\/comments?post=18"}],"version-history":[{"count":1,"href":"https:\/\/www.itim-cj.ro\/PNCDI\/insbioration\/wp-json\/wp\/v2\/pages\/18\/revisions"}],"predecessor-version":[{"id":19,"href":"https:\/\/www.itim-cj.ro\/PNCDI\/insbioration\/wp-json\/wp\/v2\/pages\/18\/revisions\/19"}],"wp:attachment":[{"href":"https:\/\/www.itim-cj.ro\/PNCDI\/insbioration\/wp-json\/wp\/v2\/media?parent=18"}],"curies":[{"name":"wp","href":"https:\/\/api.w.org\/{rel}","templated":true}]}}