{"id":20,"date":"2023-12-08T11:47:35","date_gmt":"2023-12-08T11:47:35","guid":{"rendered":"http:\/\/www.itim-cj.ro\/PNCDI\/insbioration\/?page_id=20"},"modified":"2023-12-08T12:07:31","modified_gmt":"2023-12-08T12:07:31","slug":"echipa","status":"publish","type":"page","link":"https:\/\/www.itim-cj.ro\/PNCDI\/insbioration\/echipa\/","title":{"rendered":"Echipa"},"content":{"rendered":"\n<p><strong>Claudiu Filip<\/strong>, CS I, Director proiect<\/p>\n\n\n\n<p><strong>Jurgen Liebscher<\/strong>, Prof. univ., Membru-cercet\u0103tor cu experien\u0163\u0103<\/p>\n\n\n\n<p><strong>Xenia Filip<\/strong>, CS II, Membru-cercet\u0103tor cu experien\u0163\u0103<\/p>\n\n\n\n<p><strong>Nicoleta Elena Dina<\/strong>, CS II, Membru-cercet\u0103tor cu experien\u0163\u0103<\/p>\n\n\n\n<p><strong>Diana-Speran\u0163a Bogdan<\/strong>, CS II, Membru-cercet\u0103tor cu experien\u0163\u0103<\/p>\n\n\n\n<p><strong>Ioana Grosu<\/strong>, CS II, Membru-cercet\u0103tor postdoctoral<\/p>\n\n\n\n<p><strong>Anca Cristina Petran<\/strong>, CS II, Membru-cercet\u0103tor postdoctoral<\/p>\n\n\n\n<p><strong>Claudia Lar<\/strong>, CS, Membru-cercet\u0103tor postdoctoral<\/p>\n\n\n\n<p><strong>Andrea Simion<\/strong>, AC, Membru-Doctorand<\/p>\n","protected":false},"excerpt":{"rendered":"<p>Claudiu Filip, CS I, Director proiect Jurgen Liebscher, Prof. univ., Membru-cercet\u0103tor cu experien\u0163\u0103 Xenia Filip, CS II, Membru-cercet\u0103tor cu experien\u0163\u0103 Nicoleta Elena Dina, CS II, Membru-cercet\u0103tor cu experien\u0163\u0103 Diana-Speran\u0163a Bogdan, [&hellip;]<\/p>\n","protected":false},"author":1,"featured_media":0,"parent":0,"menu_order":0,"comment_status":"closed","ping_status":"closed","template":"","meta":{"footnotes":""},"class_list":["post-20","page","type-page","status-publish","hentry"],"_links":{"self":[{"href":"https:\/\/www.itim-cj.ro\/PNCDI\/insbioration\/wp-json\/wp\/v2\/pages\/20","targetHints":{"allow":["GET"]}}],"collection":[{"href":"https:\/\/www.itim-cj.ro\/PNCDI\/insbioration\/wp-json\/wp\/v2\/pages"}],"about":[{"href":"https:\/\/www.itim-cj.ro\/PNCDI\/insbioration\/wp-json\/wp\/v2\/types\/page"}],"author":[{"embeddable":true,"href":"https:\/\/www.itim-cj.ro\/PNCDI\/insbioration\/wp-json\/wp\/v2\/users\/1"}],"replies":[{"embeddable":true,"href":"https:\/\/www.itim-cj.ro\/PNCDI\/insbioration\/wp-json\/wp\/v2\/comments?post=20"}],"version-history":[{"count":3,"href":"https:\/\/www.itim-cj.ro\/PNCDI\/insbioration\/wp-json\/wp\/v2\/pages\/20\/revisions"}],"predecessor-version":[{"id":36,"href":"https:\/\/www.itim-cj.ro\/PNCDI\/insbioration\/wp-json\/wp\/v2\/pages\/20\/revisions\/36"}],"wp:attachment":[{"href":"https:\/\/www.itim-cj.ro\/PNCDI\/insbioration\/wp-json\/wp\/v2\/media?parent=20"}],"curies":[{"name":"wp","href":"https:\/\/api.w.org\/{rel}","templated":true}]}}