{"id":22,"date":"2023-12-08T11:48:57","date_gmt":"2023-12-08T11:48:57","guid":{"rendered":"http:\/\/www.itim-cj.ro\/PNCDI\/insbioration\/?page_id=22"},"modified":"2024-10-10T05:21:36","modified_gmt":"2024-10-10T05:21:36","slug":"rezultate","status":"publish","type":"page","link":"https:\/\/www.itim-cj.ro\/PNCDI\/insbioration\/rezultate\/","title":{"rendered":"Rezultate"},"content":{"rendered":"\n<p><\/p>\n\n\n\n<h3 class=\"wp-block-heading has-text-color has-link-color wp-elements-ff385f83f299ab73c76b11d7007f7501\" style=\"color:#006878\">Articole \u00een reviste cotate ISI<\/h3>\n\n\n\n<ol class=\"wp-block-list\">\n<li>A Petran, C Lar, D Bogdan, A Caspari, N D Hadade, A Vulcu, A Popa, F Simon, Z Cordelia, J Liebscher, <a href=\"https:\/\/doi.org\/10.1016\/j.polymer.2024.127630\" target=\"_blank\" rel=\"noreferrer noopener\">Polymer coating by oxidative polymerization of a new dopamine analogue with two amino groups<\/a>, Polymer 312, 127630, 2024<\/li>\n\n\n\n<li>A Petran, C Filip, D Bogdan, C Zimmerer, S Beck, T Radu, J Liebscher: <a href=\"https:\/\/doi.org\/10.1021\/acs.langmuir.3c00604\" target=\"_blank\" rel=\"noreferrer noopener\">Oxidative polymerization of 3,4-dihydroxybenzylamine \u2013 the lower homolog of dopamine<\/a>, <em>Langmuir<\/em> <strong>39<\/strong>(15), 5610-5620, 2023<\/li>\n\n\n\n<li>A Petran, AP Cri\u015fan, C Lar, A Popa, T Radu, A Cior\u00ee\u0163\u0103, D Bogdan, M Silion, C Filip: <a href=\"https:\/\/doi.org\/10.1021\/acsapm.3c00027\" target=\"_blank\" rel=\"noreferrer noopener\">Poly-2-aminomethyl-3-(3,4-dihydroxyphenyl)propionamide: From Structure to Properties<\/a> <em>ACS Appl Polym Mater<\/em> <strong>5<\/strong>(5), 3370-3380, 2023<\/li>\n<\/ol>\n\n\n\n<h3 class=\"wp-block-heading has-text-color has-link-color wp-elements-0621765b4fddbb93b8dad5545a28907b\" style=\"color:#006878\">Comunic\u0103ri<\/h3>\n\n\n\n<ol class=\"wp-block-list\">\n<li>N E Dina, I Breze\u015ftean, I Grosu, C Lar, C Filip, <em>Dynamic SERS monitoring of dopamine\u2019s oxidative polymerization<\/em>, The 7<sup>th<\/sup> International Conference New Trends on Sensing &#8211; Monitoring &#8211; Telediagnosis for Life Sciences (NT-SMT-LS 2024), 20-22 septembrie 2024, Bra\u015fov, Romania (oral presentation)<\/li>\n\n\n\n<li>N E Dina, I Breze\u015ftean, I Grosu, C Lar, C Filip, C Zimmerer, <em>Dynamic SERS-based monitoring of dopamine&#8217;s oxidative polymerization<\/em>, Biocube 3<sup>rd<\/sup> Edition Workshop and Winter School in Biophotonics, Bioelectronics and Biomechanics, 9-15 decembrie 2024, Sestriere, Italia (poster presentation)<\/li>\n\n\n\n<li>J Liebscher: Synthesis \u2013 polydopamine \/ analogues \/ coated surfaces: <em>InsBIOration kick-off meeting<\/em>, 27-28 Septembrie 2022 Cluj-Napoca, Rom\u00e2nia<\/li>\n\n\n\n<li>C Filip: Characterization \u2013 materials \/ coated surfaces, <em>InsBIOration kick-off meeting<\/em>, 27-28 Septembrie 2022 Cluj-Napoca, Rom\u00e2nia<\/li>\n\n\n\n<li>A Petran, C Filip, J Liebscher: Modifying the Structure of Dopamine \u2013 Consequences to Polymer Formation, <em>2<sup>nd<\/sup> Symposium on Polydopamine<\/em>, 11-12 Octombrie 2023, Poznan, Polonia (invited lecture)<\/li>\n\n\n\n<li>NE Dina: Dynamic SERS monitoring of dopamine\u2019s oxidative polymerization, <em>IC-PAM-15<\/em>, 19-26 noiembrie 2023, Sharm el Sheikh, Egipt (oral presentation)<\/li>\n\n\n\n<li>J Liebscher: Modifing the structure of dopamine \u2013 consequences to polymer formation, <em>InsBIOration mid-term meeting<\/em>, 21-22 Noiembrie 2023, Strasbourg, Fran\u021ba (oral presentation)<\/li>\n\n\n\n<li>C Filip: Characterization \u2013 materials \/ coated surfaces (part two), <em>InsBIOration mid-term meeting<\/em>, 21-22 Noiembrie 2023, Strasbourg, Fran\u021ba (oral presentation)<\/li>\n<\/ol>\n","protected":false},"excerpt":{"rendered":"<p>Articole \u00een reviste cotate ISI Comunic\u0103ri<\/p>\n","protected":false},"author":1,"featured_media":0,"parent":0,"menu_order":0,"comment_status":"closed","ping_status":"closed","template":"","meta":{"footnotes":""},"class_list":["post-22","page","type-page","status-publish","hentry"],"_links":{"self":[{"href":"https:\/\/www.itim-cj.ro\/PNCDI\/insbioration\/wp-json\/wp\/v2\/pages\/22","targetHints":{"allow":["GET"]}}],"collection":[{"href":"https:\/\/www.itim-cj.ro\/PNCDI\/insbioration\/wp-json\/wp\/v2\/pages"}],"about":[{"href":"https:\/\/www.itim-cj.ro\/PNCDI\/insbioration\/wp-json\/wp\/v2\/types\/page"}],"author":[{"embeddable":true,"href":"https:\/\/www.itim-cj.ro\/PNCDI\/insbioration\/wp-json\/wp\/v2\/users\/1"}],"replies":[{"embeddable":true,"href":"https:\/\/www.itim-cj.ro\/PNCDI\/insbioration\/wp-json\/wp\/v2\/comments?post=22"}],"version-history":[{"count":7,"href":"https:\/\/www.itim-cj.ro\/PNCDI\/insbioration\/wp-json\/wp\/v2\/pages\/22\/revisions"}],"predecessor-version":[{"id":76,"href":"https:\/\/www.itim-cj.ro\/PNCDI\/insbioration\/wp-json\/wp\/v2\/pages\/22\/revisions\/76"}],"wp:attachment":[{"href":"https:\/\/www.itim-cj.ro\/PNCDI\/insbioration\/wp-json\/wp\/v2\/media?parent=22"}],"curies":[{"name":"wp","href":"https:\/\/api.w.org\/{rel}","templated":true}]}}