{"id":42,"date":"2023-03-14T08:42:40","date_gmt":"2023-03-14T08:42:40","guid":{"rendered":"https:\/\/www.itim-cj.ro\/PNCDI\/izopda\/?page_id=42"},"modified":"2023-12-08T07:04:03","modified_gmt":"2023-12-08T07:04:03","slug":"results","status":"publish","type":"page","link":"https:\/\/www.itim-cj.ro\/PNCDI\/izopda\/results\/","title":{"rendered":"Results"},"content":{"rendered":"<p>[et_pb_section fb_built=&#8221;1&#8243; _builder_version=&#8221;4.16&#8243; _module_preset=&#8221;default&#8221; use_background_color_gradient=&#8221;on&#8221; background_color_gradient_direction=&#8221;140deg&#8221; background_color_gradient_stops=&#8221;#004872 0%|rgba(41,17,96,0.8) 100%&#8221; background_color_gradient_overlays_image=&#8221;on&#8221; background_color_gradient_start=&#8221;#004872&#8243; background_color_gradient_end=&#8221;rgba(41,17,96,0.8)&#8221; background_image=&#8221;https:\/\/www.itim-cj.ro\/PNCDI\/izopda\/wp-content\/uploads\/2023\/03\/bkg2-01comp.jpg&#8221; min_height=&#8221;325px&#8221; min_height_tablet=&#8221;325px&#8221; min_height_phone=&#8221;325px&#8221; min_height_last_edited=&#8221;on|tablet&#8221; global_colors_info=&#8221;{}&#8221;][et_pb_row _builder_version=&#8221;4.16&#8243; _module_preset=&#8221;default&#8221; custom_padding=&#8221;60px|||||&#8221; global_colors_info=&#8221;{}&#8221;][et_pb_column type=&#8221;4_4&#8243; _builder_version=&#8221;4.16&#8243; _module_preset=&#8221;default&#8221; global_colors_info=&#8221;{}&#8221;][et_pb_text _builder_version=&#8221;4.16&#8243; _module_preset=&#8221;default&#8221; header_font=&#8221;Roboto|500|||||||&#8221; header_text_color=&#8221;#FFFFFF&#8221; header_font_size=&#8221;44px&#8221; global_colors_info=&#8221;{}&#8221;]<\/p>\n<h1 style=\"text-align: center;\">Results<\/h1>\n<p>[\/et_pb_text][\/et_pb_column][\/et_pb_row][\/et_pb_section][et_pb_section fb_built=&#8221;1&#8243; _builder_version=&#8221;4.16&#8243; _module_preset=&#8221;default&#8221; custom_padding=&#8221;40px||||false|false&#8221; global_colors_info=&#8221;{}&#8221;][et_pb_row _builder_version=&#8221;4.16&#8243; _module_preset=&#8221;default&#8221; global_colors_info=&#8221;{}&#8221;][et_pb_column type=&#8221;4_4&#8243; _builder_version=&#8221;4.16&#8243; _module_preset=&#8221;default&#8221; global_colors_info=&#8221;{}&#8221;][et_pb_tabs active_tab_background_color=&#8221;#FFFFFF&#8221; active_tab_text_color=&#8221;#0C71C3&#8243; _builder_version=&#8221;4.21.0&#8243; _module_preset=&#8221;default&#8221; tab_text_color=&#8221;#444444&#8243; tab_font=&#8221;Roboto||||||||&#8221; tab_font_size=&#8221;15px&#8221; width=&#8221;100%&#8221; max_width=&#8221;100%&#8221; custom_margin=&#8221;|0px||0px|false|false&#8221; custom_padding=&#8221;|0px||15px|false|false&#8221; hover_enabled=&#8221;0&#8243; global_colors_info=&#8221;{}&#8221; sticky_enabled=&#8221;0&#8243;][et_pb_tab title=&#8221;Reports&#8221; _builder_version=&#8221;4.21.0&#8243; _module_preset=&#8221;default&#8221; custom_padding=&#8221;||||false|false&#8221; hover_enabled=&#8221;0&#8243; global_colors_info=&#8221;{}&#8221; sticky_enabled=&#8221;0&#8243;]<\/p>\n<p><strong><a href=\"https:\/\/www.itim-cj.ro\/PNCDI\/izopda\/wp-content\/uploads\/2023\/12\/PCE2020_Raport-stiintific_final.pdf\" target=\"_blank\" rel=\"noopener\">Final scientific report<\/a><\/strong><\/p>\n<p><a href=\"https:\/\/www.itim-cj.ro\/PNCDI\/izopda\/wp-content\/uploads\/2023\/03\/RSE-2.pdf\" target=\"_blank\" rel=\"noopener\"><strong>Progress report 2022<\/strong><\/a><\/p>\n<p><a href=\"https:\/\/www.itim-cj.ro\/PNCDI\/izopda\/wp-content\/uploads\/2023\/03\/Raport-Stiintific-Etapa1.pdf\" target=\"_blank\" rel=\"noopener\"><strong>Progress report 2021<\/strong><\/a><\/p>\n<p>[\/et_pb_tab][et_pb_tab title=&#8221;Articles&#8221; _builder_version=&#8221;4.21.0&#8243; _module_preset=&#8221;default&#8221; custom_padding=&#8221;|15px||15px|false|false&#8221; global_colors_info=&#8221;{}&#8221;]<\/p>\n<p><span style=\"color: #666666; font-family: 'Open Sans', Arial, sans-serif; font-size: 16px; font-style: normal; font-variant-ligatures: normal; font-variant-caps: normal; font-weight: 500; letter-spacing: normal; orphans: 2; text-align: justify; text-indent: 0px; text-transform: none; white-space: normal; widows: 2; word-spacing: 0px; -webkit-text-stroke-width: 0px; background-color: #ffffff; text-decoration-thickness: initial; text-decoration-style: initial; text-decoration-color: initial; display: inline !important; float: none;\">Monika Szukowska, \u0141ukasz Popenda, Emerson Coy, Claudiu Filip, Jakub Grajewski, Mateusz Kempi\u0144ski, Yeonho Kim, Rados\u0142aw Mr\u00f3wczy\u0144ski, <em><a href=\"https:\/\/doi.org\/10.1039\/D2PY00293K\" target=\"_blank\" rel=\"noopener\">Replacing amine by azide: dopamine azide<\/a><\/em> <em><a href=\"https:\/\/doi.org\/10.1039\/D2PY00293K\" target=\"_blank\" rel=\"noopener\">polymerization triggered by sodium periodate<\/a><\/em>, Polymer Chemistry <strong>13<\/strong> (2022) 3325<br \/><\/span><\/p>\n<p><span style=\"color: #666666; font-family: 'Open Sans', Arial, sans-serif; font-size: 16px; font-style: normal; font-variant-ligatures: normal; font-variant-caps: normal; font-weight: 500; letter-spacing: normal; orphans: 2; text-align: justify; text-indent: 0px; text-transform: none; white-space: normal; widows: 2; word-spacing: 0px; -webkit-text-stroke-width: 0px; background-color: #ffffff; text-decoration-thickness: initial; text-decoration-style: initial; text-decoration-color: initial; display: inline !important; float: none;\">G. Melinte, O. Hosu, G. \u0218tefan, D. Bogdan, C. Cristea, G. Marrazza, <a href=\"https:\/\/doi.org\/10.1016\/j.electacta.2021.139718\" target=\"_blank\" rel=\"noopener\"><em>Poly-L-Lysine@gold nanostructured hybrid platform for Lysozyme aptamer sandwich-based detection<\/em><\/a>, <em>Electrochimica Acta <\/em><strong>403<\/strong> (2022) 139718<br \/><\/span><\/p>\n<p><span style=\"color: #666666; font-family: 'Open Sans', Arial, sans-serif; font-size: 16px; font-style: normal; font-variant-ligatures: normal; font-variant-caps: normal; font-weight: 500; letter-spacing: normal; orphans: 2; text-align: justify; text-indent: 0px; text-transform: none; white-space: normal; widows: 2; word-spacing: 0px; -webkit-text-stroke-width: 0px; background-color: #ffffff; text-decoration-thickness: initial; text-decoration-style: initial; text-decoration-color: initial; display: inline !important; float: none;\">Diana Bogdan, Ioana-Georgeta Grosu, Claudiu Filip, <span><em><span class=\"tojvnm2t a6sixzi8 abs2jz4q a8s20v7p t1p8iaqh k5wvi7nf q3lfd5jv pk4s997a bipmatt0 cebpdrjk qowsmv63 owwhemhu dp1hu0rb dhp61c6y iyyx5f41\"><a href=\"https:\/\/doi.org\/10.1016\/j.apsusc.2022.153680\" target=\"_blank\" rel=\"noopener\">How thick, uniform and smooth are the polydopamine coating layers obtained under different oxidation conditions? An in-depth AFM study<\/a>, <\/span><\/em><span class=\"tojvnm2t a6sixzi8 abs2jz4q a8s20v7p t1p8iaqh k5wvi7nf q3lfd5jv pk4s997a bipmatt0 cebpdrjk qowsmv63 owwhemhu dp1hu0rb dhp61c6y iyyx5f41\"><strong>597<\/strong> (2022) 153680<\/span><em><span class=\"tojvnm2t a6sixzi8 abs2jz4q a8s20v7p t1p8iaqh k5wvi7nf q3lfd5jv pk4s997a bipmatt0 cebpdrjk qowsmv63 owwhemhu dp1hu0rb dhp61c6y iyyx5f41\"><br \/><\/span><\/em><\/span><\/span><\/p>\n<p>[\/et_pb_tab][et_pb_tab title=&#8221;Conferences&#8221; _builder_version=&#8221;4.21.0&#8243; _module_preset=&#8221;default&#8221; custom_padding=&#8221;|15px||15px|false|false&#8221; global_colors_info=&#8221;{}&#8221;]<\/p>\n<p>C. Filip, I.G. Grosu, X. Filip, C. Lar, A.M.R. Gherman, A. Petran, <em>PDA@SiO<sub>2<\/sub> Nanocomposite as a platform for studying polydopamine adhesion<\/em>, Advances in Applied Physics &amp; Materials Science Congress \u2013 13<sup>th<\/sup> APMAS-23, Oludeniz, Turkey<\/p>\n<p>D. Bogdan, C. Filip, I.G. Grosu, <em>Morphological characterization of quercetine@polydopamine coated surfaces<\/em>, Advances in Applied Physics &amp; Materials Science Congress \u2013 13<sup>th<\/sup> APMAS-23, Oludeniz, Turkey<\/p>\n<p>C. Filip , I.G. Grosu, A. Petran, M. Boc\u0103neal\u0103, C. Lar, X. Filip, <em>Study of polydopamine strong adhesion by solid-state NMR,<\/em> Advances in Applied Physics &amp; Materials Science Congress \u2013 12<sup>th<\/sup> APMAS-22, Oludeniz, Turkey<\/p>\n<p>D. Bogdan, I.G. Grosu, M. Boc\u0103neal\u0103, C. Filip, <em>Polydopamine coatings morphology on spherical nanoparticles vs flat substrates<\/em>, Advances in Applied Physics &amp; Materials Science Congress \u2013 12<sup>th<\/sup> APMAS-22, Oludeniz, Turkey<\/p>\n<p>D. Bogdan, I.G. Grosu, C. Filip, <em>Morphological characterization of polydopamine coated surfaces<\/em>, Advances in Applied Physics &amp; Materials Science Congress \u2013 11<sup>th<\/sup>APMAS-21, Oludeniz, Turkey<\/p>\n<p>C. Filip , I.G. Grosu, X. Filip, <em>Solid-state NMR as a powerful tool in polydopamine characterization<\/em>, Advances in Applied Physics &amp; Materials Science Congress \u2013 11<sup>th<\/sup>APMAS-21, Oludeniz, Turkey<\/p>\n<p>[\/et_pb_tab][et_pb_tab title=&#8221;Methods &#038; Experimental protocols&#8221; _builder_version=&#8221;4.20.2&#8243; _module_preset=&#8221;default&#8221; custom_padding=&#8221;|0px||15px|false|false&#8221; global_colors_info=&#8221;{}&#8221;]<\/p>\n<p><a href=\"https:\/\/www.itim-cj.ro\/PNCDI\/izopda\/wp-content\/uploads\/2023\/03\/Method-1.pdf\" target=\"_blank\" rel=\"noopener\"><strong>Methods for selective <sup>13<\/sup>C\/<sup>15<\/sup>N isotopic labeling of the Dopamine side-chain<\/strong><\/a><\/p>\n<p>[\/et_pb_tab][et_pb_tab title=&#8221;Isotopically labeled compounds&#8221; _builder_version=&#8221;4.20.2&#8243; _module_preset=&#8221;default&#8221; custom_padding=&#8221;|||15px|false|false&#8221; global_colors_info=&#8221;{}&#8221;]<\/p>\n<p><a href=\"https:\/\/www.itim-cj.ro\/PNCDI\/izopda\/wp-content\/uploads\/2023\/03\/Produs-13C1.pdf\" target=\"_blank\" rel=\"noopener\"><strong>Dopamine:HCl (1-13C, 99%)<\/strong><\/a><\/p>\n<p><strong><a href=\"https:\/\/www.itim-cj.ro\/PNCDI\/izopda\/wp-content\/uploads\/2023\/03\/Produs-13C1-15N.pdf\" target=\"_blank\" rel=\"noopener\">Dopamine:HCl (1-13C, 99% 15N, 99%)<\/a><\/strong><\/p>\n<p><a href=\"https:\/\/www.itim-cj.ro\/PNCDI\/izopda\/wp-content\/uploads\/2023\/03\/Produs-13C2.pdf\" target=\"_blank\" rel=\"noopener\"><strong>Dopamine:HCl (2-13C, 99%)<\/strong><\/a><\/p>\n<p><strong><a href=\"https:\/\/www.itim-cj.ro\/PNCDI\/izopda\/wp-content\/uploads\/2023\/03\/Produs-13C2-15N.pdf\" target=\"_blank\" rel=\"noopener\">Dopamine:HCl (2-13C, 99% 15N, 99%)<\/a><\/strong><\/p>\n<p><a href=\"https:\/\/www.itim-cj.ro\/PNCDI\/izopda\/wp-content\/uploads\/2023\/03\/Produs-15N.pdf\" target=\"_blank\" rel=\"noopener\"><strong>Dopamine:HCl (15N, 99%)<\/strong><\/a><\/p>\n<p>[\/et_pb_tab][et_pb_tab title=&#8221;Models &#038; Mechanisms&#8221; _builder_version=&#8221;4.20.2&#8243; _module_preset=&#8221;default&#8221; global_colors_info=&#8221;{}&#8221;][\/et_pb_tab][\/et_pb_tabs][\/et_pb_column][\/et_pb_row][\/et_pb_section]<\/p>\n","protected":false},"excerpt":{"rendered":"<p>ResultsFinal scientific report Progress report 2022 Progress report 2021Monika Szukowska, \u0141ukasz Popenda, Emerson Coy, Claudiu Filip, Jakub Grajewski, Mateusz Kempi\u0144ski, Yeonho Kim, Rados\u0142aw Mr\u00f3wczy\u0144ski, Replacing amine by azide: dopamine azide polymerization triggered by sodium periodate, Polymer Chemistry 13 (2022) 3325 G. Melinte, O. Hosu, G. \u0218tefan, D. Bogdan, C. Cristea, G. Marrazza, Poly-L-Lysine@gold nanostructured hybrid [&hellip;]<\/p>\n","protected":false},"author":1,"featured_media":0,"parent":0,"menu_order":0,"comment_status":"closed","ping_status":"closed","template":"","meta":{"_et_pb_use_builder":"on","_et_pb_old_content":"","_et_gb_content_width":"","footnotes":""},"class_list":["post-42","page","type-page","status-publish","hentry"],"_links":{"self":[{"href":"https:\/\/www.itim-cj.ro\/PNCDI\/izopda\/wp-json\/wp\/v2\/pages\/42","targetHints":{"allow":["GET"]}}],"collection":[{"href":"https:\/\/www.itim-cj.ro\/PNCDI\/izopda\/wp-json\/wp\/v2\/pages"}],"about":[{"href":"https:\/\/www.itim-cj.ro\/PNCDI\/izopda\/wp-json\/wp\/v2\/types\/page"}],"author":[{"embeddable":true,"href":"https:\/\/www.itim-cj.ro\/PNCDI\/izopda\/wp-json\/wp\/v2\/users\/1"}],"replies":[{"embeddable":true,"href":"https:\/\/www.itim-cj.ro\/PNCDI\/izopda\/wp-json\/wp\/v2\/comments?post=42"}],"version-history":[{"count":15,"href":"https:\/\/www.itim-cj.ro\/PNCDI\/izopda\/wp-json\/wp\/v2\/pages\/42\/revisions"}],"predecessor-version":[{"id":96,"href":"https:\/\/www.itim-cj.ro\/PNCDI\/izopda\/wp-json\/wp\/v2\/pages\/42\/revisions\/96"}],"wp:attachment":[{"href":"https:\/\/www.itim-cj.ro\/PNCDI\/izopda\/wp-json\/wp\/v2\/media?parent=42"}],"curies":[{"name":"wp","href":"https:\/\/api.w.org\/{rel}","templated":true}]}}