{"id":77,"date":"2023-06-27T05:59:57","date_gmt":"2023-06-27T05:59:57","guid":{"rendered":"https:\/\/www.itim-cj.ro\/PNCDI\/ket-in-pamam\/?page_id=77"},"modified":"2023-06-27T05:59:59","modified_gmt":"2023-06-27T05:59:59","slug":"acasa","status":"publish","type":"page","link":"https:\/\/www.itim-cj.ro\/PNCDI\/ket-in-pamam\/","title":{"rendered":"Acasa"},"content":{"rendered":"<p>[et_pb_section fb_built=&#8221;1&#8243; _builder_version=&#8221;4.18.0&#8243; _module_preset=&#8221;default&#8221; use_background_color_gradient=&#8221;on&#8221; background_color_gradient_type=&#8221;elliptical&#8221; background_image=&#8221;https:\/\/www.itim-cj.ro\/PNCDI\/ket-in-pamam\/wp-content\/uploads\/2023\/06\/poza1.png&#8221; global_colors_info=&#8221;{}&#8221; theme_builder_area=&#8221;post_content&#8221;][et_pb_row _builder_version=&#8221;4.18.0&#8243; _module_preset=&#8221;default&#8221; global_colors_info=&#8221;{}&#8221; theme_builder_area=&#8221;post_content&#8221;][et_pb_column type=&#8221;4_4&#8243; _builder_version=&#8221;4.18.0&#8243; _module_preset=&#8221;default&#8221; global_colors_info=&#8221;{}&#8221; theme_builder_area=&#8221;post_content&#8221;][et_pb_text _builder_version=&#8221;4.18.0&#8243; _module_preset=&#8221;default&#8221; text_font_size=&#8221;16px&#8221; header_font=&#8221;|700|||||||&#8221; header_text_align=&#8221;center&#8221; header_text_color=&#8221;#FFFFFF&#8221; header_font_size=&#8221;42px&#8221; header_line_height=&#8221;2em&#8221; header_2_line_height=&#8221;2em&#8221; header_3_line_height=&#8221;2em&#8221; header_4_line_height=&#8221;2em&#8221; custom_margin=&#8221;||||false|false&#8221; global_colors_info=&#8221;{}&#8221; theme_builder_area=&#8221;post_content&#8221;]<\/p>\n<h1>Ketoconazol: de la fundamente la formul\u0103ri antifungice noi pe baz\u0103 de dendrimeri PAMAM cu biodisponibilitate \u00eembun\u0103t\u0103\u021bit\u0103<\/h1>\n<p>[\/et_pb_text][\/et_pb_column][\/et_pb_row][\/et_pb_section][et_pb_section fb_built=&#8221;1&#8243; _builder_version=&#8221;4.18.0&#8243; _module_preset=&#8221;default&#8221; global_colors_info=&#8221;{}&#8221; theme_builder_area=&#8221;post_content&#8221;][et_pb_row _builder_version=&#8221;4.18.0&#8243; _module_preset=&#8221;default&#8221; width=&#8221;100%&#8221; global_colors_info=&#8221;{}&#8221; theme_builder_area=&#8221;post_content&#8221;][et_pb_column type=&#8221;4_4&#8243; _builder_version=&#8221;4.18.0&#8243; _module_preset=&#8221;default&#8221; global_colors_info=&#8221;{}&#8221; theme_builder_area=&#8221;post_content&#8221;][et_pb_text _builder_version=&#8221;4.21.0&#8243; _module_preset=&#8221;default&#8221; text_font_size=&#8221;16px&#8221; header_line_height=&#8221;2em&#8221; header_2_line_height=&#8221;2em&#8221; header_3_line_height=&#8221;2em&#8221; header_4_line_height=&#8221;2em&#8221; custom_margin=&#8221;||||false|false&#8221; hover_enabled=&#8221;0&#8243; global_colors_info=&#8221;{}&#8221; theme_builder_area=&#8221;post_content&#8221; sticky_enabled=&#8221;0&#8243;]<\/p>\n<h3>Proiecte de cercetare pentru stimularea tinerelor echipe independente (TE)<\/h3>\n<p><strong>Cod proiect: <\/strong>PN-III-P1-1.1-TE-2021-0244<\/p>\n<p><strong>Contract Nr. <\/strong>TE 122\/2022<\/p>\n<p><strong>Perioada de implementare: <\/strong>15.05.2022\u00a0 &#8211; 14.05.2024<\/p>\n<p><strong>Scop:\u00a0<\/strong>Sprijinirea tinerilor cercet\u0103tori, doctori \u00een \u0219tiin\u021be, pentru crearea sau consolidarea propriei echipe de cercetare \u0219i a unui program de cercetare independent<\/p>\n<p><strong>Finan\u021bat de:<\/strong>\u00a0<a href=\"https:\/\/www.uefiscdi.ro\/\" target=\"_blank\" rel=\"noopener\">Unitatea Executiv\u0103 pentru Finan\u021barea \u00cenv\u0103\u021b\u0103m\u00e2ntului Superior, a Cercet\u0103rii, Dezvolt\u0103rii \u0219i Inov\u0103rii (UEFISCDI)<\/a><\/p>\n<p><strong>Implementat la:<\/strong> <a href=\"http:\/\/ro.itim-cj.ro\/\" target=\"_blank\" rel=\"noopener\">Institutul Na\u021bional de Cercetare-Dezvoltare pentru Tehnologii Izotopice \u0219i Moleculare Cluj-Napoca<\/a><\/p>\n<p>[\/et_pb_text][\/et_pb_column][\/et_pb_row][\/et_pb_section]<\/p>\n","protected":false},"excerpt":{"rendered":"<p>Ketoconazol: de la fundamente la formul\u0103ri antifungice noi pe baz\u0103 de dendrimeri PAMAM cu biodisponibilitate \u00eembun\u0103t\u0103\u021bit\u0103Proiecte de cercetare pentru stimularea tinerelor echipe independente (TE) Cod proiect: PN-III-P1-1.1-TE-2021-0244 Contract Nr. TE 122\/2022 Perioada de implementare: 15.05.2022\u00a0 &#8211; 14.05.2024 Scop:\u00a0Sprijinirea tinerilor cercet\u0103tori, doctori \u00een \u0219tiin\u021be, pentru crearea sau consolidarea propriei echipe de cercetare \u0219i a unui program [&hellip;]<\/p>\n","protected":false},"author":1,"featured_media":0,"parent":0,"menu_order":0,"comment_status":"closed","ping_status":"closed","template":"","meta":{"_et_pb_use_builder":"on","_et_pb_old_content":"","_et_gb_content_width":"","footnotes":""},"class_list":["post-77","page","type-page","status-publish","hentry"],"_links":{"self":[{"href":"https:\/\/www.itim-cj.ro\/PNCDI\/ket-in-pamam\/wp-json\/wp\/v2\/pages\/77","targetHints":{"allow":["GET"]}}],"collection":[{"href":"https:\/\/www.itim-cj.ro\/PNCDI\/ket-in-pamam\/wp-json\/wp\/v2\/pages"}],"about":[{"href":"https:\/\/www.itim-cj.ro\/PNCDI\/ket-in-pamam\/wp-json\/wp\/v2\/types\/page"}],"author":[{"embeddable":true,"href":"https:\/\/www.itim-cj.ro\/PNCDI\/ket-in-pamam\/wp-json\/wp\/v2\/users\/1"}],"replies":[{"embeddable":true,"href":"https:\/\/www.itim-cj.ro\/PNCDI\/ket-in-pamam\/wp-json\/wp\/v2\/comments?post=77"}],"version-history":[{"count":2,"href":"https:\/\/www.itim-cj.ro\/PNCDI\/ket-in-pamam\/wp-json\/wp\/v2\/pages\/77\/revisions"}],"predecessor-version":[{"id":81,"href":"https:\/\/www.itim-cj.ro\/PNCDI\/ket-in-pamam\/wp-json\/wp\/v2\/pages\/77\/revisions\/81"}],"wp:attachment":[{"href":"https:\/\/www.itim-cj.ro\/PNCDI\/ket-in-pamam\/wp-json\/wp\/v2\/media?parent=77"}],"curies":[{"name":"wp","href":"https:\/\/api.w.org\/{rel}","templated":true}]}}