{"id":94,"date":"2023-06-27T06:10:55","date_gmt":"2023-06-27T06:10:55","guid":{"rendered":"https:\/\/www.itim-cj.ro\/PNCDI\/ket-in-pamam\/?page_id=94"},"modified":"2025-02-24T09:04:29","modified_gmt":"2025-02-24T09:04:29","slug":"rezultate","status":"publish","type":"page","link":"https:\/\/www.itim-cj.ro\/PNCDI\/ket-in-pamam\/rezultate\/","title":{"rendered":"Rezultate"},"content":{"rendered":"<p>[et_pb_section fb_built=&#8221;1&#8243; _builder_version=&#8221;4.18.0&#8243; _module_preset=&#8221;default&#8221; use_background_color_gradient=&#8221;on&#8221; background_color_gradient_type=&#8221;elliptical&#8221; background_image=&#8221;https:\/\/www.itim-cj.ro\/PNCDI\/ket-in-pamam\/wp-content\/uploads\/2023\/06\/poza1.png&#8221; global_colors_info=&#8221;{}&#8221;][et_pb_row _builder_version=&#8221;4.18.0&#8243; _module_preset=&#8221;default&#8221; global_colors_info=&#8221;{}&#8221;][et_pb_column type=&#8221;4_4&#8243; _builder_version=&#8221;4.18.0&#8243; _module_preset=&#8221;default&#8221; global_colors_info=&#8221;{}&#8221;][et_pb_text _builder_version=&#8221;4.18.0&#8243; _module_preset=&#8221;default&#8221; header_font=&#8221;|700|||||||&#8221; header_text_align=&#8221;center&#8221; header_text_color=&#8221;#FFFFFF&#8221; header_font_size=&#8221;42px&#8221; header_line_height=&#8221;2em&#8221; header_2_line_height=&#8221;2em&#8221; header_3_line_height=&#8221;2em&#8221; header_4_line_height=&#8221;2em&#8221; custom_margin=&#8221;||||false|false&#8221; global_colors_info=&#8221;{}&#8221;]<\/p>\n<h1>Rezultate<\/h1>\n<p>[\/et_pb_text][\/et_pb_column][\/et_pb_row][\/et_pb_section][et_pb_section fb_built=&#8221;1&#8243; _builder_version=&#8221;4.18.0&#8243; _module_preset=&#8221;default&#8221; global_colors_info=&#8221;{}&#8221;][et_pb_row _builder_version=&#8221;4.25.0&#8243; _module_preset=&#8221;default&#8221; global_colors_info=&#8221;{}&#8221;][et_pb_column type=&#8221;4_4&#8243; _builder_version=&#8221;4.25.0&#8243; _module_preset=&#8221;default&#8221; global_colors_info=&#8221;{}&#8221;][et_pb_text _builder_version=&#8221;4.25.0&#8243; _module_preset=&#8221;default&#8221; custom_padding=&#8221;1px|||||&#8221; global_colors_info=&#8221;{}&#8221;]<\/p>\n<h3><a href=\"https:\/\/www.itim-cj.ro\/PNCDI\/ket-in-pamam\/wp-content\/uploads\/2024\/05\/Rezultate-TE122-2022.pdf\" target=\"_blank\" rel=\"noopener\"><strong><span style=\"color: #3366ff;\">Rezultate TE122 &#8211; 2022<\/span><\/strong><\/a><\/h3>\n<p>[\/et_pb_text][\/et_pb_column][\/et_pb_row][et_pb_row _builder_version=&#8221;4.18.0&#8243; _module_preset=&#8221;default&#8221; width=&#8221;100%&#8221; global_colors_info=&#8221;{}&#8221;][et_pb_column type=&#8221;4_4&#8243; _builder_version=&#8221;4.18.0&#8243; _module_preset=&#8221;default&#8221; global_colors_info=&#8221;{}&#8221;][et_pb_tabs _builder_version=&#8221;4.27.4&#8243; _module_preset=&#8221;default&#8221; tab_font=&#8221;|700|||||||&#8221; tab_font_size=&#8221;16px&#8221; hover_enabled=&#8221;0&#8243; global_colors_info=&#8221;{}&#8221; sticky_enabled=&#8221;0&#8243;][et_pb_tab title=&#8221;2024&#8243; _builder_version=&#8221;4.27.4&#8243; _module_preset=&#8221;default&#8221; hover_enabled=&#8221;0&#8243; global_colors_info=&#8221;{}&#8221; sticky_enabled=&#8221;0&#8243;]<\/p>\n<h3><strong><span style=\"color: #3366ff;\"><a href=\"https:\/\/www.itim-cj.ro\/PNCDI\/ket-in-pamam\/wp-content\/uploads\/2024\/05\/Raport-Stiintific-Etapa-3.pdf\" target=\"_blank\" rel=\"noopener\" style=\"color: #3366ff;\">Raport \u0218tiin\u021bific Etapa 3<\/a><\/span><br \/><\/strong><\/h3>\n<h3><strong>Articole<\/strong><\/h3>\n<p><strong><em><a href=\"https:\/\/doi.org\/10.3390\/ijms252413346\" target=\"_blank\" rel=\"noopener\">Ketoconazole-Fumaric Acid Pharmaceutical Cocrystal: From Formulation Design for Bioavailability Improvement to Biocompatibility Testing and Antifungal Efficacy Evaluation<\/a>,<\/em><\/strong> I. Baldea, R. Moldovan, A.L. Nagy, P.Bolfa, R. Decea, M. Miclaus, I. Lung, A.M.R. Gherman, A.<br \/>Sevastre-Berghian, F. Martin, I. Kacso, V. R\u0103zniceanu, Int. J. Mol. Sci., 2024, 25(24):13346<\/p>\n<h3><strong><\/strong><\/h3>\n<h3><strong>Alte rezultate: Fi\u0219e CDI<\/strong><\/h3>\n<ul>\n<li><strong>Fi\u0219\u0103 CDI de produs <\/strong> 1610\/12.04.2024 <strong><em>\u201c<\/em><\/strong><strong><em>Complex supramolecular Ketoconazol-PAMAM-G5-NH<sub>2<\/sub><\/em><\/strong><strong><em>\u201d<\/em><\/strong><\/li>\n<li><strong>Fi\u0219\u0103 CDI de produs <\/strong> 1616\/18.04.2024<strong><em> \u201c<\/em><\/strong><strong><em>Ketoconazole-sorbat, forma cristalina noua a Ketoconazolului &#8211;<\/em><\/strong><strong><em> t<\/em><\/strong><strong><em>estarea biocompatibilit\u0103\u0163ii in vivo<\/em><\/strong><strong><em>\u201d<\/em><\/strong><\/li>\n<li><strong>Fi\u0219\u0103 CDI de metod\u0103 <\/strong> 1623\/24.04.2024 <strong><em>\u201c<\/em><\/strong><strong><em>Metoda experimental\u0103 de scale-up a procesului de cocristalizare pentru Ketoconazol-Acid Adipic<\/em><\/strong><strong><em>\u201d<\/em><\/strong><\/li>\n<li><strong>Fi\u0219\u0103 CDI de metod\u0103 <\/strong> 1624\/24.04.2024 <strong><em>\u201c<\/em><\/strong><strong><em>Metoda experimental\u0103 de scale-up a procesului de cocristalizare pentru Ketoconazol-Acid Sorbic<\/em><\/strong><strong><em>\u201d<\/em><\/strong><\/li>\n<li><strong>Fi\u0219\u0103 CDI de studiu <\/strong>1626\/29.04.2024 <strong><em>\u201cStudiul de compatibilitate dintre co-cristalul <\/em><\/strong><strong><em>Ketoconazol-Acid Adipic<\/em><em> cu excipien\u021bi farmaceutici\u201d<\/em><\/strong><\/li>\n<\/ul>\n<p>[\/et_pb_tab][et_pb_tab title=&#8221;2023&#8243; _builder_version=&#8221;4.25.0&#8243; _module_preset=&#8221;default&#8221; global_colors_info=&#8221;{}&#8221;]<\/p>\n<h3><strong><span style=\"color: #3366ff;\"><a href=\"https:\/\/www.itim-cj.ro\/PNCDI\/ket-in-pamam\/wp-content\/uploads\/2023\/12\/Raport-Stiintific-Etapa-2-2023.pdf\" target=\"_blank\" rel=\"noopener\" style=\"color: #3366ff;\">Raport \u0218tiin\u021bific Etapa 2<\/a><\/span><br \/><\/strong><\/h3>\n<h3><strong>Conferin\u021be<\/strong><\/h3>\n<ol>\n<li><strong><em>\u201c<\/em><\/strong><strong><em>Ketoconazol: noi formul\u0103ri antifungice de tip sare\/cocrystal cu biodisponibilitate \u00eembun\u0103t\u0103\u021bit\u0103 prin inginerie cristalin\u0103\u201d<\/em><\/strong><em>,<\/em> F. Martin, I. Kacso, I. Grosu, M. Micl\u0103u\u0219, X. Filip, G. Borodi, D. Vodnar, I. B\u00e2ldea \u2013 <em>comunicare oral\u0103<\/em> prezentat\u0103 la \u00cent\u00e2lnirea Anual\u0103 a Universit\u0103\u0163ii de Medicin\u0103 \u015fi Farmacie \u201cIuliu Ha\u0163ieganu\u201d Cluj, 7 Dec 2023, Romania<\/li>\n<li><em>\u201c<\/em><em>14<sup>th<\/sup> International Processes in Isotopes and Molecules, PIM\u201d<\/em> 19-22 Sept 2023, Cluj-Napoca, Romania \/ <strong><em>poster \u00a0\u201cKetoconazole-PAMAM dendrimer carrier system for topical use\u201d<\/em><\/strong> F. Martin<sup>1<\/sup>, I. Kacso<sup>1<\/sup>, I. B\u00e2ldea<sup>1,2, <\/sup>M. Micl\u0103u\u015f<sup>1<\/sup>, I. Grosu<sup>1<\/sup>, S. D\u0103nescu<sup>1,2<\/sup>, <sup>1<\/sup>INCDTIM Cluj, <sup>2<\/sup>UMF Cluj, Romania<\/li>\n<li><em>\u201c13<sup>th<\/sup> International Advances in Applied Physics &amp; Materials Science Congress &amp; Exhibition, APMAS\u201d<\/em>\u00a0 11-17 Oct, 2023 Turcia \/ <strong><em>poster \u201c<\/em><\/strong><strong><em>S<\/em><\/strong><strong><em>olid\u2011state interactions between Ketoconazole\u2011Adipic acid co\u2011crystal and excipients in formulation development<\/em><\/strong><em>\u201d <\/em>F. Martin<sup>1<\/sup>, I. Kacso<sup>1<\/sup>, M. Micl\u0103u\u015f<sup>1<\/sup>, I. Grosu<sup>1<\/sup>, M. Dan<sup>1<\/sup>, D. Ungur<sup>2<\/sup>, <sup>1<\/sup>INCDTIM Cluj,<sup> 2<\/sup>SC TeraCrystal SRL Cluj, Romania<\/li>\n<\/ol>\n<h3><strong>Articol ISI<br \/><\/strong><\/h3>\n<ol>\n<li>Studia Chemia, 2023: <em><strong>Ketoconazole-PAMAM dendrimer supramolecular complex for prolonged delivery by in vitro and in vivo studies<\/strong>, <\/em>I. Kacso<sup>a<\/sup>, I. B\u00e2ldea<sup>b<\/sup>, M. Micl\u0103u\u0219<sup>a<\/sup>, A. Mo\u021b<sup>a,c<\/sup>, R. Moldovan<sup>b<\/sup>, F. Martin<sup>a<\/sup>, <sup>a<\/sup>INCDTIM Romania,<sup> b<\/sup>UMF Cluj, Rom\u00e2nia, <sup>c<\/sup>UBB Chimie \u0219i Inginerie Chimic\u0103 Cluj, Romania<\/li>\n<\/ol>\n<h3><strong>Cerere de brevet<\/strong><\/h3>\n<ol>\n<li>Cerere de Brevet na\u021bional de inven\u021bie, OSIM A\/00385, 2.07.2023: <strong><em>\u201cComplex supramolecular Ketoconazol-PAMAM-G5-NH<sub>2<\/sub>\u00a0pentru administrare topic\u0103\u201d<\/em><\/strong>,<strong><em>\u00a0<\/em><\/strong>F. A. Martin<sup>1<\/sup>, I. B\u00e2ldea<sup>1,2<\/sup>, M. O. Micl\u0103u\u015f<sup>1<\/sup>, I. G. Grosu<sup>1<\/sup>, I. E. Kacso<sup>1<\/sup>, A. C. Mo\u021b<sup>1,3<\/sup>\u00a0\/\u00a0<sup>1<\/sup>INCDTIM Cluj;\u00a0<sup>2<\/sup>UMF \u201cIuliu Ha\u0163ieganu\u201d Cluj;<span> \u00a0<\/span><sup>3<\/sup>UBB Chimie \u0219i Inginerie Chimic\u0103, Cluj<\/li>\n<\/ol>\n<p>[\/et_pb_tab][et_pb_tab title=&#8221;2022&#8243; _builder_version=&#8221;4.25.0&#8243; _module_preset=&#8221;default&#8221; global_colors_info=&#8221;{}&#8221;]<\/p>\n<h3><span style=\"color: #3366ff;\"><a href=\"https:\/\/www.itim-cj.ro\/PNCDI\/ket-in-pamam\/wp-content\/uploads\/2023\/06\/Raport-Stiintific-Etapa-1_2022.pdf\" target=\"_blank\" rel=\"noopener\" style=\"color: #3366ff;\"><strong><span style=\"color: #3366ff;\">Raport \u0218tiin\u021bific Etapa 1<\/span><\/strong><\/a><\/span><\/h3>\n<h3><strong>Conferin\u021be<\/strong><\/h3>\n<ol>\n<li><em>\u201c12<sup>th<\/sup> International Advances in Applied Physics &amp; Materials Science Congress &amp; Exhibition (APMAS)\u201d<\/em> 13-19 Oct, 2022 Turcia \/ <strong><em>poster \u201cPAMAM dendrimer-encapsulated Ketoconazole for bioavailability enhancement<\/em><\/strong><em>\u201d<\/em>, Grosu, M. Micl\u0103u\u015f, I. Kacso, A. P\u00eern\u0103u, O. Opri\u015f, F. Martin, INCDTIM, Rom\u00e2nia<\/li>\n<li><em>\u201c<\/em>EU-OpenScreen Drive &#8211;<em> Medicinal chemistry in drug discovery, new therapeutical approaches\u201d <\/em>Worksop 19 Oct 2022, Institutul de Chimie &#8220;Coriolan Dragulescu&#8221;, Timi\u0219oara, Rom\u00e2nia<strong><em> \/ prezentare oral\u0103 <\/em><\/strong><strong><em>\u201c<\/em><\/strong><strong><em>Ketoconazole: from fundamentals to new antifungal formulations based on PAMAM dendrimers with improved biodisponibility\u201d<\/em><\/strong><em>, <\/em> Martin,<sup>1<\/sup>I. Kacso,<sup>1<\/sup>\u00a0I. Grosu,<sup>1<\/sup>\u00a0M. Miclaus,<sup>1<\/sup>\u00a0X. Filip,<sup>1<\/sup>\u00a0O. Opris,<sup>1<\/sup>\u00a0I. B\u00e2ldea,<sup>2<\/sup>\u00a0S. D\u0103nescu,<sup>2<\/sup>\u00a0D. Vodnar,<sup>3<\/sup>\u00a0M. Pop<sup>4 <\/sup>, <sup>1<\/sup>INCDTIM, Rom\u00e2nia, <sup>2<\/sup>UMF, Rom\u00e2nia, <sup>3<\/sup>USAMV, Rom\u00e2nia, <sup>4<\/sup>TeraCrystal, Rom\u00e2nia<\/li>\n<\/ol>\n<p>[\/et_pb_tab][\/et_pb_tabs][\/et_pb_column][\/et_pb_row][\/et_pb_section]<\/p>\n","protected":false},"excerpt":{"rendered":"<p>RezultateRezultate TE122 &#8211; 2022Raport \u0218tiin\u021bific Etapa 3 Articole Ketoconazole-Fumaric Acid Pharmaceutical Cocrystal: From Formulation Design for Bioavailability Improvement to Biocompatibility Testing and Antifungal Efficacy Evaluation, I. Baldea, R. Moldovan, A.L. Nagy, P.Bolfa, R. Decea, M. Miclaus, I. Lung, A.M.R. Gherman, A.Sevastre-Berghian, F. Martin, I. Kacso, V. R\u0103zniceanu, Int. J. Mol. Sci., 2024, 25(24):13346 Alte rezultate: [&hellip;]<\/p>\n","protected":false},"author":1,"featured_media":0,"parent":0,"menu_order":0,"comment_status":"closed","ping_status":"closed","template":"","meta":{"_et_pb_use_builder":"on","_et_pb_old_content":"","_et_gb_content_width":"","footnotes":""},"class_list":["post-94","page","type-page","status-publish","hentry"],"_links":{"self":[{"href":"https:\/\/www.itim-cj.ro\/PNCDI\/ket-in-pamam\/wp-json\/wp\/v2\/pages\/94","targetHints":{"allow":["GET"]}}],"collection":[{"href":"https:\/\/www.itim-cj.ro\/PNCDI\/ket-in-pamam\/wp-json\/wp\/v2\/pages"}],"about":[{"href":"https:\/\/www.itim-cj.ro\/PNCDI\/ket-in-pamam\/wp-json\/wp\/v2\/types\/page"}],"author":[{"embeddable":true,"href":"https:\/\/www.itim-cj.ro\/PNCDI\/ket-in-pamam\/wp-json\/wp\/v2\/users\/1"}],"replies":[{"embeddable":true,"href":"https:\/\/www.itim-cj.ro\/PNCDI\/ket-in-pamam\/wp-json\/wp\/v2\/comments?post=94"}],"version-history":[{"count":16,"href":"https:\/\/www.itim-cj.ro\/PNCDI\/ket-in-pamam\/wp-json\/wp\/v2\/pages\/94\/revisions"}],"predecessor-version":[{"id":182,"href":"https:\/\/www.itim-cj.ro\/PNCDI\/ket-in-pamam\/wp-json\/wp\/v2\/pages\/94\/revisions\/182"}],"wp:attachment":[{"href":"https:\/\/www.itim-cj.ro\/PNCDI\/ket-in-pamam\/wp-json\/wp\/v2\/media?parent=94"}],"curies":[{"name":"wp","href":"https:\/\/api.w.org\/{rel}","templated":true}]}}