{"id":119,"date":"2025-10-08T06:34:00","date_gmt":"2025-10-08T06:34:00","guid":{"rendered":"https:\/\/www.itim-cj.ro\/PNCDI\/marathon\/?page_id=119"},"modified":"2025-11-24T07:56:40","modified_gmt":"2025-11-24T07:56:40","slug":"rezultate","status":"publish","type":"page","link":"https:\/\/www.itim-cj.ro\/PNCDI\/marathon\/ro\/rezultate\/","title":{"rendered":"Rezultate"},"content":{"rendered":"<p>[et_pb_section fb_built=&#8221;1&#8243; admin_label=&#8221;About Us&#8221; module_id=&#8221;contact&#8221; _builder_version=&#8221;4.27.4&#8243; background_enable_color=&#8221;off&#8221; use_background_color_gradient=&#8221;on&#8221; background_color_gradient_direction=&#8221;201deg&#8221; background_color_gradient_stops=&#8221;#28511c 0%|rgba(5,119,34,0.57) 100%&#8221; background_color_gradient_overlays_image=&#8221;on&#8221; background_color_gradient_start=&#8221;#0c71c3&#8243; background_color_gradient_end=&#8221;#0c71c3&#8243; background_image=&#8221;https:\/\/www.itim-cj.ro\/PNCDI\/marathon\/wp-content\/uploads\/2025\/03\/PHOTO-2.jpg&#8221; custom_margin=&#8221;||||false|false&#8221; custom_padding=&#8221;86px||24px||false|false&#8221; locked=&#8221;off&#8221; global_colors_info=&#8221;{}&#8221;][et_pb_row _builder_version=&#8221;4.27.4&#8243; custom_margin=&#8221;-24px|auto||auto||&#8221; custom_padding=&#8221;20px|0px|41px|0px|false|false&#8221; global_colors_info=&#8221;{}&#8221;][et_pb_column type=&#8221;4_4&#8243; _builder_version=&#8221;4.16&#8243; custom_padding=&#8221;|||&#8221; global_colors_info=&#8221;{}&#8221; custom_padding__hover=&#8221;|||&#8221;][et_pb_text _builder_version=&#8221;4.27.4&#8243; text_font=&#8221;Montserrat|300|||||||&#8221; text_text_color=&#8221;#ffffff&#8221; text_font_size=&#8221;17px&#8221; text_line_height=&#8221;2em&#8221; header_font=&#8221;||||||||&#8221; header_2_font=&#8221;||||||||&#8221; header_3_font=&#8221;||||||||&#8221; header_3_font_size=&#8221;24px&#8221; header_3_line_height=&#8221;1.4em&#8221; background_layout=&#8221;dark&#8221; header_2_font_size_tablet=&#8221;30px&#8221; header_2_font_size_phone=&#8221;24px&#8221; header_2_font_size_last_edited=&#8221;off|desktop&#8221; header_3_font_size_tablet=&#8221;30px&#8221; header_3_font_size_phone=&#8221;24px&#8221; header_3_font_size_last_edited=&#8221;off|desktop&#8221; locked=&#8221;off&#8221; global_colors_info=&#8221;{}&#8221;]<\/p>\n<h1><span style=\"color: #febf10;\">Rezultate<\/span><\/h1>\n<p>[\/et_pb_text][\/et_pb_column][\/et_pb_row][\/et_pb_section][et_pb_section fb_built=&#8221;1&#8243; _builder_version=&#8221;4.27.4&#8243; _module_preset=&#8221;default&#8221; global_colors_info=&#8221;{}&#8221;][et_pb_row _builder_version=&#8221;4.27.4&#8243; _module_preset=&#8221;default&#8221; global_colors_info=&#8221;{}&#8221;][et_pb_column type=&#8221;4_4&#8243; _builder_version=&#8221;4.27.4&#8243; _module_preset=&#8221;default&#8221; global_colors_info=&#8221;{}&#8221;][et_pb_text _builder_version=&#8221;4.27.4&#8243; _module_preset=&#8221;default&#8221; hover_enabled=&#8221;0&#8243; global_colors_info=&#8221;{}&#8221; sticky_enabled=&#8221;0&#8243;]<\/p>\n<h3><span style=\"color: #3366ff;\"><a href=\"https:\/\/www.itim-cj.ro\/PNCDI\/marathon\/wp-content\/uploads\/2025\/11\/Rezumat-Etapa-1.pdf\" target=\"_blank\" rel=\"noopener\" style=\"color: #3366ff;\"><strong><span style=\"text-decoration: underline;\">Rezumatul Etapei I<\/span><\/strong><\/a><\/span><\/h3>\n<h2><\/h2>\n<h2>Capitol carte<\/h2>\n<ol>\n<li><strong><\/strong> Cezara Voica, Olivian Marincas, Ioana Feher, Andreea Maria Iordache. 2025. <em>River Water Chemistry in Romania: An Overview<\/em>. <strong>Chapter 5.<\/strong> In: <strong>Chemistry and Biochemistry: Research Progress.<\/strong> Vol. 5. Pag. 48-62. Print ISBN: 978-93-49729-89-6. E-ISBN: 978-93-49729-51-3. BP. International. DOI: 10.9734\/bpi\/cbrp\/v5\/4863.<\/li>\n<li><strong><\/strong> Cezara Voica, Andreea Maria Iordache. 2025. <em>Analysis of Strontium and Lead Isotopic Ratios in Environmental Matrices Using ICP-MS.<\/em> <strong>Chapter 7<\/strong>. In: <strong>Geography, Earth Science and Environment: Research Highlights. <\/strong>Vol. 8. Pag. 142-154. Print ISBN: 978-93-49729-94-0. E-ISBN: 978-93-49729-43-8. BP. International. DOI: 10.9734\/bpi\/geserh\/v8\/4862.<\/li>\n<\/ol>\n<h2>Lucr\u0103ri \u0219tiin\u021bifice<\/h2>\n<ol>\n<li><strong><\/strong> Lidia M\u0103geru\u015fan, Florina Pog\u0103cean, Stela Pruneanu. 2025<em>. <a href=\"https:\/\/doi.org\/10.1016\/j.microc.2025.113999.\" target=\"_blank\" rel=\"noopener\">Graphene produced via electrochemical exfoliation in instant coffee as effective sensing material for trace detection of sulfamethazine in milk samples<\/a>.<\/em> Microchemical Journal. Volume 214. 113999. ISSN 0026-265X.<\/li>\n<li><strong> <\/strong>Cezara Voica, Carmen Roba, Csilla Moln\u00e1r. 2025. <em><a href=\"https:\/\/doi.org\/10.1016\/j.jfca.2025.108242\" target=\"_blank\" rel=\"noopener\">Heavy metal contamination and health risk assessment of potatoes in Romania<\/a>.<\/em> Journal of Food Composition and Analysis. Volume 148, Part 1. 108242. ISSN 0889-1575.<\/li>\n<\/ol>\n<h2>Conferin\u021be<\/h2>\n<ol>\n<li><strong><\/strong> Lidia Magerusan, Olivian Marincas, Florina Pogacean, Cezara Voica. <em>Leveraging agricultural waste for the development of effective pollutant detection material in aquatic environments. <\/em>27<sup>th<\/sup> International Conference Materials, Methods &amp; Technologies. 13-18 August 2025, Burgas, Bulgaria<strong>.<\/strong><\/li>\n<li>2. Cezara Voica, Adriana Dehelean, Gabriel Gati, Olivian Marincas<em>. <\/em><em>Ecological risk assessment of heavy metal pollution along Aries River.<\/em> 15<sup>th<\/sup> International Conference \u201cProcesses in Isotopes and Molecules\u201c. 16-19 September 2025, Cluj-Napoca, Romania.<\/li>\n<li><strong><\/strong> Ioana Feher, Cezara Voica, Gabriela Cristea, Adriana Dehelean, Olivian Marincas. <em>Surface River water evaluation based on ICP-MS content and chemometrics.<\/em> 15<sup>th<\/sup> International Conference \u201cProcesses in Isotopes and Molecules\u201d. 16-19 Septemb<strong>er<\/strong> 2025, Cluj-Napoca, Romania.<\/li>\n<li>Gabriela Cristea, Romulus Puscas, Cezara Voica. <em>Aries River: insights from isotopic fingerprints of water and sediments.<\/em> 15<sup>th<\/sup> International Conference \u201cProcesses in Isotopes and Molecules\u201c. 16-19 September 2025, Cluj-Napoca, Romania.<\/li>\n<li><strong><\/strong> Adriana Dehelean, Cezara Voica, Olivian Marincas. <em>Spatial distribution of heavy metal(loid)s concentrations along Aries River basin: the health risk assessment among adults and children.<\/em> 24<sup>th<\/sup> International Conference \u201dLife Sciences for Sustainable Development\u201d, USAMV Cluj-Napoca, 25\u201327 September, 2025, Romania.<\/li>\n<li><strong><\/strong> Gabriela Cristea, Cezara Voica, Romulus Puscas. <em>From Mountain to the Sea: stable isotopes insights from the Arie<\/em><em>\u0219<\/em><em> River to the Black Sea.<\/em> <strong>24<sup>th\u00a0<\/sup>International Conference \u201dLife Sciences for Sustainable Development\u201d,<\/strong> USAMV Cluj-Napoca, 25\u201327 September, 2025, Romania.<\/li>\n<li><strong><\/strong> Adriana Dehelean, Cezara Voica. <em>M<\/em><em>ethod validation of toxic elements (Cd, Pb and As) analysis in fish by<\/em> <em>ICP-MS<\/em>. 24<sup>th<\/sup> International Conference \u201dLife Sciences for Sustainable Development\u201d, USAMV Cluj-Napoca, 25\u201327 September, 2025, Romania.<\/li>\n<\/ol>\n<p><strong>8. <\/strong>Ioana Feher, Olivian Marincas, Gabriel Gati, Cezara Voica. \u00a0<em>Comprehensive evalution of Aries River based on elemental content and chemometrics<\/em><strong>. <\/strong>24<sup>th<\/sup> International Conference \u201dLife Sciences for Sustainable Development\u201d, USAMV Cluj-Napoca, 25\u201327 September, 2025, Romania.<\/p>\n<p>&nbsp;<\/p>\n<p>[\/et_pb_text][\/et_pb_column][\/et_pb_row][\/et_pb_section]<\/p>\n","protected":false},"excerpt":{"rendered":"<p>RezultateRezumatul Etapei I Capitol carte Cezara Voica, Olivian Marincas, Ioana Feher, Andreea Maria Iordache. 2025. River Water Chemistry in Romania: An Overview. Chapter 5. In: Chemistry and Biochemistry: Research Progress. Vol. 5. Pag. 48-62. Print ISBN: 978-93-49729-89-6. E-ISBN: 978-93-49729-51-3. BP. International. DOI: 10.9734\/bpi\/cbrp\/v5\/4863. Cezara Voica, Andreea Maria Iordache. 2025. Analysis of Strontium and Lead Isotopic [&hellip;]<\/p>\n","protected":false},"author":1,"featured_media":0,"parent":0,"menu_order":0,"comment_status":"closed","ping_status":"closed","template":"","meta":{"_et_pb_use_builder":"on","_et_pb_old_content":"","_et_gb_content_width":"","footnotes":""},"class_list":["post-119","page","type-page","status-publish","hentry"],"_links":{"self":[{"href":"https:\/\/www.itim-cj.ro\/PNCDI\/marathon\/wp-json\/wp\/v2\/pages\/119","targetHints":{"allow":["GET"]}}],"collection":[{"href":"https:\/\/www.itim-cj.ro\/PNCDI\/marathon\/wp-json\/wp\/v2\/pages"}],"about":[{"href":"https:\/\/www.itim-cj.ro\/PNCDI\/marathon\/wp-json\/wp\/v2\/types\/page"}],"author":[{"embeddable":true,"href":"https:\/\/www.itim-cj.ro\/PNCDI\/marathon\/wp-json\/wp\/v2\/users\/1"}],"replies":[{"embeddable":true,"href":"https:\/\/www.itim-cj.ro\/PNCDI\/marathon\/wp-json\/wp\/v2\/comments?post=119"}],"version-history":[{"count":5,"href":"https:\/\/www.itim-cj.ro\/PNCDI\/marathon\/wp-json\/wp\/v2\/pages\/119\/revisions"}],"predecessor-version":[{"id":135,"href":"https:\/\/www.itim-cj.ro\/PNCDI\/marathon\/wp-json\/wp\/v2\/pages\/119\/revisions\/135"}],"wp:attachment":[{"href":"https:\/\/www.itim-cj.ro\/PNCDI\/marathon\/wp-json\/wp\/v2\/media?parent=119"}],"curies":[{"name":"wp","href":"https:\/\/api.w.org\/{rel}","templated":true}]}}