{"id":88,"date":"2024-01-16T07:13:23","date_gmt":"2024-01-16T07:13:23","guid":{"rendered":"https:\/\/www.itim-cj.ro\/PNCDI\/mebpepepr\/?page_id=88"},"modified":"2024-04-03T08:15:33","modified_gmt":"2024-04-03T08:15:33","slug":"results","status":"publish","type":"page","link":"https:\/\/www.itim-cj.ro\/PNCDI\/mebpepepr\/results\/","title":{"rendered":"Results"},"content":{"rendered":"<p>[et_pb_section fb_built=&#8221;1&#8243; _builder_version=&#8221;4.21.0&#8243; _module_preset=&#8221;default&#8221; use_background_color_gradient=&#8221;on&#8221; background_color_gradient_direction=&#8221;140deg&#8221; background_color_gradient_stops=&#8221;#004872 0%|rgba(41,17,96,0.49) 100%&#8221; background_color_gradient_overlays_image=&#8221;on&#8221; background_color_gradient_start=&#8221;#004872&#8243; background_color_gradient_end=&#8221;rgba(41,17,96,0.8)&#8221; background_image=&#8221;https:\/\/www.itim-cj.ro\/PNCDI\/mebpepepr\/wp-content\/uploads\/2023\/06\/cmArtboard-1.jpg&#8221; min_height=&#8221;325px&#8221; min_height_tablet=&#8221;325px&#8221; min_height_phone=&#8221;270px&#8221; min_height_last_edited=&#8221;on|phone&#8221; global_colors_info=&#8221;{}&#8221;][et_pb_row _builder_version=&#8221;4.16&#8243; _module_preset=&#8221;default&#8221; custom_padding=&#8221;60px|||||&#8221; global_colors_info=&#8221;{}&#8221;][et_pb_column type=&#8221;4_4&#8243; _builder_version=&#8221;4.16&#8243; _module_preset=&#8221;default&#8221; global_colors_info=&#8221;{}&#8221;][et_pb_text _builder_version=&#8221;4.23.4&#8243; _module_preset=&#8221;default&#8221; header_font=&#8221;Roboto|500|||||||&#8221; header_text_color=&#8221;#FFFFFF&#8221; header_font_size=&#8221;44px&#8221; global_colors_info=&#8221;{}&#8221;]<\/p>\n<h1 style=\"text-align: center;\">Results<\/h1>\n<p>[\/et_pb_text][\/et_pb_column][\/et_pb_row][\/et_pb_section][et_pb_section fb_built=&#8221;1&#8243; _builder_version=&#8221;4.16&#8243; _module_preset=&#8221;default&#8221; global_colors_info=&#8221;{}&#8221;][et_pb_row _builder_version=&#8221;4.16&#8243; _module_preset=&#8221;default&#8221; global_colors_info=&#8221;{}&#8221;][et_pb_column type=&#8221;4_4&#8243; _builder_version=&#8221;4.16&#8243; _module_preset=&#8221;default&#8221; global_colors_info=&#8221;{}&#8221;][et_pb_text _builder_version=&#8221;4.24.3&#8243; _module_preset=&#8221;default&#8221; hover_enabled=&#8221;0&#8243; custom_css_before=&#8221;||||&#8221; global_colors_info=&#8221;{}&#8221; sticky_enabled=&#8221;0&#8243;]<\/p>\n<h2><strong>Rezumat executiv al activit\u0103\u021bilor realizate \u00een perioada de implementare<\/strong><\/h2>\n<h3><strong>Etapa 1<\/strong><\/h3>\n<p><strong>A1.1: Proiectarea \u0219i clonarea MeBP bogat \u00een Cys<\/strong>, <strong>A1.2:<\/strong> <strong>Proiectarea \u0219i clonarea MeBP bogat \u00een His, A1.3: Generarea de constructe bogate \u00een aminoacizi carboxila\u021bi <\/strong><\/p>\n<p>Au fost proiecta\u021bi primeri pentru introducerea MeBPep bogat\u0103 \u00een Cys, His \u0219i aminoacizi carboxila\u021bi \u00een celule. Ulterior myrGFP-MeBPep-(Cys\/His\/aminoacizi carboxila\u021bi &#8211; rich) a fost amplificat prin PCR. Ampliconilor ob\u021binu\u021bi \u00een vectorul pGREG596, care datorit\u0103 secven\u021bei de miristoilare la cap\u0103tul N-terminal al ADN-uli pentru GFP permite exprimarea pe fa\u021ba interioar\u0103 a membranei plasmatice, au fost clona\u021bi. Ampliconii purifica\u021bi au fost inclu\u0219i \u00een vectorul pCRII prin procedeul TA cloning pentru subclon\u0103ri ulterioare \u00een vectori de interes. \u00cen paralel, ampliconii purifica\u021bi au fost cliva\u021bi cu restrictazele <em>Spe<\/em>I \u0219i <em>Sal<\/em>I \u0219i introdu\u0219i \u00een pGREG595 (\u00eentre situsurile <em>Spe<\/em>I \u0219i <em>Sal<\/em>I, concomitent cu eliminarea fragmentului myGFP din vector. Prin acest procedeu se \u00eenlocuie\u0219te fragmentul myrGFP cu myrGFP-MeBSeq. <em>Saccharomycs cerevisiae <\/em>BY4741 a fost transformat cu constructele ob\u021binute, ob\u021bin\u00e2ndu-se transforman\u021bi pentru toate plasmidele pozitive.<\/p>\n<p><strong>A1.4: Identificarea unor condi\u021bii adecvate pentru prepararea culturilor de <\/strong><strong>drojdie pentru spectroscopie EPR.<\/strong><\/p>\n<p>Tamponului de suspensie celular\u0103 a fost optimizat pentru cele 4 linii celulare, <em>WT, <\/em><em>PMR1, <\/em><em>\u00a0<\/em><em>SMF1 <\/em>\u0219i<em> PH84<\/em> \u0219i teste pentru stadiul optim de cre\u0219tere au fost efectuate prin analizarea popula\u021biilor de celule prin spectroscopiea UV-Vis la 400 nm pentru a determina densitatea optic\u0103 (DO) care indic\u0103 gradul de cre\u0219tere. Prin aceea\u0219i metoda densit\u0103\u021bii celulare optima \u00eentr-o popula\u021bie a fost determinat\u0103.<\/p>\n<p><strong>A1.5:\u00a0 Cultura celular\u0103 a tulpinilor de drojdie care exprim\u0103 diverse<\/strong><strong> GFP-MeBPep \u00een medii sintetice care imit\u0103 mediile obi\u0219nuite, care con\u021bin concentra\u021bii sc\u0103zute, dar definite de metale esen\u021biale. Caracterizare prin spectroscopia EPR. <\/strong><\/p>\n<p>Culturile de culele <em>WT, <\/em><em>PMR1, <\/em><em>\u00a0<\/em><em>SMF1 si PH84<\/em> au fost incubate in prezenta metalelor esen\u021biale, in acest caz ioni de Mn<sup>2+<\/sup>, variind timpul de expunere si concentra\u021bia metalelor. M\u0103sur\u0103torile efectuate prin microscopia electronica prin transmisie (TEM) \u00eempreuna cu EDS si mapping arata ca ionii de Mn<sup>2+<\/sup> rama\u0219i sunt lega\u021bi \/ acumula\u021bi in celule, fiind elimina\u021bi cei nelega\u021bi rama\u0219i in suspensie.<\/p>\n<p>Pentru a determina condi\u021biile optime de cre\u0219tere a linilor celulare folosite in prezenta ionilor de Mn<sup>2+<\/sup> pentru a fi analizate prin metoda spectroscopica EPR concentra\u021bia de Mn si timpii de incubare au fost varia\u021bi. Au fost analizate diferite concentra\u021bii de Mn la diferiti timpi de incubare. Timpii de incubare de 30 si 60 de minute si concentrati de Mn sub 1 mM s-au dovedit a cele mai favorabile pt spectroscopia EPR.<\/p>\n<p><strong>A1.6: Cultura celular\u0103 a tulpinilor de drojdie care exprim\u0103 diverse<\/strong><strong> GFP-MeBPep \u00een medii sintetice care con\u021bin concentra\u021bii mai mari dec\u00e2t cele normale, dar definite de metale esen\u021biale. Caracterizare prin spectroscopia EPR<\/strong><\/p>\n<p>Pentru a testa capacitatea linilor celulare folosite WT, PMR1,\u00a0 SMF1 si PH84, concentra\u021bia de ioni de Mn<sup>2+<\/sup> a fost variata de la 0 la 2 mM la un timp de incubare de 30 si 60 de minute. Semnalul EPR a celor 4 linii celulare in prezenta ionilor de Mn cu o concentra\u021bie mai mica sau egala cu 1 mM prezinta intensitati similara, indic\u00e2nd un mecanism al celulelor de blocare a metalelor. La concentra\u021bia de 2 mM Mn semnalul EPR creste puternic in cazul tuturor linilor celulare, indic\u00e2nd o hiperacumulare a ionilor de Mn la nivelul celulelor.<\/p>\n<h3><strong>Etapa 2<\/strong><\/h3>\n<p><strong>Act 2.1 &#8211; Proiectarea \u0219i clonarea MeBP bogat \u00een Cys, Act 2.2 &#8211; Proiectarea \u0219i clonarea MeBP bogat \u00een His (din O1, parea 2)<\/strong><\/p>\n<p>Au fost proiectati primeri pentru introducerea MeBPep bogat\u0103 \u00een Cys si His in celule. Ulterior myrGFP-MeBPep-(Cys\/His\/aminoacizi carboxila\u021bi &#8211; rich) a fost amplificat prin PCR. Ampliconilor ob\u021binu\u021bi \u00een vectorul pGREG596, care datorit\u0103 secven\u021bei de miristoilare la cap\u0103tul N-terminal al ADN-uli pentru GFP permite exprimarea pe fa\u021ba interioar\u0103 a membranei plasmatice, au fost clonati. Ampliconii purifica\u021bi au fost inclu\u0219i \u00een vectorul pCRII prin procedeul TA cloning pentru subclon\u0103ri ulterioare \u00een vectori de interes. \u00cen parelel, ampliconii purifica\u021bi au fost cliva\u021bi cu restrictazele <em>Spe<\/em>I \u0219i <em>Sal<\/em>I \u0219i introdu\u0219i \u00een pGREG595 (\u00eentre situsurile <em>Spe<\/em>I \u0219i <em>Sal<\/em>I, concomitent cu eliminarea fragmentului myGFP din vector. Prin acest procedeu se \u00eenlocuie\u0219te fragmentul myrGFP cu myrGFP-MeBSeq. <em>Saccharomycs cerevisiae <\/em>BY4741 a fost transformat cu constructele ob\u021binute, ob\u021binandu-se transforman\u021bi pentru toate plasmidele pozitive.<\/p>\n<p><strong>Act 2.3 &#8211; Cultura celular\u0103 a tulpinilor de drojdie care exprim\u0103 diverse GFP-MeBPep \u00een medii sintetice care imit\u0103 mediile obi\u0219nuite, care con\u021bin concentra\u021bii sc\u0103zute, dar definite de metale esen\u021biale. Caracterizare prin spectroscopia EPR. (din O2, partea 2), Act 2.4 &#8211; Cultura celular\u0103 a tulpinilor de drojdie care exprim\u0103 diverse GFP-MeBPep \u00een medii sintetice care con\u021bin concentra\u021bii mai mari dec\u00e2t cele normale, dar definite de metale esen\u021biale. Caracterizare prin spectroscopia EPR (din O3, partea 2)<\/strong><\/p>\n<p>Culturile de culele By212 0, 4, 5, 22 si DE3, E9, D9, H9 au fost incubate in prezenta metalelor esen\u021biale, in acest caz ioni de Cu<sup>2+<\/sup> si Mn<sup>2+<\/sup> variind timpul de expunere si concentra\u021bia.<\/p>\n<p>Pentru a determina condi\u021biile optime de cre\u0219tere a linilor celulare folosite in prezenta ionilor de Cu<sup>2+<\/sup> si\/sau Mn<sup>2+<\/sup> pentru a fi analizate prin metoda spectroscopica EPR concentra\u021bia de ioni demetale si timpii de incubare au fost varia\u021bi. Au fost analizate diferite concentra\u021bii de Cu si\/sau Mn la diferiti timpi de incubare. Timpii de incubare de 30 de minute si concentrati de Cu sub 1 mM s-au dovedit a cele mai favorabile pt spectroscopia EPR. In cazul ionilor de Mn nu a putut fi stabilita o limita superioara a concentratie de Mn asimilata de celule ei nefiind toxici, ca si cei de Cu, pt linile celulare folosite.<\/p>\n<p><strong>\u00a0<\/strong><strong>Act 2.5 &#8211; Dezvoltarea unui script MATLAB folosind rutina EasySpin pentru a simula spectrele EPR ob\u021binute (din O4, partea 1)<\/strong><\/p>\n<p>A fost dezvoltat un script Matlab pt simularea spectrelor EPR a ionilor de Cu<sup>2+<\/sup> si Mn<sup>2+<\/sup> pentru toate liniile celulare propuse. Prin simularea spectrelor EPR s-au putut determina cu o mai mare exactitate parametrii EPR a ionilor de metale folositi si mobilitatea acestora, stabilindu-se ca ei au fost incorporati in celule.<\/p>\n<h2><strong>Activity reports<br \/><\/strong><\/h2>\n<p><a href=\"https:\/\/www.itim-cj.ro\/PNCDI\/mebpepepr\/wp-content\/uploads\/2024\/01\/Raportare-etapa-1.pdf\" target=\"_blank\" rel=\"noopener\"><strong>Report Stage 1<\/strong><\/a><\/p>\n<p><a href=\"https:\/\/www.itim-cj.ro\/PNCDI\/mebpepepr\/wp-content\/uploads\/2024\/01\/Raportare-etapa-2.pdf\" target=\"_blank\" rel=\"noopener\"><strong>Report Stage 2<\/strong><\/a><\/p>\n<p><strong><a href=\"https:\/\/www.itim-cj.ro\/PNCDI\/mebpepepr\/wp-content\/uploads\/2024\/04\/Raport-Stiintific-Final.pdf\" target=\"_blank\" rel=\"noopener\">Final Scientific Report<\/a><\/strong><\/p>\n<h2><strong>Publications<\/strong><\/h2>\n<p><span><a href=\"https:\/\/doi.org\/10.3390\/ijms242417137\" target=\"_blank\" rel=\"noopener\">Decavanadate-Bearing Guanidine Derivatives Developed as Antimicrobial and Antitumor Species<\/a>, International Journal of Molecular Sciences 2023, 24(24), 17137, Andreea Dumitrescu, Catalin Maxim, Mihaela Badea, Arpad Mihai Rostas, Alexandra Cior\u00ee\u021b\u0103, Alina Tirsoaga, Rodica Olar<\/span><\/p>\n<p>[\/et_pb_text][\/et_pb_column][\/et_pb_row][\/et_pb_section]<\/p>\n","protected":false},"excerpt":{"rendered":"<p>ResultsRezumat executiv al activit\u0103\u021bilor realizate \u00een perioada de implementare Etapa 1 A1.1: Proiectarea \u0219i clonarea MeBP bogat \u00een Cys, A1.2: Proiectarea \u0219i clonarea MeBP bogat \u00een His, A1.3: Generarea de constructe bogate \u00een aminoacizi carboxila\u021bi Au fost proiecta\u021bi primeri pentru introducerea MeBPep bogat\u0103 \u00een Cys, His \u0219i aminoacizi carboxila\u021bi \u00een celule. Ulterior myrGFP-MeBPep-(Cys\/His\/aminoacizi carboxila\u021bi &#8211; [&hellip;]<\/p>\n","protected":false},"author":1,"featured_media":0,"parent":0,"menu_order":0,"comment_status":"closed","ping_status":"closed","template":"","meta":{"_et_pb_use_builder":"on","_et_pb_old_content":"","_et_gb_content_width":"","footnotes":""},"class_list":["post-88","page","type-page","status-publish","hentry"],"_links":{"self":[{"href":"https:\/\/www.itim-cj.ro\/PNCDI\/mebpepepr\/wp-json\/wp\/v2\/pages\/88","targetHints":{"allow":["GET"]}}],"collection":[{"href":"https:\/\/www.itim-cj.ro\/PNCDI\/mebpepepr\/wp-json\/wp\/v2\/pages"}],"about":[{"href":"https:\/\/www.itim-cj.ro\/PNCDI\/mebpepepr\/wp-json\/wp\/v2\/types\/page"}],"author":[{"embeddable":true,"href":"https:\/\/www.itim-cj.ro\/PNCDI\/mebpepepr\/wp-json\/wp\/v2\/users\/1"}],"replies":[{"embeddable":true,"href":"https:\/\/www.itim-cj.ro\/PNCDI\/mebpepepr\/wp-json\/wp\/v2\/comments?post=88"}],"version-history":[{"count":5,"href":"https:\/\/www.itim-cj.ro\/PNCDI\/mebpepepr\/wp-json\/wp\/v2\/pages\/88\/revisions"}],"predecessor-version":[{"id":101,"href":"https:\/\/www.itim-cj.ro\/PNCDI\/mebpepepr\/wp-json\/wp\/v2\/pages\/88\/revisions\/101"}],"wp:attachment":[{"href":"https:\/\/www.itim-cj.ro\/PNCDI\/mebpepepr\/wp-json\/wp\/v2\/media?parent=88"}],"curies":[{"name":"wp","href":"https:\/\/api.w.org\/{rel}","templated":true}]}}