{"id":75,"date":"2023-04-20T06:33:47","date_gmt":"2023-04-20T06:33:47","guid":{"rendered":"https:\/\/www.itim-cj.ro\/PNCDI\/polyteco\/?page_id=75"},"modified":"2023-12-06T11:49:19","modified_gmt":"2023-12-06T11:49:19","slug":"results","status":"publish","type":"page","link":"https:\/\/www.itim-cj.ro\/PNCDI\/polyteco\/results\/","title":{"rendered":"Results"},"content":{"rendered":"<p>[et_pb_section fb_built=&#8221;1&#8243; _builder_version=&#8221;4.16&#8243; _module_preset=&#8221;default&#8221; background_color=&#8221;#88c4dd&#8221; background_image=&#8221;https:\/\/www.itim-cj.ro\/PNCDI\/polyteco\/wp-content\/uploads\/2023\/04\/results-background.jpg&#8221; background_size=&#8221;initial&#8221; background_position=&#8221;bottom_left&#8221; custom_padding=&#8221;||95px|||&#8221; global_colors_info=&#8221;{}&#8221;][et_pb_row _builder_version=&#8221;4.16&#8243; _module_preset=&#8221;default&#8221; global_colors_info=&#8221;{}&#8221;][et_pb_column type=&#8221;4_4&#8243; _builder_version=&#8221;4.16&#8243; _module_preset=&#8221;default&#8221; global_colors_info=&#8221;{}&#8221;][et_pb_text _builder_version=&#8221;4.16&#8243; _module_preset=&#8221;default&#8221; header_text_color=&#8221;#ffffff&#8221; header_font_size=&#8221;36px&#8221; global_colors_info=&#8221;{}&#8221;]<\/p>\n<h1><strong>Results<\/strong><\/h1>\n<p>[\/et_pb_text][\/et_pb_column][\/et_pb_row][\/et_pb_section][et_pb_section fb_built=&#8221;1&#8243; _builder_version=&#8221;4.16&#8243; _module_preset=&#8221;default&#8221; custom_padding=&#8221;3px||0px|||&#8221; global_colors_info=&#8221;{}&#8221;][et_pb_row _builder_version=&#8221;4.16&#8243; _module_preset=&#8221;default&#8221; global_colors_info=&#8221;{}&#8221;][et_pb_column type=&#8221;4_4&#8243; _builder_version=&#8221;4.16&#8243; _module_preset=&#8221;default&#8221; global_colors_info=&#8221;{}&#8221;][et_pb_text _builder_version=&#8221;4.23.1&#8243; _module_preset=&#8221;default&#8221; hover_enabled=&#8221;0&#8243; global_colors_info=&#8221;{}&#8221; sticky_enabled=&#8221;0&#8243;]<\/p>\n<p><strong>Reports<\/strong><\/p>\n<p><a href=\"https:\/\/www.itim-cj.ro\/PNCDI\/polyteco\/wp-content\/uploads\/2023\/12\/Rezumat-Final-Proiect.pdf\" target=\"_blank\" rel=\"noopener\"><strong>Final Scientific Report<\/strong><\/a><\/p>\n<p><strong><a href=\"https:\/\/www.itim-cj.ro\/PNCDI\/polyteco\/wp-content\/uploads\/2023\/12\/PN-III-P4-ID-PCE-2020-1595_Raport-stiintific_Etapa-III.pdf\" target=\"_blank\" rel=\"noopener\">Scientific Report Stage 3<\/a><br \/><\/strong><\/p>\n<p><strong><a href=\"https:\/\/www.itim-cj.ro\/PNCDI\/polyteco\/wp-content\/uploads\/2023\/12\/PN-III-P4-ID-PCE-2020-1595_Raport-stiintific_Etapa-II.pdf\" target=\"_blank\" rel=\"noopener\">Scientific Report Stage 2<\/a><br \/><\/strong><\/p>\n<p><a href=\"https:\/\/www.itim-cj.ro\/PNCDI\/polyteco\/wp-content\/uploads\/2023\/12\/PN-III-P4-ID-PCE-2020-1595_Raport-stiintific_Etapa-I.pdf\" target=\"_blank\" rel=\"noopener\"><strong>Scientific Report Stage 1<\/strong><\/a><\/p>\n<p><strong>Project-related publications<\/strong><\/p>\n<ol><\/ol>\n<ol>\n<li><strong> <\/strong><strong> A. Nan<\/strong>*, I.-V. Ganea, S. Macavei, R. Turcu, <a href=\"https:\/\/doi.org\/10.3390\/nano11123276\" target=\"_blank\" rel=\"noopener\">Aminopropylimidazole as an advantageous coating in the synthesis of functionalized magnetite nanoparticles<\/a>, Nanomaterials, 11, 3276, <strong>2021<\/strong>.<\/li>\n<li><strong> <\/strong>Anca Petran, Teodora Radu, Monica Dan and Alexandrina Nan*, <a href=\"https:\/\/doi.org\/10.3390\/ijms24087606\" target=\"_blank\" rel=\"noopener\">Exploiting Enzyme in the Polymer Synthesis for a Remarkable Increase in Thermal Conductivity<\/a>, International Journal of Molecular Science, Vol. 24, 7606, <strong>2023<\/strong>.<\/li>\n<li><strong> <\/strong>Alexandrina Nan*, Teodora Radu, Xenia Filip, Niculina Daniela H\u0103dade, Fran Nekvapil, Maria Micl\u0103u\u015f, Irina Kacs\u00f3, <a href=\"https:\/\/doi.org\/10.1016\/j.polymer.2023.126261\" target=\"_blank\" rel=\"noopener\">Efficient chemical synthesis of new thermoplastic fluorinated aromatic polyester<\/a>, Polymer, 283, 12626, <strong>2023<\/strong>.<\/li>\n<li><strong> <\/strong>Alexander Bunge, Teodora Radu, Gheorghe Borodi, Alexandrina Nan*, <a href=\"https:\/\/doi.org\/10.3390\/polym15234472.\" target=\"_blank\" rel=\"noopener\">Green synthesis of gold, silver, copper and magnetite particles using poly(tartaric acid) simultaneously as coating and reductant<\/a>, Polymers, 15, 4472, <strong>2023<\/strong>.<\/li>\n<li><strong> <\/strong>George Ispas, Izabell Craciunescu, Claudia Lar, Teodora Radu and Alexandrina Nan*, <em>Influence of magnetic nanoparticle on the thermal conductivity of crosslinked polytartaric acid<\/em>, manuscript submitted to <em>Composites Part B: Engineering<\/em>, JCOMB-D-23-06533.<\/li>\n<\/ol>\n<p><strong>Patent<br \/><\/strong><\/p>\n<p><span>RO132573 data eliber\u01cerii 28.02.2023, Alexandrina Nan, <\/span><span><strong>Poliester care con\u0163ine \u00een structur\u01ce grup\u01ceri carboxil<\/strong>.<\/span><\/p>\n<p><strong>Patent application<\/strong><\/p>\n<p>1. Metod\u01ce de sintez\u01ce enzimatic\u01ce a poli(benzofuran-co-acid arilacetic), inventatori: Alexandrina Nan, Anca Petran, Teodora Radu, Cerere de brevet nr. A00765\/09.12.2021.<\/p>\n<p>2. Metod\u01ce de sintez\u01ce enzimatic\u01ce a acidului politartaric, inventatori: Alexandrina Nan, Anca Petran, Teodora Radu, Cerere de brevet nr. A\/00119\/11.03.2022.<\/p>\n<p>3. Poliester fluorurat \u015fi metoda de sintez\u01ce a acestuia, inventatori: Alexandrina Nan, Teodora Radu, Cerere de brevet nr. A\/00349\/20.06.2022.<\/p>\n<p><strong>Conference participation and Seminars<\/strong><\/p>\n<p><strong>Conferences:<\/strong><\/p>\n<ol>\n<li><strong> <\/strong><span>Petran, X. Filip, P. Podea, A. Nan,\u00a0\u201eThe strength of enzymes in polymerization reactions of \u03b1-hydroxy acids\u201d,\u00a0<em>13<sup>th<\/sup>International Conference Processes in Isotopes and Molecules<\/em>, 22-24 September 2021, Cluj-Napoca, Romania.<\/span><\/li>\n<li><strong> <\/strong><span>Iolanda Veronica Ganea, Alexandrina Nan, C\u01celin Baciu, \u201eNew Crosslinked Eco-Friendly Polymer for Environmental Applications\u201d, <em>2<sup>nd<\/sup>International Conference Strategies toward Green Deal Implementation Water, Raw Materials &amp; Energy<\/em>, 8-10 December, 2021, on-line.<\/span><\/li>\n<li><strong> <\/strong><span>Alexandrina Nan, Anca Petran, Alexander Bunge, Teodora Radu, Xenia Filip, \u201eTailoring the polytartaric acid structure for enhanced thermal conductivity\u201d, <em>2<sup>nd<\/sup>Online International Conference on Functional Materials and Chemical Engineering<\/em>, 4-5 April, on-line.<\/span><\/li>\n<li><strong> <\/strong><span>Alexandrina Nan, Teodora Radu, Xenia Filip, Monica Dan, \u201eAn efficient, eco-friendly and sustainable one-pot synthesis of a new fluorinated aromatic polyester\u201d, <em>14<sup>th<\/sup>International Conference on Physics of Advanced Materials (ICPAM-14)<\/em>, 8-16 September, 2022, Dubrovnik, Croatia.<\/span><\/li>\n<li><strong> <\/strong><span>Anca Petran, Teodora Radu, Xenia Filip, Alexandrina Nan, \u201eEnzymatic synthesis of new poly(hydroxy acids) with an ordered structure and high thermal conductivity\u201d,\u00a0<em>15<sup>th<\/sup>International Conference on Chemistry<\/em>, 23-24 September, 2023, virtual conference.<\/span><\/li>\n<li><strong> <\/strong><span>George Ispas, Izabell Cr\u01ceciunescu, Iolanda Ganea, Claudia Lar, Teodora Radu and Alexandrina Nan*, \u201e<\/span><span>Influence of magnetic nanoparticle on the thermal conductivity of crosslinked polytartaric acid<\/span><span>\u201d, <\/span><span><em><span>20<sup>th<\/sup>\u00a0International Conference on Advanced Nanomaterials \u2013 (ANM-2023)<\/span><\/em><span>, 26-28 July 2023, Aveiro, Portugal.<\/span><\/span><\/li>\n<li><strong> <\/strong><span>Alexandrina Nan, Teodora Radu, Anca Petran, Iolanda Ganea and Claudia Lar, \u201ePolyesters copolymers and their composites with high thermal conductivity\u201d, <\/span><span><em>6<sup>th<\/sup> World Chemistry <\/em><\/span><span><em>Conference and Exhibition<\/em><\/span><span>, 11-12 September 2023, Barcelona, Spain.<\/span><\/li>\n<li><strong> <\/strong><span>Alexandrina Nan, George Ispas, Izabell Cr\u01ceciunescu, Monica Dan, Iolanda Ganea, Teodora Radu, \u201eThe impact of different inorganic fillers on the thermal conductivity of crosslinked polytartaric acid\u201d, <\/span><span><em>4<sup>th<\/sup> Edition of Polymer Connect-2023<\/em><\/span><span>, <\/span><span>23-25 October 2023, Valencia, Spania.<\/span><\/li>\n<\/ol>\n<p><strong>Poster presentations:<\/strong><\/p>\n<ol>\n<li><strong> <\/strong><span> Nan, X. Filip, C. Tripon, D. D\u0103d\u00e2rlat, The influence of thermal conductivity of poly(benzofuran-<em>co<\/em>-arylacetic acid) by crosslinking reactions with diamines, 13<sup>th<\/sup>International Conference Processes in Isotopes and Molecules, 22-24 September 2021, Cluj-Napoca, Romania.<\/span><\/li>\n<li><strong> <\/strong><span> Nan, T. Radu, C. Socaci, I.-V. Ganea, M. Dan, \u201e<\/span><span>Thermal conductivity enrichment for a novel thermoplastic polymer by using different filler\u201d, <\/span><span><em>14<sup>th<\/sup>\u00a0International Conference Processes in Isotopes and Molecules<\/em><\/span><span>, 19-22 September 2023, Cluj-Napoca, Romania.<\/span><\/li>\n<li>George Ispas, Izabell Cr\u0103ciunescu, Teodora Radu, Alexandrina Nan, \u201cDesign of magnetic nanoparticles for significantly enhanced thermal conductivity of polyfluoromandelic acid composites\u201d, 15<sup>th<\/sup> <em>International Conference on Physics of Advanced Materials (ICPAM-15), <\/em>19-26 November, 2023, Sharm El Sheikh, Egipt.<\/li>\n<\/ol>\n<p><strong>Seminar:<\/strong><\/p>\n<ol>\n<li><strong> <\/strong>\u201eNeoteric polymers with tunable thermal conductivity\u201d, Project presentation in the Seminar within the Institute, 27.05.2021<\/li>\n<\/ol>\n<p><strong>\u00a0<\/strong><strong>Progress Reports<\/strong><\/p>\n<p><strong>Products and methods<\/strong><\/p>\n<ol>\n<li><strong> <\/strong>\u201eMetod\u01ce enzimatic\u01ce de sintez\u01ce a acidului politartaric\u201d, Nr. 8959\/14.01.2022.<\/li>\n<li><strong> <\/strong><span>\u201eMetod\u01ce enzimatic\u01ce de sintez\u01ce a acidului poli(tartronic-<em>co<\/em>-glicolic)\u201d, Nr. 8959\/14.01.2022.<\/span><\/li>\n<li><strong> <\/strong><span>\u201ePoli(benzofuran-co-acid arilacetic) func\u0163ionalizat cu fosfoetanolamin\u01ce<\/span><span>\u201d, <\/span><span> 8879\/12.10.2021.<\/span><\/li>\n<li><strong> <\/strong>\u201eAcid politartaric functionalizat cu borat de 2-aminoetoxidifenil\u201d, Nr. 8879\/12.10.2021.<\/li>\n<li><strong> <\/strong>\u201ePoli(benzofuran-co-acid arilacetic) reticulat cu 4,7,10-trioxa-1,13-tridecandiamin\u0103\u201d, Nr. 9033\/18.01.2022.<\/li>\n<li><strong> <\/strong><span>\u201eCopolimer cu structur\u0103 bloc de tipul poli(benzofuran-<em>co<\/em>-acid arilacetic)-<em>b<\/em>-polimalic cu conductivitate termic\u0103 mare\u201d, Nr. 271\/29.11.2022.<\/span><\/li>\n<li><strong> <\/strong><span>\u201eCopolimer cu structur\u0103 aleatorie de tipul poli(benzofuran-<em>co<\/em>-acid arilacetic)-<em>ran<\/em>-polimalic cu conductivitate termic\u0103 ridicat\u0103\u201d, Nr. 271\/29.11.2022.<\/span><\/li>\n<li><strong> <\/strong><span>\u201eCopolimer cu structur\u0103 bloc de tipul acid politartaric-<em>b<\/em>-acid polimalic cu conductivitate termic\u0103 mai mare\u201d, Nr. 272\/29.11.2022.<\/span><\/li>\n<li><strong> <\/strong><span>\u201eCopolimer cu structur\u0103 aleatorie de tipul acid politartaric-<em>b<\/em>-acid polilactic cu conductivitate termic\u0103 crescut\u01ce\u201d, Nr. 272\/29.11.2022.<\/span><\/li>\n<li><strong> <\/strong><span>\u201eCopolimerului cu structur\u0103 aleatorie de tipul acid poli(tartronic-<em>co<\/em>-glicolic)-<em>ran<\/em>-polimalic cu conductivitate termic\u0103 \u00eenbun\u01cet\u01ce\u0163it\u01ce\u201d, Nr. 273\/29.11.2022.<\/span><\/li>\n<li><strong> <\/strong><span>\u201eCopolimerului cu structur\u0103 aleatorie de tipul acid poli(tartronic-<em>co<\/em>-glicolic)-<em>ran<\/em>-polimalic cu conductivitate termic\u0103 \u00eembog\u0103\u021bit\u0103\u201d, 273\/29.11.2022.<\/span><\/li>\n<li><strong> <\/strong><span>\u201eCompozit a acidului poli(tartronic-co-glicolic) \u015fi nitrur\u01ce de bor cu conductivitate termic\u01ce ridicat\u01ce\u201d, Nr. 963\/27.11.2023.<\/span><\/li>\n<li><strong> <\/strong><span>\u201eCompozit pe baz\u01ce de acid politartaric reticulat \u015fi SBA-15 dopat cu ioni de argint cu conductivitate termic\u01ce superioar\u01ce\u201d, Nr. 964\/28.11.2023.<\/span><\/li>\n<li><strong> <\/strong><span>\u201eCompozit pe baz\u01ce de poli(benzofuran-<em>co<\/em>-acid arilacetic) \u015fi nanoparticule de argint cu conductivitate termic\u01ce \u00eembun\u01cet\u01ce\u0163it\u01ce\u201d, Nr. 965\/28.11.2023.<\/span><strong><\/strong><\/li>\n<\/ol>\n<ol><\/ol>\n<p>[\/et_pb_text][\/et_pb_column][\/et_pb_row][\/et_pb_section]<\/p>\n","protected":false},"excerpt":{"rendered":"<p>ResultsReports Final Scientific Report Scientific Report Stage 3 Scientific Report Stage 2 Scientific Report Stage 1 Project-related publications A. Nan*, I.-V. Ganea, S. Macavei, R. Turcu, Aminopropylimidazole as an advantageous coating in the synthesis of functionalized magnetite nanoparticles, Nanomaterials, 11, 3276, 2021. Anca Petran, Teodora Radu, Monica Dan and Alexandrina Nan*, Exploiting Enzyme in the [&hellip;]<\/p>\n","protected":false},"author":1,"featured_media":0,"parent":0,"menu_order":0,"comment_status":"closed","ping_status":"closed","template":"","meta":{"_et_pb_use_builder":"on","_et_pb_old_content":"","_et_gb_content_width":"","footnotes":""},"class_list":["post-75","page","type-page","status-publish","hentry"],"_links":{"self":[{"href":"https:\/\/www.itim-cj.ro\/PNCDI\/polyteco\/wp-json\/wp\/v2\/pages\/75","targetHints":{"allow":["GET"]}}],"collection":[{"href":"https:\/\/www.itim-cj.ro\/PNCDI\/polyteco\/wp-json\/wp\/v2\/pages"}],"about":[{"href":"https:\/\/www.itim-cj.ro\/PNCDI\/polyteco\/wp-json\/wp\/v2\/types\/page"}],"author":[{"embeddable":true,"href":"https:\/\/www.itim-cj.ro\/PNCDI\/polyteco\/wp-json\/wp\/v2\/users\/1"}],"replies":[{"embeddable":true,"href":"https:\/\/www.itim-cj.ro\/PNCDI\/polyteco\/wp-json\/wp\/v2\/comments?post=75"}],"version-history":[{"count":14,"href":"https:\/\/www.itim-cj.ro\/PNCDI\/polyteco\/wp-json\/wp\/v2\/pages\/75\/revisions"}],"predecessor-version":[{"id":111,"href":"https:\/\/www.itim-cj.ro\/PNCDI\/polyteco\/wp-json\/wp\/v2\/pages\/75\/revisions\/111"}],"wp:attachment":[{"href":"https:\/\/www.itim-cj.ro\/PNCDI\/polyteco\/wp-json\/wp\/v2\/media?parent=75"}],"curies":[{"name":"wp","href":"https:\/\/api.w.org\/{rel}","templated":true}]}}