{"id":44,"date":"2025-11-17T13:00:18","date_gmt":"2025-11-17T13:00:18","guid":{"rendered":"http:\/\/www.itim-cj.ro\/bilateral\/dual-nano\/home-romana\/"},"modified":"2025-11-18T07:05:26","modified_gmt":"2025-11-18T07:05:26","slug":"home-romana","status":"publish","type":"page","link":"https:\/\/www.itim-cj.ro\/bilateral\/dual-nano\/ro\/home-romana\/","title":{"rendered":"Acas\u0103"},"content":{"rendered":"\n<h1 class=\"wp-block-heading has-text-color has-link-color wp-elements-0c924697c3f932de6888db08ff19ce83\" style=\"color:#006878;text-transform:none\"><strong>Dezvoltarea unei formul\u0103ri topice combinate cu dubl\u0103 ac\u021biune terapeutic\u0103 \u0219i propriet\u0103\u021bi biofarmaceutice optimizate utiliz\u00e2nd nanovezicule transportoare<\/strong> &#8211; DUAL-NANO<\/h1>\n\n\n\n<p class=\"has-medium-font-size\"><em><strong>Program:<\/strong><\/em> Cooperare European\u0103 \u0219i Interna\u021bional\u0103<br><em><strong>Tip proiect:<\/strong><\/em> Proiecte complexe bilaterale cu Republica Moldova<br><em><strong><em>Cod Proiect:<\/em><\/strong><\/em> PN-IV-PCB-RO-MD-2024-0313<br><em><strong>Contract nr.:<\/strong><\/em> 39PCBROMD\/2025<br><strong>Durata:<\/strong> 01.09.2025 \u2013 31.08.2027<\/p>\n\n\n\n<p class=\"has-medium-font-size\"><em><em><strong>Institu\u021bia gazd\u0103:<\/strong><\/em><\/em> <a href=\"https:\/\/ro.itim-cj.ro\/\" target=\"_blank\" rel=\"noreferrer noopener\">Institutul Na\u021bional de Cercetare-Dezvoltare pentru Tehnologii Izotopice \u0219i Moleculare (INCDTIM) Cluj-Napoca<\/a><\/p>\n\n\n\n<p class=\"has-medium-font-size\"><em><strong>Partener:<\/strong><\/em> <a href=\"https:\/\/www.usmf.md\/ro\" target=\"_blank\" rel=\"noreferrer noopener\">Universitatea de Stat de Medicin\u0103 \u0219i Farmacie \u201eNicolae Testemi\u021banu\u201d Chi\u0219in\u0103u, Republica Moldova<\/a><\/p>\n\n\n\n<p class=\"has-medium-font-size\"><em><strong>Finan\u021bat de<\/strong>:<\/em> <a href=\"https:\/\/uefiscdi.gov.ro\/\" target=\"_blank\" rel=\"noreferrer noopener\">Unitatea Executiv\u0103 pentru Finan\u021barea \u00cenv\u0103\u021b\u0103m\u00e2ntului Superior, a Cercet\u0103rii, Dezvolt\u0103rii \u0219i Inov\u0103rii &#8211; UEFISCDI<\/a> \u0219i <a href=\"https:\/\/ancd.gov.md\/ro\" target=\"_blank\" rel=\"noreferrer noopener\">Agen\u021bia Na\u021bional\u0103 pentru Cercetare \u0219i Dezvoltare ANCD din Republica Moldova<\/a><\/p>\n\n\n\n<p class=\"has-medium-font-size\"><em><strong>Scopul proiectului:<\/strong><\/em> dezvoltarea unei formul\u0103ri topice originale, combinate, cu ac\u021biune terapeutic\u0103 dubl\u0103, prin \u00eencorporarea unor agen\u021bi antiinflamatori \u0219i antiinfec\u021bio\u0219i sintetici \u0219i naturali \u00een nanovezicule utilizate ca transportori de medicamente, cu scopul de a a \u00eembun\u0103t\u0103\u021bi eliberarea \u0219i biodisponibilitatea substan\u021belor active \u0219i de a optimiza propriet\u0103\u021bile biofarmaceutice pentru ob\u021binerea unor efecte terapeutice eficiente \u0219i de durat\u0103.&nbsp;&nbsp;&nbsp;&nbsp;&nbsp;&nbsp;&nbsp;&nbsp;&nbsp;&nbsp;&nbsp;&nbsp;&nbsp;&nbsp;&nbsp;&nbsp;&nbsp;&nbsp;&nbsp;&nbsp;&nbsp;&nbsp;&nbsp;&nbsp;&nbsp;&nbsp;&nbsp;&nbsp;&nbsp;&nbsp;&nbsp;&nbsp;&nbsp;&nbsp;&nbsp;&nbsp;&nbsp;&nbsp;&nbsp;&nbsp;&nbsp;&nbsp;&nbsp;&nbsp;&nbsp;&nbsp;&nbsp;&nbsp;&nbsp;&nbsp;&nbsp;&nbsp;&nbsp;&nbsp;&nbsp;&nbsp;&nbsp;&nbsp;&nbsp;&nbsp;&nbsp;&nbsp;&nbsp;&nbsp;&nbsp;&nbsp;&nbsp;&nbsp;&nbsp;&nbsp;&nbsp;&nbsp;&nbsp;&nbsp;&nbsp;&nbsp;&nbsp;&nbsp;&nbsp;&nbsp;&nbsp;&nbsp;&nbsp;&nbsp;&nbsp;&nbsp;&nbsp;&nbsp;<\/p>\n","protected":false},"excerpt":{"rendered":"<p>Dezvoltarea unei formul\u0103ri topice combinate cu dubl\u0103 ac\u021biune terapeutic\u0103 \u0219i propriet\u0103\u021bi biofarmaceutice optimizate utiliz\u00e2nd nanovezicule transportoare &#8211; DUAL-NANO Program: Cooperare European\u0103 \u0219i Interna\u021bional\u0103Tip proiect: Proiecte complexe bilaterale cu Republica MoldovaCod [&hellip;]<\/p>\n","protected":false},"author":1,"featured_media":0,"parent":0,"menu_order":0,"comment_status":"closed","ping_status":"closed","template":"","meta":{"footnotes":""},"class_list":["post-44","page","type-page","status-publish","hentry"],"_links":{"self":[{"href":"https:\/\/www.itim-cj.ro\/bilateral\/dual-nano\/wp-json\/wp\/v2\/pages\/44","targetHints":{"allow":["GET"]}}],"collection":[{"href":"https:\/\/www.itim-cj.ro\/bilateral\/dual-nano\/wp-json\/wp\/v2\/pages"}],"about":[{"href":"https:\/\/www.itim-cj.ro\/bilateral\/dual-nano\/wp-json\/wp\/v2\/types\/page"}],"author":[{"embeddable":true,"href":"https:\/\/www.itim-cj.ro\/bilateral\/dual-nano\/wp-json\/wp\/v2\/users\/1"}],"replies":[{"embeddable":true,"href":"https:\/\/www.itim-cj.ro\/bilateral\/dual-nano\/wp-json\/wp\/v2\/comments?post=44"}],"version-history":[{"count":5,"href":"https:\/\/www.itim-cj.ro\/bilateral\/dual-nano\/wp-json\/wp\/v2\/pages\/44\/revisions"}],"predecessor-version":[{"id":87,"href":"https:\/\/www.itim-cj.ro\/bilateral\/dual-nano\/wp-json\/wp\/v2\/pages\/44\/revisions\/87"}],"wp:attachment":[{"href":"https:\/\/www.itim-cj.ro\/bilateral\/dual-nano\/wp-json\/wp\/v2\/media?parent=44"}],"curies":[{"name":"wp","href":"https:\/\/api.w.org\/{rel}","templated":true}]}}