{"id":61,"date":"2025-11-17T13:20:36","date_gmt":"2025-11-17T13:20:36","guid":{"rendered":"http:\/\/www.itim-cj.ro\/bilateral\/dual-nano\/?page_id=61"},"modified":"2026-03-16T06:59:21","modified_gmt":"2026-03-16T06:59:21","slug":"obiective","status":"publish","type":"page","link":"https:\/\/www.itim-cj.ro\/bilateral\/dual-nano\/ro\/obiective\/","title":{"rendered":"Obiective"},"content":{"rendered":"\n<p class=\"has-medium-font-size\"><strong><em>O1<\/em><\/strong><strong>.<\/strong> Construirea \u0219i intensificarea colabor\u0103rii la nivel individual \u0219i institu\u021bional \u00eentre partenerii proiectului, cercet\u0103torii de la INCDTIM &#8211; Rom\u00e2nia \u0219i USMF \u201eNicolae Testemi\u021banu\u201d &#8211; Republica Moldova.<\/p>\n\n\n\n<p class=\"has-medium-font-size\"><strong><em>O2<\/em><\/strong>. Dezvoltarea de nanoplatforme veziculare prin \u00eencapsularea <em>Nimesulidei<\/em> \u0219i <em>Clorhexidinei<\/em> \u00een <em>bilozomi.<\/em><\/p>\n\n\n\n<p class=\"has-medium-font-size\"><strong><em>O3<\/em><\/strong>. Optimizarea efectului antiinflamator \u0219i antibacterian al nanoplatformelor veziculare cu extract natural de B<em>oswellia serrata<\/em> pentru administrare topic\u0103.<\/p>\n\n\n\n<h3 class=\"wp-block-heading\"><strong>Impactul cognitiv \u0219i socio-economic<\/strong><\/h3>\n\n\n\n<ul class=\"wp-block-list\">\n<li class=\"has-medium-font-size\">Cercetarea realizat\u0103 \u00een colaborare de c\u0103tre cercet\u0103torii de la INCDTIM din Rom\u00e2nia \u0219i cei de la Facultatea de Farmacie a USMF Nicolae Testemi\u021banu din Republica Moldova va conduce la transferul de cuno\u0219tin\u021be privind dezvoltarea de formul\u0103ri topice combinate cu ac\u021biune terapeutic\u0103 dubl\u0103 \u00eentre membrii celor dou\u0103 echipe participante la realizarea proiectului \u0219i va consolida colaborarea dintre cele dou\u0103 institu\u021bii partenere.<\/li>\n\n\n\n<li class=\"has-medium-font-size\">Produsul topic cu ac\u021biune terapeutic\u0103 dubl\u0103 &#8211; antiinflamatoare \u0219i antibacterian\u0103 &#8211; \u00a0propus spre dezvoltare va avea un impact socio-economic important prin:\n<ul class=\"wp-block-list\">\n<li class=\"has-medium-font-size\">\u00eembun\u0103t\u0103\u021bind st\u0103rii fizice \u0219i mentale a persoanelor bolnave, contribuind astfel la cre\u0219terea calit\u0103\u021bii vie\u021bii \u0219i a capacit\u0103\u021bii de munc\u0103 prin diminuarea durerii \u0219i a disconfortului provocat de procesele inflamatorii la nivel local;<\/li>\n\n\n\n<li class=\"has-medium-font-size\">reducerea implicit\u0103 a costurilor \u0219i a efectelor secundare asociate medicamentelor antiinflamatoare\/antibacteriene administrate pe cale oral\u0103, prin \u00eenlocuirea acestora sau scurtarea duratei de tratament.<\/li>\n<\/ul>\n<\/li>\n<\/ul>\n","protected":false},"excerpt":{"rendered":"<p>O1. Construirea \u0219i intensificarea colabor\u0103rii la nivel individual \u0219i institu\u021bional \u00eentre partenerii proiectului, cercet\u0103torii de la INCDTIM &#8211; Rom\u00e2nia \u0219i USMF \u201eNicolae Testemi\u021banu\u201d &#8211; Republica Moldova. O2. Dezvoltarea de nanoplatforme [&hellip;]<\/p>\n","protected":false},"author":1,"featured_media":0,"parent":0,"menu_order":0,"comment_status":"closed","ping_status":"closed","template":"","meta":{"footnotes":""},"class_list":["post-61","page","type-page","status-publish","hentry"],"_links":{"self":[{"href":"https:\/\/www.itim-cj.ro\/bilateral\/dual-nano\/wp-json\/wp\/v2\/pages\/61","targetHints":{"allow":["GET"]}}],"collection":[{"href":"https:\/\/www.itim-cj.ro\/bilateral\/dual-nano\/wp-json\/wp\/v2\/pages"}],"about":[{"href":"https:\/\/www.itim-cj.ro\/bilateral\/dual-nano\/wp-json\/wp\/v2\/types\/page"}],"author":[{"embeddable":true,"href":"https:\/\/www.itim-cj.ro\/bilateral\/dual-nano\/wp-json\/wp\/v2\/users\/1"}],"replies":[{"embeddable":true,"href":"https:\/\/www.itim-cj.ro\/bilateral\/dual-nano\/wp-json\/wp\/v2\/comments?post=61"}],"version-history":[{"count":4,"href":"https:\/\/www.itim-cj.ro\/bilateral\/dual-nano\/wp-json\/wp\/v2\/pages\/61\/revisions"}],"predecessor-version":[{"id":101,"href":"https:\/\/www.itim-cj.ro\/bilateral\/dual-nano\/wp-json\/wp\/v2\/pages\/61\/revisions\/101"}],"wp:attachment":[{"href":"https:\/\/www.itim-cj.ro\/bilateral\/dual-nano\/wp-json\/wp\/v2\/media?parent=61"}],"curies":[{"name":"wp","href":"https:\/\/api.w.org\/{rel}","templated":true}]}}