{"id":30,"date":"2025-11-26T12:36:21","date_gmt":"2025-11-26T12:36:21","guid":{"rendered":"https:\/\/www.itim-cj.ro\/bilateral\/hyd-wat-plant\/home-romana\/"},"modified":"2025-11-26T12:40:07","modified_gmt":"2025-11-26T12:40:07","slug":"home-romana","status":"publish","type":"page","link":"https:\/\/www.itim-cj.ro\/bilateral\/hyd-wat-plant\/ro\/home-romana\/","title":{"rendered":"Acas\u0103"},"content":{"rendered":"\n<p class=\"has-primary-color has-text-color has-link-color has-large-font-size wp-elements-6a2b3b126612c8b2f247c2519c72c133\">Titlul proiectului: <br><strong>Solu\u021bie nou\u0103 pe baz\u0103 de hidrogel pentru ap\u0103 curat\u0103 utilizat\u0103 \u00een cre\u0219terea plantelor<\/strong><\/p>\n\n\n\n<p class=\"has-primary-color has-text-color has-link-color has-medium-font-size wp-elements-c0145ae1c6d471497e0112cac2e7dcd4\">Acronimul proiectului: <strong>Hyd-Wat-Plant<\/strong><\/p>\n\n\n\n<p><strong>Competi\u0163ia:\u00a0<\/strong>5.8 &#8211; Programul Cooperare european\u0103 \u0219i interna\u021bional\u0103, <br>5.8.3 &#8211; Subprogramul Bilateral\/multilateral, Proiecte de mobilitate<\/p>\n\n\n\n<p><strong>Proiect finan\u021bat de\u00a0<a href=\"https:\/\/uefiscdi.gov.ro\/\" target=\"_blank\" rel=\"noreferrer noopener\">Unitatea Executiv\u0103 pentru Finan\u021barea \u00cenv\u0103\u021b\u0103m\u00e2ntului Superior, a Cercet\u0103rii, Dezvolt\u0103rii \u0219i Inov\u0103rii UEFISCDI<\/a><\/strong><\/p>\n\n\n\n<p>Durat\u0103:&nbsp;<strong>21 luni (01.04.2025 \u2013 31.12.2026)<\/strong><\/p>\n\n\n\n<p>Buget:\u00a0<strong>20.000 USD<\/strong><\/p>\n\n\n\n<p><strong>Director de proiect:<\/strong>\u00a0<a href=\"https:\/\/ro.itim-cj.ro\/portfolio\/dr-soran-maria-loredana\/\" target=\"_blank\" rel=\"noreferrer noopener\">Dr. Habil. Maria-Loredana Soran<\/a><\/p>\n\n\n\n<p><\/p>\n","protected":false},"excerpt":{"rendered":"<p>Titlul proiectului: Solu\u021bie nou\u0103 pe baz\u0103 de hidrogel pentru ap\u0103 curat\u0103 utilizat\u0103 \u00een cre\u0219terea plantelor Acronimul proiectului: Hyd-Wat-Plant Competi\u0163ia:\u00a05.8 &#8211; Programul Cooperare european\u0103 \u0219i interna\u021bional\u0103, 5.8.3 &#8211; Subprogramul Bilateral\/multilateral, Proiecte [&hellip;]<\/p>\n","protected":false},"author":1,"featured_media":0,"parent":0,"menu_order":0,"comment_status":"closed","ping_status":"closed","template":"","meta":{"footnotes":""},"class_list":["post-30","page","type-page","status-publish","hentry"],"_links":{"self":[{"href":"https:\/\/www.itim-cj.ro\/bilateral\/hyd-wat-plant\/wp-json\/wp\/v2\/pages\/30","targetHints":{"allow":["GET"]}}],"collection":[{"href":"https:\/\/www.itim-cj.ro\/bilateral\/hyd-wat-plant\/wp-json\/wp\/v2\/pages"}],"about":[{"href":"https:\/\/www.itim-cj.ro\/bilateral\/hyd-wat-plant\/wp-json\/wp\/v2\/types\/page"}],"author":[{"embeddable":true,"href":"https:\/\/www.itim-cj.ro\/bilateral\/hyd-wat-plant\/wp-json\/wp\/v2\/users\/1"}],"replies":[{"embeddable":true,"href":"https:\/\/www.itim-cj.ro\/bilateral\/hyd-wat-plant\/wp-json\/wp\/v2\/comments?post=30"}],"version-history":[{"count":2,"href":"https:\/\/www.itim-cj.ro\/bilateral\/hyd-wat-plant\/wp-json\/wp\/v2\/pages\/30\/revisions"}],"predecessor-version":[{"id":33,"href":"https:\/\/www.itim-cj.ro\/bilateral\/hyd-wat-plant\/wp-json\/wp\/v2\/pages\/30\/revisions\/33"}],"wp:attachment":[{"href":"https:\/\/www.itim-cj.ro\/bilateral\/hyd-wat-plant\/wp-json\/wp\/v2\/media?parent=30"}],"curies":[{"name":"wp","href":"https:\/\/api.w.org\/{rel}","templated":true}]}}