{"id":35,"date":"2025-11-26T12:44:38","date_gmt":"2025-11-26T12:44:38","guid":{"rendered":"https:\/\/www.itim-cj.ro\/bilateral\/hyd-wat-plant\/?page_id=35"},"modified":"2025-12-02T13:39:44","modified_gmt":"2025-12-02T13:39:44","slug":"obiective-etape","status":"publish","type":"page","link":"https:\/\/www.itim-cj.ro\/bilateral\/hyd-wat-plant\/ro\/obiective-etape\/","title":{"rendered":"Obiective \/ Etape"},"content":{"rendered":"\n<p><strong>Scopul proiectului<\/strong> const\u0103 \u00een prepararea, caracterizarea \u0219i testarea unui nou compozit pe baz\u0103 de hidrogel \u0219i de\u0219euri de fructe pentru cur\u0103\u021barea apei \u0219i pentru \u00eembun\u0103t\u0103\u021birea calit\u0103\u021bii plantelor. \u00cen cadrul proiectului, se va investiga utilizarea hidrogelului pe baz\u0103 de de\u0219euri de fructe pentru a atenua efectele nocive ale paracetamolului asupra plantelor de salat\u0103 cultivate cu ap\u0103 contaminat\u0103.<\/p>\n\n\n\n<p class=\"has-primary-color has-text-color has-link-color has-medium-font-size wp-elements-1df552ada4da3188e9d18b9b316b2d4c\"><strong>Obiective<\/strong><\/p>\n\n\n\n<p><strong>O1.<\/strong> \u00cencapsularea de\u0219eurilor de fructe \u00een alginat \u0219i caracterizarea materialului;<\/p>\n\n\n\n<p><strong>O2.<\/strong> Evaluarea eficien\u021bei noului material \u00een eliminarea medicamentelor din apa contaminat\u0103;<\/p>\n\n\n\n<p><strong>O3.<\/strong> Evaluarea influen\u021bei noului compozit asupra cre\u0219terii plantelor cu frunze, randamentului, absorb\u021biei nutrien\u021bilor \u0219i calit\u0103\u021bii culturilor \u00een condi\u021bii de irigare contaminat\u0103 cu paracetamol.<\/p>\n\n\n\n<p class=\"has-primary-color has-text-color has-link-color has-medium-font-size wp-elements-37e70e9c1b477c587ec06b0eaf3af726\"><strong>Etape<\/strong><\/p>\n\n\n\n<ul class=\"wp-block-list\">\n<li>Prepararea \u0219i caracterizarea hidrogelului pe baz\u0103 de de\u0219euri din fructe. Teste privind eficien\u021ba materialului nou asupra reten\u021biei de paracetamol din apa contaminat\u0103.<\/li>\n<\/ul>\n\n\n\n<p><a href=\"http:\/\/www.itim-cj.ro\/bilateral\/hyd-wat-plant\/wp-content\/uploads\/2025\/12\/Rezumat-faza-1.pdf\">Rezumat al activita\u021bii realizate \u00een etapa 1<\/a><\/p>\n\n\n\n<div class=\"wp-block-columns is-layout-flex wp-container-core-columns-is-layout-9d6595d7 wp-block-columns-is-layout-flex\">\n<div class=\"wp-block-column is-layout-flow wp-block-column-is-layout-flow\" style=\"flex-basis:66.66%\"><div class=\"wp-block-image\">\n<figure class=\"alignright size-full\"><img loading=\"lazy\" decoding=\"async\" width=\"407\" height=\"177\" src=\"http:\/\/www.itim-cj.ro\/bilateral\/hyd-wat-plant\/wp-content\/uploads\/2025\/11\/picture-stage1.png\" alt=\"\" class=\"wp-image-12\"\/><\/figure>\n<\/div><\/div>\n\n\n\n<div class=\"wp-block-column is-layout-flow wp-block-column-is-layout-flow\" style=\"flex-basis:33.33%\">\n<p><\/p>\n\n\n\n<p>Shema de \u00eencapsulare a de\u0219eurilor de fructe \u00een alginat<\/p>\n<\/div>\n<\/div>\n\n\n\n<ul class=\"wp-block-list\">\n<li>Teste privind eficien\u021ba materialului nou asupra reten\u021biei de paracetamol din apa contaminate (continuare). Determinarea efectului de atenuare a hidrogelului asupra contamin\u0103rii cu paracetamol.<\/li>\n<\/ul>\n\n\n\n<p><\/p>\n","protected":false},"excerpt":{"rendered":"<p>Scopul proiectului const\u0103 \u00een prepararea, caracterizarea \u0219i testarea unui nou compozit pe baz\u0103 de hidrogel \u0219i de\u0219euri de fructe pentru cur\u0103\u021barea apei \u0219i pentru \u00eembun\u0103t\u0103\u021birea calit\u0103\u021bii plantelor. \u00cen cadrul proiectului, [&hellip;]<\/p>\n","protected":false},"author":1,"featured_media":0,"parent":0,"menu_order":0,"comment_status":"closed","ping_status":"closed","template":"","meta":{"footnotes":""},"class_list":["post-35","page","type-page","status-publish","hentry"],"_links":{"self":[{"href":"https:\/\/www.itim-cj.ro\/bilateral\/hyd-wat-plant\/wp-json\/wp\/v2\/pages\/35","targetHints":{"allow":["GET"]}}],"collection":[{"href":"https:\/\/www.itim-cj.ro\/bilateral\/hyd-wat-plant\/wp-json\/wp\/v2\/pages"}],"about":[{"href":"https:\/\/www.itim-cj.ro\/bilateral\/hyd-wat-plant\/wp-json\/wp\/v2\/types\/page"}],"author":[{"embeddable":true,"href":"https:\/\/www.itim-cj.ro\/bilateral\/hyd-wat-plant\/wp-json\/wp\/v2\/users\/1"}],"replies":[{"embeddable":true,"href":"https:\/\/www.itim-cj.ro\/bilateral\/hyd-wat-plant\/wp-json\/wp\/v2\/comments?post=35"}],"version-history":[{"count":2,"href":"https:\/\/www.itim-cj.ro\/bilateral\/hyd-wat-plant\/wp-json\/wp\/v2\/pages\/35\/revisions"}],"predecessor-version":[{"id":70,"href":"https:\/\/www.itim-cj.ro\/bilateral\/hyd-wat-plant\/wp-json\/wp\/v2\/pages\/35\/revisions\/70"}],"wp:attachment":[{"href":"https:\/\/www.itim-cj.ro\/bilateral\/hyd-wat-plant\/wp-json\/wp\/v2\/media?parent=35"}],"curies":[{"name":"wp","href":"https:\/\/api.w.org\/{rel}","templated":true}]}}