{"id":134,"date":"2024-12-09T06:56:53","date_gmt":"2024-12-09T06:56:53","guid":{"rendered":"https:\/\/www.itim-cj.ro\/dime\/home-romana\/"},"modified":"2025-12-05T13:53:52","modified_gmt":"2025-12-05T11:53:52","slug":"home-romana","status":"publish","type":"page","link":"https:\/\/www.itim-cj.ro\/dime\/ro\/home-romana\/","title":{"rendered":"Acas\u0103"},"content":{"rendered":"\n<p class=\"has-primary-color has-text-color has-link-color has-large-font-size wp-elements-ae1c4a48c8a65a910371da774a0e3c75\"><strong>Dezvoltarea unei solu\u021bii inovatoare pentru atenuarea efectelor secetei<\/strong> &#8211; <strong>DIME<\/strong><\/p>\n\n\n\n<p class=\"has-medium-font-size\"><strong>Durat\u0103:<\/strong> <strong>36 months<\/strong> (01.03.2024 &#8211; 28.02.2027)<\/p>\n\n\n\n<p class=\"has-medium-font-size\"><strong>Buget:<\/strong> <strong>982.400 Euro<\/strong><\/p>\n\n\n\n<p class=\"has-medium-font-size\"><strong>Proiect finan\u021bat de <a href=\"https:\/\/uefiscdi.gov.ro\/\" data-type=\"link\" data-id=\"https:\/\/uefiscdi.gov.ro\/\" target=\"_blank\" rel=\"noreferrer noopener nofollow\">Unitatea Executiv\u0103 pentru Finan\u021barea \u00cenv\u0103\u021b\u0103m\u00e2ntului Superior, a Cercet\u0103rii, Dezvolt\u0103rii \u0219i Inov\u0103rii UEFISCDI<\/a><\/strong><\/p>\n\n\n\n<p class=\"has-medium-font-size\"><strong>Competi\u021ba: <\/strong>JOINT TRANSNATIONAL CALL Water4All 2022: \u201cManagement of water resources: resilience, adaptation and mitigation to hydroclimatic extreme events and management tools\u201d<\/p>\n\n\n\n<p class=\"has-medium-font-size\"><strong>Director de proiect: <a href=\"http:\/\/ro.itim-cj.ro\/portfolio\/dr-soran-maria-loredana\/\" data-type=\"link\" data-id=\"http:\/\/ro.itim-cj.ro\/portfolio\/dr-soran-maria-loredana\/\">Dr. habil. Maria Loredana SORAN<\/a><\/strong><\/p>\n","protected":false},"excerpt":{"rendered":"<p>Dezvoltarea unei solu\u021bii inovatoare pentru atenuarea efectelor secetei &#8211; DIME Durat\u0103: 36 months (01.03.2024 &#8211; 28.02.2027) Buget: 982.400 Euro Proiect finan\u021bat de Unitatea Executiv\u0103 pentru Finan\u021barea \u00cenv\u0103\u021b\u0103m\u00e2ntului Superior, a Cercet\u0103rii, [&hellip;]<\/p>\n","protected":false},"author":2,"featured_media":0,"parent":0,"menu_order":0,"comment_status":"closed","ping_status":"closed","template":"","meta":{"footnotes":""},"class_list":["post-134","page","type-page","status-publish","hentry"],"_links":{"self":[{"href":"https:\/\/www.itim-cj.ro\/dime\/wp-json\/wp\/v2\/pages\/134","targetHints":{"allow":["GET"]}}],"collection":[{"href":"https:\/\/www.itim-cj.ro\/dime\/wp-json\/wp\/v2\/pages"}],"about":[{"href":"https:\/\/www.itim-cj.ro\/dime\/wp-json\/wp\/v2\/types\/page"}],"author":[{"embeddable":true,"href":"https:\/\/www.itim-cj.ro\/dime\/wp-json\/wp\/v2\/users\/2"}],"replies":[{"embeddable":true,"href":"https:\/\/www.itim-cj.ro\/dime\/wp-json\/wp\/v2\/comments?post=134"}],"version-history":[{"count":6,"href":"https:\/\/www.itim-cj.ro\/dime\/wp-json\/wp\/v2\/pages\/134\/revisions"}],"predecessor-version":[{"id":368,"href":"https:\/\/www.itim-cj.ro\/dime\/wp-json\/wp\/v2\/pages\/134\/revisions\/368"}],"wp:attachment":[{"href":"https:\/\/www.itim-cj.ro\/dime\/wp-json\/wp\/v2\/media?parent=134"}],"curies":[{"name":"wp","href":"https:\/\/api.w.org\/{rel}","templated":true}]}}