{"id":146,"date":"2024-12-09T07:24:02","date_gmt":"2024-12-09T07:24:02","guid":{"rendered":"https:\/\/www.itim-cj.ro\/dime\/?page_id=146"},"modified":"2026-01-26T15:10:59","modified_gmt":"2026-01-26T13:10:59","slug":"obiective","status":"publish","type":"page","link":"https:\/\/www.itim-cj.ro\/dime\/ro\/obiective\/","title":{"rendered":"Obiective \/ Etape"},"content":{"rendered":"\n<p>Scopul acestui proiect const\u0103 \u00een dezvoltarea unui material multifunc\u021bional nou \u0219i ieftin bazat pe hidrogel nanocompozit (Fe3O4) func\u021bionalizat cu MO-biochar pentru o gam\u0103 larg\u0103 de aplica\u021bii: tratarea apei marginale pentru atenuarea evenimentelor hidro-climatice extreme, \u00een special a secetei \u00een bazinele de captare a diferitelor surse de ap\u0103 pentru iriga\u021bii, economisirea apei \u0219i fertilizarea solului.<\/p>\n\n\n\n<p><strong>Obiectivele specifice (OS) ale cercet\u0103rii sunt enumerate mai jos:<\/strong><\/p>\n\n\n\n<p><\/p>\n\n\n\n<div class=\"wp-block-columns is-layout-flex wp-container-core-columns-is-layout-9d6595d7 wp-block-columns-is-layout-flex\">\n<div class=\"wp-block-column is-layout-flow wp-block-column-is-layout-flow\" style=\"flex-basis:66.66%\">\n<p><strong>SO1.<\/strong> Preg\u0103tirea \u0219i caracterizarea de noi materiale superabsorbante rentabile bazate pe polimeri biocompatibili \u0219i biochar func\u021bionalizat cu MO (WP1);<\/p>\n\n\n\n<p><strong>SO2.<\/strong> Evaluarea eficien\u021bei de \u00eendep\u0103rtare a poluan\u021bilor organici din apa poluat\u0103 cu ajutorul materialului superabsorbant. Evaluarea eficien\u021bei de reciclare \u0219i reutilizare a materialului superabsorbant (WP2);<\/p>\n\n\n\n<p><strong>SO3.<\/strong> Testarea atenu\u0103rii ARGs \u0219i ARB de c\u0103tre noul adsorbant din efluen\u021bii de ape gri, utiliz\u00e2nd metode moleculare consacrate (qPCR \u0219i secven\u021biere) (WP2); <\/p>\n\n\n\n<p><strong>SO4.<\/strong> Evaluarea impactului materialului superabsorbant asupra propriet\u0103\u021bilor fizice, chimice \u0219i biologice ale solului \u0219i a efectelor sale asupra culturilor de fasole (dezvoltarea cre\u0219terii, randamentul \u0219i recolta) \u00een condi\u021biile scenariilor actuale \u0219i preconizate de schimb\u0103ri climatice (WP4).<\/p>\n<\/div>\n\n\n\n<div class=\"wp-block-column is-layout-flow wp-block-column-is-layout-flow\" style=\"flex-basis:33.33%\">\n<figure class=\"wp-block-image size-large\"><img loading=\"lazy\" decoding=\"async\" width=\"698\" height=\"1024\" src=\"https:\/\/www.itim-cj.ro\/dime\/wp-content\/uploads\/2025\/11\/schema-slide-2-1-698x1024.png\" alt=\"\" class=\"wp-image-272\" srcset=\"https:\/\/www.itim-cj.ro\/dime\/wp-content\/uploads\/2025\/11\/schema-slide-2-1-698x1024.png 698w, https:\/\/www.itim-cj.ro\/dime\/wp-content\/uploads\/2025\/11\/schema-slide-2-1-511x750.png 511w, https:\/\/www.itim-cj.ro\/dime\/wp-content\/uploads\/2025\/11\/schema-slide-2-1-768x1127.png 768w, https:\/\/www.itim-cj.ro\/dime\/wp-content\/uploads\/2025\/11\/schema-slide-2-1.png 874w\" sizes=\"auto, (max-width: 698px) 100vw, 698px\" \/><\/figure>\n<\/div>\n<\/div>\n\n\n\n<p class=\"has-primary-color has-text-color has-link-color wp-elements-4a98934b3be0ac0a87f3506b72c3840c\" style=\"font-size:17px\"><strong>Etape<\/strong><\/p>\n\n\n\n<p>1. Prepararea \u0219i caracterizarea de noi materiale pe baz\u0103 de polimeri biocompatibili \u0219i biochar func\u021bionaliza\u021bi cu oxizi metalici &#8211; 2024<\/p>\n\n\n\n<p><a href=\"https:\/\/www.itim-cj.ro\/dime\/wp-content\/uploads\/2025\/04\/Rezumat-etapa-1.pdf\">Rezumat al activita\u021bii realizate \u00een etapa 1<\/a><\/p>\n\n\n\n<figure class=\"wp-block-image size-large\"><img loading=\"lazy\" decoding=\"async\" width=\"1024\" height=\"410\" src=\"https:\/\/www.itim-cj.ro\/dime\/wp-content\/uploads\/2025\/11\/schema-rezultat-1-1024x410.png\" alt=\"\" class=\"wp-image-274\" srcset=\"https:\/\/www.itim-cj.ro\/dime\/wp-content\/uploads\/2025\/11\/schema-rezultat-1-1024x410.png 1024w, https:\/\/www.itim-cj.ro\/dime\/wp-content\/uploads\/2025\/11\/schema-rezultat-1-750x300.png 750w, https:\/\/www.itim-cj.ro\/dime\/wp-content\/uploads\/2025\/11\/schema-rezultat-1-768x307.png 768w, https:\/\/www.itim-cj.ro\/dime\/wp-content\/uploads\/2025\/11\/schema-rezultat-1-1536x615.png 1536w, https:\/\/www.itim-cj.ro\/dime\/wp-content\/uploads\/2025\/11\/schema-rezultat-1-2048x819.png 2048w\" sizes=\"auto, (max-width: 1024px) 100vw, 1024px\" \/><\/figure>\n\n\n\n<p>2. Decontaminarea apei folosind materialele preparate \u2013 2025<\/p>\n\n\n\n<p><a href=\"https:\/\/www.itim-cj.ro\/dime\/wp-content\/uploads\/2026\/01\/Rezumat-etapa-2.pdf\" target=\"_blank\" rel=\"noreferrer noopener\">Rezumat executiv al activit\u0103\u021bilor realizate<\/a><\/p>\n\n\n\n<p>3. Evaluarea efectelor materialului preparat asupra calit\u0103\u021bii solului \u0219i asupra culturii de fasole &#8211; cre\u0219terea plantelor, dezvoltarea, randamentul \u0219i calitatea culturilor \u00een condi\u021bii de stres cauzat de secet\u0103 \u0219i scenarii actuale \u0219i prognozate de schimb\u0103ri climatice &#8211; 2026<\/p>\n\n\n\n<p>4. Interpretarea \u0219i corelarea rezultatelor ob\u021binute \u00een etapele precedente &#8211; 2027<\/p>\n\n\n\n<p><\/p>\n","protected":false},"excerpt":{"rendered":"<p>Scopul acestui proiect const\u0103 \u00een dezvoltarea unui material multifunc\u021bional nou \u0219i ieftin bazat pe hidrogel nanocompozit (Fe3O4) func\u021bionalizat cu MO-biochar pentru o gam\u0103 larg\u0103 de aplica\u021bii: tratarea apei marginale pentru [&hellip;]<\/p>\n","protected":false},"author":2,"featured_media":0,"parent":0,"menu_order":0,"comment_status":"closed","ping_status":"closed","template":"","meta":{"footnotes":""},"class_list":["post-146","page","type-page","status-publish","hentry"],"_links":{"self":[{"href":"https:\/\/www.itim-cj.ro\/dime\/wp-json\/wp\/v2\/pages\/146","targetHints":{"allow":["GET"]}}],"collection":[{"href":"https:\/\/www.itim-cj.ro\/dime\/wp-json\/wp\/v2\/pages"}],"about":[{"href":"https:\/\/www.itim-cj.ro\/dime\/wp-json\/wp\/v2\/types\/page"}],"author":[{"embeddable":true,"href":"https:\/\/www.itim-cj.ro\/dime\/wp-json\/wp\/v2\/users\/2"}],"replies":[{"embeddable":true,"href":"https:\/\/www.itim-cj.ro\/dime\/wp-json\/wp\/v2\/comments?post=146"}],"version-history":[{"count":7,"href":"https:\/\/www.itim-cj.ro\/dime\/wp-json\/wp\/v2\/pages\/146\/revisions"}],"predecessor-version":[{"id":383,"href":"https:\/\/www.itim-cj.ro\/dime\/wp-json\/wp\/v2\/pages\/146\/revisions\/383"}],"wp:attachment":[{"href":"https:\/\/www.itim-cj.ro\/dime\/wp-json\/wp\/v2\/media?parent=146"}],"curies":[{"name":"wp","href":"https:\/\/api.w.org\/{rel}","templated":true}]}}