{"id":153,"date":"2024-12-09T07:28:09","date_gmt":"2024-12-09T07:28:09","guid":{"rendered":"https:\/\/www.itim-cj.ro\/dime\/?page_id=153"},"modified":"2024-12-10T12:25:39","modified_gmt":"2024-12-10T12:25:39","slug":"abstract-ro","status":"publish","type":"page","link":"https:\/\/www.itim-cj.ro\/dime\/ro\/abstract-ro\/","title":{"rendered":"Abstract"},"content":{"rendered":"\n<p>Penuria de resurse de ap\u0103 se extinde la nivel mondial din cauza cre\u0219terii continue a dezechilibrului dintre disponibilitatea \u0219i utilizarea apei dulci. Acest lucru \u00eei motiveaz\u0103 pe cercet\u0103tori s\u0103 g\u0103seasc\u0103 noi metodologii de economisire a apei \u0219i instrumente de gestionare a apei care s\u0103 r\u0103spund\u0103 cerin\u021belor viitoare. Obiectivul general al acestui proiect const\u0103 \u00een dezvoltarea unui material nou \u0219i ieftin pe baz\u0103 de alginat \u0219i biochar func\u021bionalizat cu oxizi metalici \u0219i aplicarea acestuia pentru tratarea apei s\u0103rate \u0219i contaminate, pentru a sprijini implementarea strategiilor de atenuare a evenimentelor hidro-climatice extreme, \u00een special a secetei \u00een bazinele de captare a diferitelor surse de ap\u0103 pentru iriga\u021bii. De asemenea, materialul va fi investigat pentru economisirea apei \u0219i fertilizarea solului.<\/p>\n\n\n\n<p>Se va studia influen\u021ba acestui nou material asupra culturilor de fasole, fasolea fiind un aliment utilizat pe scar\u0103 larg\u0103 datorit\u0103 con\u021binutului ridicat de proteine \u0219i vitamine. Proiectul actual este relevant pentru tematica programului de lucru, contribuind la managementul resurselor de ap\u0103 prin adaptarea \u0219i atenuarea efectelor evenimentelor hidroclimatice extreme \u0219i instrumente de management prin preg\u0103tirea de noi materiale care vor fi utilizate pentru decontaminarea apei, cresc\u00e2nd astfel rezerva de ap\u0103 ce poate fi utilizat\u0103 pentru iriga\u021bii.<\/p>\n\n\n\n<p>De asemenea, aceste materiale superabsorbante pot fi utilizate pentru a stoca \u0219i a elibera treptat apa \u00een timpul secetei. Noutatea proiectului: i) materialul preparat; ii) 3 aplica\u021bii simultane ale aceluia\u0219i material: eliminarea poluan\u021bilor, umflarea \u0219i atenuarea stresului provocat de secet\u0103 \u00een condi\u021biile scenariilor actuale \u0219i previzionate de schimbare climatic\u0103 pentru cultivarea culturilor agricole ca plant\u0103 model de fasole \u0219i a propriet\u0103\u021bilor solului; iii) aplicarea materialului preparat pentru eliminarea ARG-urilor \u0219i ARB-urilor.<\/p>\n","protected":false},"excerpt":{"rendered":"<p>Penuria de resurse de ap\u0103 se extinde la nivel mondial din cauza cre\u0219terii continue a dezechilibrului dintre disponibilitatea \u0219i utilizarea apei dulci. Acest lucru \u00eei motiveaz\u0103 pe cercet\u0103tori s\u0103 g\u0103seasc\u0103 [&hellip;]<\/p>\n","protected":false},"author":2,"featured_media":0,"parent":0,"menu_order":0,"comment_status":"closed","ping_status":"closed","template":"","meta":{"footnotes":""},"class_list":["post-153","page","type-page","status-publish","hentry"],"_links":{"self":[{"href":"https:\/\/www.itim-cj.ro\/dime\/wp-json\/wp\/v2\/pages\/153","targetHints":{"allow":["GET"]}}],"collection":[{"href":"https:\/\/www.itim-cj.ro\/dime\/wp-json\/wp\/v2\/pages"}],"about":[{"href":"https:\/\/www.itim-cj.ro\/dime\/wp-json\/wp\/v2\/types\/page"}],"author":[{"embeddable":true,"href":"https:\/\/www.itim-cj.ro\/dime\/wp-json\/wp\/v2\/users\/2"}],"replies":[{"embeddable":true,"href":"https:\/\/www.itim-cj.ro\/dime\/wp-json\/wp\/v2\/comments?post=153"}],"version-history":[{"count":1,"href":"https:\/\/www.itim-cj.ro\/dime\/wp-json\/wp\/v2\/pages\/153\/revisions"}],"predecessor-version":[{"id":154,"href":"https:\/\/www.itim-cj.ro\/dime\/wp-json\/wp\/v2\/pages\/153\/revisions\/154"}],"wp:attachment":[{"href":"https:\/\/www.itim-cj.ro\/dime\/wp-json\/wp\/v2\/media?parent=153"}],"curies":[{"name":"wp","href":"https:\/\/api.w.org\/{rel}","templated":true}]}}