{"id":22,"date":"2023-12-08T11:48:57","date_gmt":"2023-12-08T11:48:57","guid":{"rendered":"http:\/\/www.itim-cj.ro\/PNCDI\/insbioration\/?page_id=22"},"modified":"2026-01-26T15:05:16","modified_gmt":"2026-01-26T13:05:16","slug":"results","status":"publish","type":"page","link":"https:\/\/www.itim-cj.ro\/dime\/results\/","title":{"rendered":"Results"},"content":{"rendered":"\n<p class=\"has-primary-color has-text-color has-link-color has-medium-font-size wp-elements-75001f741c0e13a136680397c90d5d5e\"><strong>Deliverables achieved, result&nbsp;indicators<\/strong><\/p>\n\n\n\n<ul class=\"wp-block-list\">\n<li>The project website was created: https:\/\/www.itim-cj.ro\/dime\/<\/li>\n\n\n\n<li>The Management Plan was created<\/li>\n\n\n\n<li>The results were disseminated to 13 communications at international conferences \/ seminars and 1 communication at a national symposium, 2 article submitted for publication, 2 papers published1 presentation at the international event organized by CLEMS, 2 presentations at the workshop.<\/li>\n\n\n\n<li>Two products were created:\n<ul class=\"wp-block-list\">\n<li>Activated Biochar System-Fe3O4-NiO-ext, authors: Loredana Soran, Ocsana Opri\u015f, Ildiko Lung, Adina Stegarescu, Ancu\u021ba Balla, J\u00f3zsef-Zsolt Sz\u00fccs-Bal\u00e1zs, Septimiu Tripon, Irina Kacso, Alexandru Turza, Diana Lazar, reg. no. 1824 \/ 02.12.2024;<\/li>\n\n\n\n<li>Activated biochar, obtained from apple residues, encapsulated in alginate, authors: Loredana Soran, Ildiko Lung, Adina Stegarescu, Ocsana Opri\u015f, Ancu\u021ba Balla, Septimiu Tripon, J\u00f3zsef-Zsolt Sz\u00fccs-Bal\u00e1zs (reg. no. 1825\/02.12.2024).<\/li>\n<\/ul>\n<\/li>\n\n\n\n<li>Three methods were elaborated:e created:\n<ul class=\"wp-block-list\">\n<li>Activated Biochar System-Fe3O4-NiO-ext, authors: Loredana Soran, Ocsana Opri\u015f, Ildiko Lung, Adina Stegarescu, Ancu\u021ba Balla, J\u00f3zsef-Zsolt Sz\u00fccs-Bal\u00e1zs, Septimiu Tripon, Irina Kacso, Alexandru Turza, Diana Lazar, reg. no. 1824 \/ 02.12.2024;<\/li>\n\n\n\n<li>Activated biochar, obtained from apple residues, encapsulated in alginate, authors: Loredana Soran, Ildiko Lung, Adina Stegarescu, Ocsana Opri\u015f, Ancu\u021ba Balla, Septimiu Tripon, J\u00f3zsef-Zsolt Sz\u00fccs-Bal\u00e1zs (reg. no. 1825\/02.12.2024).<\/li>\n<\/ul>\n<\/li>\n<\/ul>\n\n\n\n<h3 class=\"wp-block-heading has-primary-color has-text-color has-link-color wp-elements-ef11386bfb672616a8f473ca79ee7d1c\">Articles in ISI listed journals<\/h3>\n\n\n\n<ol class=\"wp-block-list\">\n<li>Resistance and biodegradation of triclosan and propylparaben by isolated bacteria from greywater, Itzhari, D., Nzeh, J., Ronen, Z., <strong>Journal of Xenobiotics 2025, 15(2), p.56<\/strong>.<\/li>\n\n\n\n<li>Sustainable biochar derived from apple wastes and enhancement with metal oxides green synthesised for water purification, Boc\u0219a M., Lung I., Tata T., Opri\u0219 O., Stegarescu A., Kacso I., Tripon S., Lazar M.D., Balla A., Sz\u00fccs-Bal\u00e1zs J.-Z., Lazacovici D., Ghendov-Mo\u015fanu A., Mormile C., Bellucci S., Sturza R., Soran M.-L.*, <em>Discover Materials<\/em>, <a href=\"https:\/\/doi.org\/10.1007\/s43939-025-00473-7\">https:\/\/doi.org\/10.1007\/s43939-025-00473-7<\/a>.<\/li>\n<\/ol>\n\n\n\n<h3 class=\"wp-block-heading has-text-color has-link-color wp-elements-db22654d3c982932ac2e06823612e973\" style=\"color:#006878\">Communications<\/h3>\n\n\n\n<p class=\"has-primary-color has-text-color has-link-color has-medium-font-size wp-elements-002a6563a7a8ee50b812cc9d95aaf39d\"><strong>Participation in international conferences<\/strong><\/p>\n\n\n\n<ol class=\"wp-block-list\">\n<li>Dasgan H.Y., Keskin A., Ikiz B., Soran M.L. Determination of the optimal dose of superabsorbent hydrogel to mitigate drought stress in bean (<em>Phaseolus vulgaris<\/em> L.). 15<sup>th<\/sup> International Conference &#8211; Processes in Isotopes and Molecules, PIM 2025, 16 \u2013 19 septembrie 2025, Cluj-Napoca, Rom\u00e2nia.<\/li>\n\n\n\n<li>Dasgan H.Y., Keskin A., Ikiz B., Soran M.L. Effects of hydrogels on beans (<em>Phaseolus vulgaris<\/em> L.) growing under salt stress. 15<sup>th<\/sup> International Conference &#8211; Processes in Isotopes and Molecules, PIM 2025, 16 \u2013 19 septembrie 2025, Cluj-Napoca, Rom\u00e2nia.<\/li>\n\n\n\n<li>Chi\u0219 A.M., Opri\u0219 O., Lung I., Stegarescu A., Kacso I., Turza A., Tripon S., Pintea S., Mormile C., Bellucci S., Sturza R., Ghendov-Mo\u0219anu A., Dasgan H.Y., Soran M.L. Antibiotics removal using materials based on biochar. 15<sup>th<\/sup> International Conference &#8211; Processes in Isotopes and Molecules, PIM 2025, 16 \u2013 19 septembrie 2025, Cluj-Napoca, Rom\u00e2nia.<\/li>\n\n\n\n<li>Mormile C., Opri\u015f O., Lung I., Stegarescu A., Kacso I., Turza A., Tripon S., Pintea S., Bellucci S., Sturza R., Ghendov-Mo\u0219anu A., Soran M.L. Eco-friendly biochar-metal oxide adsorbents for emerging contaminant removal. 15<sup>th<\/sup> International Conference &#8211; Processes in Isotopes and Molecules, PIM 2025, 16 \u2013 19 septembrie 2025, Cluj-Napoca, Rom\u00e2nia.<\/li>\n\n\n\n<li>Soran M.L., Opri\u0219 O., Lung I., Tripon S., Turza A., Kacso I., Lazar M.D., La Pietra M., Truffa R., Sturza R., Ghendov-Mosanu A., Lazacovici D., Dasgan Y., Militaru M., Stegarescu A., Bellucci S. Sorption capacity of phthalate residues on biochar obtained from apple waste and functionalized with metal oxides. 15<sup>th<\/sup> International Conference &#8211; Processes in Isotopes and Molecules, PIM 2025, 16 \u2013 19 septembrie 2025, Cluj-Napoca, Rom\u00e2nia.<\/li>\n\n\n\n<li>Soran M.-L., Opri\u015f O., Lung I., Stegarescu A., Turza A., Tripon S., Balla A., Sz\u00fccs-Bal\u00e1zs J.Z. Ciprofloxacin removal from wastewater using biochar. International Experts Summit on Materials Science and Nanotechnology, 16 \u2013 18 iunie, 2025, Barcelona, Spania.<\/li>\n\n\n\n<li>M.L. Soran, O. Opri\u015f, I. Lung, A. Stegarescu, S. Pintea, A.M. Chi\u015f, D. Lazar, I. Kacso, Green synthesis of biochar functionalized with metal oxides for water decontamination, International Experts Summit on Materials Science and Nanotechnology, 16 \u2013 18 iunie, 2025, Barcelona, Spania.<\/li>\n\n\n\n<li>Soran, M.L.; Opri\u0219 O, Lung I., Lazacovici D., Ghendov-Mo\u0219anu A., Sturza R., Cost-effective sorbents for removing phtalate residues from water, OPROTEH 2025, The 20<sup>th<\/sup> International Conference of Constructive Design and Technological Optimization in Machine Building, Bacau, Rom\u00e2nia, 21-23 May, 2025. Bacau<\/li>\n\n\n\n<li>M.-L. Soran, I. Lung, O. Opri\u015f, S. Pintea, A. Stegarescu, A. Turza, Preparation and characterization of cost effective new material for drugs removal from contaminated water, Nanoscience &amp; Nanotechnology, <em>3 \u2013 6 June<\/em> 2024, Laboratori Nazionali di Frascati (Roma), Italia \u2013 oral presentation<\/li>\n\n\n\n<li>A. Stegarescu, O. Opri\u015f, I. Lung, I. Kacso, S. Tripon, M.-L. Soran, Materials based on biochar and metal oxides \u2013 preliminary tests for pollutants removal from aqueous solutions, Nanoscience &amp; Nanotechnology, <em>3 \u2013 6 June<\/em> 2024, Laboratori Nazionali di Frascati (Roma), Italia \u2013 Poster<\/li>\n\n\n\n<li>M.-L. Soran, I. Lung, O. Opri\u015f, S. Pintea, A. Stegarescu, A. Turza, Apple by-products and water decontamination, 1<sup>st<\/sup> International Seminar on Agri-Food and Industrial Biotechnology, <em>26 \u2013 27 iunie<\/em> 2024, Congres international hibrid, Algeria \u2013 oral presentation<\/li>\n\n\n\n<li>M.-L. Soran, A. Stegarescu, I. Lung, O. Opri\u015f, S. Pintea, A. Balla, J.-Z. Szucs-Balazs, M. Militaru, Biochar based materials for water saving and drugs removal, 1<sup>st<\/sup> International Seminar On Beekeeping-Plant And Innovative Technology, <em>27 \u2013 28 November<\/em> 2024, Algeria \u2013 oral presentation<\/li>\n\n\n\n<li>A. C\u00e2rdan, M.-L. Soran, I. Lung, O. Opri\u015f, A. Stegarescu, I. Kacso, M. Mihe\u0163, A. Turza, D. Lazacovich, A. Ghendov-Mo\u015fanu, R. Sturza, C. Mormile, F. Maschio, F. Venturi, A. Calabro, S. Bellucci, Pollutants Removal Using Cost Effective Material From Apple Wastes, the 23<sup>rd<\/sup> International Conference Life Sciences For Sustainable Development, <em>26 \u2013 28 September<\/em> 2024, Cluj-Napoca, Romania \u2013 oral presentation<\/li>\n<\/ol>\n\n\n\n<p class=\"has-primary-color has-text-color has-link-color has-medium-font-size wp-elements-59d29903e69cf10fa822428a7fc6285d\" id=\"tw-target-text\"><strong>Participation in the national symposium<\/strong><\/p>\n\n\n\n<p>A. C\u00e2rdan, A. Stegarescu, I. Lung, O. Opri\u015f, M.-L. Soran, I. Kacso, M. Mihe\u021b, S. Tripon, A. Turza, D. Gligor, Biochar \u2013 Green Adsorbents for Pollutants Removal from Aquatic Environments, Simpozionul Na\u0163ional Studen\u0163esc \u201cMihai David\u201d, <em>15 \u2013 17 November<\/em> 2024, Ia\u015fi \u2013 oral presentation<\/p>\n\n\n\n<p class=\"has-primary-color has-text-color has-link-color has-medium-font-size wp-elements-d4748ab7dee49cd38c9db0ae22411185\"><strong>Articles submitted for publication<\/strong><\/p>\n\n\n\n<ol class=\"wp-block-list\">\n<li>Innovative and cost-effective materials for the removal of antibiotics from water: A sustainable approach to environmental remediation; A. Stegarescu, O. Opri\u0219, I. Lung, S. Tripon, A. Turza, I. Kacso, M.D. Lazar, M. La Pietra, R. Truffa, R. Sturza, H.Y. Dasgan, M. Militaru, M.L. Soran, S. Bellucci; <strong>manuscript submitted for publication<\/strong>.<\/li>\n\n\n\n<li>Enhancing drought resilience and sustainability in water-scarce agriculture through novel hydrogels,Zikaria K., Liaqat W., Altaf M.T., Jan M.F., Maqbool A., Aldiyab A., Balik S., \u0130kiz B., Soran M.L.,<sup>, <\/sup>Gruda N.S.,Dasgan H.Y.; <strong>manuscript submitted to publication.<\/strong><\/li>\n<\/ol>\n","protected":false},"excerpt":{"rendered":"<p>Deliverables achieved, result&nbsp;indicators Articles in ISI listed journals Communications Participation in international conferences Participation in the national symposium A. C\u00e2rdan, A. Stegarescu, I. Lung, O. Opri\u015f, M.-L. Soran, I. Kacso, [&hellip;]<\/p>\n","protected":false},"author":1,"featured_media":0,"parent":0,"menu_order":0,"comment_status":"closed","ping_status":"closed","template":"","meta":{"footnotes":""},"class_list":["post-22","page","type-page","status-publish","hentry"],"_links":{"self":[{"href":"https:\/\/www.itim-cj.ro\/dime\/wp-json\/wp\/v2\/pages\/22","targetHints":{"allow":["GET"]}}],"collection":[{"href":"https:\/\/www.itim-cj.ro\/dime\/wp-json\/wp\/v2\/pages"}],"about":[{"href":"https:\/\/www.itim-cj.ro\/dime\/wp-json\/wp\/v2\/types\/page"}],"author":[{"embeddable":true,"href":"https:\/\/www.itim-cj.ro\/dime\/wp-json\/wp\/v2\/users\/1"}],"replies":[{"embeddable":true,"href":"https:\/\/www.itim-cj.ro\/dime\/wp-json\/wp\/v2\/comments?post=22"}],"version-history":[{"count":8,"href":"https:\/\/www.itim-cj.ro\/dime\/wp-json\/wp\/v2\/pages\/22\/revisions"}],"predecessor-version":[{"id":379,"href":"https:\/\/www.itim-cj.ro\/dime\/wp-json\/wp\/v2\/pages\/22\/revisions\/379"}],"wp:attachment":[{"href":"https:\/\/www.itim-cj.ro\/dime\/wp-json\/wp\/v2\/media?parent=22"}],"curies":[{"name":"wp","href":"https:\/\/api.w.org\/{rel}","templated":true}]}}