{"id":233,"date":"2025-09-11T09:27:52","date_gmt":"2025-09-11T07:27:52","guid":{"rendered":"https:\/\/www.itim-cj.ro\/dime\/?page_id=233"},"modified":"2026-04-30T12:24:02","modified_gmt":"2026-04-30T10:24:02","slug":"noutati","status":"publish","type":"page","link":"https:\/\/www.itim-cj.ro\/dime\/ro\/noutati\/","title":{"rendered":"Nout\u0103\u021bi"},"content":{"rendered":"\n<h2 class=\"wp-block-heading\">Greenhouse Day la Universitatea \u00c7ukurova: apropiind cercetarea de practic\u0103<\/h2>\n\n\n\n<p>Partenerii proiectului s-au reunit la Universitatea \u00c7ukurova pentru a celebra Greenhouse Day, particip\u00e2nd la activit\u0103\u021bi practice dedicate agriculturii durabile. Evenimentul a eviden\u021biat colaborarea dintre cercet\u0103tori \u0219i factori interesa\u021bi pentru a reduce decalajul dintre teorie \u0219i aplicarea \u00een practic\u0103.<\/p>\n\n\n\n<figure class=\"wp-block-gallery has-nested-images columns-default is-cropped wp-block-gallery-1 is-layout-flex wp-block-gallery-is-layout-flex\">\n<figure class=\"wp-block-image size-large\"><img loading=\"lazy\" decoding=\"async\" width=\"768\" height=\"1024\" data-id=\"397\" src=\"https:\/\/www.itim-cj.ro\/dime\/wp-content\/uploads\/2026\/04\/dime-news-T-Image-9-1-768x1024.jpeg\" alt=\"\" class=\"wp-image-397\" srcset=\"https:\/\/www.itim-cj.ro\/dime\/wp-content\/uploads\/2026\/04\/dime-news-T-Image-9-1-768x1024.jpeg 768w, https:\/\/www.itim-cj.ro\/dime\/wp-content\/uploads\/2026\/04\/dime-news-T-Image-9-1-563x750.jpeg 563w, https:\/\/www.itim-cj.ro\/dime\/wp-content\/uploads\/2026\/04\/dime-news-T-Image-9-1-1152x1536.jpeg 1152w, https:\/\/www.itim-cj.ro\/dime\/wp-content\/uploads\/2026\/04\/dime-news-T-Image-9-1.jpeg 1200w\" sizes=\"auto, (max-width: 768px) 100vw, 768px\" \/><\/figure>\n\n\n\n<figure class=\"wp-block-image size-large is-style-default\"><img loading=\"lazy\" decoding=\"async\" width=\"1024\" height=\"768\" data-id=\"398\" src=\"https:\/\/www.itim-cj.ro\/dime\/wp-content\/uploads\/2026\/04\/dime-news-T-Image-8-1-1024x768.jpeg\" alt=\"\" class=\"wp-image-398\" srcset=\"https:\/\/www.itim-cj.ro\/dime\/wp-content\/uploads\/2026\/04\/dime-news-T-Image-8-1-1024x768.jpeg 1024w, https:\/\/www.itim-cj.ro\/dime\/wp-content\/uploads\/2026\/04\/dime-news-T-Image-8-1-750x563.jpeg 750w, https:\/\/www.itim-cj.ro\/dime\/wp-content\/uploads\/2026\/04\/dime-news-T-Image-8-1-768x576.jpeg 768w, https:\/\/www.itim-cj.ro\/dime\/wp-content\/uploads\/2026\/04\/dime-news-T-Image-8-1-1536x1152.jpeg 1536w, https:\/\/www.itim-cj.ro\/dime\/wp-content\/uploads\/2026\/04\/dime-news-T-Image-8-1-360x270.jpeg 360w, https:\/\/www.itim-cj.ro\/dime\/wp-content\/uploads\/2026\/04\/dime-news-T-Image-8-1-80x60.jpeg 80w, https:\/\/www.itim-cj.ro\/dime\/wp-content\/uploads\/2026\/04\/dime-news-T-Image-8-1.jpeg 1600w\" sizes=\"auto, (max-width: 1024px) 100vw, 1024px\" \/><\/figure>\n\n\n\n<figure class=\"wp-block-image size-medium\"><img loading=\"lazy\" decoding=\"async\" width=\"563\" height=\"750\" data-id=\"400\" src=\"https:\/\/www.itim-cj.ro\/dime\/wp-content\/uploads\/2026\/04\/dime-news-T-Image-7-1-563x750.jpeg\" alt=\"\" class=\"wp-image-400\" srcset=\"https:\/\/www.itim-cj.ro\/dime\/wp-content\/uploads\/2026\/04\/dime-news-T-Image-7-1-563x750.jpeg 563w, https:\/\/www.itim-cj.ro\/dime\/wp-content\/uploads\/2026\/04\/dime-news-T-Image-7-1-768x1024.jpeg 768w, https:\/\/www.itim-cj.ro\/dime\/wp-content\/uploads\/2026\/04\/dime-news-T-Image-7-1-1152x1536.jpeg 1152w, https:\/\/www.itim-cj.ro\/dime\/wp-content\/uploads\/2026\/04\/dime-news-T-Image-7-1.jpeg 1200w\" sizes=\"auto, (max-width: 563px) 100vw, 563px\" \/><\/figure>\n\n\n\n<figure class=\"wp-block-image size-large\"><img loading=\"lazy\" decoding=\"async\" width=\"1024\" height=\"768\" data-id=\"399\" src=\"https:\/\/www.itim-cj.ro\/dime\/wp-content\/uploads\/2026\/04\/dime-news-T-Image-6-1-1024x768.jpeg\" alt=\"\" class=\"wp-image-399\" srcset=\"https:\/\/www.itim-cj.ro\/dime\/wp-content\/uploads\/2026\/04\/dime-news-T-Image-6-1-1024x768.jpeg 1024w, https:\/\/www.itim-cj.ro\/dime\/wp-content\/uploads\/2026\/04\/dime-news-T-Image-6-1-750x563.jpeg 750w, https:\/\/www.itim-cj.ro\/dime\/wp-content\/uploads\/2026\/04\/dime-news-T-Image-6-1-768x576.jpeg 768w, https:\/\/www.itim-cj.ro\/dime\/wp-content\/uploads\/2026\/04\/dime-news-T-Image-6-1-1536x1152.jpeg 1536w, https:\/\/www.itim-cj.ro\/dime\/wp-content\/uploads\/2026\/04\/dime-news-T-Image-6-1-360x270.jpeg 360w, https:\/\/www.itim-cj.ro\/dime\/wp-content\/uploads\/2026\/04\/dime-news-T-Image-6-1-80x60.jpeg 80w, https:\/\/www.itim-cj.ro\/dime\/wp-content\/uploads\/2026\/04\/dime-news-T-Image-6-1.jpeg 1600w\" sizes=\"auto, (max-width: 1024px) 100vw, 1024px\" \/><\/figure>\n\n\n\n<figure class=\"wp-block-image size-large\"><img loading=\"lazy\" decoding=\"async\" width=\"768\" height=\"1024\" data-id=\"402\" src=\"https:\/\/www.itim-cj.ro\/dime\/wp-content\/uploads\/2026\/04\/dime-news-T-Image-5-1-768x1024.jpeg\" alt=\"\" class=\"wp-image-402\" srcset=\"https:\/\/www.itim-cj.ro\/dime\/wp-content\/uploads\/2026\/04\/dime-news-T-Image-5-1-768x1024.jpeg 768w, https:\/\/www.itim-cj.ro\/dime\/wp-content\/uploads\/2026\/04\/dime-news-T-Image-5-1-563x750.jpeg 563w, https:\/\/www.itim-cj.ro\/dime\/wp-content\/uploads\/2026\/04\/dime-news-T-Image-5-1-1152x1536.jpeg 1152w, https:\/\/www.itim-cj.ro\/dime\/wp-content\/uploads\/2026\/04\/dime-news-T-Image-5-1.jpeg 1200w\" sizes=\"auto, (max-width: 768px) 100vw, 768px\" \/><\/figure>\n\n\n\n<figure class=\"wp-block-image size-large\"><img loading=\"lazy\" decoding=\"async\" width=\"1024\" height=\"768\" data-id=\"401\" src=\"https:\/\/www.itim-cj.ro\/dime\/wp-content\/uploads\/2026\/04\/dime-news-T-Image-3-1-1024x768.jpeg\" alt=\"\" class=\"wp-image-401\" srcset=\"https:\/\/www.itim-cj.ro\/dime\/wp-content\/uploads\/2026\/04\/dime-news-T-Image-3-1-1024x768.jpeg 1024w, https:\/\/www.itim-cj.ro\/dime\/wp-content\/uploads\/2026\/04\/dime-news-T-Image-3-1-750x563.jpeg 750w, https:\/\/www.itim-cj.ro\/dime\/wp-content\/uploads\/2026\/04\/dime-news-T-Image-3-1-768x576.jpeg 768w, https:\/\/www.itim-cj.ro\/dime\/wp-content\/uploads\/2026\/04\/dime-news-T-Image-3-1-1536x1152.jpeg 1536w, https:\/\/www.itim-cj.ro\/dime\/wp-content\/uploads\/2026\/04\/dime-news-T-Image-3-1-360x270.jpeg 360w, https:\/\/www.itim-cj.ro\/dime\/wp-content\/uploads\/2026\/04\/dime-news-T-Image-3-1-80x60.jpeg 80w, https:\/\/www.itim-cj.ro\/dime\/wp-content\/uploads\/2026\/04\/dime-news-T-Image-3-1.jpeg 1600w\" sizes=\"auto, (max-width: 1024px) 100vw, 1024px\" \/><\/figure>\n\n\n\n<figure class=\"wp-block-image size-large\"><img loading=\"lazy\" decoding=\"async\" width=\"1024\" height=\"683\" data-id=\"403\" src=\"https:\/\/www.itim-cj.ro\/dime\/wp-content\/uploads\/2026\/04\/dime-news-T-Image-2-1-1024x683.jpeg\" alt=\"\" class=\"wp-image-403\" srcset=\"https:\/\/www.itim-cj.ro\/dime\/wp-content\/uploads\/2026\/04\/dime-news-T-Image-2-1-1024x683.jpeg 1024w, https:\/\/www.itim-cj.ro\/dime\/wp-content\/uploads\/2026\/04\/dime-news-T-Image-2-1-750x500.jpeg 750w, https:\/\/www.itim-cj.ro\/dime\/wp-content\/uploads\/2026\/04\/dime-news-T-Image-2-1-768x512.jpeg 768w, https:\/\/www.itim-cj.ro\/dime\/wp-content\/uploads\/2026\/04\/dime-news-T-Image-2-1-1536x1024.jpeg 1536w, https:\/\/www.itim-cj.ro\/dime\/wp-content\/uploads\/2026\/04\/dime-news-T-Image-2-1.jpeg 1600w\" sizes=\"auto, (max-width: 1024px) 100vw, 1024px\" \/><\/figure>\n\n\n\n<figure class=\"wp-block-image size-large\"><img loading=\"lazy\" decoding=\"async\" width=\"1024\" height=\"672\" data-id=\"404\" src=\"https:\/\/www.itim-cj.ro\/dime\/wp-content\/uploads\/2026\/04\/dime-news-T-Image-1-1-1024x672.jpeg\" alt=\"\" class=\"wp-image-404\" srcset=\"https:\/\/www.itim-cj.ro\/dime\/wp-content\/uploads\/2026\/04\/dime-news-T-Image-1-1-1024x672.jpeg 1024w, https:\/\/www.itim-cj.ro\/dime\/wp-content\/uploads\/2026\/04\/dime-news-T-Image-1-1-750x492.jpeg 750w, https:\/\/www.itim-cj.ro\/dime\/wp-content\/uploads\/2026\/04\/dime-news-T-Image-1-1-768x504.jpeg 768w, https:\/\/www.itim-cj.ro\/dime\/wp-content\/uploads\/2026\/04\/dime-news-T-Image-1-1.jpeg 1482w\" sizes=\"auto, (max-width: 1024px) 100vw, 1024px\" \/><\/figure>\n<\/figure>\n\n\n\n<hr class=\"wp-block-separator has-alpha-channel-opacity\"\/>\n\n\n\n<p class=\"has-medium-font-size\"><strong>Workshop<\/strong><\/p>\n\n\n\n<p class=\"has-primary-color has-text-color has-link-color has-medium-font-size wp-elements-70428f2e6bd5bb71698e7df8898d6151\"><strong><a href=\"https:\/\/www.itim-cj.ro\/dime\/wp-content\/uploads\/2026\/01\/Workshop-17sept-A4.pdf\" target=\"_blank\" rel=\"noreferrer noopener\">Innovative Biochar-based Materials \u2013 Sustainable Solutions for Pollution and Drought Management<\/a><\/strong><br>17 Septembrie 2025<\/p>\n\n\n\n<div class=\"wp-block-columns is-layout-flex wp-container-core-columns-is-layout-9d6595d7 wp-block-columns-is-layout-flex\">\n<div class=\"wp-block-column is-layout-flow wp-block-column-is-layout-flow\">\n<figure class=\"wp-block-image size-large\"><img loading=\"lazy\" decoding=\"async\" width=\"724\" height=\"1024\" src=\"https:\/\/www.itim-cj.ro\/dime\/wp-content\/uploads\/2025\/09\/Workshop-1000-724x1024.jpg\" alt=\"\" class=\"wp-image-238\" srcset=\"https:\/\/www.itim-cj.ro\/dime\/wp-content\/uploads\/2025\/09\/Workshop-1000-724x1024.jpg 724w, https:\/\/www.itim-cj.ro\/dime\/wp-content\/uploads\/2025\/09\/Workshop-1000-530x750.jpg 530w, https:\/\/www.itim-cj.ro\/dime\/wp-content\/uploads\/2025\/09\/Workshop-1000-768x1086.jpg 768w, https:\/\/www.itim-cj.ro\/dime\/wp-content\/uploads\/2025\/09\/Workshop-1000.jpg 1000w\" sizes=\"auto, (max-width: 724px) 100vw, 724px\" \/><\/figure>\n<\/div>\n\n\n\n<div class=\"wp-block-column is-layout-flow wp-block-column-is-layout-flow\">\n<figure class=\"wp-block-image size-large\"><img loading=\"lazy\" decoding=\"async\" width=\"724\" height=\"1024\" src=\"https:\/\/www.itim-cj.ro\/dime\/wp-content\/uploads\/2025\/09\/Workshop-2-1000-724x1024.jpg\" alt=\"\" class=\"wp-image-237\" srcset=\"https:\/\/www.itim-cj.ro\/dime\/wp-content\/uploads\/2025\/09\/Workshop-2-1000-724x1024.jpg 724w, https:\/\/www.itim-cj.ro\/dime\/wp-content\/uploads\/2025\/09\/Workshop-2-1000-530x750.jpg 530w, https:\/\/www.itim-cj.ro\/dime\/wp-content\/uploads\/2025\/09\/Workshop-2-1000-768x1086.jpg 768w, https:\/\/www.itim-cj.ro\/dime\/wp-content\/uploads\/2025\/09\/Workshop-2-1000.jpg 1000w\" sizes=\"auto, (max-width: 724px) 100vw, 724px\" \/><\/figure>\n<\/div>\n<\/div>\n\n\n\n<p><a href=\"https:\/\/www.itim-cj.ro\/dime\/wp-content\/uploads\/2025\/09\/Workshop-rogram.pdf\"><strong>Program Workshop:<\/strong><\/a><\/p>\n\n\n\n<figure class=\"wp-block-image size-large\"><img loading=\"lazy\" decoding=\"async\" width=\"1024\" height=\"724\" src=\"https:\/\/www.itim-cj.ro\/dime\/wp-content\/uploads\/2025\/09\/program-final-1024x724.jpg\" alt=\"\" class=\"wp-image-222\" srcset=\"https:\/\/www.itim-cj.ro\/dime\/wp-content\/uploads\/2025\/09\/program-final-1024x724.jpg 1024w, https:\/\/www.itim-cj.ro\/dime\/wp-content\/uploads\/2025\/09\/program-final-750x531.jpg 750w, https:\/\/www.itim-cj.ro\/dime\/wp-content\/uploads\/2025\/09\/program-final-768x543.jpg 768w, https:\/\/www.itim-cj.ro\/dime\/wp-content\/uploads\/2025\/09\/program-final.jpg 1500w\" sizes=\"auto, (max-width: 1024px) 100vw, 1024px\" \/><\/figure>\n","protected":false},"excerpt":{"rendered":"<p>Greenhouse Day la Universitatea \u00c7ukurova: apropiind cercetarea de practic\u0103 Partenerii proiectului s-au reunit la Universitatea \u00c7ukurova pentru a celebra Greenhouse Day, particip\u00e2nd la activit\u0103\u021bi practice dedicate agriculturii durabile. Evenimentul a [&hellip;]<\/p>\n","protected":false},"author":1,"featured_media":0,"parent":0,"menu_order":0,"comment_status":"closed","ping_status":"closed","template":"","meta":{"footnotes":""},"class_list":["post-233","page","type-page","status-publish","hentry"],"_links":{"self":[{"href":"https:\/\/www.itim-cj.ro\/dime\/wp-json\/wp\/v2\/pages\/233","targetHints":{"allow":["GET"]}}],"collection":[{"href":"https:\/\/www.itim-cj.ro\/dime\/wp-json\/wp\/v2\/pages"}],"about":[{"href":"https:\/\/www.itim-cj.ro\/dime\/wp-json\/wp\/v2\/types\/page"}],"author":[{"embeddable":true,"href":"https:\/\/www.itim-cj.ro\/dime\/wp-json\/wp\/v2\/users\/1"}],"replies":[{"embeddable":true,"href":"https:\/\/www.itim-cj.ro\/dime\/wp-json\/wp\/v2\/comments?post=233"}],"version-history":[{"count":6,"href":"https:\/\/www.itim-cj.ro\/dime\/wp-json\/wp\/v2\/pages\/233\/revisions"}],"predecessor-version":[{"id":409,"href":"https:\/\/www.itim-cj.ro\/dime\/wp-json\/wp\/v2\/pages\/233\/revisions\/409"}],"wp:attachment":[{"href":"https:\/\/www.itim-cj.ro\/dime\/wp-json\/wp\/v2\/media?parent=233"}],"curies":[{"name":"wp","href":"https:\/\/api.w.org\/{rel}","templated":true}]}}