{"id":67,"date":"2023-03-06T17:00:51","date_gmt":"2023-03-06T17:00:51","guid":{"rendered":"https:\/\/www.itim-cj.ro\/icasc\/?page_id=67"},"modified":"2023-03-06T17:00:51","modified_gmt":"2023-03-06T17:00:51","slug":"committees","status":"publish","type":"page","link":"https:\/\/www.itim-cj.ro\/icasc2023\/index.php\/committees\/","title":{"rendered":"Committees"},"content":{"rendered":"<p>[et_pb_section fb_built=&#8221;1&#8243; custom_padding_last_edited=&#8221;off|desktop&#8221; admin_label=&#8221;hero section&#8221; _builder_version=&#8221;4.16&#8243; use_background_color_gradient=&#8221;on&#8221; background_color_gradient_stops=&#8221;#ffffff 0%|#e7edf9 100%&#8221; background_color_gradient_start=&#8221;#ffffff&#8221; background_color_gradient_end=&#8221;#e7edf9&#8243; custom_margin=&#8221;|||&#8221; custom_padding=&#8221;100px||100px|&#8221; custom_padding_tablet=&#8221;130px||130px|&#8221; global_colors_info=&#8221;{}&#8221;][et_pb_row column_structure=&#8221;1_2,1_2&#8243; admin_label=&#8221;title and illustration&#8221; _builder_version=&#8221;4.16&#8243; background_size=&#8221;initial&#8221; background_position=&#8221;top_left&#8221; background_repeat=&#8221;repeat&#8221; custom_margin=&#8221;|||&#8221; global_colors_info=&#8221;{}&#8221;][et_pb_column type=&#8221;1_2&#8243; _builder_version=&#8221;4.16&#8243; custom_padding=&#8221;|||&#8221; global_colors_info=&#8221;{}&#8221; custom_padding__hover=&#8221;|||&#8221;][et_pb_text _builder_version=&#8221;4.20.0&#8243; text_font=&#8221;||||||||&#8221; header_font=&#8221;Merriweather|700|||||||&#8221; header_text_color=&#8221;#&#8221; header_font_size=&#8221;46px&#8221; header_line_height=&#8221;1.3em&#8221; custom_margin=&#8221;||0px|&#8221; animation_style=&#8221;flip&#8221; animation_direction=&#8221;top&#8221; global_colors_info=&#8221;{}&#8221;]<\/p>\n<h1>Committes<\/h1>\n<p>[\/et_pb_text][et_pb_divider color=&#8221;#4646c4&#8243; divider_position=&#8221;center&#8221; divider_weight=&#8221;2px&#8221; _builder_version=&#8221;4.16&#8243; max_width=&#8221;90px&#8221; max_width_tablet=&#8221;12%&#8221; max_width_last_edited=&#8221;off|desktop&#8221; custom_margin=&#8221;|||&#8221; animation_style=&#8221;flip&#8221; animation_delay=&#8221;50ms&#8221; global_colors_info=&#8221;{}&#8221;][\/et_pb_divider][\/et_pb_column][et_pb_column type=&#8221;1_2&#8243; _builder_version=&#8221;4.16&#8243; custom_padding=&#8221;|||&#8221; global_colors_info=&#8221;{}&#8221; custom_padding__hover=&#8221;|||&#8221;][\/et_pb_column][\/et_pb_row][\/et_pb_section][et_pb_section fb_built=&#8221;1&#8243; admin_label=&#8221;schedules section&#8221; _builder_version=&#8221;4.16&#8243; custom_padding=&#8221;100px||4px|||&#8221; animation_style=&#8221;zoom&#8221; animation_intensity_zoom=&#8221;10%&#8221; global_colors_info=&#8221;{}&#8221;][et_pb_row _builder_version=&#8221;4.16&#8243; custom_padding=&#8221;10px|0px|10px|0px&#8221; border_color_all=&#8221;#4646c4&#8243; border_width_bottom=&#8221;3px&#8221; global_colors_info=&#8221;{}&#8221;][et_pb_column type=&#8221;4_4&#8243; _builder_version=&#8221;4.16&#8243; custom_padding=&#8221;|||&#8221; global_colors_info=&#8221;{}&#8221; custom_padding__hover=&#8221;|||&#8221;][et_pb_text _builder_version=&#8221;4.16&#8243; text_font=&#8221;||||||||&#8221; header_font=&#8221;||||||||&#8221; header_2_font=&#8221;|700|||||||&#8221; header_2_line_height=&#8221;1.4em&#8221; global_colors_info=&#8221;{}&#8221;]<\/p>\n<h2>Scientific Advisory Board \/ Technical Program Committee<\/h2>\n<p>[\/et_pb_text][\/et_pb_column][\/et_pb_row][et_pb_row admin_label=&#8221;Timing and speaker&#8221; _builder_version=&#8221;4.16&#8243; custom_padding=&#8221;40px|0px|5px|0px||&#8221; border_color_all=&#8221;#e1e3e5&#8243; border_width_top=&#8221;1px&#8221; global_colors_info=&#8221;{}&#8221;][et_pb_column type=&#8221;4_4&#8243; _builder_version=&#8221;4.16&#8243; custom_padding=&#8221;|||&#8221; global_colors_info=&#8221;{}&#8221; custom_padding__hover=&#8221;|||&#8221;][et_pb_text _builder_version=&#8221;4.20.0&#8243; text_font=&#8221;||||||||&#8221; text_line_height=&#8221;1.8em&#8221; link_font=&#8221;||||||||&#8221; link_text_color=&#8221;#4646c4&#8243; header_font=&#8221;||||||||&#8221; header_3_font=&#8221;Merriweather|700|||||||&#8221; header_3_text_color=&#8221;#4646c4&#8243; header_3_line_height=&#8221;1.3em&#8221; header_4_font=&#8221;Merriweather|700|||||||&#8221; header_4_line_height=&#8221;1.8em&#8221; custom_margin=&#8221;||20px|&#8221; global_colors_info=&#8221;{}&#8221; width=&#8221;75.6%&#8221;]<\/p>\n<h4>Adam Gheorghe \u2013 IFIN-HH, Bucharest, Romania<\/h4>\n<h4>Bala\u017e Antun \u2013 Institute of Physics Belgrade, Serbia\u00a0\u00a0<\/h4>\n<h4>Argyrakis Panos \u2013 Aristotle University of Thessaloniki\/GRNET, Greece<\/h4>\n<h4>Bu\u0161a J\u00e1n \u2013 Technical University of Ko\u0161ice, Slovakia\u00a0<\/h4>\n<h4>Dulea Mihnea Alexandru \u2013 IFIN-HH, Bucharest, Romania<\/h4>\n<h4>Gasner Paul\u00a0 \u2013 Al. I. Cuza University of Ia\u0219i, Romania\u00a0<\/h4>\n<h4>Z\u00e2rbo Liviu-Petre \u2013 INCDTIM, Cluj-Napoca, Romania<\/h4>\n<h4>Miclea Liviu-Cristian \u2013 Technical University Cluj-Napoca, Romania<\/h4>\n<h4>V\u00e1zquez-Poletti Jos\u00e9 Luis &#8211; DSA Research Group, Madrid, Spain<\/h4>\n<h4>Pu\u0219chi\u021b\u0103 Emanuel Dumitru \u2013 Technical University Cluj-Napoca, Romania<\/h4>\n<h4>Tru\u0219c\u0103 Mihail Radu C\u0103t\u0103lin \u2013 INCDTIM, Cluj-Napoca, Romania<\/h4>\n<h4>\u021a\u0103pu\u0219 Nicolae \u2013 Politehnica University of Bucharest, Romania<\/h4>\n<h4>Filip Claudiu Ortensie \u2013 INCDTIM, Cluj-Napoca, Romania<\/h4>\n<p>[\/et_pb_text][\/et_pb_column][\/et_pb_row][\/et_pb_section][et_pb_section fb_built=&#8221;1&#8243; admin_label=&#8221;schedules section&#8221; _builder_version=&#8221;4.20.0&#8243; custom_margin=&#8221;-3px|||||&#8221; custom_padding=&#8221;8px||53px||false|false&#8221; animation_style=&#8221;zoom&#8221; animation_intensity_zoom=&#8221;10%&#8221; global_colors_info=&#8221;{}&#8221;][et_pb_row _builder_version=&#8221;4.16&#8243; custom_padding=&#8221;10px|0px|10px|0px&#8221; border_color_all=&#8221;#4646c4&#8243; border_width_bottom=&#8221;3px&#8221; global_colors_info=&#8221;{}&#8221;][et_pb_column type=&#8221;4_4&#8243; _builder_version=&#8221;4.16&#8243; custom_padding=&#8221;|||&#8221; global_colors_info=&#8221;{}&#8221; custom_padding__hover=&#8221;|||&#8221;][et_pb_text _builder_version=&#8221;4.16&#8243; text_font=&#8221;||||||||&#8221; header_font=&#8221;||||||||&#8221; header_2_font=&#8221;|700|||||||&#8221; header_2_line_height=&#8221;1.4em&#8221; global_colors_info=&#8221;{}&#8221;]<\/p>\n<h2>Organizing Committee<\/h2>\n<p>[\/et_pb_text][\/et_pb_column][\/et_pb_row][et_pb_row column_structure=&#8221;1_2,1_2&#8243; admin_label=&#8221;Timing and speaker&#8221; _builder_version=&#8221;4.16&#8243; custom_padding=&#8221;40px|0px|0px|0px||&#8221; border_color_all=&#8221;#e1e3e5&#8243; border_width_top=&#8221;1px&#8221; global_colors_info=&#8221;{}&#8221;][et_pb_column type=&#8221;1_2&#8243; _builder_version=&#8221;4.16&#8243; custom_padding=&#8221;|||&#8221; global_colors_info=&#8221;{}&#8221; custom_padding__hover=&#8221;|||&#8221;][et_pb_text _builder_version=&#8221;4.21.0&#8243; text_font=&#8221;||||||||&#8221; text_line_height=&#8221;1.8em&#8221; link_font=&#8221;||||||||&#8221; link_text_color=&#8221;#4646c4&#8243; header_font=&#8221;||||||||&#8221; header_3_font=&#8221;Merriweather|700|||||||&#8221; header_3_text_color=&#8221;#4646c4&#8243; header_3_line_height=&#8221;1.3em&#8221; header_4_font=&#8221;Merriweather|700|||||||&#8221; header_4_line_height=&#8221;1.8em&#8221; custom_margin=&#8221;||20px|&#8221; hover_enabled=&#8221;0&#8243; global_colors_info=&#8221;{}&#8221; custom_padding=&#8221;0px|||||&#8221; sticky_enabled=&#8221;0&#8243;]<\/p>\n<h4>Filip Claudiu Ortensie \u2013 INCDTIM<\/h4>\n<h4>Nicoar\u0103 Felicia Diana \u2013 INCDTIM<\/h4>\n<h4>Popeneciu Gabriel Alexandru \u2013 INCDTIM<\/h4>\n<h4>Tru\u0219c\u0103 Mihail Radu C\u0103t\u0103lin \u2013 INCDTIM<\/h4>\n<h4>Nagy Jefte \u2013 INCDTIM<\/h4>\n<p>[\/et_pb_text][\/et_pb_column][et_pb_column type=&#8221;1_2&#8243; _builder_version=&#8221;4.16&#8243; custom_padding=&#8221;|||&#8221; global_colors_info=&#8221;{}&#8221; custom_padding__hover=&#8221;|||&#8221;][et_pb_text _builder_version=&#8221;4.20.0&#8243; text_font=&#8221;||||||||&#8221; text_line_height=&#8221;1.8em&#8221; link_font=&#8221;||||||||&#8221; link_text_color=&#8221;#4646c4&#8243; header_font=&#8221;||||||||&#8221; header_3_font=&#8221;Merriweather|700|||||||&#8221; header_3_text_color=&#8221;#4646c4&#8243; header_3_line_height=&#8221;1.3em&#8221; header_4_font=&#8221;Merriweather|700|||||||&#8221; header_4_line_height=&#8221;1.8em&#8221; custom_margin=&#8221;||20px|&#8221; global_colors_info=&#8221;{}&#8221;]<\/p>\n<h4><\/h4>\n<h4>Z\u00e2rbo Lauren\u021biu-Victor \u2013 INCDTIM<\/h4>\n<h4>F\u0103rca\u0219 Felix \u2013 INCDTIM<\/h4>\n<h4>Szab\u00f3 Izabella \u2013 INCDTIM<\/h4>\n<h4>Lup\u0219e Cristian Andrei \u2013 INCDTIM<\/h4>\n<h4>Dulea Mihnea Alexandru \u2013 IFIN-HH, Bucuresti<\/h4>\n<p>[\/et_pb_text][\/et_pb_column][\/et_pb_row][\/et_pb_section][et_pb_section fb_built=&#8221;1&#8243; admin_label=&#8221;Contact&#8221; _builder_version=&#8221;4.20.0&#8243; background_color=&#8221;#313476&#8243; custom_padding=&#8221;0px|0px|0px|0px&#8221; animation_style=&#8221;slide&#8221; animation_direction=&#8221;bottom&#8221; animation_intensity_slide=&#8221;20%&#8221; animation_starting_opacity=&#8221;100%&#8221; box_shadow_style=&#8221;preset7&#8243; box_shadow_horizontal=&#8221;0px&#8221; box_shadow_vertical=&#8221;80px&#8221; box_shadow_spread=&#8221;-14px&#8221; box_shadow_color=&#8221;#ffffff&#8221; global_colors_info=&#8221;{}&#8221;][et_pb_row column_structure=&#8221;1_2,1_2&#8243; use_custom_gutter=&#8221;on&#8221; gutter_width=&#8221;1&#8243; make_equal=&#8221;on&#8221; admin_label=&#8221;Contact Row&#8221; module_class=&#8221; et_pb_row_fullwidth&#8221; _builder_version=&#8221;4.20.0&#8243; width=&#8221;100%&#8221; width_tablet=&#8221;100%&#8221; width_phone=&#8221;100%&#8221; width_last_edited=&#8221;on|desktop&#8221; max_width=&#8221;100%&#8221; max_width_tablet=&#8221;100%&#8221; max_width_phone=&#8221;100%&#8221; max_width_last_edited=&#8221;on|desktop&#8221; custom_padding=&#8221;0px||0px|&#8221; make_fullwidth=&#8221;on&#8221; global_colors_info=&#8221;{}&#8221;][et_pb_column type=&#8221;1_2&#8243; _builder_version=&#8221;4.20.0&#8243; custom_padding=&#8221;110px|8%|70px|12%&#8221; global_colors_info=&#8221;{}&#8221; custom_padding__hover=&#8221;|||&#8221;][et_pb_text admin_label=&#8221;Title&#8221; _builder_version=&#8221;4.20.0&#8243; text_font=&#8221;||||||||&#8221; header_font=&#8221;||||||||&#8221; header_2_font=&#8221;Montserrat|700|||||||&#8221; header_2_font_size=&#8221;40px&#8221; header_2_line_height=&#8221;1.3em&#8221; background_layout=&#8221;dark&#8221; module_alignment=&#8221;center&#8221; custom_margin=&#8221;20px|||&#8221; custom_padding=&#8221;|||&#8221; locked=&#8221;off&#8221; global_colors_info=&#8221;{}&#8221;]<\/p>\n<h2>Previous RO-LCG Events<\/h2>\n<p>[\/et_pb_text][et_pb_text _builder_version=&#8221;4.20.0&#8243; text_font=&#8221;||||||||&#8221; text_text_color=&#8221;rgba(255,255,255,0.7)&#8221; text_font_size=&#8221;17px&#8221; text_line_height=&#8221;1.3em&#8221; header_font=&#8221;||||||||&#8221; background_layout=&#8221;dark&#8221; custom_margin=&#8221;16px|||&#8221; global_colors_info=&#8221;{}&#8221;]<\/p>\n<table style=\"width: 100%; border-collapse: collapse; border-color: #313476; background-color: #313476;\" border=\"0\">\n<tbody>\n<tr>\n<td style=\"width: 50%;\">\n<p><a href=\"http:\/\/icasc2019.ifin.ro\/\" target=\"_blank\" rel=\"noopener\">2019 IFIN-HH Magurele<\/a><\/p>\n<p><a href=\"http:\/\/www.itim-cj.ro\/rolcg\/\" target=\"_blank\" rel=\"noopener\">2018 ITIM Cluj-Napoca<\/a><\/p>\n<p><a href=\"http:\/\/rolcg2017.ifin.ro\/\" target=\"_blank\" rel=\"noopener\">2017 &#8216;International&#8217; Sinaia<\/a><\/p>\n<p><a href=\"http:\/\/rolcg2016.ifin.ro\/\" target=\"_blank\" rel=\"noopener\">2016 IFIN-HH Magurele<\/a><\/p>\n<p><a href=\"http:\/\/www.itim-cj.ro\/rolcg\/\" target=\"_blank\" rel=\"noopener\">2015 ITIM Cluj-Napoca<\/a><\/p>\n<p><a href=\"http:\/\/rolcg2014.ifin.ro\/\" target=\"_blank\" rel=\"noopener\">2014 IFIN-HH Magurele<\/a><\/p>\n<p><a href=\"http:\/\/ro-lcg.uaic.ro\/\" target=\"_blank\" rel=\"noopener\">2013 UAIC Constanta<\/a><\/p>\n<\/td>\n<td style=\"width: 50%;\">\n<p><a href=\"http:\/\/www.itim-cj.ro\/rolcg2012\/\" target=\"_blank\" rel=\"noopener\">2012 ITIM Cluj-Napoca<\/a><\/p>\n<p><a href=\"http:\/\/rolcg11.nipne.ro\/\" target=\"_blank\" rel=\"noopener\">2011 IFIN-HH Magurele<\/a><\/p>\n<p><a href=\"http:\/\/wlcg10.nipne.ro\/\" target=\"_blank\" rel=\"noopener\">2010 IFIN-HH Magurele<\/a><\/p>\n<p><a href=\"http:\/\/wlcg09.nipne.ro\/\" target=\"_blank\" rel=\"noopener\">2009 IFIN-HH Magurele<\/a><\/p>\n<p><a href=\"http:\/\/icasc2019.ifin.ro\/#\" target=\"_blank\" rel=\"noopener\">2008 &#8220;U&#8221; Business Center<\/a><\/p>\n<p><a href=\"http:\/\/wlcg.nipne.ro\/\" target=\"_blank\" rel=\"noopener\">2007 IFIN-HH Magurele<\/a><\/p>\n<p>&nbsp;<\/p>\n<\/td>\n<\/tr>\n<\/tbody>\n<\/table>\n<p>[\/et_pb_text][\/et_pb_column][et_pb_column type=&#8221;1_2&#8243; _builder_version=&#8221;4.16&#8243; background_color=&#8221;#2b2e6d&#8221; custom_padding=&#8221;|5%||5%&#8221; global_colors_info=&#8221;{}&#8221; custom_padding__hover=&#8221;|||&#8221;][et_pb_text _builder_version=&#8221;4.20.0&#8243; _module_preset=&#8221;default&#8221; header_font=&#8221;Merriweather|700|||||||&#8221; header_text_color=&#8221;#FFFFFF&#8221; header_font_size=&#8221;32px&#8221; header_line_height=&#8221;2.8em&#8221; custom_margin=&#8221;120px||||false|false&#8221; global_colors_info=&#8221;{}&#8221;]<\/p>\n<h1>Contact us<\/h1>\n<p>[\/et_pb_text][et_pb_text _builder_version=&#8221;4.20.0&#8243; _module_preset=&#8221;default&#8221; text_text_color=&#8221;#FFFFFF&#8221; text_font_size=&#8221;18px&#8221; text_line_height=&#8221;2em&#8221; width=&#8221;96%&#8221; global_colors_info=&#8221;{}&#8221;]<\/p>\n<p><img decoding=\"async\" src=\"http:\/\/www.itim-cj.ro\/icasc\/wp-content\/uploads\/2023\/03\/icons-place-marker.png\" alt=\"\" style=\"float: left; margin-right: 1rem;\" \/>67-103 Donat Street, P.O. Box 700,<br \/>\u00a0\u00a0\u00a0\u00a0\u00a0\u00a0\u00a0\u00a0 RO-400293 Cluj-Napoca 5, Romania<\/p>\n<p><img decoding=\"async\" src=\"http:\/\/www.itim-cj.ro\/icasc\/wp-content\/uploads\/2023\/03\/icons-phone.png\" alt=\"\" style=\"float: left; margin-right: 1rem;\" \/>+40 264 584037<\/p>\n<p><img decoding=\"async\" src=\"http:\/\/www.itim-cj.ro\/icasc\/wp-content\/uploads\/2023\/03\/icons-email.png\" alt=\"\" style=\"float: left; margin-right: 1rem;\" \/>icasc@itim-cj.ro<\/p>\n<p>[\/et_pb_text][et_pb_text _builder_version=&#8221;4.16&#8243; global_colors_info=&#8221;{}&#8221;][\/et_pb_text][\/et_pb_column][\/et_pb_row][\/et_pb_section]<\/p>\n","protected":false},"excerpt":{"rendered":"<p>CommittesScientific Advisory Board \/ Technical Program CommitteeAdam Gheorghe \u2013 IFIN-HH, Bucharest, Romania Bala\u017e Antun \u2013 Institute of Physics Belgrade, Serbia\u00a0\u00a0 Argyrakis Panos \u2013 Aristotle University of Thessaloniki\/GRNET, Greece Bu\u0161a J\u00e1n \u2013 Technical University of Ko\u0161ice, Slovakia\u00a0 Dulea Mihnea Alexandru \u2013 IFIN-HH, Bucharest, Romania Gasner Paul\u00a0 \u2013 Al. I. Cuza University of Ia\u0219i, Romania\u00a0 Z\u00e2rbo Liviu-Petre [&hellip;]<\/p>\n","protected":false},"author":1,"featured_media":0,"parent":0,"menu_order":0,"comment_status":"closed","ping_status":"closed","template":"","meta":{"_et_pb_use_builder":"on","_et_pb_old_content":"","_et_gb_content_width":"","footnotes":""},"class_list":["post-67","page","type-page","status-publish","hentry"],"_links":{"self":[{"href":"https:\/\/www.itim-cj.ro\/icasc2023\/index.php\/wp-json\/wp\/v2\/pages\/67","targetHints":{"allow":["GET"]}}],"collection":[{"href":"https:\/\/www.itim-cj.ro\/icasc2023\/index.php\/wp-json\/wp\/v2\/pages"}],"about":[{"href":"https:\/\/www.itim-cj.ro\/icasc2023\/index.php\/wp-json\/wp\/v2\/types\/page"}],"author":[{"embeddable":true,"href":"https:\/\/www.itim-cj.ro\/icasc2023\/index.php\/wp-json\/wp\/v2\/users\/1"}],"replies":[{"embeddable":true,"href":"https:\/\/www.itim-cj.ro\/icasc2023\/index.php\/wp-json\/wp\/v2\/comments?post=67"}],"version-history":[{"count":0,"href":"https:\/\/www.itim-cj.ro\/icasc2023\/index.php\/wp-json\/wp\/v2\/pages\/67\/revisions"}],"wp:attachment":[{"href":"https:\/\/www.itim-cj.ro\/icasc2023\/index.php\/wp-json\/wp\/v2\/media?parent=67"}],"curies":[{"name":"wp","href":"https:\/\/api.w.org\/{rel}","templated":true}]}}