{"id":36,"date":"2024-12-10T20:50:17","date_gmt":"2024-12-10T18:50:17","guid":{"rendered":"https:\/\/www.itim-cj.ro\/memoac\/?page_id=36"},"modified":"2025-12-04T09:04:41","modified_gmt":"2025-12-04T07:04:41","slug":"rezultate","status":"publish","type":"page","link":"https:\/\/www.itim-cj.ro\/memoac\/rezultate\/","title":{"rendered":"Rezultate &#8211; Etapa 1 &#8211; 2024"},"content":{"rendered":"\n<p><strong><em>Etapa 1: Ob\u021binerea \u0219i caracterizarea extractelor din diferite plante perene<\/em><\/strong><\/p>\n\n\n\n<p><strong>Rezumat executiv al activit\u0103\u021bilor realizate<\/strong><\/p>\n\n\n\n<p>\u00cen cadrul acestei etape au fost ob\u021binute extracte optimizate privind con\u021binutul total de polifenoli, flavonoide, alcaloizi \u0219i capacitate antioxidant\u0103 din plantele perene <em>Rheum rhabarbarum<\/em>, <em>Reynoutria sachalinensis<\/em> \u0219i <em>Sophora flavescens<\/em>. Optimizarea extractelor din plantele selectate a fost realizat\u0103 prin utilizarea tehnicii de extrac\u021bie (ultrasonare) combinat\u0103 cu optimizarea condi\u021biilor de extrac\u021bie ob\u021binute cu ajutorul designului experimental Central Composite Design (CCD), o abordare mai pu\u021bin folosit\u0103 \u00een contextul extractelor din plantele men\u021bionate. \u00cen general, rezultatele ob\u021binute pentru extractele din plante selectate au ar\u0103tat c\u0103, cantitatea de compu\u0219i bioactivi \u0219i capacitatea antioxidant\u0103 a variat considerabil, \u00een func\u021bie de tipul de plant\u0103 \u0219i de condi\u021biile de extrac\u021bie, eviden\u021biind, astfel, importan\u021ba optimiz\u0103rii metodelor de extrac\u021bie pentru fiecare specie \u00een parte. \u00cen scopul determin\u0103rii efectului sinergic, au fost preparate \u0219i caracterizate amestecuri din extractele de plante. Lu\u00e2nd \u00een considerare capacitatea antioxidant\u0103, amestecul format din extracte de <em>R. sachalinensis<\/em> \u2013 frunze \u0219i <em>R. sachalinensis<\/em> \u2013 tulpini (raport 1:2, v\/v) a prezentat efect sinergic.<\/p>\n\n\n\n<p>De asemenea, au fost realizate \u0219i teste privind determinarea efectelor antifungice ale extractelor optimizate. Extractele de <em>R. rhabarbarum <\/em>au prezentat efect inhibitor asupra cre\u0219terii ciupercii fitopatogene <em>Fusarium oxysporum<\/em> <em>f. sp. lycopersici<\/em> 4287 la toate concentra\u021biile folosite, cele de <em>S. flavescens <\/em>a prezentat efect inhibitor asupra cre\u0219terii ciupercii fitopatogene investigate la concentra\u021bii mai mari, iar extractul de <em>R. sachaliensis<\/em> a prezentat efect u\u0219or stimulator asupra cre\u0219terii acesteia.<\/p>\n\n\n\n<p>Metodele de extrac\u021bie considerate optime pentru fiecare plant\u0103 selectat\u0103 \u00een cadrul acestui proiect, vor fi utilizate, \u00een etapele urm\u0103toare ale proiectului, pentru ob\u021binerea de extracte necesare ob\u021binerii unor microemulsii cu diferi\u021bi adjuvan\u021bi (ex.: ulei de rapi\u021b\u0103, pelecol etc) care vor fi testate ca poten\u021biale antifungice \u0219i insecticide pentru culturile de castrave\u021bi \u0219i prune. Astfel, \u00een cadrul acestei etape au fost stabilite condi\u021biile de aplicare a extractelor\/microemulsiilor \u00een livada de pruni \u00een scopul evalu\u0103rii efectului lor asupra p\u0103duchelui verde (<em>Aphis gossypii<\/em>), acarianului comun (<em>Tetranychus&nbsp; urticae<\/em> Koch) \u0219i viermelui prunelor (<em>Grapholita funebrana<\/em>). De asemenea, extractele\/microemulsiile preparate vor fi testate \u0219i pe culturile de castrave\u021bi \u00een scopul evalu\u0103rii f\u0103in\u0103rii acestora.<\/p>\n\n\n\n<p>\u00cen concluzie, extracte optimizate ob\u021binute prezint\u0103 poten\u021bial de utilizare ca insecticide \u0219i fungicide naturale, contribuind la reducerea aplic\u0103rii substan\u021belor chimice \u0219i sprijinind dezvoltarea unui sector agricol mai ecologic \u0219i mai sustenabil.<strong><\/strong><\/p>\n\n\n\n<p><strong>Rezultate ob<\/strong><strong>\u021binute<\/strong><strong><\/strong><\/p>\n\n\n\n<p><strong>Trei metode de extrac\u021bie:<\/strong><\/p>\n\n\n\n<ol class=\"wp-block-list\">\n<li>Metoda optimizat\u0103 de extrac\u021bie a polifenolilor totali din <em>Sophora flavescens<\/em>, <em>R. rhabarbarum<\/em>, <em>Reynoutria sachalinensis<\/em>, autori: Ocsana Opri\u015f, Maria-Loredana Soran, Ildiko Lung, Adina Stegarescu, Svetlana Jalb\u0103 (nr. \u00eenreg. 1876 \/ 10.12.2024);<\/li>\n\n\n\n<li>Metod\u0103 optimizat\u0103 de extrac\u021bie a flavonoidelor totale din <em>Sophora flavescens<\/em>, <em>Reynoutria sachalinensis<\/em>, autori: Ildiko Lung, Maria-Loredana Soran, Ocsana Opri\u015f, Adina Stegarescu, Svetlana Jalb\u0103 (nr. \u00eenreg. 1877 \/ 10.12.2024);<\/li>\n\n\n\n<li>Metod\u0103 de ob\u021binere a extractelor din <em>Sophora flavescens<\/em>, <em>R. rhabarbarum<\/em>, <em>Reynoutria sachalinensis.<\/em>cu activitate antioxidanta ridicat\u0103, autori: Maria-Loredana Soran, Ildiko Lung, Ocsana Opri\u015f Adina Stegarescu (nr. \u00eenreg. 1878 \/ 10.12.2024).<\/li>\n<\/ol>\n\n\n\n<p><strong>Diseminarea rezultatelor la conferin\u021be interna\u021bionale:<\/strong><\/p>\n\n\n\n<ol class=\"wp-block-list\">\n<li>V. Todira\u0219, A. Gu\u0219an, M.-L. Soran, A. Stegarescu, Eficacitatea extractelor vegetale din Sofora (<em>SOPHORA FLAVESCENS<\/em>) \u015fi Neem (<em>AZADIRACHTA INDICA<\/em>) \u00een combaterea d\u0103un\u0103torilor din spa\u0163iu protejat, International Scientific Conference \u201cGenetics, Physiology and Plant Breeding\u201d (VIII<sup>th<\/sup> Edition), 7 &#8211; 8 octombrie 2024, Chi\u015fin\u0103u, Republica Moldova \u2013 prezentare oral\u04d1<\/li>\n\n\n\n<li>V. Todira\u0219, S. Jalb\u0103, T. Erhan, I. Lung, O. Opri\u0219, A. Stegarescu, M.-L. Soran, Preparation and characterization of <em>Sophora flavescens<\/em> extract as natural insecticide in greenhouse. International Conference on Agriculture and Biological Sciences (ICOABS-24), 3 &#8211; 4 decembrie 2024, Amsterdam, Olanda.<\/li>\n\n\n\n<li>S. Jalb\u0103, V. Todira\u0219, T. Erhan, I. Lung, O. Opri\u0219, A. Stegarescu, Optimization of <em>Reynoutria sachalinensis<\/em> extracts for organic pests management. International Conference on Agriculture and Biological Sciences (ICOABS-24), 3 &#8211; 4 decembrie 2024, Amsterdam, Olanda.<\/li>\n<\/ol>\n","protected":false},"excerpt":{"rendered":"<p>Etapa 1: Ob\u021binerea \u0219i caracterizarea extractelor din diferite plante perene Rezumat executiv al activit\u0103\u021bilor realizate \u00cen cadrul acestei etape au fost ob\u021binute extracte optimizate privind con\u021binutul total de polifenoli, flavonoide, [&hellip;]<\/p>\n","protected":false},"author":1,"featured_media":0,"parent":0,"menu_order":0,"comment_status":"closed","ping_status":"closed","template":"","meta":{"footnotes":""},"class_list":["post-36","page","type-page","status-publish","hentry"],"_links":{"self":[{"href":"https:\/\/www.itim-cj.ro\/memoac\/wp-json\/wp\/v2\/pages\/36","targetHints":{"allow":["GET"]}}],"collection":[{"href":"https:\/\/www.itim-cj.ro\/memoac\/wp-json\/wp\/v2\/pages"}],"about":[{"href":"https:\/\/www.itim-cj.ro\/memoac\/wp-json\/wp\/v2\/types\/page"}],"author":[{"embeddable":true,"href":"https:\/\/www.itim-cj.ro\/memoac\/wp-json\/wp\/v2\/users\/1"}],"replies":[{"embeddable":true,"href":"https:\/\/www.itim-cj.ro\/memoac\/wp-json\/wp\/v2\/comments?post=36"}],"version-history":[{"count":6,"href":"https:\/\/www.itim-cj.ro\/memoac\/wp-json\/wp\/v2\/pages\/36\/revisions"}],"predecessor-version":[{"id":86,"href":"https:\/\/www.itim-cj.ro\/memoac\/wp-json\/wp\/v2\/pages\/36\/revisions\/86"}],"wp:attachment":[{"href":"https:\/\/www.itim-cj.ro\/memoac\/wp-json\/wp\/v2\/media?parent=36"}],"curies":[{"name":"wp","href":"https:\/\/api.w.org\/{rel}","templated":true}]}}