{"id":158,"date":"2025-10-17T11:56:32","date_gmt":"2025-10-17T11:56:32","guid":{"rendered":"https:\/\/www.itim-cj.ro\/pncdi\/edutim\/?page_id=158"},"modified":"2025-12-04T18:12:06","modified_gmt":"2025-12-04T18:12:06","slug":"noaptea-cercetatorilor-reconnect-2025","status":"publish","type":"page","link":"https:\/\/www.itim-cj.ro\/pncdi\/edutim\/?page_id=158","title":{"rendered":"Noaptea Cercet\u0103torilor"},"content":{"rendered":"\n<p class=\"list-elements-on-results-subpages\">26 septembrie 2025<\/p>\n\n\n\n<p><br>\u00cen Parcul Central, la CASINO Centrul de Cultur\u0103 Urban\u0103 &#8211; Cluj-Napoca, echipa INCDTIM a r\u0103spuns pozitiv invita\u021biei de a participa la evenimentul \u201cNoaptea Cercet\u0103torilor ReCoNnect\u201d (ReCoNnect 3 &#8211; Building a Community, proiect HORIZON-MSCA-2023-CITIZENS-01). Echipa INCDTIM (foto st\u00e2nga) a reprezentat un pion cheie la acest eveniment, particip\u00e2nd cu <em>ateliere de \u00eenv\u0103\u021bare<\/em> prin <em>demonstra\u021bii<\/em> \u0219i <em>seminare interactive<\/em>: experimente de purificare\/cur\u0103\u021bare a apelor prin filtrare, vulcanul, apa plimb\u0103rea\u021b\u0103-curcubeu \u00eentr-un pahar; \u0219arpele de zah\u0103r; borcanul cu lav\u0103; bateria din salat\u0103 de fructe; zeama de varz\u0103 \u0219i superputerea ei; experimente explozive cu bicarbonat; tornad\u0103 \u00een sticl\u0103; pasta de din\u021bi a elefantului; crearea de circuite electrice cu baterii; experimente despre\/cu polarizarea luminii, holograme prin reflexia luminii, instrumente muzicale realizate din diverse obiecte, \u0219i, nu \u020bn ultimul r\u00e2nd, prezentarea azotului lichid.<\/p>\n\n\n\n<div style=\"height:60px\" aria-hidden=\"true\" class=\"wp-block-spacer\"><\/div>\n\n\n\n<figure class=\"wp-block-gallery has-nested-images columns-2 is-cropped wp-block-gallery-1 is-layout-flex wp-block-gallery-is-layout-flex\">\n<figure class=\"wp-block-image size-large\"><img loading=\"lazy\" decoding=\"async\" width=\"1024\" height=\"768\" data-id=\"305\" src=\"https:\/\/www.itim-cj.ro\/pncdi\/edutim\/wp-content\/uploads\/2025\/12\/ncl4-1024x768.jpeg\" alt=\"\" class=\"wp-image-305\" srcset=\"https:\/\/www.itim-cj.ro\/pncdi\/edutim\/wp-content\/uploads\/2025\/12\/ncl4-1024x768.jpeg 1024w, https:\/\/www.itim-cj.ro\/pncdi\/edutim\/wp-content\/uploads\/2025\/12\/ncl4-300x225.jpeg 300w, https:\/\/www.itim-cj.ro\/pncdi\/edutim\/wp-content\/uploads\/2025\/12\/ncl4-768x576.jpeg 768w, https:\/\/www.itim-cj.ro\/pncdi\/edutim\/wp-content\/uploads\/2025\/12\/ncl4.jpeg 1200w\" sizes=\"auto, (max-width: 1024px) 100vw, 1024px\" \/><\/figure>\n\n\n\n<figure class=\"wp-block-image size-large\"><img loading=\"lazy\" decoding=\"async\" width=\"1024\" height=\"768\" data-id=\"307\" src=\"https:\/\/www.itim-cj.ro\/pncdi\/edutim\/wp-content\/uploads\/2025\/12\/ncl11-1024x768.jpeg\" alt=\"\" class=\"wp-image-307\" srcset=\"https:\/\/www.itim-cj.ro\/pncdi\/edutim\/wp-content\/uploads\/2025\/12\/ncl11-1024x768.jpeg 1024w, https:\/\/www.itim-cj.ro\/pncdi\/edutim\/wp-content\/uploads\/2025\/12\/ncl11-300x225.jpeg 300w, https:\/\/www.itim-cj.ro\/pncdi\/edutim\/wp-content\/uploads\/2025\/12\/ncl11-768x576.jpeg 768w, https:\/\/www.itim-cj.ro\/pncdi\/edutim\/wp-content\/uploads\/2025\/12\/ncl11.jpeg 1200w\" sizes=\"auto, (max-width: 1024px) 100vw, 1024px\" \/><\/figure>\n\n\n\n<figure class=\"wp-block-image size-large\"><img loading=\"lazy\" decoding=\"async\" width=\"1024\" height=\"768\" data-id=\"308\" src=\"https:\/\/www.itim-cj.ro\/pncdi\/edutim\/wp-content\/uploads\/2025\/12\/ncl14-1024x768.jpeg\" alt=\"\" class=\"wp-image-308\" srcset=\"https:\/\/www.itim-cj.ro\/pncdi\/edutim\/wp-content\/uploads\/2025\/12\/ncl14-1024x768.jpeg 1024w, https:\/\/www.itim-cj.ro\/pncdi\/edutim\/wp-content\/uploads\/2025\/12\/ncl14-300x225.jpeg 300w, https:\/\/www.itim-cj.ro\/pncdi\/edutim\/wp-content\/uploads\/2025\/12\/ncl14-768x576.jpeg 768w, https:\/\/www.itim-cj.ro\/pncdi\/edutim\/wp-content\/uploads\/2025\/12\/ncl14.jpeg 1200w\" sizes=\"auto, (max-width: 1024px) 100vw, 1024px\" \/><\/figure>\n\n\n\n<figure class=\"wp-block-image size-large\"><img loading=\"lazy\" decoding=\"async\" width=\"1024\" height=\"768\" data-id=\"309\" src=\"https:\/\/www.itim-cj.ro\/pncdi\/edutim\/wp-content\/uploads\/2025\/12\/ncl13-1024x768.jpeg\" alt=\"\" class=\"wp-image-309\" srcset=\"https:\/\/www.itim-cj.ro\/pncdi\/edutim\/wp-content\/uploads\/2025\/12\/ncl13-1024x768.jpeg 1024w, https:\/\/www.itim-cj.ro\/pncdi\/edutim\/wp-content\/uploads\/2025\/12\/ncl13-300x225.jpeg 300w, https:\/\/www.itim-cj.ro\/pncdi\/edutim\/wp-content\/uploads\/2025\/12\/ncl13-768x576.jpeg 768w, https:\/\/www.itim-cj.ro\/pncdi\/edutim\/wp-content\/uploads\/2025\/12\/ncl13.jpeg 1200w\" sizes=\"auto, (max-width: 1024px) 100vw, 1024px\" \/><\/figure>\n\n\n\n<figure class=\"wp-block-image size-large\"><img loading=\"lazy\" decoding=\"async\" width=\"1024\" height=\"768\" data-id=\"310\" src=\"https:\/\/www.itim-cj.ro\/pncdi\/edutim\/wp-content\/uploads\/2025\/12\/ncl10-1024x768.jpeg\" alt=\"\" class=\"wp-image-310\" srcset=\"https:\/\/www.itim-cj.ro\/pncdi\/edutim\/wp-content\/uploads\/2025\/12\/ncl10-1024x768.jpeg 1024w, https:\/\/www.itim-cj.ro\/pncdi\/edutim\/wp-content\/uploads\/2025\/12\/ncl10-300x225.jpeg 300w, https:\/\/www.itim-cj.ro\/pncdi\/edutim\/wp-content\/uploads\/2025\/12\/ncl10-768x576.jpeg 768w, https:\/\/www.itim-cj.ro\/pncdi\/edutim\/wp-content\/uploads\/2025\/12\/ncl10.jpeg 1200w\" sizes=\"auto, (max-width: 1024px) 100vw, 1024px\" \/><\/figure>\n\n\n\n<figure class=\"wp-block-image size-large\"><img loading=\"lazy\" decoding=\"async\" width=\"1024\" height=\"768\" data-id=\"311\" src=\"https:\/\/www.itim-cj.ro\/pncdi\/edutim\/wp-content\/uploads\/2025\/12\/ncl7-1024x768.jpeg\" alt=\"\" class=\"wp-image-311\" srcset=\"https:\/\/www.itim-cj.ro\/pncdi\/edutim\/wp-content\/uploads\/2025\/12\/ncl7-1024x768.jpeg 1024w, https:\/\/www.itim-cj.ro\/pncdi\/edutim\/wp-content\/uploads\/2025\/12\/ncl7-300x225.jpeg 300w, https:\/\/www.itim-cj.ro\/pncdi\/edutim\/wp-content\/uploads\/2025\/12\/ncl7-768x576.jpeg 768w, https:\/\/www.itim-cj.ro\/pncdi\/edutim\/wp-content\/uploads\/2025\/12\/ncl7.jpeg 1200w\" sizes=\"auto, (max-width: 1024px) 100vw, 1024px\" \/><\/figure>\n\n\n\n<figure class=\"wp-block-image size-large\"><img loading=\"lazy\" decoding=\"async\" width=\"1024\" height=\"768\" data-id=\"312\" src=\"https:\/\/www.itim-cj.ro\/pncdi\/edutim\/wp-content\/uploads\/2025\/12\/ncl6-1024x768.jpeg\" alt=\"\" class=\"wp-image-312\" srcset=\"https:\/\/www.itim-cj.ro\/pncdi\/edutim\/wp-content\/uploads\/2025\/12\/ncl6-1024x768.jpeg 1024w, https:\/\/www.itim-cj.ro\/pncdi\/edutim\/wp-content\/uploads\/2025\/12\/ncl6-300x225.jpeg 300w, https:\/\/www.itim-cj.ro\/pncdi\/edutim\/wp-content\/uploads\/2025\/12\/ncl6-768x576.jpeg 768w, https:\/\/www.itim-cj.ro\/pncdi\/edutim\/wp-content\/uploads\/2025\/12\/ncl6.jpeg 1200w\" sizes=\"auto, (max-width: 1024px) 100vw, 1024px\" \/><\/figure>\n\n\n\n<figure class=\"wp-block-image size-large\"><img loading=\"lazy\" decoding=\"async\" width=\"1024\" height=\"768\" data-id=\"313\" src=\"https:\/\/www.itim-cj.ro\/pncdi\/edutim\/wp-content\/uploads\/2025\/12\/ncl5-1024x768.jpeg\" alt=\"\" class=\"wp-image-313\" srcset=\"https:\/\/www.itim-cj.ro\/pncdi\/edutim\/wp-content\/uploads\/2025\/12\/ncl5-1024x768.jpeg 1024w, https:\/\/www.itim-cj.ro\/pncdi\/edutim\/wp-content\/uploads\/2025\/12\/ncl5-300x225.jpeg 300w, https:\/\/www.itim-cj.ro\/pncdi\/edutim\/wp-content\/uploads\/2025\/12\/ncl5-768x576.jpeg 768w, https:\/\/www.itim-cj.ro\/pncdi\/edutim\/wp-content\/uploads\/2025\/12\/ncl5.jpeg 1200w\" sizes=\"auto, (max-width: 1024px) 100vw, 1024px\" \/><\/figure>\n\n\n\n<figure class=\"wp-block-image size-large\"><img loading=\"lazy\" decoding=\"async\" width=\"1024\" height=\"768\" data-id=\"314\" src=\"https:\/\/www.itim-cj.ro\/pncdi\/edutim\/wp-content\/uploads\/2025\/12\/ncl1-1024x768.jpeg\" alt=\"\" class=\"wp-image-314\" srcset=\"https:\/\/www.itim-cj.ro\/pncdi\/edutim\/wp-content\/uploads\/2025\/12\/ncl1-1024x768.jpeg 1024w, https:\/\/www.itim-cj.ro\/pncdi\/edutim\/wp-content\/uploads\/2025\/12\/ncl1-300x225.jpeg 300w, https:\/\/www.itim-cj.ro\/pncdi\/edutim\/wp-content\/uploads\/2025\/12\/ncl1-768x576.jpeg 768w, https:\/\/www.itim-cj.ro\/pncdi\/edutim\/wp-content\/uploads\/2025\/12\/ncl1.jpeg 1200w\" sizes=\"auto, (max-width: 1024px) 100vw, 1024px\" \/><\/figure>\n\n\n\n<figure class=\"wp-block-image size-large\"><img loading=\"lazy\" decoding=\"async\" width=\"1024\" height=\"768\" data-id=\"315\" src=\"https:\/\/www.itim-cj.ro\/pncdi\/edutim\/wp-content\/uploads\/2025\/12\/ncl3-1024x768.jpeg\" alt=\"\" class=\"wp-image-315\" srcset=\"https:\/\/www.itim-cj.ro\/pncdi\/edutim\/wp-content\/uploads\/2025\/12\/ncl3-1024x768.jpeg 1024w, https:\/\/www.itim-cj.ro\/pncdi\/edutim\/wp-content\/uploads\/2025\/12\/ncl3-300x225.jpeg 300w, https:\/\/www.itim-cj.ro\/pncdi\/edutim\/wp-content\/uploads\/2025\/12\/ncl3-768x576.jpeg 768w, https:\/\/www.itim-cj.ro\/pncdi\/edutim\/wp-content\/uploads\/2025\/12\/ncl3.jpeg 1200w\" sizes=\"auto, (max-width: 1024px) 100vw, 1024px\" \/><\/figure>\n\n\n\n<figure class=\"wp-block-image size-large\"><img loading=\"lazy\" decoding=\"async\" width=\"1024\" height=\"768\" data-id=\"316\" src=\"https:\/\/www.itim-cj.ro\/pncdi\/edutim\/wp-content\/uploads\/2025\/12\/ncl2-1024x768.jpeg\" alt=\"\" class=\"wp-image-316\" srcset=\"https:\/\/www.itim-cj.ro\/pncdi\/edutim\/wp-content\/uploads\/2025\/12\/ncl2-1024x768.jpeg 1024w, https:\/\/www.itim-cj.ro\/pncdi\/edutim\/wp-content\/uploads\/2025\/12\/ncl2-300x225.jpeg 300w, https:\/\/www.itim-cj.ro\/pncdi\/edutim\/wp-content\/uploads\/2025\/12\/ncl2-768x576.jpeg 768w, https:\/\/www.itim-cj.ro\/pncdi\/edutim\/wp-content\/uploads\/2025\/12\/ncl2.jpeg 1200w\" sizes=\"auto, (max-width: 1024px) 100vw, 1024px\" \/><\/figure>\n\n\n\n<figure class=\"wp-block-image size-large\"><img loading=\"lazy\" decoding=\"async\" width=\"1024\" height=\"724\" data-id=\"317\" src=\"https:\/\/www.itim-cj.ro\/pncdi\/edutim\/wp-content\/uploads\/2025\/12\/ncl8-1024x724.jpeg\" alt=\"\" class=\"wp-image-317\" srcset=\"https:\/\/www.itim-cj.ro\/pncdi\/edutim\/wp-content\/uploads\/2025\/12\/ncl8-1024x724.jpeg 1024w, https:\/\/www.itim-cj.ro\/pncdi\/edutim\/wp-content\/uploads\/2025\/12\/ncl8-300x212.jpeg 300w, https:\/\/www.itim-cj.ro\/pncdi\/edutim\/wp-content\/uploads\/2025\/12\/ncl8-768x543.jpeg 768w, https:\/\/www.itim-cj.ro\/pncdi\/edutim\/wp-content\/uploads\/2025\/12\/ncl8.jpeg 1273w\" sizes=\"auto, (max-width: 1024px) 100vw, 1024px\" \/><\/figure>\n\n\n\n<figure class=\"wp-block-image size-large\"><img loading=\"lazy\" decoding=\"async\" width=\"1024\" height=\"724\" data-id=\"318\" src=\"https:\/\/www.itim-cj.ro\/pncdi\/edutim\/wp-content\/uploads\/2025\/12\/ncl9-1024x724.jpeg\" alt=\"\" class=\"wp-image-318\" srcset=\"https:\/\/www.itim-cj.ro\/pncdi\/edutim\/wp-content\/uploads\/2025\/12\/ncl9-1024x724.jpeg 1024w, https:\/\/www.itim-cj.ro\/pncdi\/edutim\/wp-content\/uploads\/2025\/12\/ncl9-300x212.jpeg 300w, https:\/\/www.itim-cj.ro\/pncdi\/edutim\/wp-content\/uploads\/2025\/12\/ncl9-768x543.jpeg 768w, https:\/\/www.itim-cj.ro\/pncdi\/edutim\/wp-content\/uploads\/2025\/12\/ncl9.jpeg 1273w\" sizes=\"auto, (max-width: 1024px) 100vw, 1024px\" \/><\/figure>\n\n\n\n<figure class=\"wp-block-image size-large\"><img loading=\"lazy\" decoding=\"async\" width=\"1024\" height=\"768\" data-id=\"319\" src=\"https:\/\/www.itim-cj.ro\/pncdi\/edutim\/wp-content\/uploads\/2025\/12\/ncl12-1024x768.jpeg\" alt=\"\" class=\"wp-image-319\" srcset=\"https:\/\/www.itim-cj.ro\/pncdi\/edutim\/wp-content\/uploads\/2025\/12\/ncl12-1024x768.jpeg 1024w, https:\/\/www.itim-cj.ro\/pncdi\/edutim\/wp-content\/uploads\/2025\/12\/ncl12-300x225.jpeg 300w, https:\/\/www.itim-cj.ro\/pncdi\/edutim\/wp-content\/uploads\/2025\/12\/ncl12-768x576.jpeg 768w, https:\/\/www.itim-cj.ro\/pncdi\/edutim\/wp-content\/uploads\/2025\/12\/ncl12.jpeg 1200w\" sizes=\"auto, (max-width: 1024px) 100vw, 1024px\" \/><\/figure>\n<\/figure>\n\n\n\n<div style=\"height:60px\" aria-hidden=\"true\" class=\"wp-block-spacer\"><\/div>\n\n\n\n<figure class=\"wp-block-gallery has-nested-images columns-default is-cropped wp-block-gallery-2 is-layout-flex wp-block-gallery-is-layout-flex\">\n<figure class=\"wp-block-image size-large\"><img loading=\"lazy\" decoding=\"async\" width=\"768\" height=\"1024\" data-id=\"321\" src=\"https:\/\/www.itim-cj.ro\/pncdi\/edutim\/wp-content\/uploads\/2025\/12\/ncp12-768x1024.jpeg\" alt=\"\" class=\"wp-image-321\" srcset=\"https:\/\/www.itim-cj.ro\/pncdi\/edutim\/wp-content\/uploads\/2025\/12\/ncp12-768x1024.jpeg 768w, https:\/\/www.itim-cj.ro\/pncdi\/edutim\/wp-content\/uploads\/2025\/12\/ncp12-225x300.jpeg 225w, https:\/\/www.itim-cj.ro\/pncdi\/edutim\/wp-content\/uploads\/2025\/12\/ncp12.jpeg 900w\" sizes=\"auto, (max-width: 768px) 100vw, 768px\" \/><\/figure>\n\n\n\n<figure class=\"wp-block-image size-large\"><img loading=\"lazy\" decoding=\"async\" width=\"768\" height=\"1024\" data-id=\"322\" src=\"https:\/\/www.itim-cj.ro\/pncdi\/edutim\/wp-content\/uploads\/2025\/12\/ncp11-768x1024.jpeg\" alt=\"\" class=\"wp-image-322\" srcset=\"https:\/\/www.itim-cj.ro\/pncdi\/edutim\/wp-content\/uploads\/2025\/12\/ncp11-768x1024.jpeg 768w, https:\/\/www.itim-cj.ro\/pncdi\/edutim\/wp-content\/uploads\/2025\/12\/ncp11-225x300.jpeg 225w, https:\/\/www.itim-cj.ro\/pncdi\/edutim\/wp-content\/uploads\/2025\/12\/ncp11.jpeg 900w\" sizes=\"auto, (max-width: 768px) 100vw, 768px\" \/><\/figure>\n\n\n\n<figure class=\"wp-block-image size-large\"><img loading=\"lazy\" decoding=\"async\" width=\"768\" height=\"1024\" data-id=\"323\" src=\"https:\/\/www.itim-cj.ro\/pncdi\/edutim\/wp-content\/uploads\/2025\/12\/ncp10-768x1024.jpeg\" alt=\"\" class=\"wp-image-323\" srcset=\"https:\/\/www.itim-cj.ro\/pncdi\/edutim\/wp-content\/uploads\/2025\/12\/ncp10-768x1024.jpeg 768w, https:\/\/www.itim-cj.ro\/pncdi\/edutim\/wp-content\/uploads\/2025\/12\/ncp10-225x300.jpeg 225w, https:\/\/www.itim-cj.ro\/pncdi\/edutim\/wp-content\/uploads\/2025\/12\/ncp10.jpeg 900w\" sizes=\"auto, (max-width: 768px) 100vw, 768px\" \/><\/figure>\n\n\n\n<figure class=\"wp-block-image size-large\"><img loading=\"lazy\" decoding=\"async\" width=\"768\" height=\"1024\" data-id=\"324\" src=\"https:\/\/www.itim-cj.ro\/pncdi\/edutim\/wp-content\/uploads\/2025\/12\/ncp9-768x1024.jpeg\" alt=\"\" class=\"wp-image-324\" srcset=\"https:\/\/www.itim-cj.ro\/pncdi\/edutim\/wp-content\/uploads\/2025\/12\/ncp9-768x1024.jpeg 768w, https:\/\/www.itim-cj.ro\/pncdi\/edutim\/wp-content\/uploads\/2025\/12\/ncp9-225x300.jpeg 225w, https:\/\/www.itim-cj.ro\/pncdi\/edutim\/wp-content\/uploads\/2025\/12\/ncp9.jpeg 900w\" sizes=\"auto, (max-width: 768px) 100vw, 768px\" \/><\/figure>\n\n\n\n<figure class=\"wp-block-image size-large\"><img loading=\"lazy\" decoding=\"async\" width=\"768\" height=\"1024\" data-id=\"325\" src=\"https:\/\/www.itim-cj.ro\/pncdi\/edutim\/wp-content\/uploads\/2025\/12\/ncp8-768x1024.jpeg\" alt=\"\" class=\"wp-image-325\" srcset=\"https:\/\/www.itim-cj.ro\/pncdi\/edutim\/wp-content\/uploads\/2025\/12\/ncp8-768x1024.jpeg 768w, https:\/\/www.itim-cj.ro\/pncdi\/edutim\/wp-content\/uploads\/2025\/12\/ncp8-225x300.jpeg 225w, https:\/\/www.itim-cj.ro\/pncdi\/edutim\/wp-content\/uploads\/2025\/12\/ncp8.jpeg 900w\" sizes=\"auto, (max-width: 768px) 100vw, 768px\" \/><\/figure>\n\n\n\n<figure class=\"wp-block-image size-large\"><img loading=\"lazy\" decoding=\"async\" width=\"768\" height=\"1024\" data-id=\"326\" src=\"https:\/\/www.itim-cj.ro\/pncdi\/edutim\/wp-content\/uploads\/2025\/12\/ncp7-768x1024.jpeg\" alt=\"\" class=\"wp-image-326\" srcset=\"https:\/\/www.itim-cj.ro\/pncdi\/edutim\/wp-content\/uploads\/2025\/12\/ncp7-768x1024.jpeg 768w, https:\/\/www.itim-cj.ro\/pncdi\/edutim\/wp-content\/uploads\/2025\/12\/ncp7-225x300.jpeg 225w, https:\/\/www.itim-cj.ro\/pncdi\/edutim\/wp-content\/uploads\/2025\/12\/ncp7.jpeg 900w\" sizes=\"auto, (max-width: 768px) 100vw, 768px\" \/><\/figure>\n\n\n\n<figure class=\"wp-block-image size-large\"><img loading=\"lazy\" decoding=\"async\" width=\"768\" height=\"1024\" data-id=\"327\" src=\"https:\/\/www.itim-cj.ro\/pncdi\/edutim\/wp-content\/uploads\/2025\/12\/ncp5-768x1024.jpeg\" alt=\"\" class=\"wp-image-327\" srcset=\"https:\/\/www.itim-cj.ro\/pncdi\/edutim\/wp-content\/uploads\/2025\/12\/ncp5-768x1024.jpeg 768w, https:\/\/www.itim-cj.ro\/pncdi\/edutim\/wp-content\/uploads\/2025\/12\/ncp5-225x300.jpeg 225w, https:\/\/www.itim-cj.ro\/pncdi\/edutim\/wp-content\/uploads\/2025\/12\/ncp5.jpeg 900w\" sizes=\"auto, (max-width: 768px) 100vw, 768px\" \/><\/figure>\n\n\n\n<figure class=\"wp-block-image size-large\"><img loading=\"lazy\" decoding=\"async\" width=\"768\" height=\"1024\" data-id=\"328\" src=\"https:\/\/www.itim-cj.ro\/pncdi\/edutim\/wp-content\/uploads\/2025\/12\/ncp4-768x1024.jpeg\" alt=\"\" class=\"wp-image-328\" srcset=\"https:\/\/www.itim-cj.ro\/pncdi\/edutim\/wp-content\/uploads\/2025\/12\/ncp4-768x1024.jpeg 768w, https:\/\/www.itim-cj.ro\/pncdi\/edutim\/wp-content\/uploads\/2025\/12\/ncp4-225x300.jpeg 225w, https:\/\/www.itim-cj.ro\/pncdi\/edutim\/wp-content\/uploads\/2025\/12\/ncp4.jpeg 900w\" sizes=\"auto, (max-width: 768px) 100vw, 768px\" \/><\/figure>\n\n\n\n<figure class=\"wp-block-image size-large\"><img loading=\"lazy\" decoding=\"async\" width=\"768\" height=\"1024\" data-id=\"329\" src=\"https:\/\/www.itim-cj.ro\/pncdi\/edutim\/wp-content\/uploads\/2025\/12\/ncp3-768x1024.jpeg\" alt=\"\" class=\"wp-image-329\" srcset=\"https:\/\/www.itim-cj.ro\/pncdi\/edutim\/wp-content\/uploads\/2025\/12\/ncp3-768x1024.jpeg 768w, https:\/\/www.itim-cj.ro\/pncdi\/edutim\/wp-content\/uploads\/2025\/12\/ncp3-225x300.jpeg 225w, https:\/\/www.itim-cj.ro\/pncdi\/edutim\/wp-content\/uploads\/2025\/12\/ncp3.jpeg 900w\" sizes=\"auto, (max-width: 768px) 100vw, 768px\" \/><\/figure>\n\n\n\n<figure class=\"wp-block-image size-large\"><img loading=\"lazy\" decoding=\"async\" width=\"768\" height=\"1024\" data-id=\"335\" src=\"https:\/\/www.itim-cj.ro\/pncdi\/edutim\/wp-content\/uploads\/2025\/12\/ncp2-768x1024.jpeg\" alt=\"\" class=\"wp-image-335\" srcset=\"https:\/\/www.itim-cj.ro\/pncdi\/edutim\/wp-content\/uploads\/2025\/12\/ncp2-768x1024.jpeg 768w, https:\/\/www.itim-cj.ro\/pncdi\/edutim\/wp-content\/uploads\/2025\/12\/ncp2-225x300.jpeg 225w, https:\/\/www.itim-cj.ro\/pncdi\/edutim\/wp-content\/uploads\/2025\/12\/ncp2.jpeg 900w\" sizes=\"auto, (max-width: 768px) 100vw, 768px\" \/><\/figure>\n\n\n\n<figure class=\"wp-block-image size-large\"><img loading=\"lazy\" decoding=\"async\" width=\"768\" height=\"1024\" data-id=\"336\" src=\"https:\/\/www.itim-cj.ro\/pncdi\/edutim\/wp-content\/uploads\/2025\/12\/ncp1-768x1024.jpeg\" alt=\"\" class=\"wp-image-336\" srcset=\"https:\/\/www.itim-cj.ro\/pncdi\/edutim\/wp-content\/uploads\/2025\/12\/ncp1-768x1024.jpeg 768w, https:\/\/www.itim-cj.ro\/pncdi\/edutim\/wp-content\/uploads\/2025\/12\/ncp1-225x300.jpeg 225w, https:\/\/www.itim-cj.ro\/pncdi\/edutim\/wp-content\/uploads\/2025\/12\/ncp1.jpeg 900w\" sizes=\"auto, (max-width: 768px) 100vw, 768px\" \/><\/figure>\n\n\n\n<figure class=\"wp-block-image size-large\"><img loading=\"lazy\" decoding=\"async\" width=\"768\" height=\"1024\" data-id=\"337\" src=\"https:\/\/www.itim-cj.ro\/pncdi\/edutim\/wp-content\/uploads\/2025\/12\/ncp6-768x1024.jpeg\" alt=\"\" class=\"wp-image-337\" srcset=\"https:\/\/www.itim-cj.ro\/pncdi\/edutim\/wp-content\/uploads\/2025\/12\/ncp6-768x1024.jpeg 768w, https:\/\/www.itim-cj.ro\/pncdi\/edutim\/wp-content\/uploads\/2025\/12\/ncp6-225x300.jpeg 225w, https:\/\/www.itim-cj.ro\/pncdi\/edutim\/wp-content\/uploads\/2025\/12\/ncp6.jpeg 900w\" sizes=\"auto, (max-width: 768px) 100vw, 768px\" \/><\/figure>\n<\/figure>\n\n\n\n<div style=\"height:60px\" aria-hidden=\"true\" class=\"wp-block-spacer\"><\/div>\n\n\n\n<div class=\"wp-block-buttons is-layout-flex wp-block-buttons-is-layout-flex\">\n<div class=\"wp-block-button\"><a class=\"wp-block-button__link wp-element-button\" href=\"https:\/\/www.itim-cj.ro\/pncdi\/edutim\/?page_id=83\">Inapoi la rezultate<\/a><\/div>\n<\/div>\n\n\n\n<div style=\"height:60px\" aria-hidden=\"true\" class=\"wp-block-spacer\"><\/div>\n","protected":false},"excerpt":{"rendered":"<p>26 septembrie 2025 \u00cen Parcul Central, la CASINO Centrul de Cultur\u0103 Urban\u0103 &#8211; Cluj-Napoca, echipa INCDTIM a r\u0103spuns pozitiv invita\u021biei de a participa la evenimentul \u201cNoaptea Cercet\u0103torilor ReCoNnect\u201d (ReCoNnect 3 &#8211; Building a Community, proiect HORIZON-MSCA-2023-CITIZENS-01). Echipa INCDTIM (foto st\u00e2nga) a reprezentat un pion cheie la acest eveniment, particip\u00e2nd cu ateliere de \u00eenv\u0103\u021bare prin demonstra\u021bii [&hellip;]<\/p>\n","protected":false},"author":3,"featured_media":0,"parent":0,"menu_order":0,"comment_status":"closed","ping_status":"closed","template":"","meta":{"footnotes":""},"class_list":["post-158","page","type-page","status-publish","hentry"],"_links":{"self":[{"href":"https:\/\/www.itim-cj.ro\/pncdi\/edutim\/index.php?rest_route=\/wp\/v2\/pages\/158","targetHints":{"allow":["GET"]}}],"collection":[{"href":"https:\/\/www.itim-cj.ro\/pncdi\/edutim\/index.php?rest_route=\/wp\/v2\/pages"}],"about":[{"href":"https:\/\/www.itim-cj.ro\/pncdi\/edutim\/index.php?rest_route=\/wp\/v2\/types\/page"}],"author":[{"embeddable":true,"href":"https:\/\/www.itim-cj.ro\/pncdi\/edutim\/index.php?rest_route=\/wp\/v2\/users\/3"}],"replies":[{"embeddable":true,"href":"https:\/\/www.itim-cj.ro\/pncdi\/edutim\/index.php?rest_route=%2Fwp%2Fv2%2Fcomments&post=158"}],"version-history":[{"count":13,"href":"https:\/\/www.itim-cj.ro\/pncdi\/edutim\/index.php?rest_route=\/wp\/v2\/pages\/158\/revisions"}],"predecessor-version":[{"id":339,"href":"https:\/\/www.itim-cj.ro\/pncdi\/edutim\/index.php?rest_route=\/wp\/v2\/pages\/158\/revisions\/339"}],"wp:attachment":[{"href":"https:\/\/www.itim-cj.ro\/pncdi\/edutim\/index.php?rest_route=%2Fwp%2Fv2%2Fmedia&parent=158"}],"curies":[{"name":"wp","href":"https:\/\/api.w.org\/{rel}","templated":true}]}}