{"id":162,"date":"2025-10-17T11:58:06","date_gmt":"2025-10-17T11:58:06","guid":{"rendered":"https:\/\/www.itim-cj.ro\/pncdi\/edutim\/?page_id=162"},"modified":"2025-12-08T11:01:54","modified_gmt":"2025-12-08T11:01:54","slug":"vizite-in-incdtim","status":"publish","type":"page","link":"https:\/\/www.itim-cj.ro\/pncdi\/edutim\/?page_id=162","title":{"rendered":"Vizite \u00een INCDTIM"},"content":{"rendered":"\n<p class=\"rounded-box-with-shadow\">Vizite \u00een INCDTIM<\/p>\n\n\n\n<div style=\"height:60px\" aria-hidden=\"true\" class=\"wp-block-spacer\"><\/div>\n\n\n\n<div class=\"wp-block-group\"><div class=\"wp-block-group__inner-container is-layout-constrained wp-block-group-is-layout-constrained\">\n<p class=\"list-elements-on-results-subpages\">11 septembrie 2025<\/p>\n\n\n\n<p>Vizit\u0103 de la Colegiul Na\u0163ional Pedagogic \u201eGheorghe Laz\u0103r\u201d, Cluj-Napoca<\/p>\n\n\n\n<figure class=\"wp-block-gallery has-nested-images columns-1 is-cropped owl-carousel owl-theme wp-block-gallery-1 is-layout-flex wp-block-gallery-is-layout-flex\">\n<figure class=\"wp-block-image size-large\"><img loading=\"lazy\" decoding=\"async\" width=\"1024\" height=\"768\" data-id=\"369\" src=\"https:\/\/www.itim-cj.ro\/pncdi\/edutim\/wp-content\/uploads\/2025\/12\/Vizita_in_ITIM_Lic_Pedagogic6-1024x768.jpeg\" alt=\"\" class=\"wp-image-369\" srcset=\"https:\/\/www.itim-cj.ro\/pncdi\/edutim\/wp-content\/uploads\/2025\/12\/Vizita_in_ITIM_Lic_Pedagogic6-1024x768.jpeg 1024w, https:\/\/www.itim-cj.ro\/pncdi\/edutim\/wp-content\/uploads\/2025\/12\/Vizita_in_ITIM_Lic_Pedagogic6-300x225.jpeg 300w, https:\/\/www.itim-cj.ro\/pncdi\/edutim\/wp-content\/uploads\/2025\/12\/Vizita_in_ITIM_Lic_Pedagogic6-768x576.jpeg 768w, https:\/\/www.itim-cj.ro\/pncdi\/edutim\/wp-content\/uploads\/2025\/12\/Vizita_in_ITIM_Lic_Pedagogic6.jpeg 1200w\" sizes=\"auto, (max-width: 1024px) 100vw, 1024px\" \/><\/figure>\n\n\n\n<figure class=\"wp-block-image size-large\"><img loading=\"lazy\" decoding=\"async\" width=\"1024\" height=\"768\" data-id=\"370\" src=\"https:\/\/www.itim-cj.ro\/pncdi\/edutim\/wp-content\/uploads\/2025\/12\/Vizita_in_ITIM_Lic_Pedagogic5-1024x768.jpeg\" alt=\"\" class=\"wp-image-370\" srcset=\"https:\/\/www.itim-cj.ro\/pncdi\/edutim\/wp-content\/uploads\/2025\/12\/Vizita_in_ITIM_Lic_Pedagogic5-1024x768.jpeg 1024w, https:\/\/www.itim-cj.ro\/pncdi\/edutim\/wp-content\/uploads\/2025\/12\/Vizita_in_ITIM_Lic_Pedagogic5-300x225.jpeg 300w, https:\/\/www.itim-cj.ro\/pncdi\/edutim\/wp-content\/uploads\/2025\/12\/Vizita_in_ITIM_Lic_Pedagogic5-768x576.jpeg 768w, https:\/\/www.itim-cj.ro\/pncdi\/edutim\/wp-content\/uploads\/2025\/12\/Vizita_in_ITIM_Lic_Pedagogic5.jpeg 1200w\" sizes=\"auto, (max-width: 1024px) 100vw, 1024px\" \/><\/figure>\n\n\n\n<figure class=\"wp-block-image size-large\"><img loading=\"lazy\" decoding=\"async\" width=\"1024\" height=\"768\" data-id=\"371\" src=\"https:\/\/www.itim-cj.ro\/pncdi\/edutim\/wp-content\/uploads\/2025\/12\/Vizita_in_ITIM_Lic_Pedagogic4-1024x768.jpeg\" alt=\"\" class=\"wp-image-371\" srcset=\"https:\/\/www.itim-cj.ro\/pncdi\/edutim\/wp-content\/uploads\/2025\/12\/Vizita_in_ITIM_Lic_Pedagogic4-1024x768.jpeg 1024w, https:\/\/www.itim-cj.ro\/pncdi\/edutim\/wp-content\/uploads\/2025\/12\/Vizita_in_ITIM_Lic_Pedagogic4-300x225.jpeg 300w, https:\/\/www.itim-cj.ro\/pncdi\/edutim\/wp-content\/uploads\/2025\/12\/Vizita_in_ITIM_Lic_Pedagogic4-768x576.jpeg 768w, https:\/\/www.itim-cj.ro\/pncdi\/edutim\/wp-content\/uploads\/2025\/12\/Vizita_in_ITIM_Lic_Pedagogic4.jpeg 1200w\" sizes=\"auto, (max-width: 1024px) 100vw, 1024px\" \/><\/figure>\n\n\n\n<figure class=\"wp-block-image size-large\"><img loading=\"lazy\" decoding=\"async\" width=\"1024\" height=\"768\" data-id=\"372\" src=\"https:\/\/www.itim-cj.ro\/pncdi\/edutim\/wp-content\/uploads\/2025\/12\/Vizita_in_ITIM_Lic_Pedagogic3-1024x768.jpeg\" alt=\"\" class=\"wp-image-372\" srcset=\"https:\/\/www.itim-cj.ro\/pncdi\/edutim\/wp-content\/uploads\/2025\/12\/Vizita_in_ITIM_Lic_Pedagogic3-1024x768.jpeg 1024w, https:\/\/www.itim-cj.ro\/pncdi\/edutim\/wp-content\/uploads\/2025\/12\/Vizita_in_ITIM_Lic_Pedagogic3-300x225.jpeg 300w, https:\/\/www.itim-cj.ro\/pncdi\/edutim\/wp-content\/uploads\/2025\/12\/Vizita_in_ITIM_Lic_Pedagogic3-768x576.jpeg 768w, https:\/\/www.itim-cj.ro\/pncdi\/edutim\/wp-content\/uploads\/2025\/12\/Vizita_in_ITIM_Lic_Pedagogic3.jpeg 1200w\" sizes=\"auto, (max-width: 1024px) 100vw, 1024px\" \/><\/figure>\n\n\n\n<figure class=\"wp-block-image size-large\"><img loading=\"lazy\" decoding=\"async\" width=\"1024\" height=\"768\" data-id=\"373\" src=\"https:\/\/www.itim-cj.ro\/pncdi\/edutim\/wp-content\/uploads\/2025\/12\/Vizita_in_ITIM_Lic_Pedagogic2-1024x768.jpeg\" alt=\"\" class=\"wp-image-373\" srcset=\"https:\/\/www.itim-cj.ro\/pncdi\/edutim\/wp-content\/uploads\/2025\/12\/Vizita_in_ITIM_Lic_Pedagogic2-1024x768.jpeg 1024w, https:\/\/www.itim-cj.ro\/pncdi\/edutim\/wp-content\/uploads\/2025\/12\/Vizita_in_ITIM_Lic_Pedagogic2-300x225.jpeg 300w, https:\/\/www.itim-cj.ro\/pncdi\/edutim\/wp-content\/uploads\/2025\/12\/Vizita_in_ITIM_Lic_Pedagogic2-768x576.jpeg 768w, https:\/\/www.itim-cj.ro\/pncdi\/edutim\/wp-content\/uploads\/2025\/12\/Vizita_in_ITIM_Lic_Pedagogic2.jpeg 1200w\" sizes=\"auto, (max-width: 1024px) 100vw, 1024px\" \/><\/figure>\n\n\n\n<figure class=\"wp-block-image size-large\"><img loading=\"lazy\" decoding=\"async\" width=\"1024\" height=\"768\" data-id=\"374\" src=\"https:\/\/www.itim-cj.ro\/pncdi\/edutim\/wp-content\/uploads\/2025\/12\/Vizita_in_ITIM_Lic_Pedagogic1-1024x768.jpeg\" alt=\"\" class=\"wp-image-374\" srcset=\"https:\/\/www.itim-cj.ro\/pncdi\/edutim\/wp-content\/uploads\/2025\/12\/Vizita_in_ITIM_Lic_Pedagogic1-1024x768.jpeg 1024w, https:\/\/www.itim-cj.ro\/pncdi\/edutim\/wp-content\/uploads\/2025\/12\/Vizita_in_ITIM_Lic_Pedagogic1-300x225.jpeg 300w, https:\/\/www.itim-cj.ro\/pncdi\/edutim\/wp-content\/uploads\/2025\/12\/Vizita_in_ITIM_Lic_Pedagogic1-768x576.jpeg 768w, https:\/\/www.itim-cj.ro\/pncdi\/edutim\/wp-content\/uploads\/2025\/12\/Vizita_in_ITIM_Lic_Pedagogic1.jpeg 1200w\" sizes=\"auto, (max-width: 1024px) 100vw, 1024px\" \/><\/figure>\n<\/figure>\n\n\n\n<div style=\"height:60px\" aria-hidden=\"true\" class=\"wp-block-spacer\"><\/div>\n<\/div><\/div>\n\n\n\n<div style=\"height:60px\" aria-hidden=\"true\" class=\"wp-block-spacer\"><\/div>\n\n\n\n<div class=\"wp-block-group\"><div class=\"wp-block-group__inner-container is-layout-constrained wp-block-group-is-layout-constrained\">\n<p class=\"list-elements-on-results-subpages\">29 septembrie 2025<\/p>\n\n\n\n<p>Vizit\u0103 de la Liceul Teoretic &#8220;Avram Iancu&#8221;, Cluj-Napoca<\/p>\n\n\n\n<figure class=\"wp-block-gallery has-nested-images columns-1 is-cropped owl-carousel owl-theme wp-block-gallery-2 is-layout-flex wp-block-gallery-is-layout-flex\">\n<figure class=\"wp-block-image size-large\"><img loading=\"lazy\" decoding=\"async\" width=\"1024\" height=\"768\" data-id=\"390\" src=\"https:\/\/www.itim-cj.ro\/pncdi\/edutim\/wp-content\/uploads\/2025\/12\/Vizita_in_ITIM_lic_A_Iancu2-1024x768.jpeg\" alt=\"\" class=\"wp-image-390\" srcset=\"https:\/\/www.itim-cj.ro\/pncdi\/edutim\/wp-content\/uploads\/2025\/12\/Vizita_in_ITIM_lic_A_Iancu2-1024x768.jpeg 1024w, https:\/\/www.itim-cj.ro\/pncdi\/edutim\/wp-content\/uploads\/2025\/12\/Vizita_in_ITIM_lic_A_Iancu2-300x225.jpeg 300w, https:\/\/www.itim-cj.ro\/pncdi\/edutim\/wp-content\/uploads\/2025\/12\/Vizita_in_ITIM_lic_A_Iancu2-768x576.jpeg 768w, https:\/\/www.itim-cj.ro\/pncdi\/edutim\/wp-content\/uploads\/2025\/12\/Vizita_in_ITIM_lic_A_Iancu2.jpeg 1200w\" sizes=\"auto, (max-width: 1024px) 100vw, 1024px\" \/><\/figure>\n\n\n\n<figure class=\"wp-block-image size-large\"><img loading=\"lazy\" decoding=\"async\" width=\"1024\" height=\"768\" data-id=\"391\" src=\"https:\/\/www.itim-cj.ro\/pncdi\/edutim\/wp-content\/uploads\/2025\/12\/Vizita_in_ITIM_lic_A_Iancu3-1024x768.jpeg\" alt=\"\" class=\"wp-image-391\" srcset=\"https:\/\/www.itim-cj.ro\/pncdi\/edutim\/wp-content\/uploads\/2025\/12\/Vizita_in_ITIM_lic_A_Iancu3-1024x768.jpeg 1024w, https:\/\/www.itim-cj.ro\/pncdi\/edutim\/wp-content\/uploads\/2025\/12\/Vizita_in_ITIM_lic_A_Iancu3-300x225.jpeg 300w, https:\/\/www.itim-cj.ro\/pncdi\/edutim\/wp-content\/uploads\/2025\/12\/Vizita_in_ITIM_lic_A_Iancu3-768x576.jpeg 768w, https:\/\/www.itim-cj.ro\/pncdi\/edutim\/wp-content\/uploads\/2025\/12\/Vizita_in_ITIM_lic_A_Iancu3.jpeg 1200w\" sizes=\"auto, (max-width: 1024px) 100vw, 1024px\" \/><\/figure>\n\n\n\n<figure class=\"wp-block-image size-large\"><img loading=\"lazy\" decoding=\"async\" width=\"1024\" height=\"768\" data-id=\"392\" src=\"https:\/\/www.itim-cj.ro\/pncdi\/edutim\/wp-content\/uploads\/2025\/12\/Vizita_in_ITIM_lic_A_Iancu21-1024x768.jpeg\" alt=\"\" class=\"wp-image-392\" srcset=\"https:\/\/www.itim-cj.ro\/pncdi\/edutim\/wp-content\/uploads\/2025\/12\/Vizita_in_ITIM_lic_A_Iancu21-1024x768.jpeg 1024w, https:\/\/www.itim-cj.ro\/pncdi\/edutim\/wp-content\/uploads\/2025\/12\/Vizita_in_ITIM_lic_A_Iancu21-300x225.jpeg 300w, https:\/\/www.itim-cj.ro\/pncdi\/edutim\/wp-content\/uploads\/2025\/12\/Vizita_in_ITIM_lic_A_Iancu21-768x576.jpeg 768w, https:\/\/www.itim-cj.ro\/pncdi\/edutim\/wp-content\/uploads\/2025\/12\/Vizita_in_ITIM_lic_A_Iancu21.jpeg 1200w\" sizes=\"auto, (max-width: 1024px) 100vw, 1024px\" \/><\/figure>\n\n\n\n<figure class=\"wp-block-image size-large\"><img loading=\"lazy\" decoding=\"async\" width=\"1024\" height=\"768\" data-id=\"393\" src=\"https:\/\/www.itim-cj.ro\/pncdi\/edutim\/wp-content\/uploads\/2025\/12\/Vizita_in_ITIM_lic_A_Iancu19-1024x768.jpeg\" alt=\"\" class=\"wp-image-393\" srcset=\"https:\/\/www.itim-cj.ro\/pncdi\/edutim\/wp-content\/uploads\/2025\/12\/Vizita_in_ITIM_lic_A_Iancu19-1024x768.jpeg 1024w, https:\/\/www.itim-cj.ro\/pncdi\/edutim\/wp-content\/uploads\/2025\/12\/Vizita_in_ITIM_lic_A_Iancu19-300x225.jpeg 300w, https:\/\/www.itim-cj.ro\/pncdi\/edutim\/wp-content\/uploads\/2025\/12\/Vizita_in_ITIM_lic_A_Iancu19-768x576.jpeg 768w, https:\/\/www.itim-cj.ro\/pncdi\/edutim\/wp-content\/uploads\/2025\/12\/Vizita_in_ITIM_lic_A_Iancu19.jpeg 1200w\" sizes=\"auto, (max-width: 1024px) 100vw, 1024px\" \/><\/figure>\n\n\n\n<figure class=\"wp-block-image size-large\"><img loading=\"lazy\" decoding=\"async\" width=\"1024\" height=\"768\" data-id=\"396\" src=\"https:\/\/www.itim-cj.ro\/pncdi\/edutim\/wp-content\/uploads\/2025\/12\/Vizita_in_ITIM_lic_A_Iancu15-1024x768.jpeg\" alt=\"\" class=\"wp-image-396\" srcset=\"https:\/\/www.itim-cj.ro\/pncdi\/edutim\/wp-content\/uploads\/2025\/12\/Vizita_in_ITIM_lic_A_Iancu15-1024x768.jpeg 1024w, https:\/\/www.itim-cj.ro\/pncdi\/edutim\/wp-content\/uploads\/2025\/12\/Vizita_in_ITIM_lic_A_Iancu15-300x225.jpeg 300w, https:\/\/www.itim-cj.ro\/pncdi\/edutim\/wp-content\/uploads\/2025\/12\/Vizita_in_ITIM_lic_A_Iancu15-768x576.jpeg 768w, https:\/\/www.itim-cj.ro\/pncdi\/edutim\/wp-content\/uploads\/2025\/12\/Vizita_in_ITIM_lic_A_Iancu15.jpeg 1200w\" sizes=\"auto, (max-width: 1024px) 100vw, 1024px\" \/><\/figure>\n\n\n\n<figure class=\"wp-block-image size-large\"><img loading=\"lazy\" decoding=\"async\" width=\"1024\" height=\"768\" data-id=\"394\" src=\"https:\/\/www.itim-cj.ro\/pncdi\/edutim\/wp-content\/uploads\/2025\/12\/Vizita_in_ITIM_lic_A_Iancu5-1024x768.jpeg\" alt=\"\" class=\"wp-image-394\" srcset=\"https:\/\/www.itim-cj.ro\/pncdi\/edutim\/wp-content\/uploads\/2025\/12\/Vizita_in_ITIM_lic_A_Iancu5-1024x768.jpeg 1024w, https:\/\/www.itim-cj.ro\/pncdi\/edutim\/wp-content\/uploads\/2025\/12\/Vizita_in_ITIM_lic_A_Iancu5-300x225.jpeg 300w, https:\/\/www.itim-cj.ro\/pncdi\/edutim\/wp-content\/uploads\/2025\/12\/Vizita_in_ITIM_lic_A_Iancu5-768x576.jpeg 768w, https:\/\/www.itim-cj.ro\/pncdi\/edutim\/wp-content\/uploads\/2025\/12\/Vizita_in_ITIM_lic_A_Iancu5.jpeg 1200w\" sizes=\"auto, (max-width: 1024px) 100vw, 1024px\" \/><\/figure>\n<\/figure>\n\n\n\n<div style=\"height:60px\" aria-hidden=\"true\" class=\"wp-block-spacer\"><\/div>\n<\/div><\/div>\n\n\n\n<div style=\"height:60px\" aria-hidden=\"true\" class=\"wp-block-spacer\"><\/div>\n\n\n\n<div class=\"wp-block-group\"><div class=\"wp-block-group__inner-container is-layout-constrained wp-block-group-is-layout-constrained\">\n<p class=\"list-elements-on-results-subpages\">3 noiembrie 2025<\/p>\n\n\n\n<p>Vizit\u0103 de la Liceul Teoretic \u201eOnisifor Ghibu\u201d, Cluj-Napoca<\/p>\n\n\n\n<figure class=\"wp-block-gallery has-nested-images columns-1 is-cropped owl-carousel owl-theme wp-block-gallery-3 is-layout-flex wp-block-gallery-is-layout-flex\">\n<figure class=\"wp-block-image size-large\"><img loading=\"lazy\" decoding=\"async\" width=\"1024\" height=\"768\" data-id=\"379\" src=\"https:\/\/www.itim-cj.ro\/pncdi\/edutim\/wp-content\/uploads\/2025\/12\/Vizita_Lic_Teoretic_Onisifor_Ghibu_15-1024x768.jpeg\" alt=\"\" class=\"wp-image-379\" srcset=\"https:\/\/www.itim-cj.ro\/pncdi\/edutim\/wp-content\/uploads\/2025\/12\/Vizita_Lic_Teoretic_Onisifor_Ghibu_15-1024x768.jpeg 1024w, https:\/\/www.itim-cj.ro\/pncdi\/edutim\/wp-content\/uploads\/2025\/12\/Vizita_Lic_Teoretic_Onisifor_Ghibu_15-300x225.jpeg 300w, https:\/\/www.itim-cj.ro\/pncdi\/edutim\/wp-content\/uploads\/2025\/12\/Vizita_Lic_Teoretic_Onisifor_Ghibu_15-768x576.jpeg 768w, https:\/\/www.itim-cj.ro\/pncdi\/edutim\/wp-content\/uploads\/2025\/12\/Vizita_Lic_Teoretic_Onisifor_Ghibu_15.jpeg 1200w\" sizes=\"auto, (max-width: 1024px) 100vw, 1024px\" \/><\/figure>\n\n\n\n<figure class=\"wp-block-image size-large\"><img loading=\"lazy\" decoding=\"async\" width=\"1024\" height=\"768\" data-id=\"380\" src=\"https:\/\/www.itim-cj.ro\/pncdi\/edutim\/wp-content\/uploads\/2025\/12\/Vizita_Lic_Teoretic_Onisifor_Ghibu_14-1024x768.jpeg\" alt=\"\" class=\"wp-image-380\" srcset=\"https:\/\/www.itim-cj.ro\/pncdi\/edutim\/wp-content\/uploads\/2025\/12\/Vizita_Lic_Teoretic_Onisifor_Ghibu_14-1024x768.jpeg 1024w, https:\/\/www.itim-cj.ro\/pncdi\/edutim\/wp-content\/uploads\/2025\/12\/Vizita_Lic_Teoretic_Onisifor_Ghibu_14-300x225.jpeg 300w, https:\/\/www.itim-cj.ro\/pncdi\/edutim\/wp-content\/uploads\/2025\/12\/Vizita_Lic_Teoretic_Onisifor_Ghibu_14-768x576.jpeg 768w, https:\/\/www.itim-cj.ro\/pncdi\/edutim\/wp-content\/uploads\/2025\/12\/Vizita_Lic_Teoretic_Onisifor_Ghibu_14.jpeg 1200w\" sizes=\"auto, (max-width: 1024px) 100vw, 1024px\" \/><\/figure>\n\n\n\n<figure class=\"wp-block-image size-large\"><img loading=\"lazy\" decoding=\"async\" width=\"1024\" height=\"768\" data-id=\"381\" src=\"https:\/\/www.itim-cj.ro\/pncdi\/edutim\/wp-content\/uploads\/2025\/12\/Vizita_Lic_Teoretic_Onisifor_Ghibu_13-1024x768.jpeg\" alt=\"\" class=\"wp-image-381\" srcset=\"https:\/\/www.itim-cj.ro\/pncdi\/edutim\/wp-content\/uploads\/2025\/12\/Vizita_Lic_Teoretic_Onisifor_Ghibu_13-1024x768.jpeg 1024w, https:\/\/www.itim-cj.ro\/pncdi\/edutim\/wp-content\/uploads\/2025\/12\/Vizita_Lic_Teoretic_Onisifor_Ghibu_13-300x225.jpeg 300w, https:\/\/www.itim-cj.ro\/pncdi\/edutim\/wp-content\/uploads\/2025\/12\/Vizita_Lic_Teoretic_Onisifor_Ghibu_13-768x576.jpeg 768w, https:\/\/www.itim-cj.ro\/pncdi\/edutim\/wp-content\/uploads\/2025\/12\/Vizita_Lic_Teoretic_Onisifor_Ghibu_13.jpeg 1200w\" sizes=\"auto, (max-width: 1024px) 100vw, 1024px\" \/><\/figure>\n\n\n\n<figure class=\"wp-block-image size-large\"><img loading=\"lazy\" decoding=\"async\" width=\"1024\" height=\"768\" data-id=\"382\" src=\"https:\/\/www.itim-cj.ro\/pncdi\/edutim\/wp-content\/uploads\/2025\/12\/Vizita_Lic_Teoretic_Onisifor_Ghibu_7-1024x768.jpeg\" alt=\"\" class=\"wp-image-382\" srcset=\"https:\/\/www.itim-cj.ro\/pncdi\/edutim\/wp-content\/uploads\/2025\/12\/Vizita_Lic_Teoretic_Onisifor_Ghibu_7-1024x768.jpeg 1024w, https:\/\/www.itim-cj.ro\/pncdi\/edutim\/wp-content\/uploads\/2025\/12\/Vizita_Lic_Teoretic_Onisifor_Ghibu_7-300x225.jpeg 300w, https:\/\/www.itim-cj.ro\/pncdi\/edutim\/wp-content\/uploads\/2025\/12\/Vizita_Lic_Teoretic_Onisifor_Ghibu_7-768x576.jpeg 768w, https:\/\/www.itim-cj.ro\/pncdi\/edutim\/wp-content\/uploads\/2025\/12\/Vizita_Lic_Teoretic_Onisifor_Ghibu_7.jpeg 1200w\" sizes=\"auto, (max-width: 1024px) 100vw, 1024px\" \/><\/figure>\n\n\n\n<figure class=\"wp-block-image size-large\"><img loading=\"lazy\" decoding=\"async\" width=\"1024\" height=\"768\" data-id=\"383\" src=\"https:\/\/www.itim-cj.ro\/pncdi\/edutim\/wp-content\/uploads\/2025\/12\/Vizita_Lic_Teoretic_Onisifor_Ghibu_5-1024x768.jpeg\" alt=\"\" class=\"wp-image-383\" srcset=\"https:\/\/www.itim-cj.ro\/pncdi\/edutim\/wp-content\/uploads\/2025\/12\/Vizita_Lic_Teoretic_Onisifor_Ghibu_5-1024x768.jpeg 1024w, https:\/\/www.itim-cj.ro\/pncdi\/edutim\/wp-content\/uploads\/2025\/12\/Vizita_Lic_Teoretic_Onisifor_Ghibu_5-300x225.jpeg 300w, https:\/\/www.itim-cj.ro\/pncdi\/edutim\/wp-content\/uploads\/2025\/12\/Vizita_Lic_Teoretic_Onisifor_Ghibu_5-768x576.jpeg 768w, https:\/\/www.itim-cj.ro\/pncdi\/edutim\/wp-content\/uploads\/2025\/12\/Vizita_Lic_Teoretic_Onisifor_Ghibu_5.jpeg 1200w\" sizes=\"auto, (max-width: 1024px) 100vw, 1024px\" \/><\/figure>\n\n\n\n<figure class=\"wp-block-image size-large\"><img loading=\"lazy\" decoding=\"async\" width=\"1024\" height=\"768\" data-id=\"385\" src=\"https:\/\/www.itim-cj.ro\/pncdi\/edutim\/wp-content\/uploads\/2025\/12\/Vizita_Lic_Teoretic_Onisifor_Ghibu_1-1024x768.jpeg\" alt=\"\" class=\"wp-image-385\" srcset=\"https:\/\/www.itim-cj.ro\/pncdi\/edutim\/wp-content\/uploads\/2025\/12\/Vizita_Lic_Teoretic_Onisifor_Ghibu_1-1024x768.jpeg 1024w, https:\/\/www.itim-cj.ro\/pncdi\/edutim\/wp-content\/uploads\/2025\/12\/Vizita_Lic_Teoretic_Onisifor_Ghibu_1-300x225.jpeg 300w, https:\/\/www.itim-cj.ro\/pncdi\/edutim\/wp-content\/uploads\/2025\/12\/Vizita_Lic_Teoretic_Onisifor_Ghibu_1-768x576.jpeg 768w, https:\/\/www.itim-cj.ro\/pncdi\/edutim\/wp-content\/uploads\/2025\/12\/Vizita_Lic_Teoretic_Onisifor_Ghibu_1.jpeg 1200w\" sizes=\"auto, (max-width: 1024px) 100vw, 1024px\" \/><\/figure>\n<\/figure>\n\n\n\n<div style=\"height:60px\" aria-hidden=\"true\" class=\"wp-block-spacer\"><\/div>\n<\/div><\/div>\n\n\n\n<div style=\"height:60px\" aria-hidden=\"true\" class=\"wp-block-spacer\"><\/div>\n\n\n\n<div class=\"wp-block-buttons is-layout-flex wp-block-buttons-is-layout-flex\">\n<div class=\"wp-block-button\"><a class=\"wp-block-button__link wp-element-button\" href=\"https:\/\/www.itim-cj.ro\/pncdi\/edutim\/?page_id=83\">Inapoi la rezultate<\/a><\/div>\n<\/div>\n\n\n\n<div style=\"height:60px\" aria-hidden=\"true\" class=\"wp-block-spacer\"><\/div>\n","protected":false},"excerpt":{"rendered":"<p>Vizite \u00een INCDTIM 11 septembrie 2025 Vizit\u0103 de la Colegiul Na\u0163ional Pedagogic \u201eGheorghe Laz\u0103r\u201d, Cluj-Napoca 29 septembrie 2025 Vizit\u0103 de la Liceul Teoretic &#8220;Avram Iancu&#8221;, Cluj-Napoca 3 noiembrie 2025 Vizit\u0103 de la Liceul Teoretic \u201eOnisifor Ghibu\u201d, Cluj-Napoca<\/p>\n","protected":false},"author":3,"featured_media":0,"parent":0,"menu_order":0,"comment_status":"closed","ping_status":"closed","template":"","meta":{"footnotes":""},"class_list":["post-162","page","type-page","status-publish","hentry"],"_links":{"self":[{"href":"https:\/\/www.itim-cj.ro\/pncdi\/edutim\/index.php?rest_route=\/wp\/v2\/pages\/162","targetHints":{"allow":["GET"]}}],"collection":[{"href":"https:\/\/www.itim-cj.ro\/pncdi\/edutim\/index.php?rest_route=\/wp\/v2\/pages"}],"about":[{"href":"https:\/\/www.itim-cj.ro\/pncdi\/edutim\/index.php?rest_route=\/wp\/v2\/types\/page"}],"author":[{"embeddable":true,"href":"https:\/\/www.itim-cj.ro\/pncdi\/edutim\/index.php?rest_route=\/wp\/v2\/users\/3"}],"replies":[{"embeddable":true,"href":"https:\/\/www.itim-cj.ro\/pncdi\/edutim\/index.php?rest_route=%2Fwp%2Fv2%2Fcomments&post=162"}],"version-history":[{"count":17,"href":"https:\/\/www.itim-cj.ro\/pncdi\/edutim\/index.php?rest_route=\/wp\/v2\/pages\/162\/revisions"}],"predecessor-version":[{"id":397,"href":"https:\/\/www.itim-cj.ro\/pncdi\/edutim\/index.php?rest_route=\/wp\/v2\/pages\/162\/revisions\/397"}],"wp:attachment":[{"href":"https:\/\/www.itim-cj.ro\/pncdi\/edutim\/index.php?rest_route=%2Fwp%2Fv2%2Fmedia&parent=162"}],"curies":[{"name":"wp","href":"https:\/\/api.w.org\/{rel}","templated":true}]}}