{"id":24,"date":"2025-09-24T15:22:01","date_gmt":"2025-09-24T15:22:01","guid":{"rendered":"https:\/\/www.itim-cj.ro\/pncdi\/edutim\/?page_id=24"},"modified":"2025-12-04T13:15:43","modified_gmt":"2025-12-04T13:15:43","slug":"24-2","status":"publish","type":"page","link":"https:\/\/www.itim-cj.ro\/pncdi\/edutim\/","title":{"rendered":"Acas\u0103"},"content":{"rendered":"\n<div class=\"wp-block-media-text has-media-on-the-right is-stacked-on-mobile\"><div class=\"wp-block-media-text__content\">\n<h1 class=\"wp-block-heading rounded-box-with-shadow  box-extended-150-percent\">\u00cenv\u0103\u021barea integrat\u0103 prin \u0219tiin\u021b\u0103 \u0219i tehnologie<\/h1>\n<\/div><figure class=\"wp-block-media-text__media\"><img loading=\"lazy\" decoding=\"async\" width=\"820\" height=\"460\" src=\"https:\/\/www.itim-cj.ro\/pncdi\/edutim\/wp-content\/uploads\/2025\/12\/background-4-transparenta.jpg\" alt=\"\" class=\"wp-image-255 size-full\" srcset=\"https:\/\/www.itim-cj.ro\/pncdi\/edutim\/wp-content\/uploads\/2025\/12\/background-4-transparenta.jpg 820w, https:\/\/www.itim-cj.ro\/pncdi\/edutim\/wp-content\/uploads\/2025\/12\/background-4-transparenta-300x168.jpg 300w, https:\/\/www.itim-cj.ro\/pncdi\/edutim\/wp-content\/uploads\/2025\/12\/background-4-transparenta-768x431.jpg 768w\" sizes=\"auto, (max-width: 820px) 100vw, 820px\" \/><\/figure><\/div>\n\n\n\n<div style=\"height:60px\" aria-hidden=\"true\" class=\"wp-block-spacer\"><\/div>\n\n\n\n<div class=\"wp-block-group is-content-justification-center is-nowrap is-layout-flex wp-container-core-group-is-layout-94bc23d7 wp-block-group-is-layout-flex\">\n<figure class=\"wp-block-image size-medium is-resized animated fadeInLeft\"><img loading=\"lazy\" decoding=\"async\" width=\"300\" height=\"300\" src=\"https:\/\/www.itim-cj.ro\/pncdi\/edutim\/wp-content\/uploads\/2025\/12\/sigla_INCDTIM_color-300x300.jpg\" alt=\"\" class=\"wp-image-256\" style=\"object-fit:cover;width:125px;height:125px\" srcset=\"https:\/\/www.itim-cj.ro\/pncdi\/edutim\/wp-content\/uploads\/2025\/12\/sigla_INCDTIM_color-300x300.jpg 300w, https:\/\/www.itim-cj.ro\/pncdi\/edutim\/wp-content\/uploads\/2025\/12\/sigla_INCDTIM_color-1024x1024.jpg 1024w, https:\/\/www.itim-cj.ro\/pncdi\/edutim\/wp-content\/uploads\/2025\/12\/sigla_INCDTIM_color-150x150.jpg 150w, https:\/\/www.itim-cj.ro\/pncdi\/edutim\/wp-content\/uploads\/2025\/12\/sigla_INCDTIM_color-768x768.jpg 768w, https:\/\/www.itim-cj.ro\/pncdi\/edutim\/wp-content\/uploads\/2025\/12\/sigla_INCDTIM_color-1536x1536.jpg 1536w, https:\/\/www.itim-cj.ro\/pncdi\/edutim\/wp-content\/uploads\/2025\/12\/sigla_INCDTIM_color.jpg 1946w\" sizes=\"auto, (max-width: 300px) 100vw, 300px\" \/><\/figure>\n\n\n\n<figure class=\"wp-block-image size-full is-resized animated fadeInRight\"><img loading=\"lazy\" decoding=\"async\" width=\"200\" height=\"200\" src=\"https:\/\/www.itim-cj.ro\/pncdi\/edutim\/wp-content\/uploads\/2025\/12\/logo-chimie-color.png\" alt=\"\" class=\"wp-image-293\" style=\"object-fit:cover;width:125px;height:125px\" srcset=\"https:\/\/www.itim-cj.ro\/pncdi\/edutim\/wp-content\/uploads\/2025\/12\/logo-chimie-color.png 200w, https:\/\/www.itim-cj.ro\/pncdi\/edutim\/wp-content\/uploads\/2025\/12\/logo-chimie-color-150x150.png 150w\" sizes=\"auto, (max-width: 200px) 100vw, 200px\" \/><\/figure>\n<\/div>\n\n\n\n<div style=\"height:60px\" aria-hidden=\"true\" class=\"wp-block-spacer\"><\/div>\n\n\n\n<h3 class=\"wp-block-heading has-text-align-center objective-box\">Un proiect coordonat de Institutul Na\u021bional de Cercetare-Dezvoltare pentru Tehnologii Izotopice \u0219i Moleculare \u00een parteneriat cu Facultatea de Chimie \u0219i Inginerie Chimic\u0103 din cadrul Universit\u0103\u021bii Babe\u0219-Bolyai<\/h3>\n\n\n\n<div style=\"height:60px\" aria-hidden=\"true\" class=\"wp-block-spacer\"><\/div>\n\n\n\n<figure class=\"wp-block-gallery has-nested-images columns-2 is-cropped elementor-element elementor-element-a3e84c5 e-con-full e-flex e-con e-parent e-lazyloaded animated fadeInUp wp-block-gallery-1 is-layout-flex wp-block-gallery-is-layout-flex\">\n<figure class=\"wp-block-image size-large\"><img loading=\"lazy\" decoding=\"async\" width=\"1024\" height=\"768\" data-id=\"236\" src=\"https:\/\/www.itim-cj.ro\/pncdi\/edutim\/wp-content\/uploads\/2025\/11\/d65a2b35-0379-4687-a3e1-0946c366768d-1024x768.jpg\" alt=\"\" class=\"wp-image-236\" srcset=\"https:\/\/www.itim-cj.ro\/pncdi\/edutim\/wp-content\/uploads\/2025\/11\/d65a2b35-0379-4687-a3e1-0946c366768d-1024x768.jpg 1024w, https:\/\/www.itim-cj.ro\/pncdi\/edutim\/wp-content\/uploads\/2025\/11\/d65a2b35-0379-4687-a3e1-0946c366768d-300x225.jpg 300w, https:\/\/www.itim-cj.ro\/pncdi\/edutim\/wp-content\/uploads\/2025\/11\/d65a2b35-0379-4687-a3e1-0946c366768d-768x576.jpg 768w, https:\/\/www.itim-cj.ro\/pncdi\/edutim\/wp-content\/uploads\/2025\/11\/d65a2b35-0379-4687-a3e1-0946c366768d-1536x1152.jpg 1536w, https:\/\/www.itim-cj.ro\/pncdi\/edutim\/wp-content\/uploads\/2025\/11\/d65a2b35-0379-4687-a3e1-0946c366768d-510x382.jpg 510w, https:\/\/www.itim-cj.ro\/pncdi\/edutim\/wp-content\/uploads\/2025\/11\/d65a2b35-0379-4687-a3e1-0946c366768d-1080x810.jpg 1080w, https:\/\/www.itim-cj.ro\/pncdi\/edutim\/wp-content\/uploads\/2025\/11\/d65a2b35-0379-4687-a3e1-0946c366768d-1280x960.jpg 1280w, https:\/\/www.itim-cj.ro\/pncdi\/edutim\/wp-content\/uploads\/2025\/11\/d65a2b35-0379-4687-a3e1-0946c366768d-980x735.jpg 980w, https:\/\/www.itim-cj.ro\/pncdi\/edutim\/wp-content\/uploads\/2025\/11\/d65a2b35-0379-4687-a3e1-0946c366768d-480x360.jpg 480w, https:\/\/www.itim-cj.ro\/pncdi\/edutim\/wp-content\/uploads\/2025\/11\/d65a2b35-0379-4687-a3e1-0946c366768d.jpg 2048w\" sizes=\"auto, (max-width: 1024px) 100vw, 1024px\" \/><\/figure>\n\n\n\n<figure class=\"wp-block-image size-large\"><img loading=\"lazy\" decoding=\"async\" width=\"1024\" height=\"665\" data-id=\"216\" src=\"https:\/\/www.itim-cj.ro\/pncdi\/edutim\/wp-content\/uploads\/2025\/11\/1b3f3232-e3c6-4127-b94e-d4a9e6bf6832-1024x665.jpg\" alt=\"\" class=\"wp-image-216\" srcset=\"https:\/\/www.itim-cj.ro\/pncdi\/edutim\/wp-content\/uploads\/2025\/11\/1b3f3232-e3c6-4127-b94e-d4a9e6bf6832-1024x665.jpg 1024w, https:\/\/www.itim-cj.ro\/pncdi\/edutim\/wp-content\/uploads\/2025\/11\/1b3f3232-e3c6-4127-b94e-d4a9e6bf6832-300x195.jpg 300w, https:\/\/www.itim-cj.ro\/pncdi\/edutim\/wp-content\/uploads\/2025\/11\/1b3f3232-e3c6-4127-b94e-d4a9e6bf6832-768x499.jpg 768w, https:\/\/www.itim-cj.ro\/pncdi\/edutim\/wp-content\/uploads\/2025\/11\/1b3f3232-e3c6-4127-b94e-d4a9e6bf6832-1536x998.jpg 1536w, https:\/\/www.itim-cj.ro\/pncdi\/edutim\/wp-content\/uploads\/2025\/11\/1b3f3232-e3c6-4127-b94e-d4a9e6bf6832-1080x701.jpg 1080w, https:\/\/www.itim-cj.ro\/pncdi\/edutim\/wp-content\/uploads\/2025\/11\/1b3f3232-e3c6-4127-b94e-d4a9e6bf6832-1280x831.jpg 1280w, https:\/\/www.itim-cj.ro\/pncdi\/edutim\/wp-content\/uploads\/2025\/11\/1b3f3232-e3c6-4127-b94e-d4a9e6bf6832-980x636.jpg 980w, https:\/\/www.itim-cj.ro\/pncdi\/edutim\/wp-content\/uploads\/2025\/11\/1b3f3232-e3c6-4127-b94e-d4a9e6bf6832-480x312.jpg 480w, https:\/\/www.itim-cj.ro\/pncdi\/edutim\/wp-content\/uploads\/2025\/11\/1b3f3232-e3c6-4127-b94e-d4a9e6bf6832.jpg 2034w\" sizes=\"auto, (max-width: 1024px) 100vw, 1024px\" \/><\/figure>\n\n\n\n<figure class=\"wp-block-image size-large\"><img loading=\"lazy\" decoding=\"async\" width=\"1024\" height=\"628\" data-id=\"208\" src=\"https:\/\/www.itim-cj.ro\/pncdi\/edutim\/wp-content\/uploads\/2025\/10\/WhatsApp-Image-2025-09-29-at-13.12.16-1024x628.jpeg\" alt=\"\" class=\"wp-image-208\" srcset=\"https:\/\/www.itim-cj.ro\/pncdi\/edutim\/wp-content\/uploads\/2025\/10\/WhatsApp-Image-2025-09-29-at-13.12.16-1024x628.jpeg 1024w, https:\/\/www.itim-cj.ro\/pncdi\/edutim\/wp-content\/uploads\/2025\/10\/WhatsApp-Image-2025-09-29-at-13.12.16-300x184.jpeg 300w, https:\/\/www.itim-cj.ro\/pncdi\/edutim\/wp-content\/uploads\/2025\/10\/WhatsApp-Image-2025-09-29-at-13.12.16-768x471.jpeg 768w, https:\/\/www.itim-cj.ro\/pncdi\/edutim\/wp-content\/uploads\/2025\/10\/WhatsApp-Image-2025-09-29-at-13.12.16-1080x663.jpeg 1080w, https:\/\/www.itim-cj.ro\/pncdi\/edutim\/wp-content\/uploads\/2025\/10\/WhatsApp-Image-2025-09-29-at-13.12.16-1280x785.jpeg 1280w, https:\/\/www.itim-cj.ro\/pncdi\/edutim\/wp-content\/uploads\/2025\/10\/WhatsApp-Image-2025-09-29-at-13.12.16-980x601.jpeg 980w, https:\/\/www.itim-cj.ro\/pncdi\/edutim\/wp-content\/uploads\/2025\/10\/WhatsApp-Image-2025-09-29-at-13.12.16-480x295.jpeg 480w, https:\/\/www.itim-cj.ro\/pncdi\/edutim\/wp-content\/uploads\/2025\/10\/WhatsApp-Image-2025-09-29-at-13.12.16.jpeg 1501w\" sizes=\"auto, (max-width: 1024px) 100vw, 1024px\" \/><\/figure>\n\n\n\n<figure class=\"wp-block-image size-large is-style-default\"><img loading=\"lazy\" decoding=\"async\" width=\"796\" height=\"1024\" data-id=\"223\" src=\"https:\/\/www.itim-cj.ro\/pncdi\/edutim\/wp-content\/uploads\/2025\/11\/137bb2ed-1c86-46b0-985c-1e39db6e5d56-796x1024.jpg\" alt=\"\" class=\"wp-image-223\" srcset=\"https:\/\/www.itim-cj.ro\/pncdi\/edutim\/wp-content\/uploads\/2025\/11\/137bb2ed-1c86-46b0-985c-1e39db6e5d56-796x1024.jpg 796w, https:\/\/www.itim-cj.ro\/pncdi\/edutim\/wp-content\/uploads\/2025\/11\/137bb2ed-1c86-46b0-985c-1e39db6e5d56-233x300.jpg 233w, https:\/\/www.itim-cj.ro\/pncdi\/edutim\/wp-content\/uploads\/2025\/11\/137bb2ed-1c86-46b0-985c-1e39db6e5d56-768x988.jpg 768w, https:\/\/www.itim-cj.ro\/pncdi\/edutim\/wp-content\/uploads\/2025\/11\/137bb2ed-1c86-46b0-985c-1e39db6e5d56-1194x1536.jpg 1194w, https:\/\/www.itim-cj.ro\/pncdi\/edutim\/wp-content\/uploads\/2025\/11\/137bb2ed-1c86-46b0-985c-1e39db6e5d56-1080x1389.jpg 1080w, https:\/\/www.itim-cj.ro\/pncdi\/edutim\/wp-content\/uploads\/2025\/11\/137bb2ed-1c86-46b0-985c-1e39db6e5d56-400x516.jpg 400w, https:\/\/www.itim-cj.ro\/pncdi\/edutim\/wp-content\/uploads\/2025\/11\/137bb2ed-1c86-46b0-985c-1e39db6e5d56-980x1260.jpg 980w, https:\/\/www.itim-cj.ro\/pncdi\/edutim\/wp-content\/uploads\/2025\/11\/137bb2ed-1c86-46b0-985c-1e39db6e5d56-480x617.jpg 480w, https:\/\/www.itim-cj.ro\/pncdi\/edutim\/wp-content\/uploads\/2025\/11\/137bb2ed-1c86-46b0-985c-1e39db6e5d56.jpg 1244w\" sizes=\"auto, (max-width: 796px) 100vw, 796px\" \/><\/figure>\n<\/figure>\n\n\n\n<div style=\"height:60px\" aria-hidden=\"true\" class=\"wp-block-spacer\"><\/div>\n\n\n\n<h5 class=\"wp-block-heading has-text-align-left elementor-element elementor-element-a3e84c5 e-con-full e-flex e-con e-parent e-lazyloaded animated fadeInUp rounded-box-with-shadow\">Sus\u021bine \u0219i promoveaz\u0103 o educa\u021bie interdisciplinar\u0103 bazat\u0103 pe integrarea \u0219tiin\u021bei \u0219i tehnologiei \u00een \u0219coala rom\u00e2neasc\u0103, care s\u0103 dezvolte g\u00e2ndirea critic\u0103, creativitatea, competen\u021bele tehnologice \u0219i abilit\u0103\u021bile de rezolvarea a problemelor, preg\u0103tind elevii pentru provoc\u0103rile societ\u0103\u021bii moderne \u0219i ale pie\u021bei muncii prin:<\/h5>\n\n\n\n<div style=\"height:30px\" aria-hidden=\"true\" class=\"wp-block-spacer\"><\/div>\n\n\n\n<div class=\"wp-block-columns is-layout-flex wp-container-core-columns-is-layout-9d6595d7 wp-block-columns-is-layout-flex\">\n<div class=\"wp-block-column is-layout-flow wp-block-column-is-layout-flow\">\n<p class=\"objective-box mt-4\">O1.&nbsp;Dezvoltarea \u0219i stimularea elevilor pentru abordarea educa\u021bional\u0103 STEAM<\/p>\n<\/div>\n\n\n\n<div class=\"wp-block-column is-layout-flow wp-block-column-is-layout-flow\">\n<p class=\"objective-box\">O2.&nbsp;\u00cenv\u0103\u021barea experimental\u0103: cu pa\u0219i mici spre experien\u021be mari<\/p>\n<\/div>\n\n\n\n<div class=\"wp-block-column is-layout-flow wp-block-column-is-layout-flow\">\n<p class=\"objective-box mt-4\">O3.&nbsp;Organizarea unui concurs de tipul Fame-Lab, cu tematica \u201e\u0218tiin\u021ba pentru un viitor sustenabil\u201d<\/p>\n<\/div>\n\n\n\n<div class=\"wp-block-column is-layout-flow wp-block-column-is-layout-flow\">\n<p class=\"objective-box\">O4.&nbsp;Transformarea educa\u021biei prin formarea profesorilor \u00een abordarea interdisciplinar\u0103 STEAM<\/p>\n<\/div>\n<\/div>\n\n\n<div class=\"wp-block-image rounded-box-with-shadow\">\n<figure class=\"aligncenter size-full is-resized\"><img loading=\"lazy\" decoding=\"async\" width=\"440\" height=\"120\" src=\"https:\/\/www.itim-cj.ro\/pncdi\/edutim\/wp-content\/uploads\/2025\/12\/steam_logos.jpg\" alt=\"\" class=\"wp-image-258\" style=\"width:600px\" srcset=\"https:\/\/www.itim-cj.ro\/pncdi\/edutim\/wp-content\/uploads\/2025\/12\/steam_logos.jpg 440w, https:\/\/www.itim-cj.ro\/pncdi\/edutim\/wp-content\/uploads\/2025\/12\/steam_logos-300x82.jpg 300w\" sizes=\"auto, (max-width: 440px) 100vw, 440px\" \/><\/figure><\/div>\n\n\n<div style=\"height:60px\" aria-hidden=\"true\" class=\"wp-block-spacer\"><\/div>\n\n\n\n<div class=\"wp-block-columns rounded-box-with-shadow is-layout-flex wp-container-core-columns-is-layout-9d6595d7 wp-block-columns-is-layout-flex\">\n<div class=\"wp-block-column is-layout-flow wp-block-column-is-layout-flow\">\n<p>Proiect finan\u021bat de&nbsp;<strong><a href=\"https:\/\/uefiscdi.gov.ro\/\" target=\"_blank\" rel=\"noreferrer noopener\">UEFISCDI<\/a><\/strong><br><strong>Cod proiect:&nbsp;<\/strong>PN-IV-P10-SS-SC-2024-0103<br><strong>Program:<\/strong>&nbsp;PNCDI IV, Program 10<br><strong>Proiect:<\/strong>&nbsp;\u0218tiin\u021ba \u00een \u0218coli (SS-SC)&nbsp;<br><strong>Nr. contract:<\/strong>&nbsp; 14SSSC \/ 2025<br><strong>Termen:&nbsp;<\/strong>01.09.2025 \u2013 31.08.2026<\/p>\n<\/div>\n\n\n\n<div class=\"wp-block-column is-layout-flow wp-block-column-is-layout-flow\">\n<p><strong>Director de proiect<\/strong>:<br><strong>Dr. Gabriela CRISTEA (INCDTIM)<\/strong><br>e-mail: gabriela.cristea@itim-cj.ro<br>&nbsp;<br><strong>Responsabil partener<\/strong>:<br><strong>Dr. Albert SORAN (UBB)<\/strong><br>e-mail: albert.soran@ubbcluj.ro<\/p>\n<\/div>\n<\/div>\n","protected":false},"excerpt":{"rendered":"<p>\u00cenv\u0103\u021barea integrat\u0103 prin \u0219tiin\u021b\u0103 \u0219i tehnologie Un proiect coordonat de Institutul Na\u021bional de Cercetare-Dezvoltare pentru Tehnologii Izotopice \u0219i Moleculare \u00een parteneriat cu Facultatea de Chimie \u0219i Inginerie Chimic\u0103 din cadrul Universit\u0103\u021bii Babe\u0219-Bolyai Sus\u021bine \u0219i promoveaz\u0103 o educa\u021bie interdisciplinar\u0103 bazat\u0103 pe integrarea \u0219tiin\u021bei \u0219i tehnologiei \u00een \u0219coala rom\u00e2neasc\u0103, care s\u0103 dezvolte g\u00e2ndirea critic\u0103, creativitatea, competen\u021bele tehnologice [&hellip;]<\/p>\n","protected":false},"author":1,"featured_media":0,"parent":0,"menu_order":0,"comment_status":"closed","ping_status":"closed","template":"","meta":{"footnotes":""},"class_list":["post-24","page","type-page","status-publish","hentry"],"_links":{"self":[{"href":"https:\/\/www.itim-cj.ro\/pncdi\/edutim\/index.php?rest_route=\/wp\/v2\/pages\/24","targetHints":{"allow":["GET"]}}],"collection":[{"href":"https:\/\/www.itim-cj.ro\/pncdi\/edutim\/index.php?rest_route=\/wp\/v2\/pages"}],"about":[{"href":"https:\/\/www.itim-cj.ro\/pncdi\/edutim\/index.php?rest_route=\/wp\/v2\/types\/page"}],"author":[{"embeddable":true,"href":"https:\/\/www.itim-cj.ro\/pncdi\/edutim\/index.php?rest_route=\/wp\/v2\/users\/1"}],"replies":[{"embeddable":true,"href":"https:\/\/www.itim-cj.ro\/pncdi\/edutim\/index.php?rest_route=%2Fwp%2Fv2%2Fcomments&post=24"}],"version-history":[{"count":20,"href":"https:\/\/www.itim-cj.ro\/pncdi\/edutim\/index.php?rest_route=\/wp\/v2\/pages\/24\/revisions"}],"predecessor-version":[{"id":294,"href":"https:\/\/www.itim-cj.ro\/pncdi\/edutim\/index.php?rest_route=\/wp\/v2\/pages\/24\/revisions\/294"}],"wp:attachment":[{"href":"https:\/\/www.itim-cj.ro\/pncdi\/edutim\/index.php?rest_route=%2Fwp%2Fv2%2Fmedia&parent=24"}],"curies":[{"name":"wp","href":"https:\/\/api.w.org\/{rel}","templated":true}]}}