{"id":38,"date":"2025-09-29T07:41:03","date_gmt":"2025-09-29T07:41:03","guid":{"rendered":"https:\/\/www.itim-cj.ro\/pncdi\/edutim\/?page_id=38"},"modified":"2025-12-04T16:58:11","modified_gmt":"2025-12-04T16:58:11","slug":"despre","status":"publish","type":"page","link":"https:\/\/www.itim-cj.ro\/pncdi\/edutim\/?page_id=38","title":{"rendered":"Despre"},"content":{"rendered":"\n<p class=\"lazy-section\">Echipa proiectului va demonstra c\u0103 \u0219tiin\u021ba poate fi palpitant\u0103 \u0219i merit\u0103 studiat\u0103. Implic\u00e2nd tinerii \u00een activit\u0103\u021bile propuse a fi derulate pe parcursul proiectului, \u00eei vom ajuta pe ei, familiile lor \u0219i comunit\u0103\u021bile mai largi s\u0103 \u00eenve\u021be despre ceea ce \u0219tim, ceea ce nu \u0219tim \u0219i cum \u00eencerc\u0103m s\u0103 \u00een\u021belegem\/rezolv\u0103m mai bine problemele globale complexe prin cercetare \u0219tiin\u021bific\u0103, iar \u00een cele din urm\u0103 s\u0103 dob\u00e2ndeasc\u0103 cuno\u0219tin\u021be \u0219i aptitudini pentru alegeri asumate \u00een calitate de viitori cet\u0103\u021beni.<\/p>\n\n\n\n<div style=\"height:60px\" aria-hidden=\"true\" class=\"wp-block-spacer\"><\/div>\n\n\n\n<figure class=\"wp-block-gallery has-nested-images columns-3 is-cropped wp-block-gallery-1 is-layout-flex wp-block-gallery-is-layout-flex\">\n<figure class=\"wp-block-image size-large\"><img loading=\"lazy\" decoding=\"async\" width=\"1024\" height=\"768\" data-id=\"228\" src=\"https:\/\/www.itim-cj.ro\/pncdi\/edutim\/wp-content\/uploads\/2025\/11\/802c5501-1589-44fd-baf2-354fc0606aa5-1024x768.jpg\" alt=\"\" class=\"wp-image-228\" srcset=\"https:\/\/www.itim-cj.ro\/pncdi\/edutim\/wp-content\/uploads\/2025\/11\/802c5501-1589-44fd-baf2-354fc0606aa5-1024x768.jpg 1024w, https:\/\/www.itim-cj.ro\/pncdi\/edutim\/wp-content\/uploads\/2025\/11\/802c5501-1589-44fd-baf2-354fc0606aa5-300x225.jpg 300w, https:\/\/www.itim-cj.ro\/pncdi\/edutim\/wp-content\/uploads\/2025\/11\/802c5501-1589-44fd-baf2-354fc0606aa5-768x576.jpg 768w, https:\/\/www.itim-cj.ro\/pncdi\/edutim\/wp-content\/uploads\/2025\/11\/802c5501-1589-44fd-baf2-354fc0606aa5-1536x1152.jpg 1536w, https:\/\/www.itim-cj.ro\/pncdi\/edutim\/wp-content\/uploads\/2025\/11\/802c5501-1589-44fd-baf2-354fc0606aa5-510x382.jpg 510w, https:\/\/www.itim-cj.ro\/pncdi\/edutim\/wp-content\/uploads\/2025\/11\/802c5501-1589-44fd-baf2-354fc0606aa5-1080x810.jpg 1080w, https:\/\/www.itim-cj.ro\/pncdi\/edutim\/wp-content\/uploads\/2025\/11\/802c5501-1589-44fd-baf2-354fc0606aa5-1280x960.jpg 1280w, https:\/\/www.itim-cj.ro\/pncdi\/edutim\/wp-content\/uploads\/2025\/11\/802c5501-1589-44fd-baf2-354fc0606aa5-980x735.jpg 980w, https:\/\/www.itim-cj.ro\/pncdi\/edutim\/wp-content\/uploads\/2025\/11\/802c5501-1589-44fd-baf2-354fc0606aa5-480x360.jpg 480w, https:\/\/www.itim-cj.ro\/pncdi\/edutim\/wp-content\/uploads\/2025\/11\/802c5501-1589-44fd-baf2-354fc0606aa5.jpg 2048w\" sizes=\"auto, (max-width: 1024px) 100vw, 1024px\" \/><\/figure>\n\n\n\n<figure class=\"wp-block-image size-large\"><img loading=\"lazy\" decoding=\"async\" width=\"1024\" height=\"768\" data-id=\"227\" src=\"https:\/\/www.itim-cj.ro\/pncdi\/edutim\/wp-content\/uploads\/2025\/11\/9cbaece8-d8bb-4818-ab46-d180a90384f6-1024x768.jpg\" alt=\"\" class=\"wp-image-227\" srcset=\"https:\/\/www.itim-cj.ro\/pncdi\/edutim\/wp-content\/uploads\/2025\/11\/9cbaece8-d8bb-4818-ab46-d180a90384f6-1024x768.jpg 1024w, https:\/\/www.itim-cj.ro\/pncdi\/edutim\/wp-content\/uploads\/2025\/11\/9cbaece8-d8bb-4818-ab46-d180a90384f6-300x225.jpg 300w, https:\/\/www.itim-cj.ro\/pncdi\/edutim\/wp-content\/uploads\/2025\/11\/9cbaece8-d8bb-4818-ab46-d180a90384f6-768x576.jpg 768w, https:\/\/www.itim-cj.ro\/pncdi\/edutim\/wp-content\/uploads\/2025\/11\/9cbaece8-d8bb-4818-ab46-d180a90384f6-1536x1152.jpg 1536w, https:\/\/www.itim-cj.ro\/pncdi\/edutim\/wp-content\/uploads\/2025\/11\/9cbaece8-d8bb-4818-ab46-d180a90384f6-510x382.jpg 510w, https:\/\/www.itim-cj.ro\/pncdi\/edutim\/wp-content\/uploads\/2025\/11\/9cbaece8-d8bb-4818-ab46-d180a90384f6-1080x810.jpg 1080w, https:\/\/www.itim-cj.ro\/pncdi\/edutim\/wp-content\/uploads\/2025\/11\/9cbaece8-d8bb-4818-ab46-d180a90384f6-1280x960.jpg 1280w, https:\/\/www.itim-cj.ro\/pncdi\/edutim\/wp-content\/uploads\/2025\/11\/9cbaece8-d8bb-4818-ab46-d180a90384f6-980x735.jpg 980w, https:\/\/www.itim-cj.ro\/pncdi\/edutim\/wp-content\/uploads\/2025\/11\/9cbaece8-d8bb-4818-ab46-d180a90384f6-480x360.jpg 480w, https:\/\/www.itim-cj.ro\/pncdi\/edutim\/wp-content\/uploads\/2025\/11\/9cbaece8-d8bb-4818-ab46-d180a90384f6.jpg 2048w\" sizes=\"auto, (max-width: 1024px) 100vw, 1024px\" \/><\/figure>\n\n\n\n<figure class=\"wp-block-image size-large\"><img loading=\"lazy\" decoding=\"async\" width=\"1024\" height=\"768\" data-id=\"226\" src=\"https:\/\/www.itim-cj.ro\/pncdi\/edutim\/wp-content\/uploads\/2025\/11\/2f7f9bd3-ccc6-4704-bea2-f51f0d89e536-1024x768.jpg\" alt=\"\" class=\"wp-image-226\" srcset=\"https:\/\/www.itim-cj.ro\/pncdi\/edutim\/wp-content\/uploads\/2025\/11\/2f7f9bd3-ccc6-4704-bea2-f51f0d89e536-1024x768.jpg 1024w, https:\/\/www.itim-cj.ro\/pncdi\/edutim\/wp-content\/uploads\/2025\/11\/2f7f9bd3-ccc6-4704-bea2-f51f0d89e536-300x225.jpg 300w, https:\/\/www.itim-cj.ro\/pncdi\/edutim\/wp-content\/uploads\/2025\/11\/2f7f9bd3-ccc6-4704-bea2-f51f0d89e536-768x576.jpg 768w, https:\/\/www.itim-cj.ro\/pncdi\/edutim\/wp-content\/uploads\/2025\/11\/2f7f9bd3-ccc6-4704-bea2-f51f0d89e536-1536x1152.jpg 1536w, https:\/\/www.itim-cj.ro\/pncdi\/edutim\/wp-content\/uploads\/2025\/11\/2f7f9bd3-ccc6-4704-bea2-f51f0d89e536-510x382.jpg 510w, https:\/\/www.itim-cj.ro\/pncdi\/edutim\/wp-content\/uploads\/2025\/11\/2f7f9bd3-ccc6-4704-bea2-f51f0d89e536-1080x810.jpg 1080w, https:\/\/www.itim-cj.ro\/pncdi\/edutim\/wp-content\/uploads\/2025\/11\/2f7f9bd3-ccc6-4704-bea2-f51f0d89e536-1280x960.jpg 1280w, https:\/\/www.itim-cj.ro\/pncdi\/edutim\/wp-content\/uploads\/2025\/11\/2f7f9bd3-ccc6-4704-bea2-f51f0d89e536-980x735.jpg 980w, https:\/\/www.itim-cj.ro\/pncdi\/edutim\/wp-content\/uploads\/2025\/11\/2f7f9bd3-ccc6-4704-bea2-f51f0d89e536-480x360.jpg 480w, https:\/\/www.itim-cj.ro\/pncdi\/edutim\/wp-content\/uploads\/2025\/11\/2f7f9bd3-ccc6-4704-bea2-f51f0d89e536.jpg 2048w\" sizes=\"auto, (max-width: 1024px) 100vw, 1024px\" \/><\/figure>\n<\/figure>\n\n\n\n<div style=\"height:60px\" aria-hidden=\"true\" class=\"wp-block-spacer\"><\/div>\n\n\n\n<p class=\"rounded-box-with-shadow lazy-section fadeInRight\">Proiectul abordeaz\u0103 o \u00eenv\u0103\u021bare integrat\u0103, tematica fiind una interdisciplinar\u0103, at\u00e2t prin domeniul de activitate al cercet\u0103torilor implica\u021bi \u00een proiect, c\u00e2t \u0219i prin activit\u0103\u021bile propuse. Relevan\u021ba proiectului este dat\u0103 de un cumul de factori:<\/p>\n\n\n\n<p class=\"round-border lazy-section fadeInLeft\">aplicarea lui se va desf\u0103\u0219ura la nivel regional, fiind implicate 29 de \u0219coli din mai multe jude\u021be (Cluj, S\u0103laj, Alba, Mure\u0219, Sibiu, Bistri\u021ba-N\u0103s\u0103ud), at\u00e2t din \u00eenv\u0103\u021b\u0103m\u00e2ntul gimnazial, c\u00e2t \u0219i cel liceal;<\/p>\n\n\n\n<p class=\"round-border lazy-section fadeInRight\">activit\u0103\u021bile se vor derula \u0219i \u00een \u0219coli din mediul rural, nu doar urban;<\/p>\n\n\n\n<p class=\"round-border lazy-section fadeInLeft\">\u00een plus, prin propunerea de abordare diferen\u021biat\u0103 a \u00eenv\u0103\u021b\u0103rii \u2013 adaptat\u0103 la particularit\u0103\u021bile de dezvoltare ale fiec\u0103rui copil \u2013 beneficiari ai proiectului vor fi at\u00e2t elevi din \u0219coli de prestigiu, dar \u0219i elevi de la \u0219coli cu profil tehnologic, c\u00e2t \u0219i elevi din centre \u0219colare pentru educa\u021bie incluziv\u0103, deoarece prin acest proiect \u0219colile sunt asimilate ca locuri unde se creeaz\u0103 contexte de \u00eenv\u0103\u021bare, neexist\u00e2nd elevi buni \u0219i elevi mai pu\u021bini buni, ci elevi cu ritmuri diferite de \u00een\u021belegere \u0219i aprofundare;<\/p>\n\n\n\n<p class=\"round-border lazy-section fadeInRight\">sunt prev\u0103zute activit\u0103\u021bi educa\u021bionale pentru dou\u0103&nbsp; \u0219coli cu predare \u00een limba maghiar\u0103 \u0219i o \u0219coal\u0103 cu predare \u00een limba german\u0103.<\/p>\n\n\n\n<div style=\"height:60px\" aria-hidden=\"true\" class=\"wp-block-spacer\"><\/div>\n\n\n\n<div class=\"stats-container\">\n    <div class=\"stat\">\n        <div class=\"schools-odometer odometer plus\">0<\/div>\n        <div class=\"type\">Vizite \u00een \u015fcoli<\/div>\n        <div class=\"invisible\" id=\"schools-odometer-max\" value=\"18\"><\/div>\n    <\/div>\n    <div class=\"stat\">\n        <div class=\"students-odometer odometer plus\">0<\/div>\n        <div class=\"type\">Elevi implica\u021bi<\/div>\n        <div class=\"invisible\" id=\"students-odometer-max\" value=\"800\"><\/div>\n    <\/div>\n<\/div>\n\n\n\n<div style=\"height:60px\" aria-hidden=\"true\" class=\"wp-block-spacer\"><\/div>\n\n\n\n<figure class=\"wp-block-gallery has-nested-images columns-4 is-cropped wp-block-gallery-2 is-layout-flex wp-block-gallery-is-layout-flex\">\n<figure class=\"wp-block-image size-large\"><img loading=\"lazy\" decoding=\"async\" width=\"1024\" height=\"768\" data-id=\"237\" src=\"https:\/\/www.itim-cj.ro\/pncdi\/edutim\/wp-content\/uploads\/2025\/11\/7df8916e-23c5-4b22-be11-8f147ce02b10-1024x768.jpg\" alt=\"\" class=\"wp-image-237\" srcset=\"https:\/\/www.itim-cj.ro\/pncdi\/edutim\/wp-content\/uploads\/2025\/11\/7df8916e-23c5-4b22-be11-8f147ce02b10-1024x768.jpg 1024w, https:\/\/www.itim-cj.ro\/pncdi\/edutim\/wp-content\/uploads\/2025\/11\/7df8916e-23c5-4b22-be11-8f147ce02b10-300x225.jpg 300w, https:\/\/www.itim-cj.ro\/pncdi\/edutim\/wp-content\/uploads\/2025\/11\/7df8916e-23c5-4b22-be11-8f147ce02b10-768x576.jpg 768w, https:\/\/www.itim-cj.ro\/pncdi\/edutim\/wp-content\/uploads\/2025\/11\/7df8916e-23c5-4b22-be11-8f147ce02b10-1536x1152.jpg 1536w, https:\/\/www.itim-cj.ro\/pncdi\/edutim\/wp-content\/uploads\/2025\/11\/7df8916e-23c5-4b22-be11-8f147ce02b10-510x382.jpg 510w, https:\/\/www.itim-cj.ro\/pncdi\/edutim\/wp-content\/uploads\/2025\/11\/7df8916e-23c5-4b22-be11-8f147ce02b10-1080x810.jpg 1080w, https:\/\/www.itim-cj.ro\/pncdi\/edutim\/wp-content\/uploads\/2025\/11\/7df8916e-23c5-4b22-be11-8f147ce02b10-1280x960.jpg 1280w, https:\/\/www.itim-cj.ro\/pncdi\/edutim\/wp-content\/uploads\/2025\/11\/7df8916e-23c5-4b22-be11-8f147ce02b10-980x735.jpg 980w, https:\/\/www.itim-cj.ro\/pncdi\/edutim\/wp-content\/uploads\/2025\/11\/7df8916e-23c5-4b22-be11-8f147ce02b10-480x360.jpg 480w, https:\/\/www.itim-cj.ro\/pncdi\/edutim\/wp-content\/uploads\/2025\/11\/7df8916e-23c5-4b22-be11-8f147ce02b10.jpg 2048w\" sizes=\"auto, (max-width: 1024px) 100vw, 1024px\" \/><\/figure>\n\n\n\n<figure class=\"wp-block-image size-large\"><img loading=\"lazy\" decoding=\"async\" width=\"1024\" height=\"768\" data-id=\"236\" src=\"https:\/\/www.itim-cj.ro\/pncdi\/edutim\/wp-content\/uploads\/2025\/11\/d65a2b35-0379-4687-a3e1-0946c366768d-1024x768.jpg\" alt=\"\" class=\"wp-image-236\" srcset=\"https:\/\/www.itim-cj.ro\/pncdi\/edutim\/wp-content\/uploads\/2025\/11\/d65a2b35-0379-4687-a3e1-0946c366768d-1024x768.jpg 1024w, https:\/\/www.itim-cj.ro\/pncdi\/edutim\/wp-content\/uploads\/2025\/11\/d65a2b35-0379-4687-a3e1-0946c366768d-300x225.jpg 300w, https:\/\/www.itim-cj.ro\/pncdi\/edutim\/wp-content\/uploads\/2025\/11\/d65a2b35-0379-4687-a3e1-0946c366768d-768x576.jpg 768w, https:\/\/www.itim-cj.ro\/pncdi\/edutim\/wp-content\/uploads\/2025\/11\/d65a2b35-0379-4687-a3e1-0946c366768d-1536x1152.jpg 1536w, https:\/\/www.itim-cj.ro\/pncdi\/edutim\/wp-content\/uploads\/2025\/11\/d65a2b35-0379-4687-a3e1-0946c366768d-510x382.jpg 510w, https:\/\/www.itim-cj.ro\/pncdi\/edutim\/wp-content\/uploads\/2025\/11\/d65a2b35-0379-4687-a3e1-0946c366768d-1080x810.jpg 1080w, https:\/\/www.itim-cj.ro\/pncdi\/edutim\/wp-content\/uploads\/2025\/11\/d65a2b35-0379-4687-a3e1-0946c366768d-1280x960.jpg 1280w, https:\/\/www.itim-cj.ro\/pncdi\/edutim\/wp-content\/uploads\/2025\/11\/d65a2b35-0379-4687-a3e1-0946c366768d-980x735.jpg 980w, https:\/\/www.itim-cj.ro\/pncdi\/edutim\/wp-content\/uploads\/2025\/11\/d65a2b35-0379-4687-a3e1-0946c366768d-480x360.jpg 480w, https:\/\/www.itim-cj.ro\/pncdi\/edutim\/wp-content\/uploads\/2025\/11\/d65a2b35-0379-4687-a3e1-0946c366768d.jpg 2048w\" sizes=\"auto, (max-width: 1024px) 100vw, 1024px\" \/><\/figure>\n\n\n\n<figure class=\"wp-block-image size-large\"><img loading=\"lazy\" decoding=\"async\" width=\"1024\" height=\"820\" data-id=\"234\" src=\"https:\/\/www.itim-cj.ro\/pncdi\/edutim\/wp-content\/uploads\/2025\/11\/3e43ab9b-3573-47e6-baa1-b27121f30cc4-1-1024x820.jpg\" alt=\"\" class=\"wp-image-234\" srcset=\"https:\/\/www.itim-cj.ro\/pncdi\/edutim\/wp-content\/uploads\/2025\/11\/3e43ab9b-3573-47e6-baa1-b27121f30cc4-1-1024x820.jpg 1024w, https:\/\/www.itim-cj.ro\/pncdi\/edutim\/wp-content\/uploads\/2025\/11\/3e43ab9b-3573-47e6-baa1-b27121f30cc4-1-300x240.jpg 300w, https:\/\/www.itim-cj.ro\/pncdi\/edutim\/wp-content\/uploads\/2025\/11\/3e43ab9b-3573-47e6-baa1-b27121f30cc4-1-768x615.jpg 768w, https:\/\/www.itim-cj.ro\/pncdi\/edutim\/wp-content\/uploads\/2025\/11\/3e43ab9b-3573-47e6-baa1-b27121f30cc4-1-1536x1230.jpg 1536w, https:\/\/www.itim-cj.ro\/pncdi\/edutim\/wp-content\/uploads\/2025\/11\/3e43ab9b-3573-47e6-baa1-b27121f30cc4-1-1080x865.jpg 1080w, https:\/\/www.itim-cj.ro\/pncdi\/edutim\/wp-content\/uploads\/2025\/11\/3e43ab9b-3573-47e6-baa1-b27121f30cc4-1-1280x1025.jpg 1280w, https:\/\/www.itim-cj.ro\/pncdi\/edutim\/wp-content\/uploads\/2025\/11\/3e43ab9b-3573-47e6-baa1-b27121f30cc4-1-980x785.jpg 980w, https:\/\/www.itim-cj.ro\/pncdi\/edutim\/wp-content\/uploads\/2025\/11\/3e43ab9b-3573-47e6-baa1-b27121f30cc4-1-480x384.jpg 480w, https:\/\/www.itim-cj.ro\/pncdi\/edutim\/wp-content\/uploads\/2025\/11\/3e43ab9b-3573-47e6-baa1-b27121f30cc4-1.jpg 1665w\" sizes=\"auto, (max-width: 1024px) 100vw, 1024px\" \/><\/figure>\n\n\n\n<figure class=\"wp-block-image size-large\"><img loading=\"lazy\" decoding=\"async\" width=\"1024\" height=\"768\" data-id=\"229\" src=\"https:\/\/www.itim-cj.ro\/pncdi\/edutim\/wp-content\/uploads\/2025\/11\/9c97e40b-c4f6-4792-aefd-8d8be5eabd8d-1024x768.jpg\" alt=\"\" class=\"wp-image-229\" srcset=\"https:\/\/www.itim-cj.ro\/pncdi\/edutim\/wp-content\/uploads\/2025\/11\/9c97e40b-c4f6-4792-aefd-8d8be5eabd8d-1024x768.jpg 1024w, https:\/\/www.itim-cj.ro\/pncdi\/edutim\/wp-content\/uploads\/2025\/11\/9c97e40b-c4f6-4792-aefd-8d8be5eabd8d-300x225.jpg 300w, https:\/\/www.itim-cj.ro\/pncdi\/edutim\/wp-content\/uploads\/2025\/11\/9c97e40b-c4f6-4792-aefd-8d8be5eabd8d-768x576.jpg 768w, https:\/\/www.itim-cj.ro\/pncdi\/edutim\/wp-content\/uploads\/2025\/11\/9c97e40b-c4f6-4792-aefd-8d8be5eabd8d-1536x1152.jpg 1536w, https:\/\/www.itim-cj.ro\/pncdi\/edutim\/wp-content\/uploads\/2025\/11\/9c97e40b-c4f6-4792-aefd-8d8be5eabd8d-510x382.jpg 510w, https:\/\/www.itim-cj.ro\/pncdi\/edutim\/wp-content\/uploads\/2025\/11\/9c97e40b-c4f6-4792-aefd-8d8be5eabd8d-1080x810.jpg 1080w, https:\/\/www.itim-cj.ro\/pncdi\/edutim\/wp-content\/uploads\/2025\/11\/9c97e40b-c4f6-4792-aefd-8d8be5eabd8d-1280x960.jpg 1280w, https:\/\/www.itim-cj.ro\/pncdi\/edutim\/wp-content\/uploads\/2025\/11\/9c97e40b-c4f6-4792-aefd-8d8be5eabd8d-980x735.jpg 980w, https:\/\/www.itim-cj.ro\/pncdi\/edutim\/wp-content\/uploads\/2025\/11\/9c97e40b-c4f6-4792-aefd-8d8be5eabd8d-480x360.jpg 480w, https:\/\/www.itim-cj.ro\/pncdi\/edutim\/wp-content\/uploads\/2025\/11\/9c97e40b-c4f6-4792-aefd-8d8be5eabd8d.jpg 2000w\" sizes=\"auto, (max-width: 1024px) 100vw, 1024px\" \/><\/figure>\n<\/figure>\n","protected":false},"excerpt":{"rendered":"<p>Echipa proiectului va demonstra c\u0103 \u0219tiin\u021ba poate fi palpitant\u0103 \u0219i merit\u0103 studiat\u0103. Implic\u00e2nd tinerii \u00een activit\u0103\u021bile propuse a fi derulate pe parcursul proiectului, \u00eei vom ajuta pe ei, familiile lor \u0219i comunit\u0103\u021bile mai largi s\u0103 \u00eenve\u021be despre ceea ce \u0219tim, ceea ce nu \u0219tim \u0219i cum \u00eencerc\u0103m s\u0103 \u00een\u021belegem\/rezolv\u0103m mai bine problemele globale complexe prin [&hellip;]<\/p>\n","protected":false},"author":1,"featured_media":0,"parent":0,"menu_order":0,"comment_status":"closed","ping_status":"closed","template":"","meta":{"footnotes":""},"class_list":["post-38","page","type-page","status-publish","hentry"],"_links":{"self":[{"href":"https:\/\/www.itim-cj.ro\/pncdi\/edutim\/index.php?rest_route=\/wp\/v2\/pages\/38","targetHints":{"allow":["GET"]}}],"collection":[{"href":"https:\/\/www.itim-cj.ro\/pncdi\/edutim\/index.php?rest_route=\/wp\/v2\/pages"}],"about":[{"href":"https:\/\/www.itim-cj.ro\/pncdi\/edutim\/index.php?rest_route=\/wp\/v2\/types\/page"}],"author":[{"embeddable":true,"href":"https:\/\/www.itim-cj.ro\/pncdi\/edutim\/index.php?rest_route=\/wp\/v2\/users\/1"}],"replies":[{"embeddable":true,"href":"https:\/\/www.itim-cj.ro\/pncdi\/edutim\/index.php?rest_route=%2Fwp%2Fv2%2Fcomments&post=38"}],"version-history":[{"count":7,"href":"https:\/\/www.itim-cj.ro\/pncdi\/edutim\/index.php?rest_route=\/wp\/v2\/pages\/38\/revisions"}],"predecessor-version":[{"id":295,"href":"https:\/\/www.itim-cj.ro\/pncdi\/edutim\/index.php?rest_route=\/wp\/v2\/pages\/38\/revisions\/295"}],"wp:attachment":[{"href":"https:\/\/www.itim-cj.ro\/pncdi\/edutim\/index.php?rest_route=%2Fwp%2Fv2%2Fmedia&parent=38"}],"curies":[{"name":"wp","href":"https:\/\/api.w.org\/{rel}","templated":true}]}}