{"id":83,"date":"2025-09-29T11:29:21","date_gmt":"2025-09-29T11:29:21","guid":{"rendered":"https:\/\/www.itim-cj.ro\/pncdi\/edutim\/?page_id=83"},"modified":"2026-04-24T07:52:53","modified_gmt":"2026-04-24T07:52:53","slug":"rezultate","status":"publish","type":"page","link":"https:\/\/www.itim-cj.ro\/pncdi\/edutim\/?page_id=83","title":{"rendered":"Rezultate"},"content":{"rendered":"\n<figure class=\"wp-block-gallery has-nested-images columns-1 is-cropped owl-Carousel owl-theme wp-block-gallery-1 is-layout-flex wp-block-gallery-is-layout-flex\">\n<figure class=\"wp-block-image size-large\"><img loading=\"lazy\" decoding=\"async\" width=\"1024\" height=\"768\" data-id=\"246\" src=\"https:\/\/www.itim-cj.ro\/pncdi\/edutim\/wp-content\/uploads\/2025\/11\/56c2d86b-f6ef-4b2f-a6bf-6fe1273a8f06-1024x768.jpg\" alt=\"\" class=\"wp-image-246\" srcset=\"https:\/\/www.itim-cj.ro\/pncdi\/edutim\/wp-content\/uploads\/2025\/11\/56c2d86b-f6ef-4b2f-a6bf-6fe1273a8f06-1024x768.jpg 1024w, https:\/\/www.itim-cj.ro\/pncdi\/edutim\/wp-content\/uploads\/2025\/11\/56c2d86b-f6ef-4b2f-a6bf-6fe1273a8f06-300x225.jpg 300w, https:\/\/www.itim-cj.ro\/pncdi\/edutim\/wp-content\/uploads\/2025\/11\/56c2d86b-f6ef-4b2f-a6bf-6fe1273a8f06-768x576.jpg 768w, https:\/\/www.itim-cj.ro\/pncdi\/edutim\/wp-content\/uploads\/2025\/11\/56c2d86b-f6ef-4b2f-a6bf-6fe1273a8f06-1536x1152.jpg 1536w, https:\/\/www.itim-cj.ro\/pncdi\/edutim\/wp-content\/uploads\/2025\/11\/56c2d86b-f6ef-4b2f-a6bf-6fe1273a8f06-510x382.jpg 510w, https:\/\/www.itim-cj.ro\/pncdi\/edutim\/wp-content\/uploads\/2025\/11\/56c2d86b-f6ef-4b2f-a6bf-6fe1273a8f06-1080x810.jpg 1080w, https:\/\/www.itim-cj.ro\/pncdi\/edutim\/wp-content\/uploads\/2025\/11\/56c2d86b-f6ef-4b2f-a6bf-6fe1273a8f06-1280x960.jpg 1280w, https:\/\/www.itim-cj.ro\/pncdi\/edutim\/wp-content\/uploads\/2025\/11\/56c2d86b-f6ef-4b2f-a6bf-6fe1273a8f06-980x735.jpg 980w, https:\/\/www.itim-cj.ro\/pncdi\/edutim\/wp-content\/uploads\/2025\/11\/56c2d86b-f6ef-4b2f-a6bf-6fe1273a8f06-480x360.jpg 480w, https:\/\/www.itim-cj.ro\/pncdi\/edutim\/wp-content\/uploads\/2025\/11\/56c2d86b-f6ef-4b2f-a6bf-6fe1273a8f06.jpg 1600w\" sizes=\"auto, (max-width: 1024px) 100vw, 1024px\" \/><\/figure>\n\n\n\n<figure class=\"wp-block-image size-large\"><img loading=\"lazy\" decoding=\"async\" width=\"1024\" height=\"771\" data-id=\"240\" src=\"https:\/\/www.itim-cj.ro\/pncdi\/edutim\/wp-content\/uploads\/2025\/11\/8cd4a1d5-71d7-4045-bf38-a14fa41fbb25-1024x771.jpg\" alt=\"\" class=\"wp-image-240\" srcset=\"https:\/\/www.itim-cj.ro\/pncdi\/edutim\/wp-content\/uploads\/2025\/11\/8cd4a1d5-71d7-4045-bf38-a14fa41fbb25-1024x771.jpg 1024w, https:\/\/www.itim-cj.ro\/pncdi\/edutim\/wp-content\/uploads\/2025\/11\/8cd4a1d5-71d7-4045-bf38-a14fa41fbb25-300x226.jpg 300w, https:\/\/www.itim-cj.ro\/pncdi\/edutim\/wp-content\/uploads\/2025\/11\/8cd4a1d5-71d7-4045-bf38-a14fa41fbb25-768x578.jpg 768w, https:\/\/www.itim-cj.ro\/pncdi\/edutim\/wp-content\/uploads\/2025\/11\/8cd4a1d5-71d7-4045-bf38-a14fa41fbb25-1536x1156.jpg 1536w, https:\/\/www.itim-cj.ro\/pncdi\/edutim\/wp-content\/uploads\/2025\/11\/8cd4a1d5-71d7-4045-bf38-a14fa41fbb25-1080x813.jpg 1080w, https:\/\/www.itim-cj.ro\/pncdi\/edutim\/wp-content\/uploads\/2025\/11\/8cd4a1d5-71d7-4045-bf38-a14fa41fbb25-1280x963.jpg 1280w, https:\/\/www.itim-cj.ro\/pncdi\/edutim\/wp-content\/uploads\/2025\/11\/8cd4a1d5-71d7-4045-bf38-a14fa41fbb25-980x737.jpg 980w, https:\/\/www.itim-cj.ro\/pncdi\/edutim\/wp-content\/uploads\/2025\/11\/8cd4a1d5-71d7-4045-bf38-a14fa41fbb25-480x361.jpg 480w, https:\/\/www.itim-cj.ro\/pncdi\/edutim\/wp-content\/uploads\/2025\/11\/8cd4a1d5-71d7-4045-bf38-a14fa41fbb25.jpg 1600w\" sizes=\"auto, (max-width: 1024px) 100vw, 1024px\" \/><\/figure>\n\n\n\n<figure class=\"wp-block-image size-large\"><img loading=\"lazy\" decoding=\"async\" width=\"1024\" height=\"768\" data-id=\"237\" src=\"https:\/\/www.itim-cj.ro\/pncdi\/edutim\/wp-content\/uploads\/2025\/11\/7df8916e-23c5-4b22-be11-8f147ce02b10-1024x768.jpg\" alt=\"\" class=\"wp-image-237\" srcset=\"https:\/\/www.itim-cj.ro\/pncdi\/edutim\/wp-content\/uploads\/2025\/11\/7df8916e-23c5-4b22-be11-8f147ce02b10-1024x768.jpg 1024w, https:\/\/www.itim-cj.ro\/pncdi\/edutim\/wp-content\/uploads\/2025\/11\/7df8916e-23c5-4b22-be11-8f147ce02b10-300x225.jpg 300w, https:\/\/www.itim-cj.ro\/pncdi\/edutim\/wp-content\/uploads\/2025\/11\/7df8916e-23c5-4b22-be11-8f147ce02b10-768x576.jpg 768w, https:\/\/www.itim-cj.ro\/pncdi\/edutim\/wp-content\/uploads\/2025\/11\/7df8916e-23c5-4b22-be11-8f147ce02b10-1536x1152.jpg 1536w, https:\/\/www.itim-cj.ro\/pncdi\/edutim\/wp-content\/uploads\/2025\/11\/7df8916e-23c5-4b22-be11-8f147ce02b10-510x382.jpg 510w, https:\/\/www.itim-cj.ro\/pncdi\/edutim\/wp-content\/uploads\/2025\/11\/7df8916e-23c5-4b22-be11-8f147ce02b10-1080x810.jpg 1080w, https:\/\/www.itim-cj.ro\/pncdi\/edutim\/wp-content\/uploads\/2025\/11\/7df8916e-23c5-4b22-be11-8f147ce02b10-1280x960.jpg 1280w, https:\/\/www.itim-cj.ro\/pncdi\/edutim\/wp-content\/uploads\/2025\/11\/7df8916e-23c5-4b22-be11-8f147ce02b10-980x735.jpg 980w, https:\/\/www.itim-cj.ro\/pncdi\/edutim\/wp-content\/uploads\/2025\/11\/7df8916e-23c5-4b22-be11-8f147ce02b10-480x360.jpg 480w, https:\/\/www.itim-cj.ro\/pncdi\/edutim\/wp-content\/uploads\/2025\/11\/7df8916e-23c5-4b22-be11-8f147ce02b10.jpg 2048w\" sizes=\"auto, (max-width: 1024px) 100vw, 1024px\" \/><\/figure>\n\n\n\n<figure class=\"wp-block-image size-large\"><img loading=\"lazy\" decoding=\"async\" width=\"1024\" height=\"768\" data-id=\"236\" src=\"https:\/\/www.itim-cj.ro\/pncdi\/edutim\/wp-content\/uploads\/2025\/11\/d65a2b35-0379-4687-a3e1-0946c366768d-1024x768.jpg\" alt=\"\" class=\"wp-image-236\" srcset=\"https:\/\/www.itim-cj.ro\/pncdi\/edutim\/wp-content\/uploads\/2025\/11\/d65a2b35-0379-4687-a3e1-0946c366768d-1024x768.jpg 1024w, https:\/\/www.itim-cj.ro\/pncdi\/edutim\/wp-content\/uploads\/2025\/11\/d65a2b35-0379-4687-a3e1-0946c366768d-300x225.jpg 300w, https:\/\/www.itim-cj.ro\/pncdi\/edutim\/wp-content\/uploads\/2025\/11\/d65a2b35-0379-4687-a3e1-0946c366768d-768x576.jpg 768w, https:\/\/www.itim-cj.ro\/pncdi\/edutim\/wp-content\/uploads\/2025\/11\/d65a2b35-0379-4687-a3e1-0946c366768d-1536x1152.jpg 1536w, https:\/\/www.itim-cj.ro\/pncdi\/edutim\/wp-content\/uploads\/2025\/11\/d65a2b35-0379-4687-a3e1-0946c366768d-510x382.jpg 510w, https:\/\/www.itim-cj.ro\/pncdi\/edutim\/wp-content\/uploads\/2025\/11\/d65a2b35-0379-4687-a3e1-0946c366768d-1080x810.jpg 1080w, https:\/\/www.itim-cj.ro\/pncdi\/edutim\/wp-content\/uploads\/2025\/11\/d65a2b35-0379-4687-a3e1-0946c366768d-1280x960.jpg 1280w, https:\/\/www.itim-cj.ro\/pncdi\/edutim\/wp-content\/uploads\/2025\/11\/d65a2b35-0379-4687-a3e1-0946c366768d-980x735.jpg 980w, https:\/\/www.itim-cj.ro\/pncdi\/edutim\/wp-content\/uploads\/2025\/11\/d65a2b35-0379-4687-a3e1-0946c366768d-480x360.jpg 480w, https:\/\/www.itim-cj.ro\/pncdi\/edutim\/wp-content\/uploads\/2025\/11\/d65a2b35-0379-4687-a3e1-0946c366768d.jpg 2048w\" sizes=\"auto, (max-width: 1024px) 100vw, 1024px\" \/><\/figure>\n\n\n\n<figure class=\"wp-block-image size-large\"><img loading=\"lazy\" decoding=\"async\" width=\"1024\" height=\"820\" data-id=\"234\" src=\"https:\/\/www.itim-cj.ro\/pncdi\/edutim\/wp-content\/uploads\/2025\/11\/3e43ab9b-3573-47e6-baa1-b27121f30cc4-1-1024x820.jpg\" alt=\"\" class=\"wp-image-234\" srcset=\"https:\/\/www.itim-cj.ro\/pncdi\/edutim\/wp-content\/uploads\/2025\/11\/3e43ab9b-3573-47e6-baa1-b27121f30cc4-1-1024x820.jpg 1024w, https:\/\/www.itim-cj.ro\/pncdi\/edutim\/wp-content\/uploads\/2025\/11\/3e43ab9b-3573-47e6-baa1-b27121f30cc4-1-300x240.jpg 300w, https:\/\/www.itim-cj.ro\/pncdi\/edutim\/wp-content\/uploads\/2025\/11\/3e43ab9b-3573-47e6-baa1-b27121f30cc4-1-768x615.jpg 768w, https:\/\/www.itim-cj.ro\/pncdi\/edutim\/wp-content\/uploads\/2025\/11\/3e43ab9b-3573-47e6-baa1-b27121f30cc4-1-1536x1230.jpg 1536w, https:\/\/www.itim-cj.ro\/pncdi\/edutim\/wp-content\/uploads\/2025\/11\/3e43ab9b-3573-47e6-baa1-b27121f30cc4-1-1080x865.jpg 1080w, https:\/\/www.itim-cj.ro\/pncdi\/edutim\/wp-content\/uploads\/2025\/11\/3e43ab9b-3573-47e6-baa1-b27121f30cc4-1-1280x1025.jpg 1280w, https:\/\/www.itim-cj.ro\/pncdi\/edutim\/wp-content\/uploads\/2025\/11\/3e43ab9b-3573-47e6-baa1-b27121f30cc4-1-980x785.jpg 980w, https:\/\/www.itim-cj.ro\/pncdi\/edutim\/wp-content\/uploads\/2025\/11\/3e43ab9b-3573-47e6-baa1-b27121f30cc4-1-480x384.jpg 480w, https:\/\/www.itim-cj.ro\/pncdi\/edutim\/wp-content\/uploads\/2025\/11\/3e43ab9b-3573-47e6-baa1-b27121f30cc4-1.jpg 1665w\" sizes=\"auto, (max-width: 1024px) 100vw, 1024px\" \/><\/figure>\n\n\n\n<figure class=\"wp-block-image size-large\"><img loading=\"lazy\" decoding=\"async\" width=\"1024\" height=\"768\" data-id=\"232\" src=\"https:\/\/www.itim-cj.ro\/pncdi\/edutim\/wp-content\/uploads\/2025\/11\/3e43ab9b-3573-47e6-baa1-b27121f30cc4-1024x768.jpg\" alt=\"\" class=\"wp-image-232\" srcset=\"https:\/\/www.itim-cj.ro\/pncdi\/edutim\/wp-content\/uploads\/2025\/11\/3e43ab9b-3573-47e6-baa1-b27121f30cc4-1024x768.jpg 1024w, https:\/\/www.itim-cj.ro\/pncdi\/edutim\/wp-content\/uploads\/2025\/11\/3e43ab9b-3573-47e6-baa1-b27121f30cc4-300x225.jpg 300w, https:\/\/www.itim-cj.ro\/pncdi\/edutim\/wp-content\/uploads\/2025\/11\/3e43ab9b-3573-47e6-baa1-b27121f30cc4-768x576.jpg 768w, https:\/\/www.itim-cj.ro\/pncdi\/edutim\/wp-content\/uploads\/2025\/11\/3e43ab9b-3573-47e6-baa1-b27121f30cc4-1536x1152.jpg 1536w, https:\/\/www.itim-cj.ro\/pncdi\/edutim\/wp-content\/uploads\/2025\/11\/3e43ab9b-3573-47e6-baa1-b27121f30cc4-510x382.jpg 510w, https:\/\/www.itim-cj.ro\/pncdi\/edutim\/wp-content\/uploads\/2025\/11\/3e43ab9b-3573-47e6-baa1-b27121f30cc4-1080x810.jpg 1080w, https:\/\/www.itim-cj.ro\/pncdi\/edutim\/wp-content\/uploads\/2025\/11\/3e43ab9b-3573-47e6-baa1-b27121f30cc4-1280x960.jpg 1280w, https:\/\/www.itim-cj.ro\/pncdi\/edutim\/wp-content\/uploads\/2025\/11\/3e43ab9b-3573-47e6-baa1-b27121f30cc4-980x735.jpg 980w, https:\/\/www.itim-cj.ro\/pncdi\/edutim\/wp-content\/uploads\/2025\/11\/3e43ab9b-3573-47e6-baa1-b27121f30cc4-480x360.jpg 480w, https:\/\/www.itim-cj.ro\/pncdi\/edutim\/wp-content\/uploads\/2025\/11\/3e43ab9b-3573-47e6-baa1-b27121f30cc4.jpg 2048w\" sizes=\"auto, (max-width: 1024px) 100vw, 1024px\" \/><\/figure>\n<\/figure>\n\n\n\n<div style=\"height:60px\" aria-hidden=\"true\" class=\"wp-block-spacer\"><\/div>\n\n\n\n<div class=\"wp-block-columns container2 is-layout-flex wp-container-core-columns-is-layout-9d6595d7 wp-block-columns-is-layout-flex\">\n<div class=\"wp-block-column is-layout-flow wp-block-column-is-layout-flow\">\n<p><a href=\"https:\/\/www.itim-cj.ro\/pncdi\/edutim\/?page_id=166\" data-type=\"page\" data-id=\"166\">Vizite \u00een \u015fcoli<\/a><\/p>\n<\/div>\n\n\n\n<div class=\"wp-block-column is-layout-flow wp-block-column-is-layout-flow\">\n<p><a href=\"https:\/\/www.itim-cj.ro\/pncdi\/edutim\/?page_id=162\" data-type=\"page\" data-id=\"162\">Vizite \u00een INCDTIM<\/a><\/p>\n<\/div>\n\n\n\n<div class=\"wp-block-column is-layout-flow wp-block-column-is-layout-flow\">\n<p><a href=\"https:\/\/www.itim-cj.ro\/pncdi\/edutim\/?page_id=158\" data-type=\"page\" data-id=\"158\">Noaptea cercet\u0103torilor<\/a><\/p>\n<\/div>\n\n\n\n<div class=\"wp-block-column is-layout-flow wp-block-column-is-layout-flow\">\n<p>Concursuri<\/p>\n<\/div>\n<\/div>\n\n\n\n<div style=\"height:60px\" aria-hidden=\"true\" class=\"wp-block-spacer\"><\/div>\n\n\n\n<h4 class=\"wp-block-heading has-text-align-center round-border\">Feedback<\/h4>\n\n\n\n<div style=\"height:60px\" aria-hidden=\"true\" class=\"wp-block-spacer\"><\/div>\n\n\n\n<div class=\"wp-block-group is-layout-flex wp-block-group-is-layout-flex\">\n<div class=\"wp-block-columns rounded-box-with-shadow testimonials is-layout-flex wp-container-core-columns-is-layout-9d6595d7 wp-block-columns-is-layout-flex\">\n<div class=\"wp-block-column is-layout-flow wp-block-column-is-layout-flow\">\n<p class=\"has-text-align-left\">Stimat\u0103 echip\u0103 de cercet\u0103tori de la INCDTIM,<\/p>\n\n\n\n<p>V\u0103 scriu acest e-mail pentru a v\u0103 mul\u021bumi pentru felul \u00een care a\u021bi ales s\u0103-i primi\u021bi pe elevii \u0219colii noastre \u00een cadrul institutului dvs., \u00een data de 23 octombrie a.c., \u0219i s\u0103 le ar\u0103ta\u021bi pu\u021bin din experimentele fascinante pe care le realiza\u021bi. De asemenea, v\u0103 mul\u021bumim pentru deplasarea dvs. la liceul nostru din data de 4 noiembrie a.c. (cercet. Gabriela Cristea) ocazie prin care a\u021bi adus din nou mai aproape&nbsp;<em>\u0218tiin\u021ba \u00een \u0219coli,&nbsp;<\/em>a\u0219a cum, de altfel, o anun\u021b\u0103 \u0219i proiectul dvs. \u00een cadrul c\u0103ruia suntem parteneri. <\/p>\n\n\n\n<p>Cu prilejul acestor evenimente, elevii no\u0219tri au con\u0219tientizat importan\u021ba unei alimenta\u021bii s\u0103n\u0103toase, a amprentei izotopice asupra unor produse animaliere \u0219i vegetale, fenomenul de \u00eenc\u0103lzire global\u0103 \u0219i preven\u021bia lui, efectul d\u0103un\u0103tor al excesului de CO2, riscul folosirii excesive a telefoanelor mobile, producerea electricit\u0103\u021bii, dispersia luminii, curiozit\u0103\u021bi despre azotul lichid \u0219i multe altele.&nbsp;<\/p>\n\n\n\n<p>Impactul activit\u0103\u021bilor asupra educabililor a fost considerabil, iar \u00een cadrul orelor de dirigen\u021bie, am prelucrat \u0219i reanalizat&nbsp;datele \u0219i experimentele oferite de c\u0103tre dvs. Elevii s-au ar\u0103tat \u00eenc\u00e2nta\u021bi de asemenea lec\u021bii&nbsp;<em>altfel<\/em>, care le propun \u00eenv\u0103\u021barea prin descoperire, nu doar prin teoria tradi\u021bional\u0103.<\/p>\n\n\n\n<p>V\u0103 mul\u021bumim pentru implicarea \u0219i colaborarea dvs. \u0219i v\u0103 mai a\u0219tept\u0103m \u00een \u0219coala noastr\u0103 \u0219i cu alte ocazii!<\/p>\n\n\n\n<p class=\"has-text-align-right\">Cu deosebit\u0103 considera\u021bie,<\/p>\n\n\n\n<p class=\"has-text-align-right\">prof. Mirela Tomoiag\u0103,<\/p>\n\n\n\n<p class=\"has-text-align-right\">prof. Ana-Maria Bu\u0219c\u0103 \u0219i<\/p>\n\n\n\n<p class=\"has-text-align-right\">prof. Gabriela Copaciu,<\/p>\n\n\n\n<p class=\"has-text-align-right\">Lic. Teoretic&nbsp;<em>Nicolae B\u0103lcescu<\/em>, Cluj-Napoca<\/p>\n<\/div>\n<\/div>\n\n\n\n<div class=\"wp-block-columns rounded-box-with-shadow testimonials is-layout-flex wp-container-core-columns-is-layout-9d6595d7 wp-block-columns-is-layout-flex\">\n<div class=\"wp-block-column is-layout-flow wp-block-column-is-layout-flow\">\n<p>&#8220;Participarea mea \u0219i a elevilor mei la activitatea desf\u0103\u0219urat\u0103 \u00een cadrul Institutului de Cercetare a reprezentat o experien\u021b\u0103 extrem de valoroas\u0103, at\u00e2t din punct de vedere educa\u021bional, c\u00e2t \u0219i formativ. <\/p>\n\n\n\n<p>Experimentele prezentate au fost foarte bine adaptate v\u00e2rstei elevilor, fiind explicate clar \u0219i \u00eentr-un limbaj accesibil. Prelegerile pe teme de securitate cibernetic\u0103, digital\u0103 \u0219i securitatea alimentelor au captat aten\u021bia tuturor, iar exemplele oferite au fost relevante \u0219i u\u0219or de \u00een\u021beles, facilit\u00e2nd o mai bun\u0103 conectare cu realit\u0103\u021bile actuale. <\/p>\n\n\n\n<p>Nivelul ridicat de interactivitate i-a implicat activ pe elevi, cre\u00e2nd o atmosfer\u0103 pozitiv\u0103 \u0219i motivant\u0103. Am observat cu bucurie c\u0103 ace\u0219tia au manifestat curiozitate \u0219i un interes real pentru activit\u0103\u021bi, pun\u00e2nd \u00eentreb\u0103ri \u0219i particip\u00e2nd cu entuziasm la demonstra\u021bii. Materialele \u0219i spa\u021biul puse la dispozi\u021bie au fost adecvate, contribuind la derularea activit\u0103\u021bii \u00eentr-un ritm potrivit \u0219i \u00eentr-un mediu propice \u00eenv\u0103\u021b\u0103rii. <\/p>\n\n\n\n<p>Colaborarea dintre prezentatori \u0219i elevi a fost excelent\u0103, iar \u00eentreaga activitate s-a integrat armonios \u00een obiectivele educa\u021bionale ale \u0219colii, stimul\u00e2nd dorin\u021ba copiilor de a descoperi mai multe despre \u0219tiin\u021b\u0103 \u0219i domenii emergente. <\/p>\n\n\n\n<p>Consider c\u0103 aceast\u0103 experien\u021b\u0103 ar trebui repetat\u0103 \u0219i extins\u0103 \u0219i c\u0103tre alte clase, \u00eentruc\u00e2t impresia general\u0103 a fost una deosebit de pozitiv\u0103, iar beneficiile pentru elevi sunt incontestabile.&#8221;<\/p>\n\n\n\n<p class=\"has-text-align-right\">Prof. Andreea Suciu, coordonator al proiectului bilatetal &#8220;From Field to Plate&#8221;,<\/p>\n\n\n\n<p class=\"has-text-align-right\">Liceul Teoretic Avram Iancu, Cluj-Napoca<\/p>\n<\/div>\n<\/div>\n\n\n\n<div class=\"wp-block-columns rounded-box-with-shadow testimonials is-layout-flex wp-container-core-columns-is-layout-9d6595d7 wp-block-columns-is-layout-flex\">\n<div class=\"wp-block-column is-layout-flow wp-block-column-is-layout-flow\">\n<p>&#8220;Va mul\u021bumesc c\u0103 v-a\u021bi g\u00e2ndit s\u0103 alege\u021bi \u0219coala unde \u00eenva\u021b\u0103 David! David mi-a zis c\u0103 au fost \u00eenc\u00e2nta\u021bi at\u00e2t copiii, c\u00e2t \u0219i profesoara de fizic\u0103, de aceast\u0103 experien\u021b\u0103.  \ud83d\ude18 &#8221;  &#8211; Alina Togya, mama unuia dintre elevii de la \u0218coala Gimnazial\u0103 \u201cPavel Dan\u201d, Tritenii de Jos, Cluj<\/p>\n<\/div>\n<\/div>\n\n\n\n<div class=\"wp-block-columns rounded-box-with-shadow testimonials is-layout-flex wp-container-core-columns-is-layout-9d6595d7 wp-block-columns-is-layout-flex\">\n<div class=\"wp-block-column is-layout-flow wp-block-column-is-layout-flow\">\n<p>&#8220;Mul\u021bumim din suflet pentru oportunitate! Feedback- ul copiilor a fost pozitiv! \ud83e\udd17 &#8221; \u2013 mesajul doamnei director Teodora Duca, \u0218coala Gimnazial\u0103 \u201cPavel Dan\u201d, Tritenii de Jos, Cluj<\/p>\n<\/div>\n<\/div>\n\n\n\n<div class=\"wp-block-columns rounded-box-with-shadow testimonials is-layout-flex wp-container-core-columns-is-layout-9d6595d7 wp-block-columns-is-layout-flex\">\n<div class=\"wp-block-column is-layout-flow wp-block-column-is-layout-flow\">\n<p>&#8220;Sa \u0219tii ca elevii no\u0219tri au fost \u00eenc\u00e2nta\u021bi de activitatea desf\u0103\u0219urat\u0103 de voi. Au zis ca au fost mai atractive, interactive \u0219i cu explica\u021bii adecvate, dec\u00e2t ale altor echipe care au mai venit.<\/p>\n\n\n\n<p>Acum tot experimente \u00ee\u0219i doresc \ud83d\ude01!&#8221; \u2013 doamna profesoar\u0103 de fizic\u0103, Anca Re\u0163egan, \u0219coala din Tritenii de Jos<\/p>\n<\/div>\n<\/div>\n<\/div>\n\n\n\n<div style=\"height:60px\" aria-hidden=\"true\" class=\"wp-block-spacer\"><\/div>\n\n\n\n<h4 class=\"wp-block-heading has-text-align-center round-border\">Facebook feedback<\/h4>\n\n\n\n<div style=\"height:60px\" aria-hidden=\"true\" class=\"wp-block-spacer\"><\/div>\n\n\n\n<div class=\"row\">\n    <div class=\"col-lg-6 col-md-12 text-center\">\n        <div class=\"iframe-facebook-element rounded-box-with-shadow\">\n        <iframe loading=\"lazy\" src=\"https:\/\/www.facebook.com\/plugins\/post.php?href=https%3A%2F%2Fwww.facebook.com%2Fmocan.claudiaancuta%2Fposts%2Fpfbid02FFxXJ6uABqvFTMafuBm3zXEfsk79BQ1n16PWrFyLaMQbihkZy8WmCyBwwMKn7JRvl&#038;width=350&#038;show_text=true&#038;height=617&#038;appId\" width=\"350\" height=\"617\" style=\"border:none;overflow:hidden\" scrolling=\"no\" frameborder=\"0\" allowfullscreen=\"true\" allow=\"autoplay; clipboard-write; encrypted-media; picture-in-picture\"><\/iframe>\n        <\/div>\n    <\/div>\n\n    <div class=\"col-lg-6 col-md-12 text-center\">\n        <div class=\"iframe-facebook-element rounded-box-with-shadow\">\n        <iframe loading=\"lazy\" src=\"https:\/\/www.facebook.com\/plugins\/post.php?href=https%3A%2F%2Fwww.facebook.com%2Fcatalin.giuriade%2Fposts%2Fpfbid02qz1ayhiqBNyNRs2k1AcSF61BrX6cAXGFKHKF7R1VFcx8YCMt4tiP4VNGemMS12X1l&#038;width=350&#038;show_text=true&#038;height=727&#038;appId\" width=\"350\" height=\"727\" style=\"border:none;overflow:hidden\" scrolling=\"no\" frameborder=\"0\" allowfullscreen=\"true\" allow=\"autoplay; clipboard-write; encrypted-media; picture-in-picture\"><\/iframe>\n        <\/div>\n    <\/div>\n\n    <div class=\"col-lg-6 col-md-12 text-center\">\n         <div class=\"iframe-facebook-element rounded-box-with-shadow\">\n         <iframe loading=\"lazy\" src=\"https:\/\/www.facebook.com\/plugins\/post.php?href=https%3A%2F%2Fwww.facebook.com%2FScoalaPavelDanTriteniiDeJos%2Fposts%2Fpfbid0x4Kkoy33NSbTnND6agrgHqceBoubw9HNeqiWYP1bfUqBrKRPV2e3xNxRohQXKmgel&#038;width=350&#038;show_text=true&#038;height=585&#038;appId\" width=\"350\" height=\"585\" style=\"border:none;overflow:hidden\" scrolling=\"no\" frameborder=\"0\" allowfullscreen=\"true\" allow=\"autoplay; clipboard-write; encrypted-media; picture-in-picture\"><\/iframe>\n        <\/div>\n   <\/div>\n\n   <div class=\"col-lg-6 col-md-12 text-center\">\n        <div class=\"iframe-facebook-element rounded-box-with-shadow\">\n        <iframe loading=\"lazy\" src=\"https:\/\/www.facebook.com\/plugins\/post.php?href=https%3A%2F%2Fwww.facebook.com%2Fpermalink.php%3Fstory_fbid%3Dpfbid0XBSWdZ7mbGyePX4Jo5C8qPuRJhRK5GwcrHybaQhqEKdWoZNZXe9bejHeACqhazvyl%26id%3D100026218974900&#038;width=350&#038;show_text=true&#038;height=681&#038;appId\" width=\"350\" height=\"681\" style=\"border:none;overflow:hidden\" scrolling=\"no\" frameborder=\"0\" allowfullscreen=\"true\" allow=\"autoplay; clipboard-write; encrypted-media; picture-in-picture; web-share\"><\/iframe>\n        <\/div>\n    <\/div>\n\n   <div class=\"col-lg-6 col-md-12 text-center\">\n        <div class=\"iframe-facebook-element rounded-box-with-shadow\">\n        <iframe loading=\"lazy\" src=\"https:\/\/www.facebook.com\/plugins\/post.php?href=https%3A%2F%2Fwww.facebook.com%2Flpsalbaiulia%2Fposts%2Fpfbid0p6uzWLkwtGxFnrLxfthPFfPKgDeS8Tidw6kRQyZz1s7CuHRxRZdjWaMGC5UTZEBLl&#038;width=350&#038;show_text=true&#038;appId=283064645550284&#038;height=714\" width=\"350\" height=\"714\" style=\"border:none;overflow:hidden\" scrolling=\"no\" frameborder=\"0\" allowfullscreen=\"true\" allow=\"autoplay; clipboard-write; encrypted-media; picture-in-picture; web-share\"><\/iframe>\n        <\/div>\n    <\/div>\n\n   <div class=\"col-lg-6 col-md-12 text-center\">\n        <div class=\"iframe-facebook-element rounded-box-with-shadow\">\n        <iframe loading=\"lazy\" src=\"https:\/\/www.facebook.com\/plugins\/post.php?href=https%3A%2F%2Fwww.facebook.com%2Fpermalink.php%3Fstory_fbid%3Dpfbid02Sp9jytDCVzBY6puYLVDLPQfvujcpVZW5kbS8jXbFQLSjh6jAEenP7XewAZDnJRxZl%26id%3D100057182811424&#038;width=350&#038;show_text=true&#038;appId=283064645550284&#038;height=642\" width=\"350\" height=\"642\" style=\"border:none;overflow:hidden\" scrolling=\"no\" frameborder=\"0\" allowfullscreen=\"true\" allow=\"autoplay; clipboard-write; encrypted-media; picture-in-picture; web-share\"><\/iframe>\n        <\/div>\n    <\/div>\n\n<\/div>\n<div class=\"clearfix\"><\/div>\n\n\n\n<div style=\"height:60px\" aria-hidden=\"true\" class=\"wp-block-spacer\"><\/div>\n","protected":false},"excerpt":{"rendered":"<p>Vizite \u00een \u015fcoli Vizite \u00een INCDTIM Noaptea cercet\u0103torilor Concursuri Feedback Stimat\u0103 echip\u0103 de cercet\u0103tori de la INCDTIM, V\u0103 scriu acest e-mail pentru a v\u0103 mul\u021bumi pentru felul \u00een care a\u021bi ales s\u0103-i primi\u021bi pe elevii \u0219colii noastre \u00een cadrul institutului dvs., \u00een data de 23 octombrie a.c., \u0219i s\u0103 le ar\u0103ta\u021bi pu\u021bin din experimentele fascinante [&hellip;]<\/p>\n","protected":false},"author":1,"featured_media":0,"parent":0,"menu_order":0,"comment_status":"closed","ping_status":"closed","template":"","meta":{"footnotes":""},"class_list":["post-83","page","type-page","status-publish","hentry"],"_links":{"self":[{"href":"https:\/\/www.itim-cj.ro\/pncdi\/edutim\/index.php?rest_route=\/wp\/v2\/pages\/83","targetHints":{"allow":["GET"]}}],"collection":[{"href":"https:\/\/www.itim-cj.ro\/pncdi\/edutim\/index.php?rest_route=\/wp\/v2\/pages"}],"about":[{"href":"https:\/\/www.itim-cj.ro\/pncdi\/edutim\/index.php?rest_route=\/wp\/v2\/types\/page"}],"author":[{"embeddable":true,"href":"https:\/\/www.itim-cj.ro\/pncdi\/edutim\/index.php?rest_route=\/wp\/v2\/users\/1"}],"replies":[{"embeddable":true,"href":"https:\/\/www.itim-cj.ro\/pncdi\/edutim\/index.php?rest_route=%2Fwp%2Fv2%2Fcomments&post=83"}],"version-history":[{"count":20,"href":"https:\/\/www.itim-cj.ro\/pncdi\/edutim\/index.php?rest_route=\/wp\/v2\/pages\/83\/revisions"}],"predecessor-version":[{"id":501,"href":"https:\/\/www.itim-cj.ro\/pncdi\/edutim\/index.php?rest_route=\/wp\/v2\/pages\/83\/revisions\/501"}],"wp:attachment":[{"href":"https:\/\/www.itim-cj.ro\/pncdi\/edutim\/index.php?rest_route=%2Fwp%2Fv2%2Fmedia&parent=83"}],"curies":[{"name":"wp","href":"https:\/\/api.w.org\/{rel}","templated":true}]}}