{"id":118,"date":"2023-03-13T08:11:40","date_gmt":"2023-03-13T08:11:40","guid":{"rendered":"https:\/\/www.itim-cj.ro\/poc\/clouditim\/?page_id=118"},"modified":"2023-03-13T08:11:42","modified_gmt":"2023-03-13T08:11:42","slug":"results","status":"publish","type":"page","link":"https:\/\/www.itim-cj.ro\/poc\/clouditim\/results\/","title":{"rendered":"Results"},"content":{"rendered":"<p>[et_pb_section fb_built=&#8221;1&#8243; _builder_version=&#8221;4.20.2&#8243; _module_preset=&#8221;default&#8221; background_image=&#8221;https:\/\/www.itim-cj.ro\/poc\/clouditim\/wp-content\/uploads\/2023\/03\/Artboard-1.png&#8221; custom_padding=&#8221;10px||2px||false|false&#8221; global_colors_info=&#8221;{}&#8221; theme_builder_area=&#8221;post_content&#8221;][et_pb_row _builder_version=&#8221;4.20.2&#8243; _module_preset=&#8221;default&#8221; global_colors_info=&#8221;{}&#8221; theme_builder_area=&#8221;post_content&#8221;][et_pb_column type=&#8221;4_4&#8243; _builder_version=&#8221;4.20.2&#8243; _module_preset=&#8221;default&#8221; global_colors_info=&#8221;{}&#8221; theme_builder_area=&#8221;post_content&#8221;][et_pb_text _builder_version=&#8221;4.20.2&#8243; _module_preset=&#8221;default&#8221; header_font=&#8221;Roboto|500|||||||&#8221; header_text_color=&#8221;#FFFFFF&#8221; header_font_size=&#8221;46px&#8221; header_line_height=&#8221;2em&#8221; header_2_font=&#8221;Roboto||||||||&#8221; header_2_text_color=&#8221;#FFFFFF&#8221; header_2_line_height=&#8221;1.8em&#8221; hover_enabled=&#8221;0&#8243; global_colors_info=&#8221;{}&#8221; theme_builder_area=&#8221;post_content&#8221; sticky_enabled=&#8221;0&#8243;]<\/p>\n<h2 style=\"text-align: left;\">Development of the INCDTIM DATA CENTER for the realization of a CLOUD platform, integrated in European CDI networks<\/h2>\n<h1>RESULTS<\/h1>\n<p>[\/et_pb_text][\/et_pb_column][\/et_pb_row][\/et_pb_section][et_pb_section fb_built=&#8221;1&#8243; _builder_version=&#8221;4.20.2&#8243; _module_preset=&#8221;default&#8221; global_colors_info=&#8221;{}&#8221; theme_builder_area=&#8221;post_content&#8221;][et_pb_row _builder_version=&#8221;4.20.2&#8243; _module_preset=&#8221;default&#8221; custom_padding=&#8221;||0px|||&#8221; global_colors_info=&#8221;{}&#8221; theme_builder_area=&#8221;post_content&#8221;][et_pb_column type=&#8221;4_4&#8243; _builder_version=&#8221;4.20.2&#8243; _module_preset=&#8221;default&#8221; global_colors_info=&#8221;{}&#8221; theme_builder_area=&#8221;post_content&#8221;][et_pb_text _builder_version=&#8221;4.20.2&#8243; _module_preset=&#8221;default&#8221; text_font_size=&#8221;16px&#8221; text_line_height=&#8221;2em&#8221; header_3_font=&#8221;Roboto||||||||&#8221; header_3_line_height=&#8221;1.8em&#8221; header_4_line_height=&#8221;1.8em&#8221; hover_enabled=&#8221;0&#8243; global_colors_info=&#8221;{}&#8221; theme_builder_area=&#8221;post_content&#8221; sticky_enabled=&#8221;0&#8243;]<\/p>\n<p>To achieve the objectives of the project, a high-performance computing system has been purchased through an open tender procedure, on which INCDTIM&#8217;s CLOUD platform will be built.<\/p>\n<p>The purchased computing system is based on modular servers installed in 4 dedicated Cisco UCS 9508 chassis, which provide a unique structure for powering, ventilating and connecting the servers to INCDTIM&#8217;s computing infrastructure, thus providing 23 standard Cisco UCS 210c modular servers for the computing structure and 4 servers for controlling the Cloud platform, model Cisco UCS 210c.<\/p>\n<p>In addition, 2 Cisco UCS C240 rack-mountable servers for graphics accelerator-assisted data processing, each equipped with 3 NVIDIA A100 Tensor Core GPU cards with 40GB HBM2 and 1 Cisco UCS C240 rack-mountable server for FPGA accelerator-assisted processing, equipped with a Xilinx Alveo U250 card, were purchased.<\/p>\n<p>Each modular or rack-mountable server is equipped with 2 Xeon Gold 6326 16 Core \/ 2.9GHz processors, minimum 128GB RAM and minimum 1TB SSD storage.<\/p>\n<p>The computing system also includes a 120 TB RAW storage module, consisting of 3 identical Cisco UCS C240 storage nodes.<\/p>\n<p>All elements of the computing system are connected internally via 2 network devices providing connection at speeds of 10\/25\/40\/100 Gbps, and connection to the INCDTIM infrastructure and to the national and international CLOUD platforms for CDI is via 2 network devices providing connection at speeds of up to 100 Gbps.<\/p>\n<p>The entire computing system has a single management platform that ensures centralised and unified maintenance and configuration of all equipment.<\/p>\n<p>[\/et_pb_text][\/et_pb_column][\/et_pb_row][et_pb_row _builder_version=&#8221;4.20.2&#8243; _module_preset=&#8221;default&#8221; global_colors_info=&#8221;{}&#8221; theme_builder_area=&#8221;post_content&#8221;][et_pb_column type=&#8221;4_4&#8243; _builder_version=&#8221;4.20.2&#8243; _module_preset=&#8221;default&#8221; global_colors_info=&#8221;{}&#8221; theme_builder_area=&#8221;post_content&#8221;][et_pb_gallery gallery_ids=&#8221;60,63,65,61,64,62&#8243; _builder_version=&#8221;4.20.2&#8243; _module_preset=&#8221;default&#8221; global_colors_info=&#8221;{}&#8221; theme_builder_area=&#8221;post_content&#8221;][\/et_pb_gallery][\/et_pb_column][\/et_pb_row][\/et_pb_section][et_pb_section fb_built=&#8221;1&#8243; _builder_version=&#8221;4.20.2&#8243; _module_preset=&#8221;default&#8221; use_background_color_gradient=&#8221;on&#8221; background_image=&#8221;https:\/\/www.itim-cj.ro\/poc\/clouditim\/wp-content\/uploads\/2023\/03\/Artboard-1-1280&#215;251-1.png&#8221; custom_padding=&#8221;2px||2px||false|false&#8221; global_colors_info=&#8221;{}&#8221; theme_builder_area=&#8221;post_content&#8221;][et_pb_row _builder_version=&#8221;4.20.2&#8243; _module_preset=&#8221;default&#8221; global_colors_info=&#8221;{}&#8221; theme_builder_area=&#8221;post_content&#8221;][et_pb_column type=&#8221;4_4&#8243; _builder_version=&#8221;4.20.2&#8243; _module_preset=&#8221;default&#8221; global_colors_info=&#8221;{}&#8221; theme_builder_area=&#8221;post_content&#8221;][et_pb_text _builder_version=&#8221;4.20.2&#8243; _module_preset=&#8221;default&#8221; header_5_font=&#8221;Roboto||||||||&#8221; header_5_text_color=&#8221;#FFFFFF&#8221; header_5_line_height=&#8221;2em&#8221; global_colors_info=&#8221;{}&#8221; theme_builder_area=&#8221;post_content&#8221;]<\/p>\n<div class=\"columns\">\n<div class=\"fraza-bottom\" style=\"text-align: center;\">\n<h5>Pentru informa\u021bii detaliate despre celelalte programe cofinan\u021bate de Uniunea European\u0103, v\u0103 invit\u0103m s\u0103 vizita\u021bi <a href=\"https:\/\/www.fonduri-ue.ro\/\" target=\"_blank\" rel=\"noopener\">www.fonduri-ue.ro<\/a><br \/>&#8220;Con\u021binutul acestui material nu reprezin\u021b\u0103 \u00een mod obligatoriu pozi\u021bia oficial\u0103 a Uniunii Europene sau a Guvernului Rom\u00e2niei&#8221;<\/h5>\n<\/div>\n<\/div>\n<p>[\/et_pb_text][\/et_pb_column][\/et_pb_row][\/et_pb_section]<\/p>\n","protected":false},"excerpt":{"rendered":"<p>Development of the INCDTIM DATA CENTER for the realization of a CLOUD platform, integrated in European CDI networks RESULTSTo achieve the objectives of the project, a high-performance computing system has been purchased through an open tender procedure, on which INCDTIM&#8217;s CLOUD platform will be built. The purchased computing system is based on modular servers installed [&hellip;]<\/p>\n","protected":false},"author":1,"featured_media":0,"parent":0,"menu_order":0,"comment_status":"closed","ping_status":"closed","template":"","meta":{"_et_pb_use_builder":"on","_et_pb_old_content":"","_et_gb_content_width":"","footnotes":""},"class_list":["post-118","page","type-page","status-publish","hentry"],"_links":{"self":[{"href":"https:\/\/www.itim-cj.ro\/poc\/clouditim\/wp-json\/wp\/v2\/pages\/118","targetHints":{"allow":["GET"]}}],"collection":[{"href":"https:\/\/www.itim-cj.ro\/poc\/clouditim\/wp-json\/wp\/v2\/pages"}],"about":[{"href":"https:\/\/www.itim-cj.ro\/poc\/clouditim\/wp-json\/wp\/v2\/types\/page"}],"author":[{"embeddable":true,"href":"https:\/\/www.itim-cj.ro\/poc\/clouditim\/wp-json\/wp\/v2\/users\/1"}],"replies":[{"embeddable":true,"href":"https:\/\/www.itim-cj.ro\/poc\/clouditim\/wp-json\/wp\/v2\/comments?post=118"}],"version-history":[{"count":2,"href":"https:\/\/www.itim-cj.ro\/poc\/clouditim\/wp-json\/wp\/v2\/pages\/118\/revisions"}],"predecessor-version":[{"id":121,"href":"https:\/\/www.itim-cj.ro\/poc\/clouditim\/wp-json\/wp\/v2\/pages\/118\/revisions\/121"}],"wp:attachment":[{"href":"https:\/\/www.itim-cj.ro\/poc\/clouditim\/wp-json\/wp\/v2\/media?parent=118"}],"curies":[{"name":"wp","href":"https:\/\/api.w.org\/{rel}","templated":true}]}}