{"id":12,"date":"2023-03-09T12:27:28","date_gmt":"2023-03-09T12:27:28","guid":{"rendered":"https:\/\/www.itim-cj.ro\/poc\/clouditim\/?page_id=12"},"modified":"2025-10-28T08:58:08","modified_gmt":"2025-10-28T08:58:08","slug":"acasa","status":"publish","type":"page","link":"https:\/\/www.itim-cj.ro\/poc\/clouditim\/ro\/acasa\/","title":{"rendered":"Acasa"},"content":{"rendered":"<p>[et_pb_section fb_built=&#8221;1&#8243; _builder_version=&#8221;4.27.4&#8243; _module_preset=&#8221;default&#8221; custom_margin=&#8221;0px||0px||false|false&#8221; custom_padding=&#8221;0px||0px||false|false&#8221; global_colors_info=&#8221;{}&#8221;][et_pb_row column_structure=&#8221;1_5,3_5,1_5&#8243; _builder_version=&#8221;4.27.4&#8243; _module_preset=&#8221;default&#8221; custom_padding=&#8221;3px||3px||false|false&#8221; global_colors_info=&#8221;{}&#8221;][et_pb_column type=&#8221;1_5&#8243; _builder_version=&#8221;4.27.4&#8243; _module_preset=&#8221;default&#8221; global_colors_info=&#8221;{}&#8221;][\/et_pb_column][et_pb_column type=&#8221;3_5&#8243; _builder_version=&#8221;4.27.4&#8243; _module_preset=&#8221;default&#8221; global_colors_info=&#8221;{}&#8221;][et_pb_text _builder_version=&#8221;4.27.4&#8243; _module_preset=&#8221;default&#8221; text_font=&#8221;|700|||||||&#8221; text_font_size=&#8221;18px&#8221; header_text_align=&#8221;right&#8221; custom_padding=&#8221;15px||||false|false&#8221; hover_enabled=&#8221;0&#8243; global_colors_info=&#8221;{}&#8221; sticky_enabled=&#8221;0&#8243;]<\/p>\n<p style=\"text-align: right;\"><a href=\"https:\/\/www.itim-cj.ro\/poc\/clouditim\/wp-content\/uploads\/2025\/06\/Cerere-resurse-CLOUD.doc\">Cerere resurse CLOUD<\/a>\u00a0 \u00a0<a href=\"https:\/\/www.itim-cj.ro\/poc\/clouditim\/wp-content\/uploads\/2025\/10\/INCDTIM-Site-terms.pdf\" target=\"_blank\" rel=\"noopener\">Termene<\/a>\u00a0 <span style=\"color: #3366ff;\"><strong><a href=\"https:\/\/www.itim-cj.ro\/poc\/clouditim\/wp-content\/uploads\/2025\/10\/NIRDIMT-Privacy-Policy.pdf\" target=\"_blank\" rel=\"noopener\" style=\"color: #3366ff;\">Privacy Policy<\/a><\/strong><\/span><\/p>\n<p>[\/et_pb_text][\/et_pb_column][et_pb_column type=&#8221;1_5&#8243; _builder_version=&#8221;4.27.4&#8243; _module_preset=&#8221;default&#8221; global_colors_info=&#8221;{}&#8221;][et_pb_button button_url=&#8221;http:\/\/cim.itim-cj.ro\/horizon\/auth\/login\/?next=\/horizon\/&#8221; url_new_window=&#8221;on&#8221; button_text=&#8221;Login la CLOUD&#8221; button_alignment=&#8221;right&#8221; _builder_version=&#8221;4.27.4&#8243; _module_preset=&#8221;default&#8221; custom_button=&#8221;on&#8221; button_text_size=&#8221;18px&#8221; button_font=&#8221;|700||||on|||&#8221; custom_margin=&#8221;|||-27px||&#8221; global_colors_info=&#8221;{}&#8221;][\/et_pb_button][\/et_pb_column][\/et_pb_row][\/et_pb_section][et_pb_section fb_built=&#8221;1&#8243; _builder_version=&#8221;4.20.2&#8243; _module_preset=&#8221;default&#8221; background_image=&#8221;https:\/\/www.itim-cj.ro\/poc\/clouditim\/wp-content\/uploads\/2023\/03\/Artboard-1.png&#8221; global_colors_info=&#8221;{}&#8221;][et_pb_row _builder_version=&#8221;4.20.2&#8243; _module_preset=&#8221;default&#8221; global_colors_info=&#8221;{}&#8221;][et_pb_column type=&#8221;4_4&#8243; _builder_version=&#8221;4.20.2&#8243; _module_preset=&#8221;default&#8221; global_colors_info=&#8221;{}&#8221;][et_pb_text _builder_version=&#8221;4.20.2&#8243; _module_preset=&#8221;default&#8221; header_font=&#8221;Roboto|500|||||||&#8221; header_text_color=&#8221;#FFFFFF&#8221; header_font_size=&#8221;46px&#8221; header_line_height=&#8221;2em&#8221; global_colors_info=&#8221;{}&#8221;]<\/p>\n<h1 style=\"text-align: center;\">Dezvoltarea CENTRULUI de DATE din cadrul INCDTIM pentru realizarea unei platforme CLOUD, integrat\u0103 \u00een re\u021bele europene de CDI<\/h1>\n<p>[\/et_pb_text][\/et_pb_column][\/et_pb_row][\/et_pb_section][et_pb_section fb_built=&#8221;1&#8243; _builder_version=&#8221;4.20.2&#8243; _module_preset=&#8221;default&#8221; global_colors_info=&#8221;{}&#8221;][et_pb_row _builder_version=&#8221;4.20.2&#8243; _module_preset=&#8221;default&#8221; global_colors_info=&#8221;{}&#8221;][et_pb_column type=&#8221;4_4&#8243; _builder_version=&#8221;4.20.2&#8243; _module_preset=&#8221;default&#8221; global_colors_info=&#8221;{}&#8221;][et_pb_text _builder_version=&#8221;4.20.2&#8243; _module_preset=&#8221;default&#8221; text_font_size=&#8221;16px&#8221; text_line_height=&#8221;1.9em&#8221; header_3_font=&#8221;Roboto||||||||&#8221; header_3_line_height=&#8221;1.8em&#8221; global_colors_info=&#8221;{}&#8221;]<\/p>\n<h3><strong><span style=\"font-weight: bold;\">TITLU: <\/span><\/strong><strong>Dezvoltarea CENTRULUI de DATE din cadrul INCDTIM pentru realizarea unei platforme CLOUD, integrat\u0103 \u00een re\u021bele europene de CDI<\/strong><\/h3>\n<p><strong><span style=\"font-weight: bold;\">PERIOAD\u0102:<\/span> 8 septembrie 2021 &#8211; 31 august 2023<br \/><span style=\"font-weight: bold;\">COD SMIS:<\/span> 2014+: 124698<br \/><span style=\"font-weight: bold;\">CONTRACT NR.: 348\/390024\/08.09.2021<\/span><\/strong><\/p>\n<p>Proiectul este cofinan\u021bat din <strong>Fondul European de Dezvoltare Regional\u0103 (FEDR) prin Programul Opera\u021bional Competitivitate (POC) 2014-2020<\/strong>, Axa prioritar\u0103 1: Cercetare, dezvoltare tehnologic\u0103 \u0219i inovare (CDI) \u00een sprijinul competitivit\u0103\u021bii economice \u0219i dezvolt\u0103rii afacerilor, Ac\u021biunea 1.1.2.: Dezvoltarea unor re\u021bele de CD, coordonate la nivel na\u021bional \u0219i racordate la re\u021bele europene \u0219i interna\u021bionale de profil \u0219i asigurarea accesului cercet\u0103torilor la publica\u021bii \u0219tiin\u021bifice \u0219i baze de date europene \u0219i interna\u021bionale \u00een baza contractului de finan\u021bare nr. 348\/390024\/08.09.2021 \u00eencheiat cu <strong>Ministerul Cercet\u0103rii, Inov\u0103rii \u0219i Digitaliz\u0103rii<\/strong>, \u00een calitate de Organism Intermediar pentru POC.<\/p>\n<p><strong>Valoarea total\u0103 a proiectului este de 4.187.199 lei<\/strong>, din care 4.162.685 lei reprezint\u0103 asisten\u021ba financiar\u0103 nerambursabil\u0103: 3.538.282,25 lei contribu\u021bia Uniunii Europene prin FEDR \u0219i 624.402,75 lei contribu\u021bia Guvernului Rom\u00e2niei prin bugetul na\u021bional.<\/p>\n<p><strong>Proiectul se implementeaz\u0103<\/strong> \u00een cadrul DATACENTER la INCDTIM Cluj-Napoca, Str. Donat 67-103<\/p>\n<p>Date de contact: <strong>Dr. ing. Felix F\u0103rca\u0219<\/strong>, <em>coordonator proiect<\/em><br \/>INCDTIM, Str. Donat 67-103, 400293 Cluj-Napoca, Tel. 0264 584 037<\/p>\n<p>[\/et_pb_text][\/et_pb_column][\/et_pb_row][\/et_pb_section][et_pb_section fb_built=&#8221;1&#8243; _builder_version=&#8221;4.20.2&#8243; _module_preset=&#8221;default&#8221; use_background_color_gradient=&#8221;on&#8221; background_image=&#8221;https:\/\/www.itim-cj.ro\/poc\/clouditim\/wp-content\/uploads\/2023\/03\/Artboard-1-1280&#215;251-1.png&#8221; custom_padding=&#8221;2px||2px||false|false&#8221; global_colors_info=&#8221;{}&#8221;][et_pb_row _builder_version=&#8221;4.20.2&#8243; _module_preset=&#8221;default&#8221; global_colors_info=&#8221;{}&#8221;][et_pb_column type=&#8221;4_4&#8243; _builder_version=&#8221;4.20.2&#8243; _module_preset=&#8221;default&#8221; global_colors_info=&#8221;{}&#8221;][et_pb_text _builder_version=&#8221;4.20.2&#8243; _module_preset=&#8221;default&#8221; header_5_font=&#8221;Roboto||||||||&#8221; header_5_text_color=&#8221;#FFFFFF&#8221; header_5_line_height=&#8221;2em&#8221; global_colors_info=&#8221;{}&#8221;]<\/p>\n<div class=\"columns\">\n<div class=\"fraza-bottom\" style=\"text-align: center;\">\n<h5>Pentru informa\u021bii detaliate despre celelalte programe cofinan\u021bate de Uniunea European\u0103, v\u0103 invit\u0103m s\u0103 vizita\u021bi <a href=\"https:\/\/www.fonduri-ue.ro\/\" target=\"_blank\" rel=\"noopener\">www.fonduri-ue.ro<\/a><br \/>&#8220;Con\u021binutul acestui material nu reprezin\u021b\u0103 \u00een mod obligatoriu pozi\u021bia oficial\u0103 a Uniunii Europene sau a Guvernului Rom\u00e2niei&#8221;<\/h5>\n<\/div>\n<\/div>\n<p>[\/et_pb_text][\/et_pb_column][\/et_pb_row][\/et_pb_section]<\/p>\n","protected":false},"excerpt":{"rendered":"<p>Cerere resurse CLOUD\u00a0 \u00a0Termene\u00a0 Privacy PolicyDezvoltarea CENTRULUI de DATE din cadrul INCDTIM pentru realizarea unei platforme CLOUD, integrat\u0103 \u00een re\u021bele europene de CDITITLU: Dezvoltarea CENTRULUI de DATE din cadrul INCDTIM pentru realizarea unei platforme CLOUD, integrat\u0103 \u00een re\u021bele europene de CDI PERIOAD\u0102: 8 septembrie 2021 &#8211; 31 august 2023COD SMIS: 2014+: 124698CONTRACT NR.: 348\/390024\/08.09.2021 Proiectul [&hellip;]<\/p>\n","protected":false},"author":1,"featured_media":0,"parent":0,"menu_order":0,"comment_status":"closed","ping_status":"closed","template":"","meta":{"_et_pb_use_builder":"on","_et_pb_old_content":"","_et_gb_content_width":"","footnotes":""},"class_list":["post-12","page","type-page","status-publish","hentry"],"_links":{"self":[{"href":"https:\/\/www.itim-cj.ro\/poc\/clouditim\/wp-json\/wp\/v2\/pages\/12","targetHints":{"allow":["GET"]}}],"collection":[{"href":"https:\/\/www.itim-cj.ro\/poc\/clouditim\/wp-json\/wp\/v2\/pages"}],"about":[{"href":"https:\/\/www.itim-cj.ro\/poc\/clouditim\/wp-json\/wp\/v2\/types\/page"}],"author":[{"embeddable":true,"href":"https:\/\/www.itim-cj.ro\/poc\/clouditim\/wp-json\/wp\/v2\/users\/1"}],"replies":[{"embeddable":true,"href":"https:\/\/www.itim-cj.ro\/poc\/clouditim\/wp-json\/wp\/v2\/comments?post=12"}],"version-history":[{"count":9,"href":"https:\/\/www.itim-cj.ro\/poc\/clouditim\/wp-json\/wp\/v2\/pages\/12\/revisions"}],"predecessor-version":[{"id":192,"href":"https:\/\/www.itim-cj.ro\/poc\/clouditim\/wp-json\/wp\/v2\/pages\/12\/revisions\/192"}],"wp:attachment":[{"href":"https:\/\/www.itim-cj.ro\/poc\/clouditim\/wp-json\/wp\/v2\/media?parent=12"}],"curies":[{"name":"wp","href":"https:\/\/api.w.org\/{rel}","templated":true}]}}