{"id":122,"date":"2023-03-13T08:14:19","date_gmt":"2023-03-13T08:14:19","guid":{"rendered":"https:\/\/www.itim-cj.ro\/poc\/clouditim\/?page_id=122"},"modified":"2023-10-23T12:30:40","modified_gmt":"2023-10-23T12:30:40","slug":"media-2","status":"publish","type":"page","link":"https:\/\/www.itim-cj.ro\/poc\/clouditim\/media-2\/","title":{"rendered":"Media"},"content":{"rendered":"<p>[et_pb_section fb_built=&#8221;1&#8243; _builder_version=&#8221;4.20.2&#8243; _module_preset=&#8221;default&#8221; background_image=&#8221;https:\/\/www.itim-cj.ro\/poc\/clouditim\/wp-content\/uploads\/2023\/03\/Artboard-1.png&#8221; custom_padding=&#8221;10px||2px||false|false&#8221; global_colors_info=&#8221;{}&#8221;][et_pb_row _builder_version=&#8221;4.20.2&#8243; _module_preset=&#8221;default&#8221; global_colors_info=&#8221;{}&#8221;][et_pb_column type=&#8221;4_4&#8243; _builder_version=&#8221;4.20.2&#8243; _module_preset=&#8221;default&#8221; global_colors_info=&#8221;{}&#8221;][et_pb_text _builder_version=&#8221;4.20.2&#8243; _module_preset=&#8221;default&#8221; header_font=&#8221;Roboto|500|||||||&#8221; header_text_color=&#8221;#FFFFFF&#8221; header_font_size=&#8221;46px&#8221; header_line_height=&#8221;2em&#8221; header_2_font=&#8221;Roboto||||||||&#8221; header_2_text_color=&#8221;#FFFFFF&#8221; header_2_line_height=&#8221;1.8em&#8221; global_colors_info=&#8221;{}&#8221;]<\/p>\n<h2 style=\"text-align: left;\">Development of the INCDTIM DATA CENTER for the realization of a CLOUD platform, integrated in European CDI networks<\/h2>\n<h1>MEDIA<\/h1>\n<p>[\/et_pb_text][\/et_pb_column][\/et_pb_row][\/et_pb_section][et_pb_section fb_built=&#8221;1&#8243; _builder_version=&#8221;4.20.2&#8243; _module_preset=&#8221;default&#8221; global_colors_info=&#8221;{}&#8221;][et_pb_row column_structure=&#8221;1_2,1_2&#8243; _builder_version=&#8221;4.20.2&#8243; _module_preset=&#8221;default&#8221; global_colors_info=&#8221;{}&#8221;][et_pb_column type=&#8221;1_2&#8243; _builder_version=&#8221;4.20.2&#8243; _module_preset=&#8221;default&#8221; global_colors_info=&#8221;{}&#8221;][et_pb_text _builder_version=&#8221;4.21.0&#8243; _module_preset=&#8221;default&#8221; global_colors_info=&#8221;{}&#8221;]<\/p>\n<h3><span style=\"text-decoration: underline;\"><a href=\"https:\/\/www.itim-cj.ro\/poc\/clouditim\/wp-content\/uploads\/2023\/03\/Comunicat-de-Presa-Incepere-Proiect.pdf\">Press release &#8211; project launch<\/a><\/span><\/h3>\n<h3><a href=\"https:\/\/www.itim-cj.ro\/poc\/clouditim\/wp-content\/uploads\/2023\/09\/Comunicat_de_Presa_incheiere-proiect.pdf\" target=\"_blank\" rel=\"noopener\"><span style=\"text-decoration: underline;\">Press release &#8211; project finalisation<\/span><\/a><\/h3>\n<p>[\/et_pb_text][et_pb_image src=&#8221;https:\/\/www.itim-cj.ro\/poc\/clouditim\/wp-content\/uploads\/2023\/03\/Artboard-600.png&#8221; title_text=&#8221;Artboard-600&#8243; _builder_version=&#8221;4.20.2&#8243; _module_preset=&#8221;default&#8221; global_colors_info=&#8221;{}&#8221;][\/et_pb_image][\/et_pb_column][et_pb_column type=&#8221;1_2&#8243; _builder_version=&#8221;4.20.2&#8243; _module_preset=&#8221;default&#8221; global_colors_info=&#8221;{}&#8221;][et_pb_text _builder_version=&#8221;4.20.2&#8243; _module_preset=&#8221;default&#8221; global_colors_info=&#8221;{}&#8221;]<\/p>\n<h3>Temporary panel<\/h3>\n<p>[\/et_pb_text][et_pb_image src=&#8221;https:\/\/www.itim-cj.ro\/poc\/clouditim\/wp-content\/uploads\/2023\/03\/panou-temporar.jpg&#8221; title_text=&#8221;panou-temporar&#8221; _builder_version=&#8221;4.20.2&#8243; _module_preset=&#8221;default&#8221; global_colors_info=&#8221;{}&#8221;][\/et_pb_image][\/et_pb_column][\/et_pb_row][et_pb_row _builder_version=&#8221;4.20.2&#8243; _module_preset=&#8221;default&#8221; global_colors_info=&#8221;{}&#8221;][et_pb_column type=&#8221;4_4&#8243; _builder_version=&#8221;4.20.2&#8243; _module_preset=&#8221;default&#8221; global_colors_info=&#8221;{}&#8221;][et_pb_text _builder_version=&#8221;4.20.2&#8243; _module_preset=&#8221;default&#8221; text_font_size=&#8221;20px&#8221; global_colors_info=&#8221;{}&#8221;]<a href=\"https:\/\/www.itim-cj.ro\/poc\/clouditim\/wp-content\/uploads\/2023\/03\/Prezentare-proiect-CloudITIM.pdf\">Project presentation seminar &#8211; January 2021<\/a>[\/et_pb_text][\/et_pb_column][\/et_pb_row][et_pb_row column_structure=&#8221;1_3,1_3,1_3&#8243; _builder_version=&#8221;4.20.2&#8243; _module_preset=&#8221;default&#8221; global_colors_info=&#8221;{}&#8221;][et_pb_column type=&#8221;1_3&#8243; _builder_version=&#8221;4.20.2&#8243; _module_preset=&#8221;default&#8221; global_colors_info=&#8221;{}&#8221;][et_pb_text _builder_version=&#8221;4.20.2&#8243; _module_preset=&#8221;default&#8221; global_colors_info=&#8221;{}&#8221;]<\/p>\n<h3>Roll-up<\/h3>\n<p>[\/et_pb_text][et_pb_image src=&#8221;https:\/\/www.itim-cj.ro\/poc\/clouditim\/wp-content\/uploads\/2023\/03\/roll-up-poza-finala.jpg&#8221; title_text=&#8221;roll-up poza finala&#8221; _builder_version=&#8221;4.20.2&#8243; _module_preset=&#8221;default&#8221; height=&#8221;60%&#8221; max_height=&#8221;600px&#8221; global_colors_info=&#8221;{}&#8221;][\/et_pb_image][\/et_pb_column][et_pb_column type=&#8221;1_3&#8243; _builder_version=&#8221;4.20.2&#8243; _module_preset=&#8221;default&#8221; global_colors_info=&#8221;{}&#8221;][et_pb_text _builder_version=&#8221;4.20.2&#8243; _module_preset=&#8221;default&#8221; custom_padding=&#8221;||5px|||&#8221; global_colors_info=&#8221;{}&#8221;]<\/p>\n<h3>Display<\/h3>\n<p>[\/et_pb_text][et_pb_image src=&#8221;https:\/\/www.itim-cj.ro\/poc\/clouditim\/wp-content\/uploads\/2023\/06\/afis-usa-datacenter.jpg&#8221; title_text=&#8221;afis usa datacenter&#8221; _builder_version=&#8221;4.20.2&#8243; _module_preset=&#8221;default&#8221; height=&#8221;60%&#8221; max_height=&#8221;600px&#8221; global_colors_info=&#8221;{}&#8221;][\/et_pb_image][\/et_pb_column][et_pb_column type=&#8221;1_3&#8243; _builder_version=&#8221;4.20.2&#8243; _module_preset=&#8221;default&#8221; global_colors_info=&#8221;{}&#8221;][et_pb_image src=&#8221;https:\/\/www.itim-cj.ro\/poc\/clouditim\/wp-content\/uploads\/2023\/06\/afis-usa-cladire.jpg&#8221; title_text=&#8221;afis usa cladire&#8221; _builder_version=&#8221;4.20.2&#8243; _module_preset=&#8221;default&#8221; height=&#8221;60%&#8221; max_height=&#8221;600px&#8221; custom_margin=&#8221;70px||||false|false&#8221; global_colors_info=&#8221;{}&#8221;][\/et_pb_image][\/et_pb_column][\/et_pb_row][et_pb_row column_structure=&#8221;1_3,1_3,1_3&#8243; _builder_version=&#8221;4.20.2&#8243; _module_preset=&#8221;default&#8221; global_colors_info=&#8221;{}&#8221;][et_pb_column type=&#8221;1_3&#8243; _builder_version=&#8221;4.20.2&#8243; _module_preset=&#8221;default&#8221; global_colors_info=&#8221;{}&#8221;][et_pb_text _builder_version=&#8221;4.21.0&#8243; _module_preset=&#8221;default&#8221; global_colors_info=&#8221;{}&#8221;]<\/p>\n<h3>Flyer<\/h3>\n<p>[\/et_pb_text][et_pb_image src=&#8221;https:\/\/www.itim-cj.ro\/poc\/clouditim\/wp-content\/uploads\/2023\/09\/pliante-ClouITIM.jpg&#8221; title_text=&#8221;pliante ClouITIM&#8221; _builder_version=&#8221;4.21.0&#8243; _module_preset=&#8221;default&#8221; height=&#8221;60%&#8221; max_height=&#8221;600px&#8221; global_colors_info=&#8221;{}&#8221;][\/et_pb_image][\/et_pb_column][et_pb_column type=&#8221;1_3&#8243; _builder_version=&#8221;4.20.2&#8243; _module_preset=&#8221;default&#8221; global_colors_info=&#8221;{}&#8221;][et_pb_text _builder_version=&#8221;4.21.0&#8243; _module_preset=&#8221;default&#8221; custom_padding=&#8221;||5px|||&#8221; global_colors_info=&#8221;{}&#8221;]<\/p>\n<h3>Project presentation brochure<\/h3>\n<p>[\/et_pb_text][et_pb_image src=&#8221;https:\/\/www.itim-cj.ro\/poc\/clouditim\/wp-content\/uploads\/2023\/09\/brosura-prezentare-proiect-ClouITIM.jpg&#8221; title_text=&#8221;brosura prezentare proiect ClouITIM&#8221; _builder_version=&#8221;4.21.0&#8243; _module_preset=&#8221;default&#8221; height=&#8221;60%&#8221; max_height=&#8221;600px&#8221; hover_enabled=&#8221;0&#8243; global_colors_info=&#8221;{}&#8221; sticky_enabled=&#8221;0&#8243;][\/et_pb_image][\/et_pb_column][et_pb_column _builder_version=&#8221;4.21.0&#8243; _module_preset=&#8221;default&#8221; type=&#8221;1_3&#8243;][et_pb_text _builder_version=&#8221;4.21.0&#8243; _module_preset=&#8221;default&#8221; custom_padding=&#8221;||5px|||&#8221; global_colors_info=&#8221;{}&#8221;]<\/p>\n<h3>Project results brochure<\/h3>\n<p>[\/et_pb_text][et_pb_image src=&#8221;https:\/\/www.itim-cj.ro\/poc\/clouditim\/wp-content\/uploads\/2023\/10\/Brosura-rezultate-CloudITIM.jpg&#8221; title_text=&#8221;Brosura rezultate CloudITIM&#8221; _builder_version=&#8221;4.21.0&#8243; _module_preset=&#8221;default&#8221; height=&#8221;60%&#8221; max_height=&#8221;600px&#8221; hover_enabled=&#8221;0&#8243; global_colors_info=&#8221;{}&#8221; sticky_enabled=&#8221;0&#8243;][\/et_pb_image][\/et_pb_column][\/et_pb_row][\/et_pb_section][et_pb_section fb_built=&#8221;1&#8243; _builder_version=&#8221;4.20.2&#8243; _module_preset=&#8221;default&#8221; use_background_color_gradient=&#8221;on&#8221; background_image=&#8221;https:\/\/www.itim-cj.ro\/poc\/clouditim\/wp-content\/uploads\/2023\/03\/Artboard-1-1280&#215;251-1.png&#8221; custom_padding=&#8221;2px||2px||false|false&#8221; global_colors_info=&#8221;{}&#8221;][et_pb_row _builder_version=&#8221;4.20.2&#8243; _module_preset=&#8221;default&#8221; global_colors_info=&#8221;{}&#8221;][et_pb_column type=&#8221;4_4&#8243; _builder_version=&#8221;4.20.2&#8243; _module_preset=&#8221;default&#8221; global_colors_info=&#8221;{}&#8221;][et_pb_text _builder_version=&#8221;4.20.2&#8243; _module_preset=&#8221;default&#8221; header_5_font=&#8221;Roboto||||||||&#8221; header_5_text_color=&#8221;#FFFFFF&#8221; header_5_line_height=&#8221;2em&#8221; global_colors_info=&#8221;{}&#8221;]<\/p>\n<div class=\"columns\">\n<div class=\"fraza-bottom\" style=\"text-align: center;\">\n<h5>Pentru informa\u021bii detaliate despre celelalte programe cofinan\u021bate de Uniunea European\u0103, v\u0103 invit\u0103m s\u0103 vizita\u021bi <a href=\"https:\/\/www.fonduri-ue.ro\/\" target=\"_blank\" rel=\"noopener\">www.fonduri-ue.ro<\/a><br \/>&#8220;Con\u021binutul acestui material nu reprezin\u021b\u0103 \u00een mod obligatoriu pozi\u021bia oficial\u0103 a Uniunii Europene sau a Guvernului Rom\u00e2niei&#8221;<\/h5>\n<\/div>\n<\/div>\n<p>[\/et_pb_text][\/et_pb_column][\/et_pb_row][\/et_pb_section]<\/p>\n","protected":false},"excerpt":{"rendered":"<p>Development of the INCDTIM DATA CENTER for the realization of a CLOUD platform, integrated in European CDI networks MEDIAPress release &#8211; project launch Press release &#8211; project finalisationTemporary panelProject presentation seminar &#8211; January 2021Roll-upDisplayFlyerProject presentation brochureProject results brochure Pentru informa\u021bii detaliate despre celelalte programe cofinan\u021bate de Uniunea European\u0103, v\u0103 invit\u0103m s\u0103 vizita\u021bi www.fonduri-ue.ro&#8221;Con\u021binutul acestui material [&hellip;]<\/p>\n","protected":false},"author":1,"featured_media":0,"parent":0,"menu_order":0,"comment_status":"closed","ping_status":"closed","template":"","meta":{"_et_pb_use_builder":"on","_et_pb_old_content":"","_et_gb_content_width":"","footnotes":""},"class_list":["post-122","page","type-page","status-publish","hentry"],"_links":{"self":[{"href":"https:\/\/www.itim-cj.ro\/poc\/clouditim\/wp-json\/wp\/v2\/pages\/122","targetHints":{"allow":["GET"]}}],"collection":[{"href":"https:\/\/www.itim-cj.ro\/poc\/clouditim\/wp-json\/wp\/v2\/pages"}],"about":[{"href":"https:\/\/www.itim-cj.ro\/poc\/clouditim\/wp-json\/wp\/v2\/types\/page"}],"author":[{"embeddable":true,"href":"https:\/\/www.itim-cj.ro\/poc\/clouditim\/wp-json\/wp\/v2\/users\/1"}],"replies":[{"embeddable":true,"href":"https:\/\/www.itim-cj.ro\/poc\/clouditim\/wp-json\/wp\/v2\/comments?post=122"}],"version-history":[{"count":6,"href":"https:\/\/www.itim-cj.ro\/poc\/clouditim\/wp-json\/wp\/v2\/pages\/122\/revisions"}],"predecessor-version":[{"id":162,"href":"https:\/\/www.itim-cj.ro\/poc\/clouditim\/wp-json\/wp\/v2\/pages\/122\/revisions\/162"}],"wp:attachment":[{"href":"https:\/\/www.itim-cj.ro\/poc\/clouditim\/wp-json\/wp\/v2\/media?parent=122"}],"curies":[{"name":"wp","href":"https:\/\/api.w.org\/{rel}","templated":true}]}}