{"id":26,"date":"2023-03-09T13:08:12","date_gmt":"2023-03-09T13:08:12","guid":{"rendered":"https:\/\/www.itim-cj.ro\/poc\/clouditim\/?page_id=26"},"modified":"2023-03-10T14:03:07","modified_gmt":"2023-03-10T14:03:07","slug":"obiective","status":"publish","type":"page","link":"https:\/\/www.itim-cj.ro\/poc\/clouditim\/ro\/obiective\/","title":{"rendered":"Obiective"},"content":{"rendered":"<p>[et_pb_section fb_built=&#8221;1&#8243; _builder_version=&#8221;4.20.2&#8243; _module_preset=&#8221;default&#8221; background_image=&#8221;https:\/\/www.itim-cj.ro\/poc\/clouditim\/wp-content\/uploads\/2023\/03\/Artboard-1.png&#8221; custom_padding=&#8221;10px||2px||false|false&#8221; global_colors_info=&#8221;{}&#8221;][et_pb_row _builder_version=&#8221;4.20.2&#8243; _module_preset=&#8221;default&#8221; global_colors_info=&#8221;{}&#8221;][et_pb_column type=&#8221;4_4&#8243; _builder_version=&#8221;4.20.2&#8243; _module_preset=&#8221;default&#8221; global_colors_info=&#8221;{}&#8221;][et_pb_text _builder_version=&#8221;4.20.2&#8243; _module_preset=&#8221;default&#8221; header_font=&#8221;Roboto|500|||||||&#8221; header_text_color=&#8221;#FFFFFF&#8221; header_font_size=&#8221;46px&#8221; header_line_height=&#8221;2em&#8221; header_2_font=&#8221;Roboto||||||||&#8221; header_2_text_color=&#8221;#FFFFFF&#8221; header_2_line_height=&#8221;1.8em&#8221; global_colors_info=&#8221;{}&#8221;]<\/p>\n<h2 style=\"text-align: left;\">Dezvoltarea CENTRULUI de DATE din cadrul INCDTIM pentru realizarea unei platforme CLOUD, integrat\u0103 \u00een re\u021bele europene de CDI<\/h2>\n<h1>OBIECTIVE<\/h1>\n<p>[\/et_pb_text][\/et_pb_column][\/et_pb_row][\/et_pb_section][et_pb_section fb_built=&#8221;1&#8243; _builder_version=&#8221;4.20.2&#8243; _module_preset=&#8221;default&#8221; global_colors_info=&#8221;{}&#8221;][et_pb_row _builder_version=&#8221;4.20.2&#8243; _module_preset=&#8221;default&#8221; custom_padding=&#8221;||0px|||&#8221; global_colors_info=&#8221;{}&#8221;][et_pb_column type=&#8221;4_4&#8243; _builder_version=&#8221;4.20.2&#8243; _module_preset=&#8221;default&#8221; global_colors_info=&#8221;{}&#8221;][et_pb_text _builder_version=&#8221;4.20.2&#8243; _module_preset=&#8221;default&#8221; text_font_size=&#8221;16px&#8221; text_line_height=&#8221;2em&#8221; header_3_font=&#8221;Roboto||||||||&#8221; header_3_line_height=&#8221;1.8em&#8221; header_4_line_height=&#8221;1.8em&#8221; global_colors_info=&#8221;{}&#8221;]<\/p>\n<h4><strong>OBIECTIVE GENERALE<\/strong><\/h4>\n<p><strong>O1.<\/strong> Cre\u0219terea capacit\u0103\u021bii de cercetare \u0219i inovare la nivelul INCDTIM prin dezvoltarea Centrului de Date existent \u0219i realizarea unei platforme de tip CLOUD \u00een vederea integr\u0103rii acesteia \u00een re\u021bele europene de specialitate<\/p>\n<p><strong>O2.<\/strong> Cre\u0219terea gradului de implicare a cercet\u0103torilor rom\u00e2ni \u00een re\u021bele interna\u021bionale de cercetare prin cre\u0219terea nivelului de competitivitate \u0219tiin\u021bific\u0103 la nivel na\u021bional \u0219i interna\u021bional<\/p>\n<p><strong>O3.<\/strong> Formarea de speciali\u0219ti \u00een domeniul Cloud Computing \u0219i Infrastructuri Masive de Date<\/p>\n<h4><strong>Obiectivele specifice ale proiectului<\/strong><\/h4>\n<ol>\n<li>Achizi\u021bia unui sistem de calcul performant dedicat realiz\u0103rii platformei de tip CLOUD<\/li>\n<li>Achizi\u021bia unui sistem de detec\u021bie, alarmare \u0219i stingere a incendiilor care s\u0103 \u00eel complecteze pe cel existent \u0219i s\u0103 asigure condi\u021bii de maxim\u0103 siguran\u021b\u0103 \u00een exploatarea Centrului de Date<\/li>\n<li>Proiectarea, testarea \u0219i certificarea unei platforme de tip CLOUD care s\u0103 \u00eenglobeze intregul sistem de calcul achizi\u021bionat \u00een cadrul proiectului \u0219i care va fi dedicat\u0103 \u00een exclusivitate sus\u021binerii activit\u0103\u021bii de cercetare dezvoltare<\/li>\n<li>Crearea unei aplica\u021bii dedicate gestion\u0103rii bazelor mari de date dezvoltat\u0103 pentru a r\u0103spunde nevoilor specifice grupurilor de cercetare din INCDTIM sau a altor beneficiari din mediul de cercetare<\/li>\n<li>Crearea unei interfe\u021be de acces de tip portal Web pentru a facilita accesul utilizatorilor la resurse<\/li>\n<li>Asigurarea de consultan\u021b\u0103 \u0219i asisten\u021b\u0103 tehnic\u0103 \u00een exploatare a resurselor CLOUD pentru beneficiarii platformei adic\u0103 pentru un num\u0103r previzionat de cel pu\u021bin 5 utilizatori interni \u0219i 5 externi pe perioada implement\u0103rii proiectului urm\u00e2nd ca num\u0103rul acestora s\u0103 creasc\u0103 \u00een func\u021bie de disponibilitatea resurselor<\/li>\n<li>Crearea unui loc de munca \u00een cadrul Centrului de Date prin angajarea unui programator specialist care va avea ca atribu\u021bii proiectarea \u021bi implementarea de aplica\u021bii specifice domeniului Cloud Computing<\/li>\n<li>Crearea premiselor pentru aderarea INCDTIM prin platforma CLOUD la ini\u021biativa european\u0103 privind implementarea Cloud-ului European pentru \u0218tiin\u021ba Deschis\u0103 (European Open Science Cloud \u2013 EOSC)<\/li>\n<li>Specializarea a trei persoane din echipa Centrului de Date \u00een tehnologia CLOUD pentru asigurarea func\u021bionalit\u0103\u021bii \u0219i dezvolt\u0103rii a infrastructurii \u00een condi\u021bii de sustenabilitate \u0219i durabilitate<\/li>\n<\/ol>\n<p>[\/et_pb_text][\/et_pb_column][\/et_pb_row][\/et_pb_section][et_pb_section fb_built=&#8221;1&#8243; _builder_version=&#8221;4.20.2&#8243; _module_preset=&#8221;default&#8221; use_background_color_gradient=&#8221;on&#8221; background_image=&#8221;https:\/\/www.itim-cj.ro\/poc\/clouditim\/wp-content\/uploads\/2023\/03\/Artboard-1-1280&#215;251-1.png&#8221; custom_padding=&#8221;2px||2px||false|false&#8221; global_colors_info=&#8221;{}&#8221;][et_pb_row _builder_version=&#8221;4.20.2&#8243; _module_preset=&#8221;default&#8221; global_colors_info=&#8221;{}&#8221;][et_pb_column type=&#8221;4_4&#8243; _builder_version=&#8221;4.20.2&#8243; _module_preset=&#8221;default&#8221; global_colors_info=&#8221;{}&#8221;][et_pb_text _builder_version=&#8221;4.20.2&#8243; _module_preset=&#8221;default&#8221; header_5_font=&#8221;Roboto||||||||&#8221; header_5_text_color=&#8221;#FFFFFF&#8221; header_5_line_height=&#8221;2em&#8221; global_colors_info=&#8221;{}&#8221;]<\/p>\n<div class=\"columns\">\n<div class=\"fraza-bottom\" style=\"text-align: center;\">\n<h5>Pentru informa\u021bii detaliate despre celelalte programe cofinan\u021bate de Uniunea European\u0103, v\u0103 invit\u0103m s\u0103 vizita\u021bi <a href=\"https:\/\/www.fonduri-ue.ro\/\" target=\"_blank\" rel=\"noopener\">www.fonduri-ue.ro<\/a><br \/>&#8220;Con\u021binutul acestui material nu reprezin\u021b\u0103 \u00een mod obligatoriu pozi\u021bia oficial\u0103 a Uniunii Europene sau a Guvernului Rom\u00e2niei&#8221;<\/h5>\n<\/div>\n<\/div>\n<p>[\/et_pb_text][\/et_pb_column][\/et_pb_row][\/et_pb_section]<\/p>\n","protected":false},"excerpt":{"rendered":"<p>Dezvoltarea CENTRULUI de DATE din cadrul INCDTIM pentru realizarea unei platforme CLOUD, integrat\u0103 \u00een re\u021bele europene de CDI OBIECTIVEOBIECTIVE GENERALE O1. Cre\u0219terea capacit\u0103\u021bii de cercetare \u0219i inovare la nivelul INCDTIM prin dezvoltarea Centrului de Date existent \u0219i realizarea unei platforme de tip CLOUD \u00een vederea integr\u0103rii acesteia \u00een re\u021bele europene de specialitate O2. Cre\u0219terea gradului [&hellip;]<\/p>\n","protected":false},"author":1,"featured_media":0,"parent":0,"menu_order":0,"comment_status":"closed","ping_status":"closed","template":"","meta":{"_et_pb_use_builder":"on","_et_pb_old_content":"","_et_gb_content_width":"","footnotes":""},"class_list":["post-26","page","type-page","status-publish","hentry"],"_links":{"self":[{"href":"https:\/\/www.itim-cj.ro\/poc\/clouditim\/wp-json\/wp\/v2\/pages\/26","targetHints":{"allow":["GET"]}}],"collection":[{"href":"https:\/\/www.itim-cj.ro\/poc\/clouditim\/wp-json\/wp\/v2\/pages"}],"about":[{"href":"https:\/\/www.itim-cj.ro\/poc\/clouditim\/wp-json\/wp\/v2\/types\/page"}],"author":[{"embeddable":true,"href":"https:\/\/www.itim-cj.ro\/poc\/clouditim\/wp-json\/wp\/v2\/users\/1"}],"replies":[{"embeddable":true,"href":"https:\/\/www.itim-cj.ro\/poc\/clouditim\/wp-json\/wp\/v2\/comments?post=26"}],"version-history":[{"count":4,"href":"https:\/\/www.itim-cj.ro\/poc\/clouditim\/wp-json\/wp\/v2\/pages\/26\/revisions"}],"predecessor-version":[{"id":50,"href":"https:\/\/www.itim-cj.ro\/poc\/clouditim\/wp-json\/wp\/v2\/pages\/26\/revisions\/50"}],"wp:attachment":[{"href":"https:\/\/www.itim-cj.ro\/poc\/clouditim\/wp-json\/wp\/v2\/media?parent=26"}],"curies":[{"name":"wp","href":"https:\/\/api.w.org\/{rel}","templated":true}]}}