{"id":45,"date":"2023-03-10T14:02:30","date_gmt":"2023-03-10T14:02:30","guid":{"rendered":"https:\/\/www.itim-cj.ro\/poc\/clouditim\/?page_id=45"},"modified":"2023-03-11T14:26:23","modified_gmt":"2023-03-11T14:26:23","slug":"realizari","status":"publish","type":"page","link":"https:\/\/www.itim-cj.ro\/poc\/clouditim\/ro\/realizari\/","title":{"rendered":"Realiz\u0103ri"},"content":{"rendered":"<p>[et_pb_section fb_built=&#8221;1&#8243; _builder_version=&#8221;4.20.2&#8243; _module_preset=&#8221;default&#8221; background_image=&#8221;https:\/\/www.itim-cj.ro\/poc\/clouditim\/wp-content\/uploads\/2023\/03\/Artboard-1.png&#8221; custom_padding=&#8221;10px||2px||false|false&#8221; global_colors_info=&#8221;{}&#8221;][et_pb_row _builder_version=&#8221;4.20.2&#8243; _module_preset=&#8221;default&#8221; global_colors_info=&#8221;{}&#8221;][et_pb_column type=&#8221;4_4&#8243; _builder_version=&#8221;4.20.2&#8243; _module_preset=&#8221;default&#8221; global_colors_info=&#8221;{}&#8221;][et_pb_text _builder_version=&#8221;4.20.2&#8243; _module_preset=&#8221;default&#8221; header_font=&#8221;Roboto|500|||||||&#8221; header_text_color=&#8221;#FFFFFF&#8221; header_font_size=&#8221;46px&#8221; header_line_height=&#8221;2em&#8221; header_2_font=&#8221;Roboto||||||||&#8221; header_2_text_color=&#8221;#FFFFFF&#8221; header_2_line_height=&#8221;1.8em&#8221; global_colors_info=&#8221;{}&#8221;]<\/p>\n<h2 style=\"text-align: left;\">Dezvoltarea CENTRULUI de DATE din cadrul INCDTIM pentru realizarea unei platforme CLOUD, integrat\u0103 \u00een re\u021bele europene de CDI<\/h2>\n<h1>REALIZ\u0102RI<\/h1>\n<p>[\/et_pb_text][\/et_pb_column][\/et_pb_row][\/et_pb_section][et_pb_section fb_built=&#8221;1&#8243; _builder_version=&#8221;4.20.2&#8243; _module_preset=&#8221;default&#8221; global_colors_info=&#8221;{}&#8221;][et_pb_row _builder_version=&#8221;4.20.2&#8243; _module_preset=&#8221;default&#8221; custom_padding=&#8221;||0px|||&#8221; global_colors_info=&#8221;{}&#8221;][et_pb_column type=&#8221;4_4&#8243; _builder_version=&#8221;4.20.2&#8243; _module_preset=&#8221;default&#8221; global_colors_info=&#8221;{}&#8221;][et_pb_text _builder_version=&#8221;4.20.2&#8243; _module_preset=&#8221;default&#8221; text_font_size=&#8221;16px&#8221; text_line_height=&#8221;2em&#8221; header_3_font=&#8221;Roboto||||||||&#8221; header_3_line_height=&#8221;1.8em&#8221; header_4_line_height=&#8221;1.8em&#8221; hover_enabled=&#8221;0&#8243; global_colors_info=&#8221;{}&#8221; sticky_enabled=&#8221;0&#8243;]<\/p>\n<p><span>Pentru realizarea obiectivelor proiectului a fost achizi\u021bionat\u0103 prin procedur\u0103 de licita\u021bie deschis\u0103 un <strong>sistem de calcul perfomant<\/strong> pe care va fi realizat platforma CLOUD a INCDTIM. <\/span><\/p>\n<p><span>Sistemul de calcul achizi\u021bionat este bazat pe servere modulare instalate \u00een 4 \u0219asiuri dedicate Cisco UCS 9508, care ofer\u0103 o structur\u0103 unic\u0103 de alimentare, ventila\u021bie \u0219i conectivitate a serverelor la infrastructura de calcul a INCDTIM, fiind astfel disponibile 23 servere modulare standard Cisco UCS 210c pentru structura de computing \u0219i 4 servere\u00a0 de control a\u00a0 platformei Cloud, model Cisco UCS 210c. <\/span><\/p>\n<p><span>Suplimentar au fost achizi\u021bionate 2 servere rack-mountable Cisco UCS C240 pentru procesare de date asistat\u0103 de acceleratoare grafice, echipate fiecare cu c\u00e2te 3 placi NVIDIA A100 Tensor Core GPU cu 40GB HBM2 \u0219i un server\u00a0rack-mountable Cisco UCS C240 pentru procesare asistat\u0103 de acceleratoare FPGA, echipat cu o plac\u0103 Xilinx Alveo U250. <\/span><\/p>\n<p><span>Fiecare server modular sau rack-mountable este echipat cu 2 procesoare Xeon Gold 6326 cu 16 Core \/ 2.9GHz, minim 128 GB memorie RAM \u0219i stocare SSD de capacitate minima 1TB. <\/span><\/p>\n<p><span>Sistemul de calcul include, de asemenea un modul de stocare cu o capacitate de 120 TB RAW, compus din 3 noduri de stocare identice, Cisco UCS C240. <\/span><\/p>\n<p><span>Toate elementele sistemului de calcul sunt conectate intern prin 2 echipamente de re\u021bea care asigur\u0103 conectarea la viteze de 10\/25\/40\/100 Gbps, iar conectarea la infrastructura INCDTIM \u0219i la platformele CLOUD pentru CDI, na\u021bionale \u0219i interna\u021bionale, se face prin\u00a0 2 echipamente de re\u021bea care asigur\u0103 conectarea la viteze de p\u00e2n\u0103 la 100 Gbps.<\/span><\/p>\n<p><span>\u00centregul sistem de calcul are o platforma de management unic\u0103 prin care asigura mentenan\u021ba \u0219i configurarea tuturor echipamentelor centralizat \u0219i unificat.<\/span><\/p>\n<p>[\/et_pb_text][\/et_pb_column][\/et_pb_row][et_pb_row _builder_version=&#8221;4.20.2&#8243; _module_preset=&#8221;default&#8221;][et_pb_column _builder_version=&#8221;4.20.2&#8243; _module_preset=&#8221;default&#8221; type=&#8221;4_4&#8243;][et_pb_gallery _builder_version=&#8221;4.20.2&#8243; _module_preset=&#8221;default&#8221; gallery_ids=&#8221;60,63,65,61,64,62&#8243; hover_enabled=&#8221;0&#8243; sticky_enabled=&#8221;0&#8243;][\/et_pb_gallery][\/et_pb_column][\/et_pb_row][\/et_pb_section][et_pb_section fb_built=&#8221;1&#8243; _builder_version=&#8221;4.20.2&#8243; _module_preset=&#8221;default&#8221; use_background_color_gradient=&#8221;on&#8221; background_image=&#8221;https:\/\/www.itim-cj.ro\/poc\/clouditim\/wp-content\/uploads\/2023\/03\/Artboard-1-1280&#215;251-1.png&#8221; custom_padding=&#8221;2px||2px||false|false&#8221; global_colors_info=&#8221;{}&#8221;][et_pb_row _builder_version=&#8221;4.20.2&#8243; _module_preset=&#8221;default&#8221; global_colors_info=&#8221;{}&#8221;][et_pb_column type=&#8221;4_4&#8243; _builder_version=&#8221;4.20.2&#8243; _module_preset=&#8221;default&#8221; global_colors_info=&#8221;{}&#8221;][et_pb_text _builder_version=&#8221;4.20.2&#8243; _module_preset=&#8221;default&#8221; header_5_font=&#8221;Roboto||||||||&#8221; header_5_text_color=&#8221;#FFFFFF&#8221; header_5_line_height=&#8221;2em&#8221; global_colors_info=&#8221;{}&#8221;]<\/p>\n<div class=\"columns\">\n<div class=\"fraza-bottom\" style=\"text-align: center;\">\n<h5>Pentru informa\u021bii detaliate despre celelalte programe cofinan\u021bate de Uniunea European\u0103, v\u0103 invit\u0103m s\u0103 vizita\u021bi <a href=\"https:\/\/www.fonduri-ue.ro\/\" target=\"_blank\" rel=\"noopener\">www.fonduri-ue.ro<\/a><br \/>&#8220;Con\u021binutul acestui material nu reprezin\u021b\u0103 \u00een mod obligatoriu pozi\u021bia oficial\u0103 a Uniunii Europene sau a Guvernului Rom\u00e2niei&#8221;<\/h5>\n<\/div>\n<\/div>\n<p>[\/et_pb_text][\/et_pb_column][\/et_pb_row][\/et_pb_section]<\/p>\n","protected":false},"excerpt":{"rendered":"<p>Dezvoltarea CENTRULUI de DATE din cadrul INCDTIM pentru realizarea unei platforme CLOUD, integrat\u0103 \u00een re\u021bele europene de CDI REALIZ\u0102RIPentru realizarea obiectivelor proiectului a fost achizi\u021bionat\u0103 prin procedur\u0103 de licita\u021bie deschis\u0103 un sistem de calcul perfomant pe care va fi realizat platforma CLOUD a INCDTIM. Sistemul de calcul achizi\u021bionat este bazat pe servere modulare instalate \u00een [&hellip;]<\/p>\n","protected":false},"author":1,"featured_media":0,"parent":0,"menu_order":0,"comment_status":"closed","ping_status":"closed","template":"","meta":{"_et_pb_use_builder":"on","_et_pb_old_content":"","_et_gb_content_width":"","footnotes":""},"class_list":["post-45","page","type-page","status-publish","hentry"],"_links":{"self":[{"href":"https:\/\/www.itim-cj.ro\/poc\/clouditim\/wp-json\/wp\/v2\/pages\/45","targetHints":{"allow":["GET"]}}],"collection":[{"href":"https:\/\/www.itim-cj.ro\/poc\/clouditim\/wp-json\/wp\/v2\/pages"}],"about":[{"href":"https:\/\/www.itim-cj.ro\/poc\/clouditim\/wp-json\/wp\/v2\/types\/page"}],"author":[{"embeddable":true,"href":"https:\/\/www.itim-cj.ro\/poc\/clouditim\/wp-json\/wp\/v2\/users\/1"}],"replies":[{"embeddable":true,"href":"https:\/\/www.itim-cj.ro\/poc\/clouditim\/wp-json\/wp\/v2\/comments?post=45"}],"version-history":[{"count":3,"href":"https:\/\/www.itim-cj.ro\/poc\/clouditim\/wp-json\/wp\/v2\/pages\/45\/revisions"}],"predecessor-version":[{"id":67,"href":"https:\/\/www.itim-cj.ro\/poc\/clouditim\/wp-json\/wp\/v2\/pages\/45\/revisions\/67"}],"wp:attachment":[{"href":"https:\/\/www.itim-cj.ro\/poc\/clouditim\/wp-json\/wp\/v2\/media?parent=45"}],"curies":[{"name":"wp","href":"https:\/\/api.w.org\/{rel}","templated":true}]}}