{"id":79,"date":"2023-03-13T07:26:33","date_gmt":"2023-03-13T07:26:33","guid":{"rendered":"https:\/\/www.itim-cj.ro\/poc\/clouditim\/?page_id=79"},"modified":"2025-10-28T08:54:57","modified_gmt":"2025-10-28T08:54:57","slug":"acasa-english","status":"publish","type":"page","link":"https:\/\/www.itim-cj.ro\/poc\/clouditim\/","title":{"rendered":"Home"},"content":{"rendered":"<p>[et_pb_section fb_built=&#8221;1&#8243; _builder_version=&#8221;4.27.4&#8243; _module_preset=&#8221;default&#8221; custom_margin=&#8221;0px||0px||false|false&#8221; custom_padding=&#8221;0px||0px||false|false&#8221; locked=&#8221;off&#8221; global_colors_info=&#8221;{}&#8221;][et_pb_row column_structure=&#8221;1_5,3_5,1_5&#8243; _builder_version=&#8221;4.27.4&#8243; _module_preset=&#8221;default&#8221; custom_padding=&#8221;3px||3px||false|false&#8221; global_colors_info=&#8221;{}&#8221;][et_pb_column type=&#8221;1_5&#8243; _builder_version=&#8221;4.27.4&#8243; _module_preset=&#8221;default&#8221; global_colors_info=&#8221;{}&#8221;][\/et_pb_column][et_pb_column type=&#8221;3_5&#8243; _builder_version=&#8221;4.27.4&#8243; _module_preset=&#8221;default&#8221; global_colors_info=&#8221;{}&#8221;][et_pb_text _builder_version=&#8221;4.27.4&#8243; _module_preset=&#8221;default&#8221; text_font_size=&#8221;18px&#8221; header_text_align=&#8221;right&#8221; header_3_font_size=&#8221;18px&#8221; custom_padding=&#8221;15px||||false|false&#8221; hover_enabled=&#8221;0&#8243; global_colors_info=&#8221;{}&#8221; sticky_enabled=&#8221;0&#8243;]<\/p>\n<p style=\"text-align: right;\"><strong><a href=\"https:\/\/www.itim-cj.ro\/poc\/clouditim\/wp-content\/uploads\/2025\/06\/Cerere-resurse-CLOUD.doc\">CLOUD resource request<\/a> \u00a0 <a href=\"https:\/\/www.itim-cj.ro\/poc\/clouditim\/wp-content\/uploads\/2025\/10\/INCDTIM-Site-terms.pdf\" target=\"_blank\" rel=\"noopener\">NIRDIMT Cloud Site terms<\/a>\u00a0 \u00a0<span style=\"color: #3366ff;\"><a href=\"https:\/\/www.itim-cj.ro\/poc\/clouditim\/wp-content\/uploads\/2025\/10\/NIRDIMT-Privacy-Policy.pdf\" target=\"_blank\" rel=\"noopener\" style=\"color: #3366ff;\">Privacy Policy<\/a><\/span><\/strong><\/p>\n<p>[\/et_pb_text][\/et_pb_column][et_pb_column type=&#8221;1_5&#8243; _builder_version=&#8221;4.27.4&#8243; _module_preset=&#8221;default&#8221; global_colors_info=&#8221;{}&#8221;][et_pb_button button_url=&#8221;http:\/\/cim.itim-cj.ro\/horizon\/auth\/login\/?next=\/horizon\/&#8221; url_new_window=&#8221;on&#8221; button_text=&#8221;Login to CLOUD&#8221; button_alignment=&#8221;center&#8221; _builder_version=&#8221;4.27.4&#8243; _module_preset=&#8221;default&#8221; custom_button=&#8221;on&#8221; button_text_size=&#8221;18px&#8221; button_font=&#8221;|700||||on|||&#8221; custom_margin=&#8221;|||-27px||&#8221; global_colors_info=&#8221;{}&#8221;][\/et_pb_button][\/et_pb_column][\/et_pb_row][\/et_pb_section][et_pb_section fb_built=&#8221;1&#8243; _builder_version=&#8221;4.20.2&#8243; _module_preset=&#8221;default&#8221; background_image=&#8221;https:\/\/www.itim-cj.ro\/poc\/clouditim\/wp-content\/uploads\/2023\/03\/Artboard-1.png&#8221; global_colors_info=&#8221;{}&#8221;][et_pb_row _builder_version=&#8221;4.20.2&#8243; _module_preset=&#8221;default&#8221; global_colors_info=&#8221;{}&#8221;][et_pb_column type=&#8221;4_4&#8243; _builder_version=&#8221;4.20.2&#8243; _module_preset=&#8221;default&#8221; global_colors_info=&#8221;{}&#8221;][et_pb_text _builder_version=&#8221;4.20.2&#8243; _module_preset=&#8221;default&#8221; header_font=&#8221;Roboto|500|||||||&#8221; header_text_color=&#8221;#FFFFFF&#8221; header_font_size=&#8221;46px&#8221; header_line_height=&#8221;2em&#8221; global_colors_info=&#8221;{}&#8221;]<\/p>\n<h1 style=\"text-align: center;\">Development of the INCDTIM DATA CENTER for the realization of a CLOUD platform, <br \/>integrated in European CDI networks<\/h1>\n<p>[\/et_pb_text][\/et_pb_column][\/et_pb_row][\/et_pb_section][et_pb_section fb_built=&#8221;1&#8243; _builder_version=&#8221;4.20.2&#8243; _module_preset=&#8221;default&#8221; global_colors_info=&#8221;{}&#8221;][et_pb_row _builder_version=&#8221;4.20.2&#8243; _module_preset=&#8221;default&#8221; global_colors_info=&#8221;{}&#8221;][et_pb_column type=&#8221;4_4&#8243; _builder_version=&#8221;4.20.2&#8243; _module_preset=&#8221;default&#8221; global_colors_info=&#8221;{}&#8221;][et_pb_text _builder_version=&#8221;4.20.2&#8243; _module_preset=&#8221;default&#8221; text_font_size=&#8221;16px&#8221; text_line_height=&#8221;1.9em&#8221; header_3_font=&#8221;Roboto||||||||&#8221; header_3_line_height=&#8221;1.8em&#8221; custom_padding=&#8221;||1px|||&#8221; global_colors_info=&#8221;{}&#8221;]<\/p>\n<h3><strong><span style=\"font-weight: bold;\"><\/span><\/strong><\/h3>\n<h3><strong><span style=\"font-weight: bold;\">Title: <\/span><\/strong>Development of the INCDTIM DATA CENTER for the realization of a CLOUD platform, integrated in European CDI networks<\/h3>\n<p><strong><span style=\"font-weight: bold;\">PERIOD:<\/span> 8 september 2021 &#8211; 31 august 2023<br \/><span style=\"font-weight: bold;\">COD SMIS:<\/span> 2014+: 124698<br \/><span style=\"font-weight: bold;\">CONTRACT NO.: 348\/390024\/08.09.2021<\/span><\/strong><\/p>\n<p>The project is co-financed by the <strong>European Regional Development Fund (ERDF) through the Competitiveness Operational Programme (OP) 2014-2020<\/strong>, Priority Axis 1: Research, Technological Development and Innovation (RDI) in support of economic competitiveness and business development, Action 1.1.2. Development of nationally coordinated and linked to European and international networks of DCs and ensuring researchers&#8217; access to European and international scientific publications and databases on the basis of funding contract No 348\/390024\/08.09.2021 concluded with the <strong>Ministry of Research, Innovation and Digitalisation<\/strong>, as Intermediary Organism for the POC.<\/p>\n<p><strong>The total value of the project is 4.187.199 lei,<\/strong> of which 4.162.685 lei represents the non-reimbursable financial assistance: 3.538.282,25 lei European Union contribution through FEDR and 624.402,75 lei Romanian Government contribution through the national budget.<\/p>\n<p>The project is implemented within DATACENTER, at INCDTIM Cluj-Napoca, 67-103 Donat Street.<\/p>\n<p>Contact: <strong>Dr. ing. Felix F\u0103rca\u0219<\/strong>, <em>project<\/em> <em>manager<\/em><br \/>INCDTIM, 67-103 Donat Street, 400293 Cluj-Napoca, Tel. 0264 584 037<\/p>\n<p>[\/et_pb_text][\/et_pb_column][\/et_pb_row][\/et_pb_section][et_pb_section fb_built=&#8221;1&#8243; _builder_version=&#8221;4.20.2&#8243; _module_preset=&#8221;default&#8221; use_background_color_gradient=&#8221;on&#8221; background_image=&#8221;https:\/\/www.itim-cj.ro\/poc\/clouditim\/wp-content\/uploads\/2023\/03\/Artboard-1-1280&#215;251-1.png&#8221; custom_padding=&#8221;2px||2px||false|false&#8221; global_colors_info=&#8221;{}&#8221;][et_pb_row _builder_version=&#8221;4.20.2&#8243; _module_preset=&#8221;default&#8221; global_colors_info=&#8221;{}&#8221;][et_pb_column type=&#8221;4_4&#8243; _builder_version=&#8221;4.20.2&#8243; _module_preset=&#8221;default&#8221; global_colors_info=&#8221;{}&#8221;][et_pb_text _builder_version=&#8221;4.20.2&#8243; _module_preset=&#8221;default&#8221; header_5_font=&#8221;Roboto||||||||&#8221; header_5_text_color=&#8221;#FFFFFF&#8221; header_5_line_height=&#8221;2em&#8221; global_colors_info=&#8221;{}&#8221;]<\/p>\n<div class=\"columns\">\n<div class=\"fraza-bottom\" style=\"text-align: center;\">\n<h5>Pentru informa\u021bii detaliate despre celelalte programe cofinan\u021bate de Uniunea European\u0103, v\u0103 invit\u0103m s\u0103 vizita\u021bi <a href=\"https:\/\/www.fonduri-ue.ro\/\" target=\"_blank\" rel=\"noopener\">www.fonduri-ue.ro<\/a><br \/>&#8220;Con\u021binutul acestui material nu reprezin\u021b\u0103 \u00een mod obligatoriu pozi\u021bia oficial\u0103 a Uniunii Europene sau a Guvernului Rom\u00e2niei&#8221;<\/h5>\n<\/div>\n<\/div>\n<p>[\/et_pb_text][\/et_pb_column][\/et_pb_row][\/et_pb_section]<\/p>\n","protected":false},"excerpt":{"rendered":"<p>CLOUD resource request \u00a0 NIRDIMT Cloud Site terms\u00a0 \u00a0Privacy PolicyDevelopment of the INCDTIM DATA CENTER for the realization of a CLOUD platform, integrated in European CDI networks Title: Development of the INCDTIM DATA CENTER for the realization of a CLOUD platform, integrated in European CDI networks PERIOD: 8 september 2021 &#8211; 31 august 2023COD SMIS: [&hellip;]<\/p>\n","protected":false},"author":1,"featured_media":0,"parent":0,"menu_order":0,"comment_status":"closed","ping_status":"closed","template":"","meta":{"_et_pb_use_builder":"on","_et_pb_old_content":"","_et_gb_content_width":"","footnotes":""},"class_list":["post-79","page","type-page","status-publish","hentry"],"_links":{"self":[{"href":"https:\/\/www.itim-cj.ro\/poc\/clouditim\/wp-json\/wp\/v2\/pages\/79","targetHints":{"allow":["GET"]}}],"collection":[{"href":"https:\/\/www.itim-cj.ro\/poc\/clouditim\/wp-json\/wp\/v2\/pages"}],"about":[{"href":"https:\/\/www.itim-cj.ro\/poc\/clouditim\/wp-json\/wp\/v2\/types\/page"}],"author":[{"embeddable":true,"href":"https:\/\/www.itim-cj.ro\/poc\/clouditim\/wp-json\/wp\/v2\/users\/1"}],"replies":[{"embeddable":true,"href":"https:\/\/www.itim-cj.ro\/poc\/clouditim\/wp-json\/wp\/v2\/comments?post=79"}],"version-history":[{"count":10,"href":"https:\/\/www.itim-cj.ro\/poc\/clouditim\/wp-json\/wp\/v2\/pages\/79\/revisions"}],"predecessor-version":[{"id":190,"href":"https:\/\/www.itim-cj.ro\/poc\/clouditim\/wp-json\/wp\/v2\/pages\/79\/revisions\/190"}],"wp:attachment":[{"href":"https:\/\/www.itim-cj.ro\/poc\/clouditim\/wp-json\/wp\/v2\/media?parent=79"}],"curies":[{"name":"wp","href":"https:\/\/api.w.org\/{rel}","templated":true}]}}