{"id":98,"date":"2023-03-13T07:51:52","date_gmt":"2023-03-13T07:51:52","guid":{"rendered":"https:\/\/www.itim-cj.ro\/poc\/clouditim\/?page_id=98"},"modified":"2023-08-09T08:36:50","modified_gmt":"2023-08-09T08:36:50","slug":"objectives","status":"publish","type":"page","link":"https:\/\/www.itim-cj.ro\/poc\/clouditim\/objectives\/","title":{"rendered":"Objectives"},"content":{"rendered":"<p>[et_pb_section fb_built=&#8221;1&#8243; _builder_version=&#8221;4.20.2&#8243; _module_preset=&#8221;default&#8221; background_image=&#8221;https:\/\/www.itim-cj.ro\/poc\/clouditim\/wp-content\/uploads\/2023\/03\/Artboard-1.png&#8221; custom_padding=&#8221;10px||2px||false|false&#8221; global_colors_info=&#8221;{}&#8221;][et_pb_row _builder_version=&#8221;4.20.2&#8243; _module_preset=&#8221;default&#8221; global_colors_info=&#8221;{}&#8221;][et_pb_column type=&#8221;4_4&#8243; _builder_version=&#8221;4.20.2&#8243; _module_preset=&#8221;default&#8221; global_colors_info=&#8221;{}&#8221;][et_pb_text _builder_version=&#8221;4.20.2&#8243; _module_preset=&#8221;default&#8221; header_font=&#8221;Roboto|500|||||||&#8221; header_text_color=&#8221;#FFFFFF&#8221; header_font_size=&#8221;46px&#8221; header_line_height=&#8221;2em&#8221; header_2_font=&#8221;Roboto||||||||&#8221; header_2_text_color=&#8221;#FFFFFF&#8221; header_2_line_height=&#8221;1.8em&#8221; global_colors_info=&#8221;{}&#8221;]<\/p>\n<h2 style=\"text-align: left;\">Development of the INCDTIM DATA CENTER for the realization of a CLOUD platform, integrated in European CDI networks<\/h2>\n<h1>OBJECTIVES<\/h1>\n<p>[\/et_pb_text][\/et_pb_column][\/et_pb_row][\/et_pb_section][et_pb_section fb_built=&#8221;1&#8243; _builder_version=&#8221;4.20.2&#8243; _module_preset=&#8221;default&#8221; global_colors_info=&#8221;{}&#8221;][et_pb_row _builder_version=&#8221;4.20.2&#8243; _module_preset=&#8221;default&#8221; custom_padding=&#8221;||0px|||&#8221; global_colors_info=&#8221;{}&#8221;][et_pb_column type=&#8221;4_4&#8243; _builder_version=&#8221;4.20.2&#8243; _module_preset=&#8221;default&#8221; global_colors_info=&#8221;{}&#8221;][et_pb_text _builder_version=&#8221;4.20.2&#8243; _module_preset=&#8221;default&#8221; text_font_size=&#8221;16px&#8221; text_line_height=&#8221;2em&#8221; header_3_font=&#8221;Roboto||||||||&#8221; header_3_line_height=&#8221;1.8em&#8221; header_4_line_height=&#8221;1.8em&#8221; global_colors_info=&#8221;{}&#8221;]<\/p>\n<h4><strong>GENERAL OBJECTIVES<\/strong><\/h4>\n<p><strong>O1.<\/strong> Increase the research and innovation capacity at INCDTIM level by developing the existing Data Centre and creating a CLOUD platform with a view to its integration into specialised European networks.<\/p>\n<p><strong>O2.<\/strong> Increase the degree of involvement of Romanian researchers in international research networks by increasing the level of scientific competitiveness at national and international level.<\/p>\n<p><strong>O3.<\/strong> Training of specialists in Cloud Computing and Massive Data Infrastructures<\/p>\n<h4><strong>Specific project objectives<\/strong><\/h4>\n<ol>\n<li>Purchase of a high-performance computing system dedicated to the implementation of the CLOUD platform<\/li>\n<li>Purchase of a fire detection, alarm and extinguishing system to complement the existing one and ensure maximum safety in the operation of the Data Centre<\/li>\n<li>Design, testing and certification of a CLOUD-type platform incorporating the entire computing system purchased under the project and which will be dedicated exclusively to supporting research and development activities.<\/li>\n<li>Creation of an application dedicated to the management of large databases developed to meet the specific needs of INCDTIM research groups or other beneficiaries in the research environment<\/li>\n<li>Creation of a web portal-type access interface to facilitate user access to resources<\/li>\n<li>Provide consultancy and technical assistance in the exploitation of CLOUD resources for the beneficiaries of the platform, i.e. for an expected number of at least 5 internal and 5 external users during the implementation of the project, with the number of these users increasing according to the availability of resources.<\/li>\n<li>Creation of a job in the Data Centre by hiring a specialist programmer who will be responsible for the design and implementation of applications specific to Cloud Computing.<\/li>\n<li>Create the conditions for INCDTIM to join the European initiative on the implementation of the European Open Science Cloud (EOSC) through the CLOUD platform.<\/li>\n<li>Specialisation of three people from the Data Centre team in CLOUD technology to ensure the functionality and development of the infrastructure in conditions of sustainability and durability<\/li>\n<\/ol>\n<p>[\/et_pb_text][\/et_pb_column][\/et_pb_row][\/et_pb_section][et_pb_section fb_built=&#8221;1&#8243; _builder_version=&#8221;4.20.2&#8243; _module_preset=&#8221;default&#8221; use_background_color_gradient=&#8221;on&#8221; background_image=&#8221;https:\/\/www.itim-cj.ro\/poc\/clouditim\/wp-content\/uploads\/2023\/03\/Artboard-1-1280&#215;251-1.png&#8221; custom_padding=&#8221;2px||2px||false|false&#8221; global_colors_info=&#8221;{}&#8221;][et_pb_row _builder_version=&#8221;4.20.2&#8243; _module_preset=&#8221;default&#8221; global_colors_info=&#8221;{}&#8221;][et_pb_column type=&#8221;4_4&#8243; _builder_version=&#8221;4.20.2&#8243; _module_preset=&#8221;default&#8221; global_colors_info=&#8221;{}&#8221;][et_pb_text _builder_version=&#8221;4.20.2&#8243; _module_preset=&#8221;default&#8221; header_5_font=&#8221;Roboto||||||||&#8221; header_5_text_color=&#8221;#FFFFFF&#8221; header_5_line_height=&#8221;2em&#8221; global_colors_info=&#8221;{}&#8221;]<\/p>\n<div class=\"columns\">\n<div class=\"fraza-bottom\" style=\"text-align: center;\">\n<h5>Pentru informa\u021bii detaliate despre celelalte programe cofinan\u021bate de Uniunea European\u0103, v\u0103 invit\u0103m s\u0103 vizita\u021bi <a href=\"https:\/\/www.fonduri-ue.ro\/\" target=\"_blank\" rel=\"noopener\">www.fonduri-ue.ro<\/a><br \/>&#8220;Con\u021binutul acestui material nu reprezin\u021b\u0103 \u00een mod obligatoriu pozi\u021bia oficial\u0103 a Uniunii Europene sau a Guvernului Rom\u00e2niei&#8221;<\/h5>\n<\/div>\n<\/div>\n<p>[\/et_pb_text][\/et_pb_column][\/et_pb_row][\/et_pb_section]<\/p>\n","protected":false},"excerpt":{"rendered":"<p>Development of the INCDTIM DATA CENTER for the realization of a CLOUD platform, integrated in European CDI networks OBJECTIVESGENERAL OBJECTIVES O1. Increase the research and innovation capacity at INCDTIM level by developing the existing Data Centre and creating a CLOUD platform with a view to its integration into specialised European networks. O2. Increase the degree [&hellip;]<\/p>\n","protected":false},"author":1,"featured_media":0,"parent":0,"menu_order":0,"comment_status":"closed","ping_status":"closed","template":"","meta":{"_et_pb_use_builder":"on","_et_pb_old_content":"","_et_gb_content_width":"","footnotes":""},"class_list":["post-98","page","type-page","status-publish","hentry"],"_links":{"self":[{"href":"https:\/\/www.itim-cj.ro\/poc\/clouditim\/wp-json\/wp\/v2\/pages\/98","targetHints":{"allow":["GET"]}}],"collection":[{"href":"https:\/\/www.itim-cj.ro\/poc\/clouditim\/wp-json\/wp\/v2\/pages"}],"about":[{"href":"https:\/\/www.itim-cj.ro\/poc\/clouditim\/wp-json\/wp\/v2\/types\/page"}],"author":[{"embeddable":true,"href":"https:\/\/www.itim-cj.ro\/poc\/clouditim\/wp-json\/wp\/v2\/users\/1"}],"replies":[{"embeddable":true,"href":"https:\/\/www.itim-cj.ro\/poc\/clouditim\/wp-json\/wp\/v2\/comments?post=98"}],"version-history":[{"count":4,"href":"https:\/\/www.itim-cj.ro\/poc\/clouditim\/wp-json\/wp\/v2\/pages\/98\/revisions"}],"predecessor-version":[{"id":137,"href":"https:\/\/www.itim-cj.ro\/poc\/clouditim\/wp-json\/wp\/v2\/pages\/98\/revisions\/137"}],"wp:attachment":[{"href":"https:\/\/www.itim-cj.ro\/poc\/clouditim\/wp-json\/wp\/v2\/media?parent=98"}],"curies":[{"name":"wp","href":"https:\/\/api.w.org\/{rel}","templated":true}]}}