{"id":56,"date":"2025-06-10T09:57:37","date_gmt":"2025-06-10T09:57:37","guid":{"rendered":"http:\/\/www.itim-cj.ro\/pocidif\/pnts\/?page_id=56"},"modified":"2025-06-10T09:57:38","modified_gmt":"2025-06-10T09:57:38","slug":"parteneri","status":"publish","type":"page","link":"https:\/\/www.itim-cj.ro\/pocidif\/pnts\/parteneri\/","title":{"rendered":"Parteneri"},"content":{"rendered":"<p>[et_pb_section fb_built=&#8221;1&#8243; theme_builder_area=&#8221;post_content&#8221; _builder_version=&#8221;4.27.4&#8243; _module_preset=&#8221;default&#8221; background_color=&#8221;#0C71C3&#8243; custom_padding=&#8221;96px|||||&#8221;][et_pb_row _builder_version=&#8221;4.27.4&#8243; _module_preset=&#8221;default&#8221; theme_builder_area=&#8221;post_content&#8221;][et_pb_column _builder_version=&#8221;4.27.4&#8243; _module_preset=&#8221;default&#8221; type=&#8221;4_4&#8243; theme_builder_area=&#8221;post_content&#8221;][et_pb_text _builder_version=&#8221;4.27.4&#8243; _module_preset=&#8221;default&#8221; theme_builder_area=&#8221;post_content&#8221; hover_enabled=&#8221;0&#8243; sticky_enabled=&#8221;0&#8243; header_text_color=&#8221;#FFFFFF&#8221;]<\/p>\n<h1>Parteneri<\/h1>\n<p>[\/et_pb_text][\/et_pb_column][\/et_pb_row][\/et_pb_section][et_pb_section fb_built=&#8221;1&#8243; theme_builder_area=&#8221;post_content&#8221; _builder_version=&#8221;4.27.4&#8243; _module_preset=&#8221;default&#8221;][et_pb_row _builder_version=&#8221;4.27.4&#8243; _module_preset=&#8221;default&#8221; theme_builder_area=&#8221;post_content&#8221;][et_pb_column _builder_version=&#8221;4.27.4&#8243; _module_preset=&#8221;default&#8221; type=&#8221;4_4&#8243; theme_builder_area=&#8221;post_content&#8221;][et_pb_text _builder_version=&#8221;4.27.4&#8243; _module_preset=&#8221;default&#8221; theme_builder_area=&#8221;post_content&#8221; hover_enabled=&#8221;0&#8243; sticky_enabled=&#8221;0&#8243;]<\/p>\n<ol>\n<li><strong><a href=\"https:\/\/www.imt.ro\/\" target=\"_blank\" rel=\"noopener\">Institutul Na\u021bional de Cercetare-Dezvoltare pentru Microtehnologie \u2013 IMT Bucure\u0219ti (IMT)<\/a>, \u00een calitatea de Lider de Parteneriat (LP)<\/strong><\/li>\n<li><a href=\"https:\/\/upb.ro\/\" target=\"_blank\" rel=\"noopener\">Universitatea Na\u0163ional\u0103 de \u015etiin\u0163\u0103 \u0219i Tehnologie Politehnica Bucure\u0219ti (UNSTPB)<\/a>, Partener 2<\/li>\n<li><a href=\"https:\/\/infim.ro\/\" target=\"_blank\" rel=\"noopener\">Institutul Na\u021bional de Cercetare-Dezvoltare pentru Fizica Materialelor (INCDFM)<\/a>, Partener 3<\/li>\n<li><a href=\"https:\/\/www.inflpr.ro\/\" target=\"_blank\" rel=\"noopener\">Institutul Na\u021bional de Cercetare Dezvoltare pentru Fizica Laserilor, Plasmei \u0219i Radia\u021biei (INFLPR)<\/a>, Partener 4<\/li>\n<li><a href=\"https:\/\/www.phys-iasi.ro\/\" target=\"_blank\" rel=\"noopener\">Institutul Na\u021bional de Cercetare-Dezvoltare pentru Fizic\u0103 Tehnic\u0103 \u2013 IFT Ia\u0219i (INCDFT-IFT Ia\u0219i)<\/a>, Partener 5<\/li>\n<li><strong><a href=\"https:\/\/ro.itim-cj.ro\/\" target=\"_blank\" rel=\"noopener\">Institutul Na\u021bional de Cercetare-Dezvoltare pentru Tehnologii Izotopice \u0219i Moleculare (INCDTIM)<\/a>, Partener 6<\/strong><\/li>\n<li>All Green SRL, Ia\u0219i, Partener 7<\/li>\n<li>Masklogik SRL, Ia\u0219i, Partener 8<\/li>\n<li>Inno Robotics SRL, Apahida, jud. Cluj Partener 9<\/li>\n<li>Epi-Sistem SRL, S\u0103cele, Jude\u021bul Bra\u0219ov, Partener 10<\/li>\n<li>MGM Star Construct SRL, Bucure\u0219ti, Partener 11<\/li>\n<li>Beam Innovation SRL, Bucure\u0219ti, Partener 12<\/li>\n<li>ProSupport Consulting SRL, Valea Lupului, Ia\u0219i, Partener 13<\/li>\n<li>Micro Nano Tech SRL, Bucure\u0219ti, Partener 14<\/li>\n<li>Pro-Vitam SRL, Sf\u00e2ntu Gheorghe, Jude\u021bul Covasna Partener 15<\/li>\n<li>Puku Global SRL, Bucure\u0219ti, Partener 16<\/li>\n<li>Beia Consult Interna\u021bional SRL, Bucure\u015fti, Partener 17<\/li>\n<li>Infosec Center SRL, Ia\u0219i, Partener 18<\/li>\n<li>Robetech EMC SRL, Sibiu, Partener 19<\/li>\n<li>DDS Diagnostic SRL, Bucure\u0219ti, Partener 20<\/li>\n<li>Greensoft SRL, Ia\u0219i, Partener 21<\/li>\n<li>Accent Pro 2000 SRL, Bucure\u0219ti, Partener 22<\/li>\n<li>Centrul IT pentru \u0218tiin\u021b\u0103 \u0219i Tehnologie SRL, Bucure\u0219ti, Partener 23<\/li>\n<li>Iceberg Plus SRL, Bra\u0219ov, Partener 24<\/li>\n<li>Bluespace Technology SRL, Bragadiru, Ilfov, Partener 25<\/li>\n<li>Dr Zed SRL, Bra\u015fov, Partener 26<\/li>\n<li>Beia Cercetare SRL, Bucure\u0219ti, Partener 27<\/li>\n<\/ol>\n<p>[\/et_pb_text][\/et_pb_column][\/et_pb_row][\/et_pb_section]<\/p>\n","protected":false},"excerpt":{"rendered":"<p>Parteneri Institutul Na\u021bional de Cercetare-Dezvoltare pentru Microtehnologie \u2013 IMT Bucure\u0219ti (IMT), \u00een calitatea de Lider de Parteneriat (LP) Universitatea Na\u0163ional\u0103 de \u015etiin\u0163\u0103 \u0219i Tehnologie Politehnica Bucure\u0219ti (UNSTPB), Partener 2 Institutul Na\u021bional de Cercetare-Dezvoltare pentru Fizica Materialelor (INCDFM), Partener 3 Institutul Na\u021bional de Cercetare Dezvoltare pentru Fizica Laserilor, Plasmei \u0219i Radia\u021biei (INFLPR), Partener 4 Institutul Na\u021bional [&hellip;]<\/p>\n","protected":false},"author":1,"featured_media":0,"parent":0,"menu_order":0,"comment_status":"closed","ping_status":"closed","template":"","meta":{"_et_pb_use_builder":"on","_et_pb_old_content":"","_et_gb_content_width":"","footnotes":""},"class_list":["post-56","page","type-page","status-publish","hentry"],"_links":{"self":[{"href":"https:\/\/www.itim-cj.ro\/pocidif\/pnts\/wp-json\/wp\/v2\/pages\/56","targetHints":{"allow":["GET"]}}],"collection":[{"href":"https:\/\/www.itim-cj.ro\/pocidif\/pnts\/wp-json\/wp\/v2\/pages"}],"about":[{"href":"https:\/\/www.itim-cj.ro\/pocidif\/pnts\/wp-json\/wp\/v2\/types\/page"}],"author":[{"embeddable":true,"href":"https:\/\/www.itim-cj.ro\/pocidif\/pnts\/wp-json\/wp\/v2\/users\/1"}],"replies":[{"embeddable":true,"href":"https:\/\/www.itim-cj.ro\/pocidif\/pnts\/wp-json\/wp\/v2\/comments?post=56"}],"version-history":[{"count":2,"href":"https:\/\/www.itim-cj.ro\/pocidif\/pnts\/wp-json\/wp\/v2\/pages\/56\/revisions"}],"predecessor-version":[{"id":59,"href":"https:\/\/www.itim-cj.ro\/pocidif\/pnts\/wp-json\/wp\/v2\/pages\/56\/revisions\/59"}],"wp:attachment":[{"href":"https:\/\/www.itim-cj.ro\/pocidif\/pnts\/wp-json\/wp\/v2\/media?parent=56"}],"curies":[{"name":"wp","href":"https:\/\/api.w.org\/{rel}","templated":true}]}}