{"id":21,"date":"2026-04-16T07:53:03","date_gmt":"2026-04-16T07:53:03","guid":{"rendered":"https:\/\/www.itim-cj.ro\/pocidif\/resilfood\/?page_id=21"},"modified":"2026-04-27T04:56:54","modified_gmt":"2026-04-27T04:56:54","slug":"acasa","status":"publish","type":"page","link":"https:\/\/www.itim-cj.ro\/pocidif\/resilfood\/","title":{"rendered":"Acas\u0103"},"content":{"rendered":"<p>[et_pb_section fb_built=&#8221;1&#8243; _builder_version=&#8221;4.27.6&#8243; _module_preset=&#8221;default&#8221; background_image=&#8221;https:\/\/www.itim-cj.ro\/pocidif\/resilfood\/wp-content\/uploads\/2026\/04\/backgroud-home.jpg&#8221; custom_padding=&#8221;118px||248px|||&#8221; global_colors_info=&#8221;{}&#8221;][et_pb_row _builder_version=&#8221;4.27.6&#8243; _module_preset=&#8221;default&#8221; custom_padding=&#8221;||0px|||&#8221; global_colors_info=&#8221;{}&#8221;][et_pb_column type=&#8221;4_4&#8243; _builder_version=&#8221;4.27.6&#8243; _module_preset=&#8221;default&#8221; global_colors_info=&#8221;{}&#8221;][et_pb_text _builder_version=&#8221;4.27.6&#8243; _module_preset=&#8221;default&#8221; header_font=&#8221;&#8211;et_global_heading_font|700|||||||&#8221; header_text_align=&#8221;center&#8221; header_text_color=&#8221;#FFFFFF&#8221; header_line_height=&#8221;1.5em&#8221; custom_margin=&#8221;-64px|||||&#8221; global_colors_info=&#8221;{}&#8221;]<\/p>\n<h1><strong>Cre\u0219terea rezilien\u021bei lan\u021bului alimentar<br \/>la provoc\u0103rile complexe ale lumii moderne<\/strong><strong><\/strong><\/h1>\n<p><strong><\/strong><\/p>\n<p>[\/et_pb_text][et_pb_text _builder_version=&#8221;4.27.6&#8243; _module_preset=&#8221;default&#8221; header_font=&#8221;|&#8211;et_global_heading_font_weight|||||||&#8221; header_text_color=&#8221;#FFFFFF&#8221; header_3_font=&#8221;&#8211;et_global_body_font||||||||&#8221; header_3_text_align=&#8221;center&#8221; header_3_text_color=&#8221;#FFFFFF&#8221; custom_margin=&#8221;-41px|||||&#8221; custom_padding=&#8221;||33px|||&#8221; global_colors_info=&#8221;{}&#8221;]<\/p>\n<h3 style=\"text-align: center;\"><strong>Acronim: ResilFood<\/strong><\/h3>\n<p>[\/et_pb_text][\/et_pb_column][\/et_pb_row][et_pb_row _builder_version=&#8221;4.27.6&#8243; _module_preset=&#8221;default&#8221; custom_padding=&#8221;0px|||||&#8221; global_colors_info=&#8221;{}&#8221;][et_pb_column type=&#8221;4_4&#8243; _builder_version=&#8221;4.27.6&#8243; _module_preset=&#8221;default&#8221; global_colors_info=&#8221;{}&#8221;][et_pb_text _builder_version=&#8221;4.27.6&#8243; _module_preset=&#8221;default&#8221; text_font_size=&#8221;18px&#8221; text_line_height=&#8221;1.9em&#8221; background_layout=&#8221;dark&#8221; global_colors_info=&#8221;{}&#8221;]<\/p>\n<p style=\"text-align: center;\">\u00cen cadrul proiectului ResilFood, consolid\u0103m sustenabilitatea agriculturii \u0219i industriei alimentare din<br \/>Rom\u00e2nia prin solu\u021bii tehnologice avansate: de la protejarea originii produselor, p\u00e2n\u0103 la energie verde.<\/p>\n<p>[\/et_pb_text][\/et_pb_column][\/et_pb_row][\/et_pb_section][et_pb_section fb_built=&#8221;1&#8243; _builder_version=&#8221;4.27.6&#8243; _module_preset=&#8221;default&#8221; custom_margin=&#8221;||||false|false&#8221; custom_padding=&#8221;34px|||||&#8221; global_colors_info=&#8221;{}&#8221;][et_pb_row _builder_version=&#8221;4.27.6&#8243; _module_preset=&#8221;default&#8221; background_color=&#8221;#FFFFFF&#8221; custom_margin=&#8221;-150px||||false|false&#8221; custom_padding=&#8221;77px||0px|||&#8221; border_radii=&#8221;on|10px|10px|10px|10px&#8221; box_shadow_style=&#8221;preset2&#8243; global_colors_info=&#8221;{}&#8221;][et_pb_column type=&#8221;4_4&#8243; _builder_version=&#8221;4.27.6&#8243; _module_preset=&#8221;default&#8221; global_colors_info=&#8221;{}&#8221;][et_pb_text _builder_version=&#8221;4.27.6&#8243; _module_preset=&#8221;default&#8221; background_color=&#8221;#FFFFFF&#8221; custom_margin=&#8221;-60px|||||&#8221; custom_padding=&#8221;9px||41px|||&#8221; border_radii=&#8221;on|10px|10px|10px|10px&#8221; global_colors_info=&#8221;{}&#8221;]<\/p>\n<p style=\"text-align: center;\"><span><strong>Cod SMIS 2021+ 329011<\/strong><br \/><strong>Contract de finan\u021bare nr.<\/strong>: 390080\/03.11.2025<br \/><strong>Cod apel<\/strong>: PCIDIF\/159\/PCIDIF_P1\/OP1\/RSO1.1\/PCIDIF_A1, Ac\u021biunea 1.1 Sprijin pentru sectorul privat \u0219i pentru<br \/>colaborarea \u00eentre actorii din sistemul public \u0219i mediul de afaceri \u00een domeniul CDI<br \/><strong>Tip proiect<\/strong>: Sprijin pentru proiecte de CDI pentru consor\u021bii tematice \u00eentre parteneri publici-priva\u021bi<br \/><strong>Coordonator \/ Lider<\/strong>: Institutul Na\u021bional de Cercetare-Dezvoltare pentru Tehnologii Izotopice \u0219i Moleculare \u2013 INCDTIM Cluj-Napoca<br \/><strong>Responsabil proiect<\/strong>: Dr. Dana Alina Magda\u0219<br \/><strong>Valoare total\u0103 proiect<\/strong>: 52.479.445,66 lei; <strong>Valoare finan\u021bat\u0103 din fondul FEDR:<\/strong> 40.536.875,12 lei<br \/><strong>Perioada de derulare<\/strong>: 03.11.2025 \u2013 02.11.2028<\/span><\/p>\n<p>[\/et_pb_text][\/et_pb_column][\/et_pb_row][\/et_pb_section][et_pb_section fb_built=&#8221;1&#8243; _builder_version=&#8221;4.27.6&#8243; _module_preset=&#8221;default&#8221; custom_padding=&#8221;23px|||||&#8221; top_divider_style=&#8221;arrow2&#8243; top_divider_color=&#8221;#488b49&#8243; top_divider_height=&#8221;1px&#8221; custom_css_main_element=&#8221;.teme-row-2 {||  display: flex;||  justify-content: center;||  gap: 30px;||}&#8221; global_colors_info=&#8221;{}&#8221;][et_pb_row _builder_version=&#8221;4.27.6&#8243; _module_preset=&#8221;default&#8221; global_colors_info=&#8221;{}&#8221;][et_pb_column type=&#8221;4_4&#8243; _builder_version=&#8221;4.27.6&#8243; _module_preset=&#8221;default&#8221; global_colors_info=&#8221;{}&#8221;][et_pb_text _builder_version=&#8221;4.27.6&#8243; _module_preset=&#8221;default&#8221; header_text_color=&#8221;#488b49&#8243; header_2_text_color=&#8221;#488b49&#8243; global_colors_info=&#8221;{}&#8221;]<\/p>\n<h2 style=\"text-align: center;\">Tematici proiect<\/h2>\n<p>[\/et_pb_text][\/et_pb_column][\/et_pb_row][et_pb_row column_structure=&#8221;1_3,1_3,1_3&#8243; use_custom_gutter=&#8221;on&#8221; gutter_width=&#8221;2&#8243; make_equal=&#8221;on&#8221; _builder_version=&#8221;4.27.6&#8243; _module_preset=&#8221;default&#8221; width=&#8221;100%&#8221; module_alignment=&#8221;center&#8221; custom_margin=&#8221;||||false|false&#8221; custom_padding=&#8221;||||false|false&#8221; global_colors_info=&#8221;{}&#8221;][et_pb_column type=&#8221;1_3&#8243; _builder_version=&#8221;4.27.6&#8243; _module_preset=&#8221;default&#8221; border_radii=&#8221;on|10px|10px|10px|10px&#8221; border_width_all=&#8221;1px&#8221; border_color_all=&#8221;#eeeeee&#8221; box_shadow_style=&#8221;preset1&#8243; box_shadow_blur=&#8221;19px&#8221; box_shadow_color=&#8221;rgba(0,0,0,0.17)&#8221; global_colors_info=&#8221;{}&#8221;][et_pb_blurb title=&#8221;Dezvoltarea a trei game de br\u00e2nzeturi&#8221; use_icon=&#8221;on&#8221; font_icon=&#8221;&#xf7ef;||fa||900&#8243; image_icon_width=&#8221;60px&#8221; module_class=&#8221;tematica-box&#8221; _builder_version=&#8221;4.27.6&#8243; _module_preset=&#8221;default&#8221; header_level=&#8221;h3&#8243; header_font=&#8221;|700|||||||&#8221; header_line_height=&#8221;1.2em&#8221; body_font_size=&#8221;16px&#8221; background_color=&#8221;#FFFFFF&#8221; custom_padding=&#8221;15px|15px|15px|15px|false|false&#8221; link_option_url=&#8221;https:\/\/www.itim-cj.ro\/pocidif\/resilfood\/dezvoltarea-a-trei-game-de-branzeturi\/&#8221; border_color_all=&#8221;#eeeeee&#8221; global_colors_info=&#8221;{}&#8221;]<\/p>\n<p>Implement\u0103m tehnologii avansate pentru crearea unor produse lactate inovatoare: br\u00e2nzeturi maturate cu arome deosebite (trufe, chilli), br\u00e2nz\u0103 proasp\u0103t\u0103 \u00een membran\u0103 de colagen \u0219i specialit\u0103\u021bi cu umpluturi gourmet.<br \/><span class=\"read-more\">Detalii<\/span><\/p>\n<p>[\/et_pb_blurb][\/et_pb_column][et_pb_column type=&#8221;1_3&#8243; _builder_version=&#8221;4.27.6&#8243; _module_preset=&#8221;default&#8221; link_option_url=&#8221;https:\/\/www.itim-cj.ro\/pocidif\/resilfood\/dezvoltarea-a-doua-game-de-subproduse-si-a-unei-tehnologii-de-pre-epurare-a-apelor\/&#8221; border_radii=&#8221;on|10px|10px|10px|10px&#8221; border_width_all=&#8221;1px&#8221; border_color_all=&#8221;#eeeeee&#8221; box_shadow_style=&#8221;preset1&#8243; box_shadow_blur=&#8221;19px&#8221; box_shadow_color=&#8221;rgba(0,0,0,0.17)&#8221; global_colors_info=&#8221;{}&#8221;][et_pb_blurb title=&#8221;Valorificarea subproduselor \u0219i epurarea apelor&#8221; use_icon=&#8221;on&#8221; font_icon=&#8221;&#xf1b8;||fa||900&#8243; image_icon_width=&#8221;60px&#8221; module_class=&#8221;tematica-box&#8221; _builder_version=&#8221;4.27.6&#8243; _module_preset=&#8221;default&#8221; header_level=&#8221;h3&#8243; header_font=&#8221;|700|||||||&#8221; header_line_height=&#8221;1.2em&#8221; body_font_size=&#8221;16px&#8221; background_color=&#8221;#FFFFFF&#8221; custom_padding=&#8221;15px|15px|15px|15px|false|false&#8221; border_color_all=&#8221;#eeeeee&#8221; global_colors_info=&#8221;{}&#8221;]<\/p>\n<p>Reducem impactul asupra mediului prin transformarea subproduselor din industria c\u0103rnii \u00een resurse valoroase pentru uz uman \u0219i animal, integr\u00e2nd totodat\u0103 sisteme moderne de epurare \u0219i recirculare a apei.<br \/><span class=\"read-more\">Detalii<\/span><\/p>\n<p>[\/et_pb_blurb][\/et_pb_column][et_pb_column type=&#8221;1_3&#8243; _builder_version=&#8221;4.27.6&#8243; _module_preset=&#8221;default&#8221; link_option_url=&#8221;https:\/\/www.itim-cj.ro\/pocidif\/resilfood\/dezvoltarea-unui-serviciu-pentru-valorificarea-superioara-a-materiilor-prime-autohtone-prin-intermediul-amprentei-izotopice-si-elementale\/&#8221; border_radii=&#8221;on|10px|10px|10px|10px&#8221; border_width_all=&#8221;1px&#8221; border_color_all=&#8221;#eeeeee&#8221; box_shadow_style=&#8221;preset1&#8243; box_shadow_blur=&#8221;19px&#8221; box_shadow_color=&#8221;rgba(0,0,0,0.17)&#8221; global_colors_info=&#8221;{}&#8221;][et_pb_blurb title=&#8221;Autentificarea produselor prin amprent\u0103 izotopic\u0103&#8221; use_icon=&#8221;on&#8221; font_icon=&#8221;&#xf610;||fa||900&#8243; image_icon_width=&#8221;60px&#8221; module_class=&#8221;tematica-box&#8221; _builder_version=&#8221;4.27.6&#8243; _module_preset=&#8221;default&#8221; header_level=&#8221;h3&#8243; header_font=&#8221;|700|||||||&#8221; header_line_height=&#8221;1.2em&#8221; body_font_size=&#8221;16px&#8221; background_color=&#8221;#FFFFFF&#8221; custom_padding=&#8221;15px|15px|15px|15px|false|false&#8221; border_color_all=&#8221;#eeeeee&#8221; global_colors_info=&#8221;{}&#8221;]<\/p>\n<p>Utiliz\u0103m metode \u0219tiin\u021bifice de precizie pentru a atesta originea geografic\u0103 a materiilor prime autohtone. Amprentarea izotopic\u0103 garanteaz\u0103 consumatorilor autenticitatea \u0219i calitatea superioar\u0103 a produselor.<br \/><span class=\"read-more\">Detalii<\/span><\/p>\n<p>[\/et_pb_blurb][\/et_pb_column][\/et_pb_row][et_pb_row column_structure=&#8221;1_2,1_2&#8243; use_custom_gutter=&#8221;on&#8221; gutter_width=&#8221;2&#8243; make_equal=&#8221;on&#8221; module_class=&#8221;teme-row-2&#8243; _builder_version=&#8221;4.27.6&#8243; _module_preset=&#8221;default&#8221; width=&#8221;950px&#8221; module_alignment=&#8221;center&#8221; custom_margin=&#8221;||||false|false&#8221; custom_padding=&#8221;||||false|false&#8221; global_colors_info=&#8221;{}&#8221;][et_pb_column type=&#8221;1_2&#8243; _builder_version=&#8221;4.27.6&#8243; _module_preset=&#8221;default&#8221; link_option_url=&#8221;https:\/\/www.itim-cj.ro\/pocidif\/resilfood\/dezvoltarea-unui-sistem-integrat-de-crestere-a-productiei-agricole-si-sigurantei-alimentare\/&#8221; border_radii=&#8221;on|10px|10px|10px|10px&#8221; border_width_all=&#8221;1px&#8221; border_color_all=&#8221;#eeeeee&#8221; box_shadow_style=&#8221;preset1&#8243; box_shadow_blur=&#8221;19px&#8221; box_shadow_color=&#8221;rgba(0,0,0,0.17)&#8221; global_colors_info=&#8221;{}&#8221;][et_pb_blurb title=&#8221;Sisteme Agri-PV \u0219i optimizare energetic\u0103&#8221; use_icon=&#8221;on&#8221; font_icon=&#8221;&#xf5ba;||fa||900&#8243; image_icon_width=&#8221;60px&#8221; module_class=&#8221;tematica-box&#8221; _builder_version=&#8221;4.27.6&#8243; _module_preset=&#8221;default&#8221; header_level=&#8221;h3&#8243; header_font=&#8221;|700|||||||&#8221; header_font_size=&#8221;20px&#8221; header_line_height=&#8221;1.2em&#8221; body_font_size=&#8221;16px&#8221; background_color=&#8221;#FFFFFF&#8221; custom_padding=&#8221;15px|15px|15px|15px|false|false&#8221; border_color_all=&#8221;#eeeeee&#8221; global_colors_info=&#8221;{}&#8221;]<\/p>\n<p>Integr\u0103m panouri fotovoltaice direct pe terenurile agricole pentru a alimenta sistemele de iriga\u021bii \u0219i depozitele frigorifice. Eficien\u021ba este monitorizat\u0103 printr-o aplica\u021bie digital\u0103 dedicat\u0103 fermelor moderne.<br \/><span class=\"read-more\">Detalii<\/span><\/p>\n<p>[\/et_pb_blurb][\/et_pb_column][et_pb_column type=&#8221;1_2&#8243; _builder_version=&#8221;4.27.6&#8243; _module_preset=&#8221;default&#8221; link_option_url=&#8221;https:\/\/www.itim-cj.ro\/pocidif\/resilfood\/platforma-software-pentru-management-energetic\/&#8221; border_radii=&#8221;on|10px|10px|10px|10px&#8221; border_width_all=&#8221;1px&#8221; border_color_all=&#8221;#eeeeee&#8221; box_shadow_style=&#8221;preset1&#8243; box_shadow_blur=&#8221;19px&#8221; box_shadow_color=&#8221;rgba(0,0,0,0.17)&#8221; global_colors_info=&#8221;{}&#8221;][et_pb_blurb title=&#8221;Platform\u0103 software pentru management energetic&#8221; use_icon=&#8221;on&#8221; font_icon=&#8221;&#xf201;||fa||900&#8243; image_icon_width=&#8221;66px&#8221; module_class=&#8221;tematica-box&#8221; _builder_version=&#8221;4.27.6&#8243; _module_preset=&#8221;default&#8221; header_level=&#8221;h3&#8243; header_font=&#8221;|700|||||||&#8221; header_font_size=&#8221;20px&#8221; header_line_height=&#8221;1.2em&#8221; body_font_size=&#8221;16px&#8221; background_color=&#8221;#FFFFFF&#8221; custom_padding=&#8221;15px|15px|15px|15px|false|false&#8221; border_color_all=&#8221;#eeeeee&#8221; global_colors_info=&#8221;{}&#8221;]<\/p>\n<p>Dezvolt\u0103m o aplica\u021bie digital\u0103 pentru monitorizarea \u0219i optimizarea consumului energetic \u00een ferme, utiliz\u00e2nd analize \u00een timp real \u0219i algoritmi inteligen\u021bi.<br \/><span class=\"read-more\">Detalii<\/span><\/p>\n<p>[\/et_pb_blurb][\/et_pb_column][\/et_pb_row][\/et_pb_section][et_pb_section fb_built=&#8221;1&#8243; module_class=&#8221;consortiu-grid&#8221; _builder_version=&#8221;4.27.6&#8243; _module_preset=&#8221;default&#8221; background_color=&#8221;#f9f9f9&#8243; custom_padding=&#8221;30px|||||&#8221; top_divider_style=&#8221;arrow2&#8243; top_divider_color=&#8221;#488b49&#8243; top_divider_height=&#8221;1px&#8221; custom_css_main_element=&#8221;\/* LOG\u00d3 *\/||.partner-logo {||    width: 100%;||    max-width: 170px;||    height: 110px;||    background: #fafafa;||    border-radius: 10px;||    padding: 15px;||    display: flex;||    align-items: center;||    justify-content: center;||    border: 1px solid #eee;||}||||\/* HOVER *\/||.partner-logo:hover {||    box-shadow: 0 12px 30px rgba(0,0,0,0.15);||    transform: translateY(-6px);||}||||\/* HOVER LOG\u00d3 *\/||.partner-logo:hover img {||    filter: grayscale(0%);||    opacity: 1;||}||.coordinator-row {||    display: flex;||    align-items: center;||    justify-content: center;||    gap: 20px;||    margin-bottom: 40px;||    text-align: left;||}||||.coordinator-row img {||    max-height: 70px;||}||||.coordinator-text {||    max-width: 500px;||}||.coordinator-logo img {||    max-height: 90px;||    width: auto;||    object-fit: contain;||}||.logo-tall1 img {||    max-height: 80px;||  max-width: 82px;||}||.logo-tall2 img {||    max-height: 80px;||  max-width: 105px;||}||.partner-logo + .et_pb_text {||    text-align: center;||    font-size: 13px;||    margin-top: 10px;||    line-height: 1.4;||    color: #555;||    max-width: 160px;||    margin-left: auto;||    margin-right: auto;||}||.partner-logo + .et_pb_text strong {||    display: block;||    font-weight: 600;||    color: #333;||}||||.partner-logo + .et_pb_text span {||    font-size: 12px;||    color: #777;||}&#8221; global_colors_info=&#8221;{}&#8221;][et_pb_row _builder_version=&#8221;4.27.6&#8243; _module_preset=&#8221;default&#8221; global_colors_info=&#8221;{}&#8221;][et_pb_column type=&#8221;4_4&#8243; _builder_version=&#8221;4.27.6&#8243; _module_preset=&#8221;default&#8221; global_colors_info=&#8221;{}&#8221;][et_pb_text _builder_version=&#8221;4.27.6&#8243; _module_preset=&#8221;default&#8221; header_text_color=&#8221;#488b49&#8243; header_2_text_color=&#8221;#488b49&#8243; global_colors_info=&#8221;{}&#8221;]<\/p>\n<h2 style=\"text-align: center;\">Consor\u021biu proiect<\/h2>\n<p>[\/et_pb_text][\/et_pb_column][\/et_pb_row][et_pb_row column_structure=&#8221;2_5,3_5&#8243; use_custom_gutter=&#8221;on&#8221; gutter_width=&#8221;2&#8243; make_equal=&#8221;on&#8221; _builder_version=&#8221;4.27.6&#8243; _module_preset=&#8221;default&#8221; global_colors_info=&#8221;{}&#8221;][et_pb_column type=&#8221;2_5&#8243; _builder_version=&#8221;4.27.6&#8243; _module_preset=&#8221;default&#8221; global_colors_info=&#8221;{}&#8221;][et_pb_image src=&#8221;https:\/\/www.itim-cj.ro\/pocidif\/resilfood\/wp-content\/uploads\/2026\/04\/Sigla-INCDTIM.png&#8221; title_text=&#8221;Sigla-INCDTIM&#8221; align=&#8221;right&#8221; module_class=&#8221;coordinator-logo&#8221; _builder_version=&#8221;4.27.6&#8243; _module_preset=&#8221;default&#8221; width=&#8221;100%&#8221; custom_margin=&#8221;|10px||||&#8221; custom_padding=&#8221;|26px||||&#8221; custom_css_main_element=&#8221;.coordinator-logo img {||    max-height: 90px;||    width: auto;||    object-fit: contain;||}&#8221; global_colors_info=&#8221;{}&#8221;][\/et_pb_image][\/et_pb_column][et_pb_column type=&#8221;3_5&#8243; _builder_version=&#8221;4.27.6&#8243; _module_preset=&#8221;default&#8221; global_colors_info=&#8221;{}&#8221;][et_pb_text _builder_version=&#8221;4.27.6&#8243; _module_preset=&#8221;default&#8221; custom_margin=&#8221;|||-26px||&#8221; custom_padding=&#8221;|||0px||&#8221; global_colors_info=&#8221;{}&#8221;]<\/p>\n<p><strong><span>Coordonator<br \/><\/span><\/strong><strong>Institutul Na\u021bional de Cercetare-Dezvoltare pentru <br \/>Tehnologii Izotopice \u0219i Moleculare &#8211; INCDTIM Cluj-Napoca<\/strong><\/p>\n<p>[\/et_pb_text][\/et_pb_column][\/et_pb_row][et_pb_row column_structure=&#8221;1_6,1_6,1_6,1_6,1_6,1_6&#8243; _builder_version=&#8221;4.27.6&#8243; _module_preset=&#8221;default&#8221; global_colors_info=&#8221;{}&#8221;][et_pb_column type=&#8221;1_6&#8243; _builder_version=&#8221;4.27.6&#8243; _module_preset=&#8221;default&#8221; global_colors_info=&#8221;{}&#8221;][et_pb_image src=&#8221;https:\/\/www.itim-cj.ro\/pocidif\/resilfood\/wp-content\/uploads\/2026\/04\/AgroTransilvania_logo_01.png&#8221; title_text=&#8221;AgroTransilvania_logo_01&#8243; align=&#8221;center&#8221; module_class=&#8221;partner-logo&#8221; _builder_version=&#8221;4.27.6&#8243; _module_preset=&#8221;default&#8221; global_colors_info=&#8221;{}&#8221;][\/et_pb_image][et_pb_text _builder_version=&#8221;4.27.6&#8243; _module_preset=&#8221;default&#8221; text_font_size=&#8221;14px&#8221; global_colors_info=&#8221;{}&#8221;]<\/p>\n<p><span>P2 &#8211; ASOCIA\u021aIA CLUSTERUL AGRO &#8211; FOOD &#8211; IND NAPOCA<\/span><\/p>\n<p>[\/et_pb_text][\/et_pb_column][et_pb_column type=&#8221;1_6&#8243; _builder_version=&#8221;4.27.6&#8243; _module_preset=&#8221;default&#8221; global_colors_info=&#8221;{}&#8221;][et_pb_image src=&#8221;https:\/\/www.itim-cj.ro\/pocidif\/resilfood\/wp-content\/uploads\/2026\/04\/Parapet-logo.png&#8221; title_text=&#8221;Parapet-logo&#8221; align=&#8221;center&#8221; module_class=&#8221;partner-logo&#8221; _builder_version=&#8221;4.27.6&#8243; _module_preset=&#8221;default&#8221; width=&#8221;100%&#8221; global_colors_info=&#8221;{}&#8221;][\/et_pb_image][et_pb_text _builder_version=&#8221;4.27.6&#8243; _module_preset=&#8221;default&#8221; text_font_size=&#8221;14px&#8221; global_colors_info=&#8221;{}&#8221;]<\/p>\n<p><span>P3 &#8211; PRODFER CONSTRUCT S.R.L.<\/span><\/p>\n<p>[\/et_pb_text][\/et_pb_column][et_pb_column type=&#8221;1_6&#8243; _builder_version=&#8221;4.27.6&#8243; _module_preset=&#8221;default&#8221; global_colors_info=&#8221;{}&#8221;][et_pb_image src=&#8221;https:\/\/www.itim-cj.ro\/pocidif\/resilfood\/wp-content\/uploads\/2026\/04\/agramia-logo.png&#8221; title_text=&#8221;agramia-logo&#8221; align=&#8221;center&#8221; module_class=&#8221;partner-logo&#8221; _builder_version=&#8221;4.27.6&#8243; _module_preset=&#8221;default&#8221; width=&#8221;100%&#8221; global_colors_info=&#8221;{}&#8221;][\/et_pb_image][et_pb_text _builder_version=&#8221;4.27.6&#8243; _module_preset=&#8221;default&#8221; text_font_size=&#8221;14px&#8221; global_colors_info=&#8221;{}&#8221;]<span>P4 &#8211; AGRAMIA S.R.L.<\/span>[\/et_pb_text][\/et_pb_column][et_pb_column type=&#8221;1_6&#8243; _builder_version=&#8221;4.27.6&#8243; _module_preset=&#8221;default&#8221; global_colors_info=&#8221;{}&#8221;][et_pb_image src=&#8221;https:\/\/www.itim-cj.ro\/pocidif\/resilfood\/wp-content\/uploads\/2026\/04\/logo-renergia.webp&#8221; title_text=&#8221;logo-renergia&#8221; align=&#8221;center&#8221; module_class=&#8221;partner-logo&#8221; _builder_version=&#8221;4.27.6&#8243; _module_preset=&#8221;default&#8221; width=&#8221;100%&#8221; global_colors_info=&#8221;{}&#8221;][\/et_pb_image][et_pb_text _builder_version=&#8221;4.27.6&#8243; _module_preset=&#8221;default&#8221; text_font_size=&#8221;14px&#8221; global_colors_info=&#8221;{}&#8221;]<span>P5 &#8211; ENERGY ADVISOR S.R.L.<\/span>[\/et_pb_text][\/et_pb_column][et_pb_column type=&#8221;1_6&#8243; _builder_version=&#8221;4.27.6&#8243; _module_preset=&#8221;default&#8221; global_colors_info=&#8221;{}&#8221;][et_pb_image src=&#8221;https:\/\/www.itim-cj.ro\/pocidif\/resilfood\/wp-content\/uploads\/2026\/04\/Ferma-cu-Omenie-logo.png&#8221; title_text=&#8221;Ferma-cu-Omenie-logo&#8221; align=&#8221;center&#8221; module_class=&#8221;partner-logo logo-tall1&#8243; _builder_version=&#8221;4.27.6&#8243; _module_preset=&#8221;default&#8221; width=&#8221;100%&#8221; global_colors_info=&#8221;{}&#8221;][\/et_pb_image][et_pb_text _builder_version=&#8221;4.27.6&#8243; _module_preset=&#8221;default&#8221; text_font_size=&#8221;14px&#8221; global_colors_info=&#8221;{}&#8221;]<span>P6 &#8211; FERMA CU OMENIE S.R.L.<\/span>[\/et_pb_text][\/et_pb_column][et_pb_column type=&#8221;1_6&#8243; _builder_version=&#8221;4.27.6&#8243; _module_preset=&#8221;default&#8221; global_colors_info=&#8221;{}&#8221;][et_pb_image src=&#8221;https:\/\/www.itim-cj.ro\/pocidif\/resilfood\/wp-content\/uploads\/2026\/04\/Carna-carpatica-logo.png&#8221; title_text=&#8221;Carna-carpatica-logo&#8221; align=&#8221;center&#8221; module_class=&#8221;partner-logo logo-tall2&#8243; _builder_version=&#8221;4.27.6&#8243; _module_preset=&#8221;default&#8221; width=&#8221;100%&#8221; global_colors_info=&#8221;{}&#8221;][\/et_pb_image][et_pb_text _builder_version=&#8221;4.27.6&#8243; _module_preset=&#8221;default&#8221; text_font_size=&#8221;14px&#8221; global_colors_info=&#8221;{}&#8221;]<span>P7 &#8211; CARNA CARPATICA S.R.L.<\/span>[\/et_pb_text][\/et_pb_column][\/et_pb_row][\/et_pb_section][et_pb_section fb_built=&#8221;1&#8243; _builder_version=&#8221;4.27.6&#8243; _module_preset=&#8221;default&#8221; background_color=&#8221;#222222&#8243; custom_padding=&#8221;13px||0px|||&#8221; global_colors_info=&#8221;{}&#8221;][et_pb_row _builder_version=&#8221;4.27.6&#8243; _module_preset=&#8221;default&#8221; custom_padding=&#8221;||2px|||&#8221; global_colors_info=&#8221;{}&#8221;][et_pb_column type=&#8221;4_4&#8243; _builder_version=&#8221;4.27.6&#8243; _module_preset=&#8221;default&#8221; global_colors_info=&#8221;{}&#8221;][et_pb_text _builder_version=&#8221;4.27.6&#8243; _module_preset=&#8221;default&#8221; text_line_height=&#8221;1.6em&#8221; custom_margin=&#8221;-23px|||||&#8221; custom_css_main_element=&#8221;.eu-disclaimer {||    max-width: 900px;||    margin: 0 auto;||    text-align: center;||    color: #ccc;||    font-size: 14px;||    line-height: 1.4;||}||||\/* kisebb t\u00e9rk\u00f6z *\/||.eu-disclaimer p {||    margin: 0;||}&#8221; global_colors_info=&#8221;{}&#8221;]<\/p>\n<div class=\"eu-disclaimer\">\n<p>Con\u021binutul acestui material nu reprezint\u0103 \u00een mod obligatoriu pozi\u021bia oficial\u0103 a Uniunii Europene sau a Guvernului Rom\u00e2niei.<\/p>\n<p>Pentru informa\u021bii detaliate despre celelalte programe cofinan\u021bate de Uniunea European\u0103, v\u0103 invit\u0103m s\u0103 vizita\u021bi<br \/><a href=\"https:\/\/www.fonduri-ue.ro\" target=\"_blank\" rel=\"noopener\">www.fonduri-ue.ro<\/a><\/p>\n<\/div>\n<p>[\/et_pb_text][\/et_pb_column][\/et_pb_row][\/et_pb_section]<\/p>\n","protected":false},"excerpt":{"rendered":"<p>Cre\u0219terea rezilien\u021bei lan\u021bului alimentarla provoc\u0103rile complexe ale lumii moderne Acronim: ResilFood\u00cen cadrul proiectului ResilFood, consolid\u0103m sustenabilitatea agriculturii \u0219i industriei alimentare dinRom\u00e2nia prin solu\u021bii tehnologice avansate: de la protejarea originii produselor, p\u00e2n\u0103 la energie verde.Cod SMIS 2021+ 329011Contract de finan\u021bare nr.: 390080\/03.11.2025Cod apel: PCIDIF\/159\/PCIDIF_P1\/OP1\/RSO1.1\/PCIDIF_A1, Ac\u021biunea 1.1 Sprijin pentru sectorul privat \u0219i pentrucolaborarea \u00eentre actorii din sistemul [&hellip;]<\/p>\n","protected":false},"author":1,"featured_media":0,"parent":0,"menu_order":0,"comment_status":"closed","ping_status":"closed","template":"","meta":{"_et_pb_use_builder":"on","_et_pb_old_content":"<!-- wp:divi\/placeholder \/-->","_et_gb_content_width":"","footnotes":""},"class_list":["post-21","page","type-page","status-publish","hentry"],"_links":{"self":[{"href":"https:\/\/www.itim-cj.ro\/pocidif\/resilfood\/wp-json\/wp\/v2\/pages\/21","targetHints":{"allow":["GET"]}}],"collection":[{"href":"https:\/\/www.itim-cj.ro\/pocidif\/resilfood\/wp-json\/wp\/v2\/pages"}],"about":[{"href":"https:\/\/www.itim-cj.ro\/pocidif\/resilfood\/wp-json\/wp\/v2\/types\/page"}],"author":[{"embeddable":true,"href":"https:\/\/www.itim-cj.ro\/pocidif\/resilfood\/wp-json\/wp\/v2\/users\/1"}],"replies":[{"embeddable":true,"href":"https:\/\/www.itim-cj.ro\/pocidif\/resilfood\/wp-json\/wp\/v2\/comments?post=21"}],"version-history":[{"count":59,"href":"https:\/\/www.itim-cj.ro\/pocidif\/resilfood\/wp-json\/wp\/v2\/pages\/21\/revisions"}],"predecessor-version":[{"id":581,"href":"https:\/\/www.itim-cj.ro\/pocidif\/resilfood\/wp-json\/wp\/v2\/pages\/21\/revisions\/581"}],"wp:attachment":[{"href":"https:\/\/www.itim-cj.ro\/pocidif\/resilfood\/wp-json\/wp\/v2\/media?parent=21"}],"curies":[{"name":"wp","href":"https:\/\/api.w.org\/{rel}","templated":true}]}}