{"id":27,"date":"2026-04-16T07:56:02","date_gmt":"2026-04-16T07:56:02","guid":{"rendered":"https:\/\/www.itim-cj.ro\/pocidif\/resilfood\/?page_id=27"},"modified":"2026-04-20T07:45:14","modified_gmt":"2026-04-20T07:45:14","slug":"obiective","status":"publish","type":"page","link":"https:\/\/www.itim-cj.ro\/pocidif\/resilfood\/obiective\/","title":{"rendered":"Obiective"},"content":{"rendered":"<p>[et_pb_section fb_built=&#8221;1&#8243; _builder_version=&#8221;4.27.6&#8243; _module_preset=&#8221;default&#8221; background_image=&#8221;https:\/\/www.itim-cj.ro\/pocidif\/resilfood\/wp-content\/uploads\/2026\/04\/obiective2-scaled.jpg&#8221; background_position=&#8221;top_center&#8221; custom_padding=&#8221;135px|||||&#8221; global_colors_info=&#8221;{}&#8221;][et_pb_row module_class=&#8221;obiectiv-main&#8221; _builder_version=&#8221;4.27.6&#8243; _module_preset=&#8221;default&#8221; custom_css_main_element=&#8221;.obiectiv-main {||  background: #ffffff;||  padding: 30px;||  border-left: 5px solid #3f7f4f;||  border-radius: 10px;||  box-shadow: 0 10px 25px rgba(0,0,0,0.06);||  font-size: 15px;||  line-height: 1.7;||}&#8221; global_colors_info=&#8221;{}&#8221;][et_pb_column type=&#8221;4_4&#8243; _builder_version=&#8221;4.27.6&#8243; _module_preset=&#8221;default&#8221; global_colors_info=&#8221;{}&#8221;][et_pb_text _builder_version=&#8221;4.27.6&#8243; _module_preset=&#8221;default&#8221; header_text_align=&#8221;center&#8221; header_text_color=&#8221;#FFFFFF&#8221; global_colors_info=&#8221;{}&#8221;]<\/p>\n<h1>Obiective<\/h1>\n<p>[\/et_pb_text][\/et_pb_column][\/et_pb_row][\/et_pb_section][et_pb_section fb_built=&#8221;1&#8243; _builder_version=&#8221;4.27.6&#8243; _module_preset=&#8221;default&#8221; custom_padding=&#8221;3px|||||&#8221; custom_css_main_element=&#8221;\/* ===== OBIECTIVE CARDS ===== *\/||||.obiectiv-card {||  background: #ffffff;||  padding: 22px;||  border-radius: 12px;||  box-shadow: 0 10px 25px rgba(0,0,0,0.08);||  transition: all 0.3s ease;||  text-align: left;||  max-width: 260px;||  margin: 0 auto;||  position: relative;||  border: 1px solid #eee;||}||||\/* HOVER *\/||.obiectiv-card:hover {||  transform: translateY(-5px);||  box-shadow: 0 20px 40px rgba(0,0,0,0.12);||}||||\/* ===== ICON ===== *\/||||.obiectiv-card .et_pb_main_blurb_image {||  margin: 0 auto 12px auto;||}||||.obiectiv-card .et-pb-icon {||  background: #3f7f4f;||  color: #ffffff;||  width: 55px;||  height: 55px;||  font-size: 22px;||  border-radius: 50%;||  display: flex;||  align-items: center;||  justify-content: center;||}||||\/* ===== TITLE ===== *\/||||.obiectiv-card h4 {||  font-size: 16px;||  font-weight: 600;||  line-height: 1.4;||  margin-bottom: 12px;||  color: #222;||}||||\/* ===== TEXT ===== *\/||||.obiectiv-card p {||  font-size: 14px;||  line-height: 1.6;||  color: #555;||  margin-bottom: 0;||}||||\/* ===== TOP ACCENT LINE ===== *\/||||.obiectiv-card::before {||  content: %22%22;||  position: absolute;||  top: 0;||  left: 0;||  width: 100%;||  height: 4px;||  background: #3f7f4f;||  border-radius: 12px 12px 0 0;||}||||\/* ===== SPACING ROW ===== *\/||||.et_pb_row .obiectiv-card {||  margin-bottom: 20px;||}||||\/* ===== MOBILE ===== *\/||||@media (max-width: 768px) {||||  .obiectiv-card {||    max-width: 100%;||  }||||  .obiectiv-card .et-pb-icon {||    width: 50px;||    height: 50px;||    font-size: 20px;||  }||||}&#8221; global_colors_info=&#8221;{}&#8221;][et_pb_row _builder_version=&#8221;4.27.6&#8243; _module_preset=&#8221;default&#8221; global_colors_info=&#8221;{}&#8221;][et_pb_column type=&#8221;4_4&#8243; _builder_version=&#8221;4.27.6&#8243; _module_preset=&#8221;default&#8221; global_colors_info=&#8221;{}&#8221;][et_pb_text _builder_version=&#8221;4.27.6&#8243; _module_preset=&#8221;default&#8221; header_5_line_height=&#8221;1.6em&#8221; global_colors_info=&#8221;{}&#8221;]<\/p>\n<h5><span style=\"color:#488B49;\">Obiectivul principal<\/span> al proiectului este dezvoltarea unor solu\u021bii integrate \u0219i multidisciplinare, bazate pe concepte \u0219tiin\u021bifice \u0219i tehnologii inovatoare, pentru cre\u0219terea rezilien\u021bei lan\u021bului alimentar \u0219i valorificarea superioar\u0103 a poten\u021bialului agricol al Rom\u00e2niei.<\/h5>\n<p>[\/et_pb_text][\/et_pb_column][\/et_pb_row][et_pb_row column_structure=&#8221;1_4,1_4,1_4,1_4&#8243; use_custom_gutter=&#8221;on&#8221; gutter_width=&#8221;1&#8243; make_equal=&#8221;on&#8221; _builder_version=&#8221;4.27.6&#8243; _module_preset=&#8221;default&#8221; global_colors_info=&#8221;{}&#8221;][et_pb_column type=&#8221;1_4&#8243; _builder_version=&#8221;4.27.6&#8243; _module_preset=&#8221;default&#8221; global_colors_info=&#8221;{}&#8221;][et_pb_blurb title=&#8221;Protejarea produselor cu valoare ridicat\u0103&#8221; use_icon=&#8221;on&#8221; font_icon=&#8221;&#xf023;||fa||900&#8243; module_class=&#8221;obiectiv-card&#8221; _builder_version=&#8221;4.27.6&#8243; _module_preset=&#8221;default&#8221; global_colors_info=&#8221;{}&#8221;]<\/p>\n<p>Dezvoltarea unor solu\u021bii inovatoare pentru protejarea m\u0103rcii \u0219i autenticit\u0103\u021bii produselor alimentare cu valoare comercial\u0103 ridicat\u0103, precum carnea \u0219i br\u00e2nzeturile, contribuind la cre\u0219terea competitivit\u0103\u021bii pe pia\u021b\u0103.<\/p>\n<p>[\/et_pb_blurb][\/et_pb_column][et_pb_column type=&#8221;1_4&#8243; _builder_version=&#8221;4.27.6&#8243; _module_preset=&#8221;default&#8221; global_colors_info=&#8221;{}&#8221;][et_pb_blurb title=&#8221;Dezvoltarea de produse lactate inovative&#8221; use_icon=&#8221;on&#8221; font_icon=&#8221;&#xf7ef;||fa||900&#8243; module_class=&#8221;obiectiv-card&#8221; _builder_version=&#8221;4.27.6&#8243; _module_preset=&#8221;default&#8221; global_colors_info=&#8221;{}&#8221;]<\/p>\n<p>Crearea unor noi game de br\u00e2nzeturi, bazate pe re\u021bete inovatoare \u0219i tehnologii moderne, menite s\u0103 r\u0103spund\u0103 cerin\u021belor actuale ale consumatorilor \u0219i s\u0103 aduc\u0103 valoare ad\u0103ugat\u0103 sectorului lactatelor.<\/p>\n<p>[\/et_pb_blurb][\/et_pb_column][et_pb_column type=&#8221;1_4&#8243; _builder_version=&#8221;4.27.6&#8243; _module_preset=&#8221;default&#8221; global_colors_info=&#8221;{}&#8221;][et_pb_blurb title=&#8221;Valorificarea subproduselor animale&#8221; use_icon=&#8221;on&#8221; font_icon=&#8221;&#xf1b8;||fa||900&#8243; module_class=&#8221;obiectiv-card&#8221; _builder_version=&#8221;4.27.6&#8243; _module_preset=&#8221;default&#8221; global_colors_info=&#8221;{}&#8221;]<\/p>\n<p>Utilizarea subproduselor rezultate din industria alimentar\u0103 pentru dezvoltarea de produse derivate destinate uzului uman \u0219i animal, contribuind la reducerea risipei \u0219i la o economie circular\u0103 eficient\u0103.<\/p>\n<p>[\/et_pb_blurb][\/et_pb_column][et_pb_column type=&#8221;1_4&#8243; _builder_version=&#8221;4.27.6&#8243; _module_preset=&#8221;default&#8221; global_colors_info=&#8221;{}&#8221;][et_pb_blurb title=&#8221;Sustenabilitate \u0219i eficien\u021b\u0103 energetic\u0103&#8221; use_icon=&#8221;on&#8221; font_icon=&#8221;&#xf0e7;||fa||900&#8243; module_class=&#8221;obiectiv-card&#8221; _builder_version=&#8221;4.27.6&#8243; _module_preset=&#8221;default&#8221; global_colors_info=&#8221;{}&#8221;]<\/p>\n<p>Integrarea solu\u021biilor bazate pe energie regenerabil\u0103 \u0219i dezvoltarea unei aplica\u021bii digitale pentru optimizarea consumului energetic \u00een ferme, sprijinind tranzi\u021bia c\u0103tre un sector agricol sustenabil.<\/p>\n<p>[\/et_pb_blurb][\/et_pb_column][\/et_pb_row][\/et_pb_section][et_pb_section fb_built=&#8221;1&#8243; _builder_version=&#8221;4.27.6&#8243; _module_preset=&#8221;default&#8221; background_color=&#8221;#222222&#8243; custom_padding=&#8221;13px||0px|||&#8221; global_colors_info=&#8221;{}&#8221; theme_builder_area=&#8221;post_content&#8221;][et_pb_row _builder_version=&#8221;4.27.6&#8243; _module_preset=&#8221;default&#8221; custom_padding=&#8221;||2px|||&#8221; global_colors_info=&#8221;{}&#8221; theme_builder_area=&#8221;post_content&#8221;][et_pb_column type=&#8221;4_4&#8243; _builder_version=&#8221;4.27.6&#8243; _module_preset=&#8221;default&#8221; global_colors_info=&#8221;{}&#8221; theme_builder_area=&#8221;post_content&#8221;][et_pb_text _builder_version=&#8221;4.27.6&#8243; _module_preset=&#8221;default&#8221; text_line_height=&#8221;1.6em&#8221; custom_margin=&#8221;-23px|||||&#8221; custom_css_main_element=&#8221;.eu-disclaimer {||    max-width: 900px;||    margin: 0 auto;||    text-align: center;||    color: #ccc;||    font-size: 14px;||    line-height: 1.4;||}||||\/* kisebb t\u00e9rk\u00f6z *\/||.eu-disclaimer p {||    margin: 0;||}&#8221; global_colors_info=&#8221;{}&#8221; theme_builder_area=&#8221;post_content&#8221;]<\/p>\n<div class=\"eu-disclaimer\">\n<p>Con\u021binutul acestui material nu reprezint\u0103 \u00een mod obligatoriu pozi\u021bia oficial\u0103 a Uniunii Europene sau a Guvernului Rom\u00e2niei.<\/p>\n<p>Pentru informa\u021bii detaliate despre celelalte programe cofinan\u021bate de Uniunea European\u0103, v\u0103 invit\u0103m s\u0103 vizita\u021bi<br \/><a href=\"https:\/\/www.fonduri-ue.ro\" target=\"_blank\" rel=\"noopener\">www.fonduri-ue.ro<\/a><\/p>\n<\/div>\n<p>[\/et_pb_text][\/et_pb_column][\/et_pb_row][\/et_pb_section]<\/p>\n","protected":false},"excerpt":{"rendered":"<p>ObiectiveObiectivul principal al proiectului este dezvoltarea unor solu\u021bii integrate \u0219i multidisciplinare, bazate pe concepte \u0219tiin\u021bifice \u0219i tehnologii inovatoare, pentru cre\u0219terea rezilien\u021bei lan\u021bului alimentar \u0219i valorificarea superioar\u0103 a poten\u021bialului agricol al Rom\u00e2niei.Dezvoltarea unor solu\u021bii inovatoare pentru protejarea m\u0103rcii \u0219i autenticit\u0103\u021bii produselor alimentare cu valoare comercial\u0103 ridicat\u0103, precum carnea \u0219i br\u00e2nzeturile, contribuind la cre\u0219terea competitivit\u0103\u021bii pe pia\u021b\u0103.Crearea [&hellip;]<\/p>\n","protected":false},"author":1,"featured_media":0,"parent":0,"menu_order":0,"comment_status":"closed","ping_status":"closed","template":"","meta":{"_et_pb_use_builder":"on","_et_pb_old_content":"<!-- wp:divi\/placeholder \/-->","_et_gb_content_width":"","footnotes":""},"class_list":["post-27","page","type-page","status-publish","hentry"],"_links":{"self":[{"href":"https:\/\/www.itim-cj.ro\/pocidif\/resilfood\/wp-json\/wp\/v2\/pages\/27","targetHints":{"allow":["GET"]}}],"collection":[{"href":"https:\/\/www.itim-cj.ro\/pocidif\/resilfood\/wp-json\/wp\/v2\/pages"}],"about":[{"href":"https:\/\/www.itim-cj.ro\/pocidif\/resilfood\/wp-json\/wp\/v2\/types\/page"}],"author":[{"embeddable":true,"href":"https:\/\/www.itim-cj.ro\/pocidif\/resilfood\/wp-json\/wp\/v2\/users\/1"}],"replies":[{"embeddable":true,"href":"https:\/\/www.itim-cj.ro\/pocidif\/resilfood\/wp-json\/wp\/v2\/comments?post=27"}],"version-history":[{"count":9,"href":"https:\/\/www.itim-cj.ro\/pocidif\/resilfood\/wp-json\/wp\/v2\/pages\/27\/revisions"}],"predecessor-version":[{"id":317,"href":"https:\/\/www.itim-cj.ro\/pocidif\/resilfood\/wp-json\/wp\/v2\/pages\/27\/revisions\/317"}],"wp:attachment":[{"href":"https:\/\/www.itim-cj.ro\/pocidif\/resilfood\/wp-json\/wp\/v2\/media?parent=27"}],"curies":[{"name":"wp","href":"https:\/\/api.w.org\/{rel}","templated":true}]}}