{"id":31,"date":"2026-04-16T07:56:38","date_gmt":"2026-04-16T07:56:38","guid":{"rendered":"https:\/\/www.itim-cj.ro\/pocidif\/resilfood\/?page_id=31"},"modified":"2026-05-06T09:07:12","modified_gmt":"2026-05-06T09:07:12","slug":"rezultate","status":"publish","type":"page","link":"https:\/\/www.itim-cj.ro\/pocidif\/resilfood\/rezultate\/","title":{"rendered":"Rezultate"},"content":{"rendered":"<p>[et_pb_section fb_built=&#8221;1&#8243; _builder_version=&#8221;4.27.6&#8243; _module_preset=&#8221;default&#8221; background_image=&#8221;https:\/\/www.itim-cj.ro\/pocidif\/resilfood\/wp-content\/uploads\/2026\/04\/obiective2-scaled.jpg&#8221; background_position=&#8221;top_center&#8221; custom_padding=&#8221;135px|||||&#8221; global_colors_info=&#8221;{}&#8221;][et_pb_row module_class=&#8221;obiectiv-main&#8221; _builder_version=&#8221;4.27.6&#8243; _module_preset=&#8221;default&#8221; custom_css_main_element=&#8221;.obiectiv-main {||  background: #ffffff;||  padding: 30px;||  border-left: 5px solid #3f7f4f;||  border-radius: 10px;||  box-shadow: 0 10px 25px rgba(0,0,0,0.06);||  font-size: 15px;||  line-height: 1.7;||}&#8221; global_colors_info=&#8221;{}&#8221;][et_pb_column type=&#8221;4_4&#8243; _builder_version=&#8221;4.27.6&#8243; _module_preset=&#8221;default&#8221; global_colors_info=&#8221;{}&#8221;][et_pb_text _builder_version=&#8221;4.27.6&#8243; _module_preset=&#8221;default&#8221; header_text_align=&#8221;center&#8221; header_text_color=&#8221;#FFFFFF&#8221; global_colors_info=&#8221;{}&#8221;]<\/p>\n<h1>Rezultate<\/h1>\n<p>[\/et_pb_text][\/et_pb_column][\/et_pb_row][\/et_pb_section][et_pb_section fb_built=&#8221;1&#8243; _builder_version=&#8221;4.27.6&#8243; _module_preset=&#8221;default&#8221; custom_padding=&#8221;3px||4px|||&#8221; custom_css_main_element=&#8221;.results-intro {||  text-align: center;||  max-width: 800px;||  margin: 0 auto 50px auto;||   font-size: 16px;||  color: #444;||}&#8221; global_colors_info=&#8221;{}&#8221;][et_pb_row module_class=&#8221;results-intro&#8221; _builder_version=&#8221;4.27.6&#8243; _module_preset=&#8221;default&#8221; custom_margin=&#8221;|auto|2px|auto||&#8221; custom_padding=&#8221;||5px|||&#8221; global_colors_info=&#8221;{}&#8221;][et_pb_column type=&#8221;4_4&#8243; _builder_version=&#8221;4.27.6&#8243; _module_preset=&#8221;default&#8221; global_colors_info=&#8221;{}&#8221;][et_pb_text _builder_version=&#8221;4.27.6&#8243; _module_preset=&#8221;default&#8221; header_5_line_height=&#8221;1.6em&#8221; global_colors_info=&#8221;{}&#8221;]<\/p>\n<p style=\"text-align: center;\"><span>Proiectul <strong>ResilFood<\/strong> genereaz\u0103 rezultate \u0219tiin\u021bifice \u0219i tehnologice relevante, diseminate prin publica\u021bii, particip\u0103ri la conferin\u021be \u0219i brevete.<\/span><\/p>\n<p>[\/et_pb_text][\/et_pb_column][\/et_pb_row][\/et_pb_section][et_pb_section fb_built=&#8221;1&#8243; _builder_version=&#8221;4.27.6&#8243; _module_preset=&#8221;default&#8221; custom_padding=&#8221;18px|||||&#8221; custom_css_main_element=&#8221;.results-card {||  background: #ffffff;||  padding: 25px;||  border-radius: 12px;||  box-shadow: 0 10px 25px rgba(0,0,0,0.08);||  transition: 0.3s;||  text-align: center;||}||||||.results-card .et_pb_main_blurb_image {||  margin-bottom: 12px;||}||.results-card .et-pb-icon {|| background: #3f7f4f;||  color: #ffffff;||  width: 60px;||  height: 60px;||  font-size: 22px;||  border-radius: 50%;||  display: flex;||  align-items: center;||  justify-content: center;||  margin: 0 auto;||}||||.results-card h4 {||  font-size: 17px;||  font-weight: 600;||  margin-top: 10px;||  margin-bottom: 10px;||}||||.results-card p {|| font-size: 14px;||  line-height: 1.5;||  color: #555;||}||.results-card {||  position: relative;||}||||.results-card::before {||  content: %22%22;||  position: absolute;||  top: 0;||  left: 0;||  width: 100%;||  height: 4px;||  background: #3f7f4f;||  border-radius: 12px 12px 0 0;||}||.results-card:hover {||  transform: translateY(-6px);||   box-shadow: 0 25px 50px rgba(0,0,0,0.12);||}&#8221; global_colors_info=&#8221;{}&#8221;][et_pb_row column_structure=&#8221;1_3,1_3,1_3&#8243; _builder_version=&#8221;4.27.6&#8243; _module_preset=&#8221;default&#8221; global_colors_info=&#8221;{}&#8221;][et_pb_column type=&#8221;1_3&#8243; _builder_version=&#8221;4.27.6&#8243; _module_preset=&#8221;default&#8221; global_colors_info=&#8221;{}&#8221;][et_pb_blurb title=&#8221;Articole \u0219tiin\u021bifice&#8221; use_icon=&#8221;on&#8221; font_icon=&#8221;&#xf15c;||fa||900&#8243; module_class=&#8221;results-card &#8221; _builder_version=&#8221;4.27.6&#8243; _module_preset=&#8221;default&#8221; global_colors_info=&#8221;{}&#8221;]<\/p>\n<p>Publicarea rezultatelor cercet\u0103rii \u00een reviste de specialitate na\u021bionale \u0219i interna\u021bionale.<\/p>\n<p>[\/et_pb_blurb][\/et_pb_column][et_pb_column type=&#8221;1_3&#8243; _builder_version=&#8221;4.27.6&#8243; _module_preset=&#8221;default&#8221; global_colors_info=&#8221;{}&#8221;][et_pb_blurb title=&#8221;Particip\u0103ri la conferin\u021be&#8221; use_icon=&#8221;on&#8221; font_icon=&#8221;&#xf0c0;||fa||900&#8243; module_class=&#8221;results-card &#8221; _builder_version=&#8221;4.27.6&#8243; _module_preset=&#8221;default&#8221; global_colors_info=&#8221;{}&#8221;]<\/p>\n<p>Prezentarea rezultatelor \u00een cadrul conferin\u021belor \u0219i evenimentelor \u0219tiin\u021bifice relevante.<\/p>\n<p>[\/et_pb_blurb][\/et_pb_column][et_pb_column type=&#8221;1_3&#8243; _builder_version=&#8221;4.27.6&#8243; _module_preset=&#8221;default&#8221; global_colors_info=&#8221;{}&#8221;][et_pb_blurb title=&#8221;Brevete&#8221; use_icon=&#8221;on&#8221; font_icon=&#8221;&#xf559;||fa||900&#8243; module_class=&#8221;results-card &#8221; _builder_version=&#8221;4.27.6&#8243; _module_preset=&#8221;default&#8221; global_colors_info=&#8221;{}&#8221;]<\/p>\n<p>Protejarea rezultatelor inovatoare prin depunerea de cereri de brevet.<\/p>\n<p>[\/et_pb_blurb][\/et_pb_column][\/et_pb_row][et_pb_row column_structure=&#8221;1_3,1_3,1_3&#8243; _builder_version=&#8221;4.27.6&#8243; _module_preset=&#8221;default&#8221; global_colors_info=&#8221;{}&#8221;][et_pb_column type=&#8221;1_3&#8243; _builder_version=&#8221;4.27.6&#8243; _module_preset=&#8221;default&#8221; global_colors_info=&#8221;{}&#8221;][et_pb_blurb title=&#8221;Particip\u0103ri la t\u00e2rguri&#8221; use_icon=&#8221;on&#8221; font_icon=&#8221;&#xf54e;||fa||900&#8243; module_class=&#8221;results-card &#8221; _builder_version=&#8221;4.27.6&#8243; _module_preset=&#8221;default&#8221; global_colors_info=&#8221;{}&#8221;]<\/p>\n<p>Participarea la t\u00e2rguri \u0219i expozi\u021bii pentru promovarea rezultatelor \u0219i consolidarea colabor\u0103rilor \u00een sectorul agroalimentar.<\/p>\n<p>[\/et_pb_blurb][\/et_pb_column][et_pb_column type=&#8221;1_3&#8243; _builder_version=&#8221;4.27.6&#8243; _module_preset=&#8221;default&#8221; global_colors_info=&#8221;{}&#8221;][et_pb_blurb title=&#8221;Produse&#8221; use_icon=&#8221;on&#8221; font_icon=&#8221;&#xf49e;||fa||900&#8243; module_class=&#8221;results-card &#8221; _builder_version=&#8221;4.27.6&#8243; _module_preset=&#8221;default&#8221; hover_enabled=&#8221;0&#8243; global_colors_info=&#8221;{}&#8221; url=&#8221;https:\/\/www.itim-cj.ro\/pocidif\/resilfood\/produse\/&#8221; sticky_enabled=&#8221;0&#8243;]<\/p>\n<p>Crearea \u0219i testarea unor produse inovatoare rezultate din cercetarea aplicat\u0103 \u00een sectorul agroalimentar.<\/p>\n<p>[\/et_pb_blurb][\/et_pb_column][et_pb_column type=&#8221;1_3&#8243; _builder_version=&#8221;4.27.6&#8243; _module_preset=&#8221;default&#8221; global_colors_info=&#8221;{}&#8221;][\/et_pb_column][\/et_pb_row][\/et_pb_section][et_pb_section fb_built=&#8221;1&#8243; _builder_version=&#8221;4.27.6&#8243; _module_preset=&#8221;default&#8221; background_color=&#8221;#222222&#8243; custom_padding=&#8221;13px||0px|||&#8221; global_colors_info=&#8221;{}&#8221;][et_pb_row _builder_version=&#8221;4.27.6&#8243; _module_preset=&#8221;default&#8221; custom_padding=&#8221;||2px|||&#8221; global_colors_info=&#8221;{}&#8221;][et_pb_column type=&#8221;4_4&#8243; _builder_version=&#8221;4.27.6&#8243; _module_preset=&#8221;default&#8221; global_colors_info=&#8221;{}&#8221;][et_pb_text _builder_version=&#8221;4.27.6&#8243; _module_preset=&#8221;default&#8221; text_line_height=&#8221;1.6em&#8221; custom_margin=&#8221;-23px|||||&#8221; custom_css_main_element=&#8221;.eu-disclaimer {||    max-width: 900px;||    margin: 0 auto;||    text-align: center;||    color: #ccc;||    font-size: 14px;||    line-height: 1.4;||}||||\/* kisebb t\u00e9rk\u00f6z *\/||.eu-disclaimer p {||    margin: 0;||}&#8221; global_colors_info=&#8221;{}&#8221;]<\/p>\n<div class=\"eu-disclaimer\">\n<p>Con\u021binutul acestui material nu reprezint\u0103 \u00een mod obligatoriu pozi\u021bia oficial\u0103 a Uniunii Europene sau a Guvernului Rom\u00e2niei.<\/p>\n<p>Pentru informa\u021bii detaliate despre celelalte programe cofinan\u021bate de Uniunea European\u0103, v\u0103 invit\u0103m s\u0103 vizita\u021bi<br \/><a href=\"https:\/\/www.fonduri-ue.ro\" target=\"_blank\" rel=\"noopener\">www.fonduri-ue.ro<\/a><\/p>\n<\/div>\n<p>[\/et_pb_text][\/et_pb_column][\/et_pb_row][\/et_pb_section]<\/p>\n","protected":false},"excerpt":{"rendered":"<p>RezultateProiectul ResilFood genereaz\u0103 rezultate \u0219tiin\u021bifice \u0219i tehnologice relevante, diseminate prin publica\u021bii, particip\u0103ri la conferin\u021be \u0219i brevete.Publicarea rezultatelor cercet\u0103rii \u00een reviste de specialitate na\u021bionale \u0219i interna\u021bionale.Prezentarea rezultatelor \u00een cadrul conferin\u021belor \u0219i evenimentelor \u0219tiin\u021bifice relevante.Protejarea rezultatelor inovatoare prin depunerea de cereri de brevet.Participarea la t\u00e2rguri \u0219i expozi\u021bii pentru promovarea rezultatelor \u0219i consolidarea colabor\u0103rilor \u00een sectorul agroalimentar.Crearea \u0219i [&hellip;]<\/p>\n","protected":false},"author":1,"featured_media":0,"parent":0,"menu_order":0,"comment_status":"closed","ping_status":"closed","template":"","meta":{"_et_pb_use_builder":"on","_et_pb_old_content":"<!-- wp:divi\/placeholder \/-->","_et_gb_content_width":"","footnotes":""},"class_list":["post-31","page","type-page","status-publish","hentry"],"_links":{"self":[{"href":"https:\/\/www.itim-cj.ro\/pocidif\/resilfood\/wp-json\/wp\/v2\/pages\/31","targetHints":{"allow":["GET"]}}],"collection":[{"href":"https:\/\/www.itim-cj.ro\/pocidif\/resilfood\/wp-json\/wp\/v2\/pages"}],"about":[{"href":"https:\/\/www.itim-cj.ro\/pocidif\/resilfood\/wp-json\/wp\/v2\/types\/page"}],"author":[{"embeddable":true,"href":"https:\/\/www.itim-cj.ro\/pocidif\/resilfood\/wp-json\/wp\/v2\/users\/1"}],"replies":[{"embeddable":true,"href":"https:\/\/www.itim-cj.ro\/pocidif\/resilfood\/wp-json\/wp\/v2\/comments?post=31"}],"version-history":[{"count":11,"href":"https:\/\/www.itim-cj.ro\/pocidif\/resilfood\/wp-json\/wp\/v2\/pages\/31\/revisions"}],"predecessor-version":[{"id":610,"href":"https:\/\/www.itim-cj.ro\/pocidif\/resilfood\/wp-json\/wp\/v2\/pages\/31\/revisions\/610"}],"wp:attachment":[{"href":"https:\/\/www.itim-cj.ro\/pocidif\/resilfood\/wp-json\/wp\/v2\/media?parent=31"}],"curies":[{"name":"wp","href":"https:\/\/api.w.org\/{rel}","templated":true}]}}