{"id":592,"date":"2026-05-06T08:22:11","date_gmt":"2026-05-06T08:22:11","guid":{"rendered":"https:\/\/www.itim-cj.ro\/pocidif\/resilfood\/?page_id=592"},"modified":"2026-05-06T09:27:53","modified_gmt":"2026-05-06T09:27:53","slug":"produse","status":"publish","type":"page","link":"https:\/\/www.itim-cj.ro\/pocidif\/resilfood\/produse\/","title":{"rendered":"Produse"},"content":{"rendered":"<p>[et_pb_section fb_built=&#8221;1&#8243; _builder_version=&#8221;4.27.6&#8243; _module_preset=&#8221;default&#8221; background_image=&#8221;https:\/\/www.itim-cj.ro\/pocidif\/resilfood\/wp-content\/uploads\/2026\/04\/obiective2-scaled.jpg&#8221; background_position=&#8221;top_center&#8221; custom_padding=&#8221;135px|||||&#8221; global_colors_info=&#8221;{}&#8221;][et_pb_row module_class=&#8221;obiectiv-main&#8221; _builder_version=&#8221;4.27.6&#8243; _module_preset=&#8221;default&#8221; custom_css_main_element=&#8221;.obiectiv-main {||  background: #ffffff;||  padding: 30px;||  border-left: 5px solid #3f7f4f;||  border-radius: 10px;||  box-shadow: 0 10px 25px rgba(0,0,0,0.06);||  font-size: 15px;||  line-height: 1.7;||}&#8221; global_colors_info=&#8221;{}&#8221;][et_pb_column type=&#8221;4_4&#8243; _builder_version=&#8221;4.27.6&#8243; _module_preset=&#8221;default&#8221; global_colors_info=&#8221;{}&#8221;][et_pb_text _builder_version=&#8221;4.27.6&#8243; _module_preset=&#8221;default&#8221; header_text_align=&#8221;center&#8221; header_text_color=&#8221;#FFFFFF&#8221; global_colors_info=&#8221;{}&#8221;]<\/p>\n<h1>Produse dezvoltate \u00een cadrul proiectului<\/h1>\n<p>[\/et_pb_text][\/et_pb_column][\/et_pb_row][\/et_pb_section][et_pb_section fb_built=&#8221;1&#8243; _builder_version=&#8221;4.27.6&#8243; _module_preset=&#8221;default&#8221; custom_padding=&#8221;3px||4px|||&#8221; custom_css_main_element=&#8221;.results-intro {||  text-align: center;||  max-width: 800px;||  margin: 0 auto 50px auto;||   font-size: 16px;||  color: #444;||}&#8221; global_colors_info=&#8221;{}&#8221;][et_pb_row module_class=&#8221;results-intro&#8221; _builder_version=&#8221;4.27.6&#8243; _module_preset=&#8221;default&#8221; custom_margin=&#8221;|auto|2px|auto||&#8221; custom_padding=&#8221;||5px|||&#8221; global_colors_info=&#8221;{}&#8221;][et_pb_column type=&#8221;4_4&#8243; _builder_version=&#8221;4.27.6&#8243; _module_preset=&#8221;default&#8221; global_colors_info=&#8221;{}&#8221;][et_pb_text _builder_version=&#8221;4.27.6&#8243; _module_preset=&#8221;default&#8221; header_5_line_height=&#8221;1.6em&#8221; global_colors_info=&#8221;{}&#8221;]<\/p>\n<p style=\"text-align: center;\">Produsele dezvoltate \u00een cadrul proiectului <strong>ResilFood<\/strong> includ analize nutri\u021bionale \u0219i profiluri detaliate ale materiilor prime, realizate prin metode avansate de laborator.<\/p>\n<p>[\/et_pb_text][\/et_pb_column][\/et_pb_row][\/et_pb_section][et_pb_section fb_built=&#8221;1&#8243; _builder_version=&#8221;4.27.6&#8243; _module_preset=&#8221;default&#8221; custom_padding=&#8221;18px|||||&#8221; custom_css_main_element=&#8221;.feature-box {||  background: #f5f7f6;||  padding: 14px 16px;||  border-radius: 10px;||  margin-bottom: 12px;||  transition: all 0.25s ease;||}||||\/* hover *\/||.feature-box:hover {||  transform: translateX(4px);||  background: #eef5ef;||}||||\/* ikon *\/||.feature-box .et-pb-icon {||  color: #3f7f4f;||}||||\/* title *\/||.feature-box h4 {||  font-size: 15px;||  font-weight: 600;||  margin-bottom: 3px;||}||||\/* text *\/||.feature-box p {||  font-size: 13px;||  color: #666;||}||.pdf-card iframe {||  border-radius: 12px;||  box-shadow: 0 20px 40px rgba(0,0,0,0.12);||  overflow: hidden;||}||||\/* container *\/||.pdf-card {||  background: #fff;||  padding: 10px;||  border-radius: 14px;||}||.pdf-card::before {||  content: %22Fi\u0219\u0103 produs%22;||  display: block;||  font-weight: 600;||  padding: 10px 15px;||  background: #f5f7f6;||  border-radius: 10px 10px 0 0;||||}&#8221; global_colors_info=&#8221;{}&#8221;][et_pb_row column_structure=&#8221;2_5,3_5&#8243; use_custom_gutter=&#8221;on&#8221; gutter_width=&#8221;2&#8243; _builder_version=&#8221;4.27.6&#8243; _module_preset=&#8221;default&#8221; global_colors_info=&#8221;{}&#8221;][et_pb_column type=&#8221;2_5&#8243; _builder_version=&#8221;4.27.6&#8243; _module_preset=&#8221;default&#8221; global_colors_info=&#8221;{}&#8221;][et_pb_text _builder_version=&#8221;4.27.6&#8243; _module_preset=&#8221;default&#8221; custom_margin=&#8221;||3px||false|false&#8221; custom_padding=&#8221;||||false|false&#8221; global_colors_info=&#8221;{}&#8221;]<\/p>\n<h5>Burt\u0103 de vit\u0103 \u2013 Fi\u0219\u0103 de calitate nutri\u021bional\u0103<\/h5>\n<p>[\/et_pb_text][et_pb_divider color=&#8221;#3f7f4f&#8221; divider_weight=&#8221;3px&#8221; _builder_version=&#8221;4.27.6&#8243; _module_preset=&#8221;default&#8221; width=&#8221;50px&#8221; height=&#8221;3px&#8221; global_colors_info=&#8221;{}&#8221;][\/et_pb_divider][et_pb_text _builder_version=&#8221;4.27.6&#8243; _module_preset=&#8221;default&#8221; text_text_color=&#8221;#666666&#8243; text_font_size=&#8221;15px&#8221; text_line_height=&#8221;1.6em&#8221; custom_margin=&#8221;-4px||6px||false|false&#8221; global_colors_info=&#8221;{}&#8221;]<\/p>\n<p>Analiz\u0103 detaliat\u0103 a profilului lipidic \u0219i a indicatorilor nutri\u021bionali, incluz\u00e2nd 37 de acizi gra\u0219i \u0219i 18 indici calcula\u021bi pentru evaluarea calit\u0103\u021bii produsului.<\/p>\n<p>[\/et_pb_text][et_pb_blurb title=&#8221;Profil lipidic&#8221; use_icon=&#8221;on&#8221; font_icon=&#8221;&#xf06c;||fa||900&#8243; icon_placement=&#8221;left&#8221; image_icon_width=&#8221;20px&#8221; module_class=&#8221;feature-box&#8221; _builder_version=&#8221;4.27.6&#8243; _module_preset=&#8221;default&#8221; header_font_size=&#8221;16px&#8221; body_font_size=&#8221;15px&#8221; body_line_height=&#8221;1em&#8221; custom_margin=&#8221;||15px||false|false&#8221; global_colors_info=&#8221;{}&#8221;]<\/p>\n<p>Distribu\u021bia acizilor gra\u0219i (SFA, MUFA, PUFA, UFA)<\/p>\n<p>[\/et_pb_blurb][et_pb_blurb title=&#8221;Indici de calitate cardiovascular\u0103&#8221; use_icon=&#8221;on&#8221; font_icon=&#8221;&#xe089;||divi||400&#8243; icon_placement=&#8221;left&#8221; image_icon_width=&#8221;20px&#8221; module_class=&#8221;feature-box&#8221; _builder_version=&#8221;4.27.6&#8243; _module_preset=&#8221;default&#8221; header_font_size=&#8221;16px&#8221; body_font_size=&#8221;15px&#8221; body_line_height=&#8221;1em&#8221; custom_margin=&#8221;||15px||false|false&#8221; global_colors_info=&#8221;{}&#8221;]<\/p>\n<p>Evaluarea riscului aterogen \u0219i trombogenic<\/p>\n<p>[\/et_pb_blurb][et_pb_blurb title=&#8221;Acizi gra\u0219i esen\u021biali&#8221; use_icon=&#8221;on&#8221; font_icon=&#8221;&#xf043;||fa||900&#8243; icon_placement=&#8221;left&#8221; image_icon_width=&#8221;20px&#8221; module_class=&#8221;feature-box&#8221; _builder_version=&#8221;4.27.6&#8243; _module_preset=&#8221;default&#8221; header_font_size=&#8221;16px&#8221; body_font_size=&#8221;15px&#8221; body_line_height=&#8221;1em&#8221; custom_margin=&#8221;||15px||false|false&#8221; global_colors_info=&#8221;{}&#8221;]<\/p>\n<p>Omega-6 \u0219i Omega-3, EFA, raport LA\/ALA<\/p>\n<p>[\/et_pb_blurb][et_pb_blurb title=&#8221;Activitate enzimatic\u0103&#8221; use_icon=&#8221;on&#8221; font_icon=&#8221;&#xf0c3;||fa||900&#8243; icon_placement=&#8221;left&#8221; image_icon_width=&#8221;20px&#8221; module_class=&#8221;feature-box&#8221; _builder_version=&#8221;4.27.6&#8243; _module_preset=&#8221;default&#8221; header_font_size=&#8221;16px&#8221; body_font_size=&#8221;15px&#8221; body_line_height=&#8221;1em&#8221; custom_margin=&#8221;||15px||false|false&#8221; global_colors_info=&#8221;{}&#8221;]<\/p>\n<p>Indicii de desaturare SCD1 (DI16 \u00b7 DI1)<\/p>\n<p>[\/et_pb_blurb][et_pb_button button_url=&#8221;https:\/\/www.itim-cj.ro\/pocidif\/resilfood\/wp-content\/uploads\/2026\/05\/Fisa_produs_burta-de-vita.pdf&#8221; url_new_window=&#8221;on&#8221; button_text=&#8221;Descarc\u0103 fi\u0219a complet\u0103 (PDF)&#8221; _builder_version=&#8221;4.27.6&#8243; _module_preset=&#8221;default&#8221; custom_button=&#8221;on&#8221; button_text_size=&#8221;16px&#8221; button_text_color=&#8221;#ffffff&#8221; button_bg_color=&#8221;#3f7f4f&#8221; button_border_width=&#8221;4px&#8221; button_border_radius=&#8221;8px&#8221; button_font=&#8221;|600|||||||&#8221; button_icon=&#8221;&#xe092;||divi||400&#8243; button_icon_color=&#8221;#FFFFFF&#8221; button_icon_placement=&#8221;left&#8221; button_on_hover=&#8221;off&#8221; background_layout=&#8221;dark&#8221; custom_margin=&#8221;||||false|false&#8221; custom_padding=&#8221;||||false|false&#8221; global_colors_info=&#8221;{}&#8221;][\/et_pb_button][\/et_pb_column][et_pb_column type=&#8221;3_5&#8243; _builder_version=&#8221;4.27.6&#8243; _module_preset=&#8221;default&#8221; global_colors_info=&#8221;{}&#8221;][et_pb_text module_class=&#8221;pdf-card&#8221; _builder_version=&#8221;4.27.6&#8243; _module_preset=&#8221;default&#8221; global_colors_info=&#8221;{}&#8221;]<iframe loading=\"lazy\" src=\"https:\/\/www.itim-cj.ro\/pocidif\/resilfood\/wp-content\/uploads\/2026\/05\/Fisa_produs_burta-de-vita.pdf#toolbar=0&#038;navpanes=0&#038;scrollbar=0\"\n        width=\"100%\"\n        height=\"450px\"\n        style=\"border:none; border-radius:10px;\"><br \/>\n<\/iframe>[\/et_pb_text][\/et_pb_column][\/et_pb_row][\/et_pb_section][et_pb_section fb_built=&#8221;1&#8243; _builder_version=&#8221;4.27.6&#8243; _module_preset=&#8221;default&#8221; background_color=&#8221;#222222&#8243; custom_padding=&#8221;13px||0px|||&#8221; global_colors_info=&#8221;{}&#8221;][et_pb_row _builder_version=&#8221;4.27.6&#8243; _module_preset=&#8221;default&#8221; custom_padding=&#8221;||2px|||&#8221; global_colors_info=&#8221;{}&#8221;][et_pb_column type=&#8221;4_4&#8243; _builder_version=&#8221;4.27.6&#8243; _module_preset=&#8221;default&#8221; global_colors_info=&#8221;{}&#8221;][et_pb_text _builder_version=&#8221;4.27.6&#8243; _module_preset=&#8221;default&#8221; text_line_height=&#8221;1.6em&#8221; custom_margin=&#8221;-23px|||||&#8221; custom_css_main_element=&#8221;.eu-disclaimer {||    max-width: 900px;||    margin: 0 auto;||    text-align: center;||    color: #ccc;||    font-size: 14px;||    line-height: 1.4;||}||||\/* kisebb t\u00e9rk\u00f6z *\/||.eu-disclaimer p {||    margin: 0;||}&#8221; global_colors_info=&#8221;{}&#8221;]<\/p>\n<div class=\"eu-disclaimer\">\n<p>Con\u021binutul acestui material nu reprezint\u0103 \u00een mod obligatoriu pozi\u021bia oficial\u0103 a Uniunii Europene sau a Guvernului Rom\u00e2niei.<\/p>\n<p>Pentru informa\u021bii detaliate despre celelalte programe cofinan\u021bate de Uniunea European\u0103, v\u0103 invit\u0103m s\u0103 vizita\u021bi<br \/><a href=\"https:\/\/www.fonduri-ue.ro\" target=\"_blank\" rel=\"noopener\">www.fonduri-ue.ro<\/a><\/p>\n<\/div>\n<p>[\/et_pb_text][\/et_pb_column][\/et_pb_row][\/et_pb_section]<\/p>\n","protected":false},"excerpt":{"rendered":"<p>Produse dezvoltate \u00een cadrul proiectuluiProdusele dezvoltate \u00een cadrul proiectului ResilFood includ analize nutri\u021bionale \u0219i profiluri detaliate ale materiilor prime, realizate prin metode avansate de laborator.Burt\u0103 de vit\u0103 \u2013 Fi\u0219\u0103 de calitate nutri\u021bional\u0103Analiz\u0103 detaliat\u0103 a profilului lipidic \u0219i a indicatorilor nutri\u021bionali, incluz\u00e2nd 37 de acizi gra\u0219i \u0219i 18 indici calcula\u021bi pentru evaluarea calit\u0103\u021bii produsului.Distribu\u021bia acizilor gra\u0219i [&hellip;]<\/p>\n","protected":false},"author":1,"featured_media":0,"parent":0,"menu_order":0,"comment_status":"closed","ping_status":"closed","template":"","meta":{"_et_pb_use_builder":"on","_et_pb_old_content":"","_et_gb_content_width":"","footnotes":""},"class_list":["post-592","page","type-page","status-publish","hentry"],"_links":{"self":[{"href":"https:\/\/www.itim-cj.ro\/pocidif\/resilfood\/wp-json\/wp\/v2\/pages\/592","targetHints":{"allow":["GET"]}}],"collection":[{"href":"https:\/\/www.itim-cj.ro\/pocidif\/resilfood\/wp-json\/wp\/v2\/pages"}],"about":[{"href":"https:\/\/www.itim-cj.ro\/pocidif\/resilfood\/wp-json\/wp\/v2\/types\/page"}],"author":[{"embeddable":true,"href":"https:\/\/www.itim-cj.ro\/pocidif\/resilfood\/wp-json\/wp\/v2\/users\/1"}],"replies":[{"embeddable":true,"href":"https:\/\/www.itim-cj.ro\/pocidif\/resilfood\/wp-json\/wp\/v2\/comments?post=592"}],"version-history":[{"count":10,"href":"https:\/\/www.itim-cj.ro\/pocidif\/resilfood\/wp-json\/wp\/v2\/pages\/592\/revisions"}],"predecessor-version":[{"id":611,"href":"https:\/\/www.itim-cj.ro\/pocidif\/resilfood\/wp-json\/wp\/v2\/pages\/592\/revisions\/611"}],"wp:attachment":[{"href":"https:\/\/www.itim-cj.ro\/pocidif\/resilfood\/wp-json\/wp\/v2\/media?parent=592"}],"curies":[{"name":"wp","href":"https:\/\/api.w.org\/{rel}","templated":true}]}}